{"id":3922,"date":"2026-02-10T14:24:39","date_gmt":"2026-02-10T13:24:39","guid":{"rendered":"https:\/\/mid-century-design.com\/konzolos-szek-tortenete-es-fobb-jellemzoi\/"},"modified":"2026-02-18T05:37:35","modified_gmt":"2026-02-18T04:37:35","slug":"konzolos-szek-tortenete-es-fobb-jellemzoi","status":"publish","type":"page","link":"https:\/\/mid-century-design.com\/hu\/konzolos-szek-tortenete-es-fobb-jellemzoi\/","title":{"rendered":"A konzolos sz\u00e9k t\u00f6rt\u00e9nete \u00e9s f\u0151bb jellemz\u0151i"},"content":{"rendered":"\n<p>A Wikip\u00e9dia defin\u00edci\u00f3ja szerint a konzolos sz\u00e9k olyan sz\u00e9k, amelynek nincsenek h\u00e1ts\u00f3 l\u00e1bai, \u00e9s amelynek \u00fcl\u0151fel\u00fclete rugalmasan hajlik a szem\u00e9ly s\u00falya alatt \u2013 \u201ehint\u00e1zik\u201d.<\/p>\n\n<p>A \u201eKragstuhl\u201c (n\u00e9met\u00fcl, kragen -tol= kiny\u00falik) &#8211; \u00f6ntart\u00f3 sz\u00e9k &#8211; egy olyan sz\u00e9k, amelynek nincsenek h\u00e1ts\u00f3 l\u00e1bai, \u00e9s amelyr\u0151l merev szerkezete miatt hi\u00e1nyzik ez a rug\u00f3s \u00fcl\u0151fel\u00fclet. A konzolos sz\u00e9k teh\u00e1t a \u201eKragstuhl\u201c egy v\u00e1ltozata. <\/p>\n\n<p>Az ilyen t\u00edpus\u00fa \u00fcl\u00e9sek feltal\u00e1l\u00f3i k\u00f6z\u00e9 tartozik Marcel Breuer, Ludwig Mies van der Rohe \u00e9s Mart Stam, akik el\u0151sz\u00f6r 1925-ben \u00e9s 1926-ban mutatt\u00e1k be modelljeiket.<br\/>A szerz\u0151s\u00e9get neh\u00e9z objekt\u00edven meghat\u00e1rozni. A konzolos sz\u00e9k szerz\u0151s\u00e9g\u00e9nek k\u00e9rd\u00e9s\u00e9vel kapcsolatos k\u00fcl\u00f6nf\u00e9le perek ut\u00e1n a N\u00e9met Birodalmi B\u00edr\u00f3s\u00e1g 1932-ben Mart Stamnak, vagy ink\u00e1bb Anton Lorenznek, mint Mart Stam jogainak tulajdonos\u00e1t \u00edt\u00e9lte a m\u0171v\u00e9szeti szerz\u0151s\u00e9get.<br\/>1926-ban Mies van der Rohe szabadalmat ny\u00fajtott be a konzolos sz\u00e9k saj\u00e1t v\u00e1ltozat\u00e1ra, az MR 20-ra, m\u00e9g a Stam sz\u00e9k nyilv\u00e1nos bemutat\u00e1sa el\u0151tt, amelyet k\u00e9s\u0151bb sikeresen megv\u00e9dett.<br\/>Marcel Breuernek a konzolos sz\u00e9k szerz\u0151s\u00e9g\u00e9ben val\u00f3 r\u00e9szv\u00e9tel\u00e9t a b\u00edr\u00f3s\u00e1g elutas\u00edtotta, de a m\u0171v\u00e9szett\u00f6rt\u00e9n\u00e9szek k\u00f6r\u00e9ben a mai napig vitatott. A New York-i Metropolitan M\u00fazeum p\u00e9ld\u00e1ul Marcel Breuert tartja sz\u00e1mon a konzolos sz\u00e9k feltal\u00e1l\u00f3jak\u00e9nt.  <\/p>\n\n<p>A konzolos sz\u00e9k fent eml\u00edtett szellemi aty\u00e1in k\u00edv\u00fcl m\u00e1s tervez\u0151k is voltak, hogy csak a legfontosabbakat eml\u00edts\u00fck:<br\/>Alvar Aalto (1898\u20131976), Finnorsz\u00e1g<br\/>Willem Hendrik Gispen (1890\u20131981), Hollandia<br\/>Jind\u0159ich Halabala (1903\u20131978), Csehszlov\u00e1kia<br\/>Anton Lorenz (1861\u20131964), Magyarorsz\u00e1g, N\u00e9metorsz\u00e1g, USA<br\/>Verner Panton (1926\u20131998), D\u00e1nia<br\/>Ladislav \u017d\u00e1k (1900\u20131973), Csehszlov\u00e1kia<\/p>\n\n<p>A f\u0151 gy\u00e1rt\u00f3k:<br\/>Artek, Finnorsz\u00e1g<br\/>Desta (N\u00e9met ac\u00e9lb\u00fator) Berlin, N\u00e9metorsz\u00e1g \u2013 1929\u201337<br\/>Hynek Gottwald, Csehszlov\u00e1kia \u2013 1948-ig (ut\u00f3dja Kovona n.p.)<br\/>Knoll Int.,<br\/>Kovona n.p., Csehszlov\u00e1kia, 1948-1952<br\/>L. &amp; C. Arnold, Schorndorf bei Stuttgart, N\u00e9metorsz\u00e1g<br\/>Mauser, N\u00e9metorsz\u00e1g<br\/>M\u00fccke-Melder, Csehszlov\u00e1kia \u2013 1948-ig (ut\u00f3dja Kovona n.p.)<br\/>Robert Slez\u00e1k, Csehszlov\u00e1kia, Csehorsz\u00e1g<br\/>Standard M\u00f6bel, Berlin, N\u00e9metorsz\u00e1g \u2013 1927-29<br\/>Thonet, N\u00e9metorsz\u00e1g<br\/>UP z\u00e1vody (Spojen\u00e9 um\u011bleckopr\u016fmyslov\u00e9 z\u00e1vody v Brn\u011b), Csehszlov\u00e1kia, 1921-1948<br\/>Willem H. Gispen Fabrik voor Metaalbewerking, Holland<\/p>\n\n<p>K\u00fcl\u00f6nb\u00f6z\u0151 gy\u00e1rt\u00f3k sz\u00e1mos modellt k\u00edn\u00e1ltak k\u00fcl\u00f6nb\u00f6z\u0151 neveken. M\u00e1r 1929-ben is gy\u00e1rtotta az L33 \u00e9s ST 12, valamint az L34 \u00e9s SS32 modelleket a Thonet \u00e9s a DESTA, 1931-t\u0151l pedig Willem H. Gispen 104-es modellk\u00e9nt.<br\/>\u00cdgy fogalmazz\u00e1k meg a tud\u00f3sok (Jan van Geest, Otakar M\u00e1\u010del. AC\u00c9LSZ\u00c9KEK F\u00e9mb\u00fatorok 1925-1940. Verlag K\u00f6nig, K\u00f6ln 1980) a status qu\u00f3t:<br\/>\u201eAz ipari term\u00e9kek le\u00edr\u00e1sa \u00e9s dat\u00e1l\u00e1sa neh\u00e9zkes.<br\/>Mivel ezek t\u00f6bbs\u00e9ge t\u00f6bbsz\u00f6r\u00f6s, nagy figyelmet ford\u00edtanak a &#8216;Concetto&#8217; attrib\u00faci\u00f3j\u00e1ra \u00e9s dat\u00e1l\u00e1s\u00e1ra. De pontosan a tervek megfoghatatlan jellege k\u00e9nyszer\u00edti a t\u00f6rt\u00e9n\u00e9szeket felt\u00e9telez\u00e9sek \u00e9s hipot\u00e9zisek megfogalmaz\u00e1s\u00e1ra.<br\/>A protot\u00edpusokt\u00f3l val\u00f3 elt\u00e9r\u00e9sek gyakran ink\u00e1bb a v\u00e9letlennek \u00e9s a gazdas\u00e1gi megfontol\u00e1soknak k\u00f6sz\u00f6nhet\u0151k, mint egy sz\u00e9kmodell tudatos tervez\u00e9s\u00e9nek.\u201d <\/p>\n\n<p>A legh\u00edresebb modellek a k\u00f6vetkez\u0151k:<br\/>Thonet MR 10\/20 konzolos sz\u00e9k<br\/>Tervez\u0151: Ludwig Mies van der Rohe<\/p>\n\n<p>Thonet S411 konzolos fotel.<br\/>Licenc alapj\u00e1n gy\u00e1rtotta m\u00e9g FN 24 M\u00fccke-Melder, EK34 Hynek Gottwald, k\u00e9s\u0151bb Kovona, K29 Robert Slez\u00e1k, K411 W. Knoll.<br\/>Tervez\u0151: Thonet, Willem H. Gispen<\/p>\n\n<p>Konzolos fotel FAMOS FN 21, M\u00fccke-Melder, Kovona <br\/>Tervez\u0151: Anton Lorenz<\/p>\n\n<p>Konzolos fotel 412-es modell, Willem H. Gispen<br\/>Tervez\u0151: Willem H. Gispen<\/p>\n\n<p>Konzolos fotel RS7, Mauser Werke Waldeck<\/p>\n\n<p>Barcelona fotel, Berliner Metallwerke Josef M\u00fcller and Bamberg Metallwerkst\u00e4tten<br\/>Designer: Ludwig Mies van der Rohe<\/p>\n\n<p>Konzolos fotel H-91 UP z\u00e1vody<br\/>Tervez\u0151: Jind\u0159ich Halabala<\/p>\n\n<p>Fotel LC1<br\/>Tervez\u0151: Le Corbusier, Pierre Jeanneret, Charlotte Perriand<\/p>\n\n<p>Ceska sz\u00e9k &#8211; B32, Thonet<br\/>Tervez\u0151: Marcel Breuer<\/p>\n\n<p>Wassily fotel &#8211; B3, Thonet<br\/>Tervez\u0151: Marcel Breuer<\/p>\n\n<p>B\u00e1r sz\u00e1mos fotel m\u00e9g ma is gy\u00e1rt\u00e1sban van, ennek a vintage cs\u0151ac\u00e9l fotelnek a megv\u00e1s\u00e1rl\u00e1s\u00e1val egy darab t\u00f6rt\u00e9nelmet szerez be az id\u0151 var\u00e1zs\u00e1val.<br\/>Mivel (n\u00e9h\u00e1ny kiv\u00e9telt\u0151l eltekintve) csak teljesen fel\u00faj\u00edtott b\u00fatorokat k\u00edn\u00e1lunk \u2013 \u00faj habszivacs \u00e9s k\u00e1rpitoz\u00e1s, meg\u00fajult rug\u00f3mag, csiszolt \u00e9s lakkozott fa, iparilag tiszt\u00edtott \u00e9s kr\u00f3mozott ac\u00e9lcs\u0151 \u2013, egy szinte \u00fajszer\u0171, kiv\u00e1l\u00f3 min\u0151s\u00e9g\u0171, megfizethet\u0151 \u00e1ron el\u00e9rhet\u0151 vintage fotelhez jut.<\/p>\n","protected":false},"excerpt":{"rendered":"<p>A Wikip\u00e9dia defin\u00edci\u00f3ja szerint a konzolos sz\u00e9k olyan sz\u00e9k, amelynek nincsenek h\u00e1ts\u00f3 l\u00e1bai, \u00e9s amelynek \u00fcl\u0151fel\u00fclete rugalmasan hajlik a szem\u00e9ly s\u00falya alatt \u2013 \u201ehint\u00e1zik\u201d. A \u201eKragstuhl\u201c (n\u00e9met\u00fcl, kragen -tol= kiny\u00falik) &#8211; \u00f6ntart\u00f3 sz\u00e9k &#8211; egy olyan sz\u00e9k, amelynek nincsenek h\u00e1ts\u00f3 l\u00e1bai, \u00e9s amelyr\u0151l merev szerkezete miatt hi\u00e1nyzik ez a rug\u00f3s \u00fcl\u0151fel\u00fclet. A konzolos sz\u00e9k teh\u00e1t [&hellip;]<\/p>\n","protected":false},"author":1,"featured_media":0,"parent":0,"menu_order":0,"comment_status":"closed","ping_status":"closed","template":"","meta":{"footnotes":""},"class_list":["post-3922","page","type-page","status-publish","hentry"],"_links":{"self":[{"href":"https:\/\/mid-century-design.com\/hu\/wp-json\/wp\/v2\/pages\/3922","targetHints":{"allow":["GET"]}}],"collection":[{"href":"https:\/\/mid-century-design.com\/hu\/wp-json\/wp\/v2\/pages"}],"about":[{"href":"https:\/\/mid-century-design.com\/hu\/wp-json\/wp\/v2\/types\/page"}],"author":[{"embeddable":true,"href":"https:\/\/mid-century-design.com\/hu\/wp-json\/wp\/v2\/users\/1"}],"replies":[{"embeddable":true,"href":"https:\/\/mid-century-design.com\/hu\/wp-json\/wp\/v2\/comments?post=3922"}],"version-history":[{"count":2,"href":"https:\/\/mid-century-design.com\/hu\/wp-json\/wp\/v2\/pages\/3922\/revisions"}],"predecessor-version":[{"id":4029,"href":"https:\/\/mid-century-design.com\/hu\/wp-json\/wp\/v2\/pages\/3922\/revisions\/4029"}],"wp:attachment":[{"href":"https:\/\/mid-century-design.com\/hu\/wp-json\/wp\/v2\/media?parent=3922"}],"curies":[{"name":"wp","href":"https:\/\/api.w.org\/{rel}","templated":true}]}}