{"id":3510,"date":"2025-11-18T10:34:01","date_gmt":"2025-11-18T09:34:01","guid":{"rendered":"https:\/\/mid-century-design.com\/napako-asztali-lampa-mod-1160-no1\/"},"modified":"2026-03-04T14:28:41","modified_gmt":"2026-03-04T13:28:41","slug":"napako-asztali-lampa-mod-1160-no1","status":"publish","type":"page","link":"https:\/\/mid-century-design.com\/hu\/napako-asztali-lampa-mod-1160-no1\/","title":{"rendered":"Funkcionalista asztali l\u00e1mpa Napako mod. 1160"},"content":{"rendered":"\n<h2 class=\"wp-block-heading\">Az eleg\u00e1ns Bauhaus st\u00edlus\u00fa asztali kr\u00f3mozott f\u00e9m l\u00e1mpa<\/h2>\n\n<p>Ezt az 1160-as funkcionalista asztali l\u00e1mp\u00e1t a NAPAKO termel\u0151sz\u00f6vetkezet gy\u00e1rtotta, amelyet 1919-ben alap\u00edtottak kis mag\u00e1nv\u00e1llalkoz\u00e1sok sz\u00f6vets\u00e9gek\u00e9nt.<br\/>A sz\u00f6vetkezet alap\u00edt\u00f3i t\u00f6bbnyire kis l\u00e9tsz\u00e1m\u00fa, f\u0151k\u00e9nt pr\u00e1gai c\u00e9geket fogtak \u00f6ssze.<br\/>A m\u00e1sodik vil\u00e1gh\u00e1bor\u00fa ut\u00e1n a sz\u00f6vetkezetet r\u00e9szben \u00e1llamos\u00edtott\u00e1k, de a szakk\u00e9pzett k\u00e9zm\u0171vess\u00e9gnek \u00e9s a min\u0151s\u00e9gi termel\u00e9snek k\u00f6sz\u00f6nhet\u0151en az \u00e1tmeneti neh\u00e9zs\u00e9geket lek\u00fczd\u00f6tte, \u00e9s b\u0151v\u00edtette a pr\u00e1gai Michle-ben l\u00e9v\u0151 gy\u00e1rt\u00f3\u00fczemeit, ahol ma a c\u00e9g sz\u00e9khelye tal\u00e1lhat\u00f3.<\/p>\n\n<p>A l\u00e1mpa egy l\u00e1mpatalpb\u00f3l, egy keretb\u0151l \u00e9s egy l\u00e1mpaerny\u0151b\u0151l \u00e1ll.<\/p>\n<div><style id=\"wp_carousel_dynamic_css3465\">#sp-wp-carousel-free-id-3465 .wpcp-swiper-dots {margin: 40px 0px 0px 0px;}.wpcp-wrapper-3465 .swiper-wrapper .swiper-slide-kenburn, .wpcp-wrapper-3465 .swiper-wrapper, .wpcp-wrapper-3465 .wpcpro-row{align-items: center;}#sp-wp-carousel-free-id-3465 .wpcp-single-item {box-shadow: 0px 0px 0px 0px #dddddd;transition: all .3s;margin: 0px;}#sp-wp-carousel-free-id-3465.swiper-flip .wpcp-single-item{margin: 0!important;}#sp-wp-carousel-free-id-3465 .wpcp-single-item:hover {box-shadow: 0px 0px 0px 0px #dddddd;}#sp-wp-carousel-free-id-3465.sp-wpcp-3465 .wpcp-single-item {border: 1px solid #dddddd;}#sp-wp-carousel-free-id-3465.sp-wpcp-3465 .swiper-button-prev,#sp-wp-carousel-free-id-3465.sp-wpcp-3465 .swiper-button-next,#sp-wp-carousel-free-id-3465.sp-wpcp-3465 .swiper-button-prev:hover,#sp-wp-carousel-free-id-3465.sp-wpcp-3465 .swiper-button-next:hover {background: none;border: none;font-size: 30px;}#sp-wp-carousel-free-id-3465.sp-wpcp-3465 .swiper-button-prev i,#sp-wp-carousel-free-id-3465.sp-wpcp-3465 .swiper-button-next i {color: #aaa;}#sp-wp-carousel-free-id-3465.sp-wpcp-3465 .swiper-button-prev i:hover,#sp-wp-carousel-free-id-3465.sp-wpcp-3465 .swiper-button-next i:hover {color: #178087;}#sp-wp-carousel-free-id-3465.sp-wpcp-3465 .wpcp-swiper-dots .swiper-pagination-bullet {background-color: #cccccc;}#sp-wp-carousel-free-id-3465.sp-wpcp-3465 .wpcp-swiper-dots .swiper-pagination-bullet.swiper-pagination-bullet-active {background-color: #178087;} #sp-wp-carousel-free-id-3465.sp-wpcp-3465.wpcp-image-carousel .wpcp-single-item:hover img, #sp-wp-carousel-free-id-3465.sp-wpcp-3465.wpcp-post-carousel .wpcp-single-item:hover img, #sp-wp-carousel-free-id-3465.sp-wpcp-3465.wpcp-product-carousel .wpcp-single-item:hover img{-webkit-transform: scale(1.2);-moz-transform: scale(1.2);transform: scale(1.2);}#sp-wp-carousel-free-id-3465 .wpcpro-row>[class*=\"wpcpro-col-\"] { padding: 0 10px; padding-bottom: 20px;} #sp-wp-carousel-free-id-3465 .swiper-slide .single-item-fade:not(:last-child) { margin-right: 20px;}@media (min-width: 480px) { .wpcpro-row .wpcpro-col-sm-1 { flex: 0 0 100%; max-width: 100%; } .wpcpro-row .wpcpro-col-sm-2 { flex: 0 0 50%; max-width: 50%; } .wpcpro-row .wpcpro-col-sm-2-5 { flex: 0 0 75%; max-width: 75%; } .wpcpro-row .wpcpro-col-sm-3 { flex: 0 0 33.333%; max-width: 33.333%; } .wpcpro-row .wpcpro-col-sm-4 { flex: 0 0 25%; max-width: 25%; } .wpcpro-row .wpcpro-col-sm-5 { flex: 0 0 20%; max-width: 20%; } .wpcpro-row .wpcpro-col-sm-6 { flex: 0 0 16.66666666666667%; max-width: 16.66666666666667%; } .wpcpro-row .wpcpro-col-sm-7 { flex: 0 0 14.28571428%; max-width: 14.28571428%; } .wpcpro-row .wpcpro-col-sm-8 { flex: 0 0 12.5%; max-width: 12.5%; } } @media (max-width: 480px) { .wpcpro-row .wpcpro-col-xs-1 { flex: 0 0 100%; max-width: 100%; } .wpcpro-row .wpcpro-col-xs-2 { flex: 0 0 50%; max-width: 50%; } .wpcpro-row .wpcpro-col-xs-3 { flex: 0 0 33.222%; max-width: 33.222%; } .wpcpro-row .wpcpro-col-xs-4 { flex: 0 0 25%; max-width: 25%; } .wpcpro-row .wpcpro-col-xs-5 { flex: 0 0 20%; max-width: 20%; } .wpcpro-row .wpcpro-col-xs-6 { flex: 0 0 16.6667%; max-width: 16.6667%; } .wpcpro-row .wpcpro-col-xs-7 { flex: 0 0 14.28571428%; max-width: 14.28571428%; } .wpcpro-row .wpcpro-col-xs-8 { flex: 0 0 12.5%; max-width: 12.5%; } } @media (min-width: 736px) { .wpcpro-row .wpcpro-col-md-1 { flex: 0 0 100%; max-width: 100%; } .wpcpro-row .wpcpro-col-md-2 { flex: 0 0 50%; max-width: 50%; } .wpcpro-row .wpcpro-col-md-2-5 { flex: 0 0 75%; max-width: 75%; } .wpcpro-row .wpcpro-col-md-3 { flex: 0 0 33.333%; max-width: 33.333%; } .wpcpro-row .wpcpro-col-md-4 { flex: 0 0 25%; max-width: 25%; } .wpcpro-row .wpcpro-col-md-5 { flex: 0 0 20%; max-width: 20%; } .wpcpro-row .wpcpro-col-md-6 { flex: 0 0 16.66666666666667%; max-width: 16.66666666666667%; } .wpcpro-row .wpcpro-col-md-7 { flex: 0 0 14.28571428%; max-width: 14.28571428%; } .wpcpro-row .wpcpro-col-md-8 { flex: 0 0 12.5%; max-width: 12.5%; } } @media (min-width: 980px) { .wpcpro-row .wpcpro-col-lg-1 { flex: 0 0 100%; max-width: 100%; } .wpcpro-row .wpcpro-col-lg-2 { flex: 0 0 50%; max-width: 50%; } .wpcpro-row .wpcpro-col-lg-3 { flex: 0 0 33.222%; max-width: 33.222%; } .wpcpro-row .wpcpro-col-lg-4 { flex: 0 0 25%; max-width: 25%; } .wpcpro-row .wpcpro-col-lg-5 { flex: 0 0 20%; max-width: 20%; } .wpcpro-row .wpcpro-col-lg-6 { flex: 0 0 16.6667%; max-width: 16.6667%; } .wpcpro-row .wpcpro-col-lg-7 { flex: 0 0 14.28571428%; max-width: 14.28571428%; } .wpcpro-row .wpcpro-col-lg-8 { flex: 0 0 12.5%; max-width: 12.5%; } } @media (min-width: 1200px) { .wpcpro-row .wpcpro-col-xl-1 { flex: 0 0 100%; max-width: 100%; } .wpcpro-row .wpcpro-col-xl-2 { flex: 0 0 50%; max-width: 50%; } .wpcpro-row .wpcpro-col-xl-3 { flex: 0 0 33.22222222%; max-width: 33.22222222%; } .wpcpro-row .wpcpro-col-xl-4 { flex: 0 0 25%; max-width: 25%; } .wpcpro-row .wpcpro-col-xl-5 { flex: 0 0 20%; max-width: 20%; } .wpcpro-row .wpcpro-col-xl-6 { flex: 0 0 16.66667%; max-width: 16.66667%; } .wpcpro-row .wpcpro-col-xl-7 { flex: 0 0 14.28571428%; max-width: 14.28571428%; } .wpcpro-row .wpcpro-col-xl-8 { flex: 0 0 12.5%; max-width: 12.5%; } }<\/style><div class=\"wpcp-carousel-wrapper wpcp-wrapper-3465\">\n\t<div id=\"wpcp-preloader-3465\" class=\"wpcp-carousel-preloader\"><img decoding=\"async\" src=\"https:\/\/mid-century-design.com\/wp-content\/plugins\/wp-carousel-free\/public\/css\/spinner.svg\" alt=\"Preloader Image\" \/><\/div>\t<div class=\"wpcp-carousel-content-wrapper\">\n\t<div id=\"sp-wp-carousel-free-id-3465\" class=\"wpcp-carousel-section sp-wpcp-3465  nav-vertical-center wpcp-image-carousel wpcp-preloader wpcp-standard\" data-swiper='{ &quot;accessibility&quot;:true, &quot;spaceBetween&quot;:20, &quot;arrows&quot;:true, &quot;freeMode&quot;: false, &quot;autoplay&quot;:true, &quot;effect&quot;: &quot;&quot;, &quot;centerMode&quot;: false, &quot;autoplaySpeed&quot;:3000, &quot;dots&quot;:true, &quot;infinite&quot;:true, &quot;speed&quot;:600, &quot;pauseOnHover&quot;:true,\n\t\t\t&quot;slidesToShow&quot;:{&quot;lg_desktop&quot;:5, &quot;desktop&quot;: 4, &quot;laptop&quot;: 3, &quot;tablet&quot;: 2, &quot;mobile&quot;: 1}, &quot;responsive&quot;:{&quot;desktop&quot;:1200, &quot;laptop&quot;: 980, &quot;tablet&quot;: 736, &quot;mobile&quot;: 480}, &quot;rtl&quot;:false, &quot;lazyLoad&quot;: &quot;false&quot;, &quot;swipe&quot;: true, &quot;draggable&quot;: true, &quot;swipeToSlide&quot;:false }' dir=\"ltr\">\n\t\t<div class=\"swiper-wrapper\">\n\t\t<div class=\"swiper-slide\">\n\t<div class=\"wpcp-single-item\">\n\t\t\t<a class=\"wcp-light-box\" data-buttons='[\"close\"]' data-wpc_url='https:\/\/mid-century-design.com\/wp-content\/uploads\/2025\/11\/Napako-table-lamp-Mod.-1160-No.1-main-view-rotated.jpg' href=\"https:\/\/mid-century-design.com\/wp-content\/uploads\/2025\/11\/Napako-table-lamp-Mod.-1160-No.1-main-view-rotated.jpg\" data-fancybox=\"wpcp_view\">\n\t\t<figure>\n\t\t\t<img loading=\"lazy\" decoding=\"async\" class=\"skip-lazy\" src=\"https:\/\/mid-century-design.com\/wp-content\/uploads\/2025\/11\/Napako-table-lamp-Mod.-1160-No.1-main-view-rotated.jpg\" alt=\"Napako asztali l\u00e1mpa Mod. 1160 No.1 - f\u0151n\u00e9zet \" width=\"480\" height=\"640\">\t\t<\/figure>\n\t<\/a>\n\t\t<\/div>\n<\/div>\n\t<div class=\"swiper-slide\">\n\t<div class=\"wpcp-single-item\">\n\t\t\t<a class=\"wcp-light-box\" data-buttons='[\"close\"]' data-wpc_url='https:\/\/mid-century-design.com\/wp-content\/uploads\/2025\/11\/Napako-table-lamp-Mod.-1160-No.1-top-down-view-rotated.jpg' href=\"https:\/\/mid-century-design.com\/wp-content\/uploads\/2025\/11\/Napako-table-lamp-Mod.-1160-No.1-top-down-view-rotated.jpg\" data-fancybox=\"wpcp_view\">\n\t\t<figure>\n\t\t\t<img loading=\"lazy\" decoding=\"async\" class=\"skip-lazy\" src=\"https:\/\/mid-century-design.com\/wp-content\/uploads\/2025\/11\/Napako-table-lamp-Mod.-1160-No.1-top-down-view-rotated.jpg\" alt=\"Napako asztali l\u00e1mpa Mod. 1160 No.1 - fel\u00fclr\u0151l lefel\u00e9 n\u00e9zet \" width=\"480\" height=\"640\">\t\t<\/figure>\n\t<\/a>\n\t\t<\/div>\n<\/div>\n\t<div class=\"swiper-slide\">\n\t<div class=\"wpcp-single-item\">\n\t\t\t<a class=\"wcp-light-box\" data-buttons='[\"close\"]' data-wpc_url='https:\/\/mid-century-design.com\/wp-content\/uploads\/2025\/11\/Napako-table-lamp-Mod.-1160-No.1-label-rotated.jpg' href=\"https:\/\/mid-century-design.com\/wp-content\/uploads\/2025\/11\/Napako-table-lamp-Mod.-1160-No.1-label-rotated.jpg\" data-fancybox=\"wpcp_view\">\n\t\t<figure>\n\t\t\t<img loading=\"lazy\" decoding=\"async\" class=\"skip-lazy\" src=\"https:\/\/mid-century-design.com\/wp-content\/uploads\/2025\/11\/Napako-table-lamp-Mod.-1160-No.1-label-rotated.jpg\" alt=\"Napako asztali l\u00e1mpa Mod. 1160 No.1 - a talp n\u00e9zete \" width=\"480\" height=\"640\">\t\t<\/figure>\n\t<\/a>\n\t\t<\/div>\n<\/div>\n\t<div class=\"swiper-slide\">\n\t<div class=\"wpcp-single-item\">\n\t\t\t<a class=\"wcp-light-box\" data-buttons='[\"close\"]' data-wpc_url='https:\/\/mid-century-design.com\/wp-content\/uploads\/2025\/11\/Napako-table-lamp-Mod.-1160-No.1-front-view-rotated.jpg' href=\"https:\/\/mid-century-design.com\/wp-content\/uploads\/2025\/11\/Napako-table-lamp-Mod.-1160-No.1-front-view-rotated.jpg\" data-fancybox=\"wpcp_view\">\n\t\t<figure>\n\t\t\t<img loading=\"lazy\" decoding=\"async\" class=\"skip-lazy\" src=\"https:\/\/mid-century-design.com\/wp-content\/uploads\/2025\/11\/Napako-table-lamp-Mod.-1160-No.1-front-view-rotated.jpg\" alt=\"Napako asztali l\u00e1mpa Mod. 1160 No.1 - el\u0151ln\u00e9zet \" width=\"480\" height=\"640\">\t\t<\/figure>\n\t<\/a>\n\t\t<\/div>\n<\/div>\n\t<div class=\"swiper-slide\">\n\t<div class=\"wpcp-single-item\">\n\t\t\t<a class=\"wcp-light-box\" data-buttons='[\"close\"]' data-wpc_url='https:\/\/mid-century-design.com\/wp-content\/uploads\/2025\/11\/Napako-table-lamp-Mod.-1160-No.1-patina-trace-rotated.jpg' href=\"https:\/\/mid-century-design.com\/wp-content\/uploads\/2025\/11\/Napako-table-lamp-Mod.-1160-No.1-patina-trace-rotated.jpg\" data-fancybox=\"wpcp_view\">\n\t\t<figure>\n\t\t\t<img loading=\"lazy\" decoding=\"async\" class=\"skip-lazy\" src=\"https:\/\/mid-century-design.com\/wp-content\/uploads\/2025\/11\/Napako-table-lamp-Mod.-1160-No.1-patina-trace-rotated.jpg\" alt=\"Napako asztali l\u00e1mpa Mod. 1160 No.1 - patina nyom \" width=\"480\" height=\"640\">\t\t<\/figure>\n\t<\/a>\n\t\t<\/div>\n<\/div>\n\t\t\t<\/div>\n\t\t\t\t\t<div class=\"wpcp-swiper-dots swiper-pagination\"><\/div>\n\t\t\t\t<!-- If we need navigation buttons -->\n\t\t\t\t\t<div class=\"wpcp-prev-button swiper-button-prev\"><i class=\"fa fa-angle-left\"><\/i><\/div>\n\t\t\t<div class=\"wpcp-next-button swiper-button-next\"><i class=\"fa fa-angle-right\"><\/i><\/div>\n\t\t\t<\/div>\n\t<\/div>\n<\/div>\n<\/div>\n<p><strong>\u00c1r \u20ac:<\/strong> 200<\/p>\n\n<p><strong>M\u00e9retek &#8211; magass\u00e1g x alap\u00e1tm\u00e9r\u0151 x \u00e1rny\u00e9kol\u00f3 \u00e1tm\u00e9r\u0151 (cm):<\/strong> 40 x 18 x 18<\/p>\n\n<p><strong>S\u00faly (kg):<\/strong> 2,3<\/p>\n\n<p><strong>Anyag\/sz\u00edn:<\/strong> ac\u00e9l.<\/p>\n\n<p><strong>\u00c1llapot:<\/strong> A l\u00e1mpa j\u00f3 \u00e1llapotban van, sz\u00e9p, kor\u00e1nak megfelel\u0151 patin\u00e1val. A modern elektromos h\u00e1l\u00f3zatban teljesen m\u0171k\u00f6d\u0151k\u00e9pes. A cs\u0151ac\u00e9l tiszt\u00edtott \u00e9s pol\u00edrozott.   A modern elektromos csatlakoz\u00f3hoz val\u00f3 adaptert mell\u00e9kelj\u00fck.<\/p>\n\n<div class=\"wp-block-group is-nowrap is-layout-flex wp-container-core-group-is-layout-6c531013 wp-block-group-is-layout-flex\">\n<p class=\"product woocommerce add_to_cart_inline \" style=\"border:4px solid #ccc; padding: 12px;\"><a href=\"\/hu\/wp-json\/wp\/v2\/pages\/3510?add-to-cart=3759\" aria-describedby=\"woocommerce_loop_add_to_cart_link_describedby_3759\" data-quantity=\"1\" class=\"button wp-element-button product_type_simple add_to_cart_button ajax_add_to_cart\" data-product_id=\"3759\" data-product_sku=\"\" aria-label=\"Kos\u00e1rba: &ldquo;Napako Table Lamp  Mod. 1160 No.1 (short description)&rdquo;\" rel=\"nofollow\" data-success_message=\"&ldquo;Napako Table Lamp  Mod. 1160 No.1 (short description)&rdquo; has been added to your cart\">Kos\u00e1rba teszem<\/a>\t<span id=\"woocommerce_loop_add_to_cart_link_describedby_3759\" class=\"screen-reader-text\">\n\t\t\t<\/span>\n<\/p>\n<\/div>\n\n<p><strong>Sz\u00e1ll\u00edt\u00e1si lehet\u0151s\u00e9gek:<\/strong><\/p>\n\n<ol class=\"wp-block-list\">\n<li>Ex B\u00e9cs &#8211; ingyenesen<\/li>\n\n\n\n<li>H\u00e1zhozsz\u00e1ll\u00edt\u00e1s vil\u00e1gszerte &#8211; netto sz\u00e1ll\u00edt\u00e1si d\u00edj.<br\/>A sz\u00e1ll\u00edt\u00e1st Eur\u00f3p\u00e1ban az Osztr\u00e1k Posta, a vil\u00e1g t\u00f6bbi r\u00e9sz\u00e9n pedig a vezet\u0151 eur\u00f3pai logisztikai v\u00e1llalat v\u00e9gzi, amely biztos\u00edtja a designt\u00e1rgy magas sz\u00ednvonal\u00fa sz\u00e1ll\u00edt\u00e1s\u00e1t.<\/li>\n<\/ol>\n","protected":false},"excerpt":{"rendered":"<p>Az eleg\u00e1ns Bauhaus st\u00edlus\u00fa asztali kr\u00f3mozott f\u00e9m l\u00e1mpa Ezt az 1160-as funkcionalista asztali l\u00e1mp\u00e1t a NAPAKO termel\u0151sz\u00f6vetkezet gy\u00e1rtotta, amelyet 1919-ben alap\u00edtottak kis mag\u00e1nv\u00e1llalkoz\u00e1sok sz\u00f6vets\u00e9gek\u00e9nt.A sz\u00f6vetkezet alap\u00edt\u00f3i t\u00f6bbnyire kis l\u00e9tsz\u00e1m\u00fa, f\u0151k\u00e9nt pr\u00e1gai c\u00e9geket fogtak \u00f6ssze.A m\u00e1sodik vil\u00e1gh\u00e1bor\u00fa ut\u00e1n a sz\u00f6vetkezetet r\u00e9szben \u00e1llamos\u00edtott\u00e1k, de a szakk\u00e9pzett k\u00e9zm\u0171vess\u00e9gnek \u00e9s a min\u0151s\u00e9gi termel\u00e9snek k\u00f6sz\u00f6nhet\u0151en az \u00e1tmeneti neh\u00e9zs\u00e9geket lek\u00fczd\u00f6tte, \u00e9s [&hellip;]<\/p>\n","protected":false},"author":1,"featured_media":0,"parent":0,"menu_order":0,"comment_status":"closed","ping_status":"closed","template":"","meta":{"footnotes":""},"class_list":["post-3510","page","type-page","status-publish","hentry"],"_links":{"self":[{"href":"https:\/\/mid-century-design.com\/hu\/wp-json\/wp\/v2\/pages\/3510","targetHints":{"allow":["GET"]}}],"collection":[{"href":"https:\/\/mid-century-design.com\/hu\/wp-json\/wp\/v2\/pages"}],"about":[{"href":"https:\/\/mid-century-design.com\/hu\/wp-json\/wp\/v2\/types\/page"}],"author":[{"embeddable":true,"href":"https:\/\/mid-century-design.com\/hu\/wp-json\/wp\/v2\/users\/1"}],"replies":[{"embeddable":true,"href":"https:\/\/mid-century-design.com\/hu\/wp-json\/wp\/v2\/comments?post=3510"}],"version-history":[{"count":3,"href":"https:\/\/mid-century-design.com\/hu\/wp-json\/wp\/v2\/pages\/3510\/revisions"}],"predecessor-version":[{"id":4069,"href":"https:\/\/mid-century-design.com\/hu\/wp-json\/wp\/v2\/pages\/3510\/revisions\/4069"}],"wp:attachment":[{"href":"https:\/\/mid-century-design.com\/hu\/wp-json\/wp\/v2\/media?parent=3510"}],"curies":[{"name":"wp","href":"https:\/\/api.w.org\/{rel}","templated":true}]}}