{"id":2730,"date":"2025-07-16T18:00:19","date_gmt":"2025-07-16T16:00:19","guid":{"rendered":"https:\/\/mid-century-design.com\/robert-slezak-functionalista-asztal-st44-no1\/"},"modified":"2026-03-04T14:08:30","modified_gmt":"2026-03-04T13:08:30","slug":"robert-slezak-functionalista-asztal-st44-no1","status":"publish","type":"page","link":"https:\/\/mid-century-design.com\/hu\/robert-slezak-functionalista-asztal-st44-no1\/","title":{"rendered":"Funkcionalista asztal ST44, Robert Slez\u00e1k, 1930-40-es \u00e9vek"},"content":{"rendered":"\n<h2 class=\"wp-block-heading\">Az ST44 asztali modell a funkcionalizmus per excellence<\/h2>\n\n<p>Az asztallap s\u00f6t\u00e9t di\u00f3fa furn\u00e9r kombin\u00e1ci\u00f3j\u00e1t a f\u00e9nyes, \u00fajonnan kr\u00f3mozott keret kontrasztja emeli ki.<\/p>\n\n<p>T\u00f6k\u00e9letes \u00f6n\u00e1ll\u00f3an, valamint ac\u00e9lcs\u00f6ves fotelekkel \u00e9s\/vagy Bauhaus st\u00edlus\u00fa asztali l\u00e1mp\u00e1val kombin\u00e1lhat\u00f3.<\/p>\n\n<p>Ez a modell szerepelt Robert Slez\u00e1k kiskereskedelmi katal\u00f3gus\u00e1ban, l\u00e1sd al\u00e1bb. <\/p>\n\n<p>1949-ben a Robert Slez\u00e1k c\u00e9get \u00e1llamos\u00edtott\u00e1k, \u00e9s a gy\u00e1rt\u00e1st a Kovona vette \u00e1t Byst\u0159ice nad Host\u00fdnemben (Csehszlov\u00e1kia).<br\/>K\u00e9s\u0151bb, 1992-ben a c\u00e9g privatiz\u00e1ci\u00f3ja ut\u00e1n a Kovonax c\u00e9get alap\u00edtott\u00e1k, szint\u00e9n Byst\u0159ice nad Host\u00fdnemben.<br\/>Jelenleg b\u00fatorokat gy\u00e1rt, bele\u00e9rtve a Robert Slez\u00e1k modelleket, pl. a T45-\u00f6s modellt a k\u00edn\u00e1lthoz hasonl\u00f3 3 l\u00e1bbal, Slez\u00e1kovy Z\u00e1vody m\u00e1rkan\u00e9v alatt.<br\/><\/p>\n<div><style id=\"wp_carousel_dynamic_css2718\">#sp-wp-carousel-free-id-2718 .wpcp-swiper-dots {margin: 40px 0px 0px 0px;}.wpcp-wrapper-2718 .swiper-wrapper .swiper-slide-kenburn, .wpcp-wrapper-2718 .swiper-wrapper, .wpcp-wrapper-2718 .wpcpro-row{align-items: center;}#sp-wp-carousel-free-id-2718 .wpcp-single-item {box-shadow: 0px 0px 0px 0px #dddddd;transition: all .3s;margin: 0px;}#sp-wp-carousel-free-id-2718.swiper-flip .wpcp-single-item{margin: 0!important;}#sp-wp-carousel-free-id-2718 .wpcp-single-item:hover {box-shadow: 0px 0px 0px 0px #dddddd;}#sp-wp-carousel-free-id-2718.sp-wpcp-2718 .wpcp-single-item {border: 1px solid #dddddd;}#sp-wp-carousel-free-id-2718.sp-wpcp-2718 .swiper-button-prev,#sp-wp-carousel-free-id-2718.sp-wpcp-2718 .swiper-button-next,#sp-wp-carousel-free-id-2718.sp-wpcp-2718 .swiper-button-prev:hover,#sp-wp-carousel-free-id-2718.sp-wpcp-2718 .swiper-button-next:hover {background: none;border: none;font-size: 30px;}#sp-wp-carousel-free-id-2718.sp-wpcp-2718 .swiper-button-prev i,#sp-wp-carousel-free-id-2718.sp-wpcp-2718 .swiper-button-next i {color: #aaa;}#sp-wp-carousel-free-id-2718.sp-wpcp-2718 .swiper-button-prev i:hover,#sp-wp-carousel-free-id-2718.sp-wpcp-2718 .swiper-button-next i:hover {color: #178087;}#sp-wp-carousel-free-id-2718.sp-wpcp-2718 .wpcp-swiper-dots .swiper-pagination-bullet {background-color: #cccccc;}#sp-wp-carousel-free-id-2718.sp-wpcp-2718 .wpcp-swiper-dots .swiper-pagination-bullet.swiper-pagination-bullet-active {background-color: #178087;} #sp-wp-carousel-free-id-2718.sp-wpcp-2718.wpcp-image-carousel .wpcp-single-item:hover img, #sp-wp-carousel-free-id-2718.sp-wpcp-2718.wpcp-post-carousel .wpcp-single-item:hover img, #sp-wp-carousel-free-id-2718.sp-wpcp-2718.wpcp-product-carousel .wpcp-single-item:hover img{-webkit-transform: scale(1.2);-moz-transform: scale(1.2);transform: scale(1.2);}#sp-wp-carousel-free-id-2718 .wpcpro-row>[class*=\"wpcpro-col-\"] { padding: 0 10px; padding-bottom: 20px;} #sp-wp-carousel-free-id-2718 .swiper-slide .single-item-fade:not(:last-child) { margin-right: 20px;}@media (min-width: 480px) { .wpcpro-row .wpcpro-col-sm-1 { flex: 0 0 100%; max-width: 100%; } .wpcpro-row .wpcpro-col-sm-2 { flex: 0 0 50%; max-width: 50%; } .wpcpro-row .wpcpro-col-sm-2-5 { flex: 0 0 75%; max-width: 75%; } .wpcpro-row .wpcpro-col-sm-3 { flex: 0 0 33.333%; max-width: 33.333%; } .wpcpro-row .wpcpro-col-sm-4 { flex: 0 0 25%; max-width: 25%; } .wpcpro-row .wpcpro-col-sm-5 { flex: 0 0 20%; max-width: 20%; } .wpcpro-row .wpcpro-col-sm-6 { flex: 0 0 16.66666666666667%; max-width: 16.66666666666667%; } .wpcpro-row .wpcpro-col-sm-7 { flex: 0 0 14.28571428%; max-width: 14.28571428%; } .wpcpro-row .wpcpro-col-sm-8 { flex: 0 0 12.5%; max-width: 12.5%; } } @media (max-width: 480px) { .wpcpro-row .wpcpro-col-xs-1 { flex: 0 0 100%; max-width: 100%; } .wpcpro-row .wpcpro-col-xs-2 { flex: 0 0 50%; max-width: 50%; } .wpcpro-row .wpcpro-col-xs-3 { flex: 0 0 33.222%; max-width: 33.222%; } .wpcpro-row .wpcpro-col-xs-4 { flex: 0 0 25%; max-width: 25%; } .wpcpro-row .wpcpro-col-xs-5 { flex: 0 0 20%; max-width: 20%; } .wpcpro-row .wpcpro-col-xs-6 { flex: 0 0 16.6667%; max-width: 16.6667%; } .wpcpro-row .wpcpro-col-xs-7 { flex: 0 0 14.28571428%; max-width: 14.28571428%; } .wpcpro-row .wpcpro-col-xs-8 { flex: 0 0 12.5%; max-width: 12.5%; } } @media (min-width: 736px) { .wpcpro-row .wpcpro-col-md-1 { flex: 0 0 100%; max-width: 100%; } .wpcpro-row .wpcpro-col-md-2 { flex: 0 0 50%; max-width: 50%; } .wpcpro-row .wpcpro-col-md-2-5 { flex: 0 0 75%; max-width: 75%; } .wpcpro-row .wpcpro-col-md-3 { flex: 0 0 33.333%; max-width: 33.333%; } .wpcpro-row .wpcpro-col-md-4 { flex: 0 0 25%; max-width: 25%; } .wpcpro-row .wpcpro-col-md-5 { flex: 0 0 20%; max-width: 20%; } .wpcpro-row .wpcpro-col-md-6 { flex: 0 0 16.66666666666667%; max-width: 16.66666666666667%; } .wpcpro-row .wpcpro-col-md-7 { flex: 0 0 14.28571428%; max-width: 14.28571428%; } .wpcpro-row .wpcpro-col-md-8 { flex: 0 0 12.5%; max-width: 12.5%; } } @media (min-width: 980px) { .wpcpro-row .wpcpro-col-lg-1 { flex: 0 0 100%; max-width: 100%; } .wpcpro-row .wpcpro-col-lg-2 { flex: 0 0 50%; max-width: 50%; } .wpcpro-row .wpcpro-col-lg-3 { flex: 0 0 33.222%; max-width: 33.222%; } .wpcpro-row .wpcpro-col-lg-4 { flex: 0 0 25%; max-width: 25%; } .wpcpro-row .wpcpro-col-lg-5 { flex: 0 0 20%; max-width: 20%; } .wpcpro-row .wpcpro-col-lg-6 { flex: 0 0 16.6667%; max-width: 16.6667%; } .wpcpro-row .wpcpro-col-lg-7 { flex: 0 0 14.28571428%; max-width: 14.28571428%; } .wpcpro-row .wpcpro-col-lg-8 { flex: 0 0 12.5%; max-width: 12.5%; } } @media (min-width: 1200px) { .wpcpro-row .wpcpro-col-xl-1 { flex: 0 0 100%; max-width: 100%; } .wpcpro-row .wpcpro-col-xl-2 { flex: 0 0 50%; max-width: 50%; } .wpcpro-row .wpcpro-col-xl-3 { flex: 0 0 33.22222222%; max-width: 33.22222222%; } .wpcpro-row .wpcpro-col-xl-4 { flex: 0 0 25%; max-width: 25%; } .wpcpro-row .wpcpro-col-xl-5 { flex: 0 0 20%; max-width: 20%; } .wpcpro-row .wpcpro-col-xl-6 { flex: 0 0 16.66667%; max-width: 16.66667%; } .wpcpro-row .wpcpro-col-xl-7 { flex: 0 0 14.28571428%; max-width: 14.28571428%; } .wpcpro-row .wpcpro-col-xl-8 { flex: 0 0 12.5%; max-width: 12.5%; } }<\/style><div class=\"wpcp-carousel-wrapper wpcp-wrapper-2718\">\n\t<div id=\"wpcp-preloader-2718\" class=\"wpcp-carousel-preloader\"><img decoding=\"async\" src=\"https:\/\/mid-century-design.com\/wp-content\/plugins\/wp-carousel-free\/public\/css\/spinner.svg\" alt=\"Preloader Image\" \/><\/div>\t<div class=\"wpcp-carousel-content-wrapper\">\n\t<div id=\"sp-wp-carousel-free-id-2718\" class=\"wpcp-carousel-section sp-wpcp-2718  nav-vertical-center wpcp-image-carousel wpcp-preloader wpcp-standard\" data-swiper='{ &quot;accessibility&quot;:true, &quot;spaceBetween&quot;:20, &quot;arrows&quot;:true, &quot;freeMode&quot;: false, &quot;autoplay&quot;:true, &quot;effect&quot;: &quot;&quot;, &quot;centerMode&quot;: false, &quot;autoplaySpeed&quot;:3000, &quot;dots&quot;:true, &quot;infinite&quot;:true, &quot;speed&quot;:600, &quot;pauseOnHover&quot;:true,\n\t\t\t&quot;slidesToShow&quot;:{&quot;lg_desktop&quot;:5, &quot;desktop&quot;: 4, &quot;laptop&quot;: 3, &quot;tablet&quot;: 2, &quot;mobile&quot;: 1}, &quot;responsive&quot;:{&quot;desktop&quot;:1200, &quot;laptop&quot;: 980, &quot;tablet&quot;: 736, &quot;mobile&quot;: 480}, &quot;rtl&quot;:false, &quot;lazyLoad&quot;: &quot;false&quot;, &quot;swipe&quot;: true, &quot;draggable&quot;: true, &quot;swipeToSlide&quot;:false }' dir=\"ltr\">\n\t\t<div class=\"swiper-wrapper\">\n\t\t<div class=\"swiper-slide\">\n\t<div class=\"wpcp-single-item\">\n\t\t\t<a class=\"wcp-light-box\" data-buttons='[\"close\"]' data-wpc_url='https:\/\/mid-century-design.com\/wp-content\/uploads\/2025\/07\/Robert-Slezak-table-ST44-No.-1-main-view-rotated.jpg' href=\"https:\/\/mid-century-design.com\/wp-content\/uploads\/2025\/07\/Robert-Slezak-table-ST44-No.-1-main-view-rotated.jpg\" data-fancybox=\"wpcp_view\">\n\t\t<figure>\n\t\t\t<img loading=\"lazy\" decoding=\"async\" class=\"skip-lazy\" src=\"https:\/\/mid-century-design.com\/wp-content\/uploads\/2025\/07\/Robert-Slezak-table-ST44-No.-1-main-view-rotated.jpg\" alt=\"Robert Slez\u00e1k asztal ST44 (No. 1) - f\u0151 n\u00e9zet\" width=\"480\" height=\"640\">\t\t<\/figure>\n\t<\/a>\n\t\t<\/div>\n<\/div>\n\t<div class=\"swiper-slide\">\n\t<div class=\"wpcp-single-item\">\n\t\t\t<a class=\"wcp-light-box\" data-buttons='[\"close\"]' data-wpc_url='https:\/\/mid-century-design.com\/wp-content\/uploads\/2025\/07\/Robert-Slezak-table-ST44-No.-1-top-view-rotated.jpg' href=\"https:\/\/mid-century-design.com\/wp-content\/uploads\/2025\/07\/Robert-Slezak-table-ST44-No.-1-top-view-rotated.jpg\" data-fancybox=\"wpcp_view\">\n\t\t<figure>\n\t\t\t<img loading=\"lazy\" decoding=\"async\" class=\"skip-lazy\" src=\"https:\/\/mid-century-design.com\/wp-content\/uploads\/2025\/07\/Robert-Slezak-table-ST44-No.-1-top-view-rotated.jpg\" alt=\"Robert Slez\u00e1k asztal ST44 (No. 1) - asztallap\" width=\"480\" height=\"640\">\t\t<\/figure>\n\t<\/a>\n\t\t<\/div>\n<\/div>\n\t<div class=\"swiper-slide\">\n\t<div class=\"wpcp-single-item\">\n\t\t\t<a class=\"wcp-light-box\" data-buttons='[\"close\"]' data-wpc_url='https:\/\/mid-century-design.com\/wp-content\/uploads\/2025\/07\/Robert-Slezak-table-ST44-No.-1-front-view-rotated.jpg' href=\"https:\/\/mid-century-design.com\/wp-content\/uploads\/2025\/07\/Robert-Slezak-table-ST44-No.-1-front-view-rotated.jpg\" data-fancybox=\"wpcp_view\">\n\t\t<figure>\n\t\t\t<img loading=\"lazy\" decoding=\"async\" class=\"skip-lazy\" src=\"https:\/\/mid-century-design.com\/wp-content\/uploads\/2025\/07\/Robert-Slezak-table-ST44-No.-1-front-view-rotated.jpg\" alt=\"Robert Slez\u00e1k asztal ST44 (No. 1) - el\u00f6ln\u00e9zet\" width=\"480\" height=\"640\">\t\t<\/figure>\n\t<\/a>\n\t\t<\/div>\n<\/div>\n\t<div class=\"swiper-slide\">\n\t<div class=\"wpcp-single-item\">\n\t\t\t<a class=\"wcp-light-box\" data-buttons='[\"close\"]' data-wpc_url='https:\/\/mid-century-design.com\/wp-content\/uploads\/2025\/07\/Robert-Slezak-table-ST44-No.-1-underdesk-view-rotated.jpg' href=\"https:\/\/mid-century-design.com\/wp-content\/uploads\/2025\/07\/Robert-Slezak-table-ST44-No.-1-underdesk-view-rotated.jpg\" data-fancybox=\"wpcp_view\">\n\t\t<figure>\n\t\t\t<img loading=\"lazy\" decoding=\"async\" class=\"skip-lazy\" src=\"https:\/\/mid-century-design.com\/wp-content\/uploads\/2025\/07\/Robert-Slezak-table-ST44-No.-1-underdesk-view-rotated.jpg\" alt=\"Robert Slez\u00e1k asztal ST44 (No. 1) - asztallap alja\" width=\"480\" height=\"640\">\t\t<\/figure>\n\t<\/a>\n\t\t<\/div>\n<\/div>\n\t<div class=\"swiper-slide\">\n\t<div class=\"wpcp-single-item\">\n\t\t\t<a class=\"wcp-light-box\" data-buttons='[\"close\"]' data-wpc_url='https:\/\/mid-century-design.com\/wp-content\/uploads\/2025\/07\/Robert-Slezak-table-ST44-No.-1-top-down-view-rotated.jpg' href=\"https:\/\/mid-century-design.com\/wp-content\/uploads\/2025\/07\/Robert-Slezak-table-ST44-No.-1-top-down-view-rotated.jpg\" data-fancybox=\"wpcp_view\">\n\t\t<figure>\n\t\t\t<img loading=\"lazy\" decoding=\"async\" class=\"skip-lazy\" src=\"https:\/\/mid-century-design.com\/wp-content\/uploads\/2025\/07\/Robert-Slezak-table-ST44-No.-1-top-down-view-rotated.jpg\" alt=\"Robert Slez\u00e1k ST44 asztal (1. sz.) - fel\u00fcln\u00e9zetben\" width=\"480\" height=\"640\">\t\t<\/figure>\n\t<\/a>\n\t\t<\/div>\n<\/div>\n\t\t\t<\/div>\n\t\t\t\t\t<div class=\"wpcp-swiper-dots swiper-pagination\"><\/div>\n\t\t\t\t<!-- If we need navigation buttons -->\n\t\t\t\t\t<div class=\"wpcp-prev-button swiper-button-prev\"><i class=\"fa fa-angle-left\"><\/i><\/div>\n\t\t\t<div class=\"wpcp-next-button swiper-button-next\"><i class=\"fa fa-angle-right\"><\/i><\/div>\n\t\t\t<\/div>\n\t<\/div>\n<\/div>\n<\/div>\n<p><strong>\u00c1r \u20ac:<\/strong> 900<\/p>\n\n<p><strong>M\u00e9retek &#8211; magass\u00e1g x fels\u0151 \u00e1tm\u00e9r\u0151 (cm):<\/strong> 65 x 80<\/p>\n\n<p><strong>Anyag\/sz\u00edn:<\/strong> ac\u00e9lcs\u0151, kr\u00f3mozott ac\u00e9l, fa asztallap di\u00f3fa furn\u00e9rozott.<\/p>\n\n<p><strong>\u00c1llapot:<\/strong> Fel\u00faj\u00edtott \u00e1llapot: Autentikusan \u00e9s szakszer\u0171en fel\u00faj\u00edtott. Ac\u00e9lcs\u00f6vek megtiszt\u00edtva \u00e9s \u00fajrakr\u00f3mozva.  Fa megtiszt\u00edtva, lakkozva.<\/p>\n\n<div class=\"wp-block-group is-nowrap is-layout-flex wp-container-core-group-is-layout-6c531013 wp-block-group-is-layout-flex\">\n<p class=\"product woocommerce add_to_cart_inline \" style=\"border:4px solid #ccc; padding: 12px;\"><a href=\"\/hu\/wp-json\/wp\/v2\/pages\/2730?add-to-cart=3764\" aria-describedby=\"woocommerce_loop_add_to_cart_link_describedby_3764\" data-quantity=\"1\" class=\"button wp-element-button product_type_simple add_to_cart_button ajax_add_to_cart\" data-product_id=\"3764\" data-product_sku=\"\" aria-label=\"Kos\u00e1rba: &ldquo;Functionalist Table ST44 by Robert Slez\u00e1k No.1 (short description)&rdquo;\" rel=\"nofollow\" data-success_message=\"&ldquo;Functionalist Table ST44 by Robert Slez\u00e1k No.1 (short description)&rdquo; has been added to your cart\">Kos\u00e1rba teszem<\/a>\t<span id=\"woocommerce_loop_add_to_cart_link_describedby_3764\" class=\"screen-reader-text\">\n\t\t\t<\/span>\n<\/p>\n<\/div>\n\n<p><strong>Hivatkoz\u00e1sok:<\/strong><br\/>Katal\u00f3gusok Ac\u00e9lcs\u0151b\u00fator, ISBN: 978-3-7528-2151-2<\/p>\n\n<figure class=\"wp-block-image size-full\"><img loading=\"lazy\" decoding=\"async\" width=\"831\" height=\"576\" src=\"https:\/\/mid-century-design.com\/wp-content\/uploads\/2025\/07\/Robert-Slezak-table-ST44-Catalog.jpg\" alt=\"\" class=\"wp-image-2711\" srcset=\"https:\/\/mid-century-design.com\/wp-content\/uploads\/2025\/07\/Robert-Slezak-table-ST44-Catalog.jpg 831w, https:\/\/mid-century-design.com\/wp-content\/uploads\/2025\/07\/Robert-Slezak-table-ST44-Catalog-300x208.jpg 300w, https:\/\/mid-century-design.com\/wp-content\/uploads\/2025\/07\/Robert-Slezak-table-ST44-Catalog-768x532.jpg 768w\" sizes=\"auto, (max-width: 831px) 100vw, 831px\" \/><\/figure>\n\n<p><strong>Sz\u00e1ll\u00edt\u00e1si lehet\u0151s\u00e9gek:<\/strong><\/p>\n\n<ol class=\"wp-block-list\">\n<li>Ex B\u00e9cs &#8211; ingyenesen<\/li>\n\n\n\n<li>H\u00e1zhozsz\u00e1ll\u00edt\u00e1s vil\u00e1gszerte &#8211; netto sz\u00e1ll\u00edt\u00e1si d\u00edj.<br\/>A sz\u00e1ll\u00edt\u00e1st a vezet\u0151 eur\u00f3pai logisztikai c\u00e9g v\u00e9gzi, amely biztos\u00edtja a designt\u00e1rgy magas sz\u00ednvonal\u00fa sz\u00e1ll\u00edt\u00e1s\u00e1t.<\/li>\n<\/ol>\n","protected":false},"excerpt":{"rendered":"<p>Az ST44 asztali modell a funkcionalizmus per excellence Az asztallap s\u00f6t\u00e9t di\u00f3fa furn\u00e9r kombin\u00e1ci\u00f3j\u00e1t a f\u00e9nyes, \u00fajonnan kr\u00f3mozott keret kontrasztja emeli ki. T\u00f6k\u00e9letes \u00f6n\u00e1ll\u00f3an, valamint ac\u00e9lcs\u00f6ves fotelekkel \u00e9s\/vagy Bauhaus st\u00edlus\u00fa asztali l\u00e1mp\u00e1val kombin\u00e1lhat\u00f3. Ez a modell szerepelt Robert Slez\u00e1k kiskereskedelmi katal\u00f3gus\u00e1ban, l\u00e1sd al\u00e1bb. 1949-ben a Robert Slez\u00e1k c\u00e9get \u00e1llamos\u00edtott\u00e1k, \u00e9s a gy\u00e1rt\u00e1st a Kovona vette [&hellip;]<\/p>\n","protected":false},"author":1,"featured_media":0,"parent":0,"menu_order":0,"comment_status":"closed","ping_status":"closed","template":"","meta":{"footnotes":""},"class_list":["post-2730","page","type-page","status-publish","hentry"],"_links":{"self":[{"href":"https:\/\/mid-century-design.com\/hu\/wp-json\/wp\/v2\/pages\/2730","targetHints":{"allow":["GET"]}}],"collection":[{"href":"https:\/\/mid-century-design.com\/hu\/wp-json\/wp\/v2\/pages"}],"about":[{"href":"https:\/\/mid-century-design.com\/hu\/wp-json\/wp\/v2\/types\/page"}],"author":[{"embeddable":true,"href":"https:\/\/mid-century-design.com\/hu\/wp-json\/wp\/v2\/users\/1"}],"replies":[{"embeddable":true,"href":"https:\/\/mid-century-design.com\/hu\/wp-json\/wp\/v2\/comments?post=2730"}],"version-history":[{"count":2,"href":"https:\/\/mid-century-design.com\/hu\/wp-json\/wp\/v2\/pages\/2730\/revisions"}],"predecessor-version":[{"id":4061,"href":"https:\/\/mid-century-design.com\/hu\/wp-json\/wp\/v2\/pages\/2730\/revisions\/4061"}],"wp:attachment":[{"href":"https:\/\/mid-century-design.com\/hu\/wp-json\/wp\/v2\/media?parent=2730"}],"curies":[{"name":"wp","href":"https:\/\/api.w.org\/{rel}","templated":true}]}}