{"id":2443,"date":"2025-03-11T14:31:02","date_gmt":"2025-03-11T13:31:02","guid":{"rendered":"https:\/\/mid-century-design.com\/vintage-fa-butorok-fo-jellemzoi\/"},"modified":"2026-02-18T05:38:18","modified_gmt":"2026-02-18T04:38:18","slug":"vintage-fa-butorok-fo-jellemzoi","status":"publish","type":"page","link":"https:\/\/mid-century-design.com\/hu\/vintage-fa-butorok-fo-jellemzoi\/","title":{"rendered":"Vintage fa b\u00fatorok &#8211; f\u0151bb jellemz\u0151k"},"content":{"rendered":"\n<p>A mid-century vintage foteleket az ergon\u00f3mia \u00e9s a k\u00e9nyelem jellemzi &#8211; egyszer\u0171 a kialak\u00edt\u00e1suk, de nagyszer\u0171 a hat\u00e1suk!<\/p>\n\n<p>Mivel (n\u00e9h\u00e1ny kiv\u00e9telt\u0151l eltekintve) csak teljesen fel\u00faj\u00edtott b\u00fatorokat k\u00edn\u00e1lunk &#8211; \u00faj hab \u00e9s k\u00e1rpit, \u00faj rug\u00f3mag, csiszolt \u00e9s lakkozott fa -, \u00d6n egy majdnem \u00fajszer\u0171 vintage karossz\u00e9kre tesz szert, de az id\u0151 patin\u00e1s b\u00e1j\u00e1val, amelyet csak az \u00e9vek adhatnak egy b\u00fatordarabnak.<\/p>\n\n<p>Egy vintage fotel nemcsak eszt\u00e9tikai \u00e9lm\u00e9ny, hanem kiv\u00e1l\u00f3 befektet\u00e9s is &#8211; b\u00e1r az \u00e1ra az aktu\u00e1lis trendek f\u00fcggv\u00e9ny\u00e9ben ingadozhat, de sosem megy ki a divatb\u00f3l, \u00edgy hossz\u00fa t\u00e1von ez a befektet\u00e9s egyszerre hasznos \u00e9s j\u00f6vedelmez\u0151.<\/p>\n\n<p>Az 50-100 \u00e9ve l\u00e9tez\u0151 mid-century b\u00fatorok eset\u00e9ben felt\u00e9telezhet\u0151, hogy egy olyan fotel, amelyik m\u00e1r \u00f6tven vagy sz\u00e1z \u00e9vet kib\u00edrt, m\u00e9g \u00f6tven vagy sz\u00e1z \u00e9vet is kib\u00edr &#8211; teh\u00e1t egy ilyen b\u00fatordarab hossz\u00fa t\u00e1v\u00fa v\u00e1s\u00e1rl\u00e1s.<\/p>\n\n<p>A min\u0151s\u00e9gi mid-century b\u00fatorok tart\u00f3ss\u00e1g\u00e1t a tervez\u00e9s \u00e9s a gy\u00e1rt\u00e1s egyar\u00e1nt garant\u00e1lja.<br\/>Ez\u00e9rt a mid-century b\u00fatorok kiv\u00e1laszt\u00e1sakor a min\u0151s\u00e9gre kell helyezni a hangs\u00falyt.<br\/>K\u00fcl\u00f6n\u00f6sen a fotelek \u00e9s kanap\u00e9k eset\u00e9ben &#8211; min\u00e9l jobb min\u0151s\u00e9g\u0171ek &#8211; ritk\u00e1n l\u00e1tszanak a csavarok (vagy azok bor\u00edt\u00e1sai), amelyek a b\u00fatort \u00f6sszetartj\u00e1k.<br\/>A fakeretes b\u00fatorok, p\u00e9ld\u00e1ul polcok vagy \u00fcl\u0151garnit\u00far\u00e1k eset\u00e9ben fontos, hogy odafigyeljen azokra a pontokra, ahol a fa r\u00e9szek \u00f6ssze vannak k\u00f6tve: a tiszta, pontosan illeszked\u0151 \u00e9s z\u00f6kken\u0151mentes \u00e1tmenetek j\u00f3 kivitelez\u00e9sre utalnak.<br\/>A t\u00f6m\u00f6rfa kivitel \u00e1ltal\u00e1ban a min\u0151s\u00e9get jelzi, de a pr\u00e9mium kateg\u00f3ri\u00e1s darabok lehetnek furn\u00e9rozottak is, k\u00fcl\u00f6n\u00f6sen, ha r\u00f3zsaf\u00e1r\u00f3l vagy di\u00f3f\u00e1r\u00f3l van sz\u00f3.<br\/>Vannak olyan jellemz\u0151k is, amelyek egy adott gy\u00e1rt\u00f3ra jellemz\u0151ek, p\u00e9ld\u00e1ul a Thonet-jel\u00f6l\u00e9sek.<br\/>Mindezeket ellen\u0151rizz\u00fck, miel\u0151tt a restaur\u00e1l\u00e1s megkezd\u0151dik &#8211; \u00edgy levessz\u00fck ezt a f\u00e1rads\u00e1gos feladatot az \u00d6n v\u00e1ll\u00e1r\u00f3l.<\/p>\n\n<p>A mid-century b\u00fatorok karbantart\u00e1sa nem munkaig\u00e9nyes. <br\/>A b\u00fatorokat csak h\u00e9t-t\u00edz\u00e9vente kell f\u00e9nyes\u00edteni, \u00e9s akkor is csak k\u00edm\u00e9letesen.<br\/>A sz\u00f6veteket sz\u00e1razon kell tiszt\u00edtani.<\/p>\n\n<p>A <strong>hajl\u00edtottfa <\/strong>b\u00fatorok a vintage b\u00fatorok egy speci\u00e1lis szegmense.<br\/>A Michael Thonet \u00e1ltal kifejlesztett \u00e9s szabadalmaztatott hajl\u00edt\u00e1si elj\u00e1r\u00e1s alapvet\u0151en megv\u00e1ltoztatta a b\u00fatorgy\u00e1rt\u00e1s m\u00f3dj\u00e1t.<br\/>Ez az elj\u00e1r\u00e1s a k\u00f6vetkez\u0151k\u00e9ppen m\u0171k\u00f6dik: a fadarabot el\u0151sz\u00f6r form\u00e1ra forgatj\u00e1k, majd g\u0151zkaz\u00e1nban g\u0151zzel megf\u0151zik. Ezut\u00e1n a megpuhult munkadarabra egy f\u00e9mszalagot er\u0151s\u00edtenek &#8211; \u00e9s ez a d\u00f6nt\u0151 fontoss\u00e1g\u00fa. A heveder elnyeli a hajl\u00edt\u00e1s sor\u00e1n a f\u00e1ra hat\u00f3 h\u00faz\u00f3er\u0151ket.<br\/>A hajl\u00edtott fa b\u00fatorok m\u00e1sik el\u0151nye, hogy b\u00e1r t\u00f6m\u00f6r anyagb\u00f3l k\u00e9sz\u00fclnek, viszonylag k\u00f6nny\u0171ek \u00e9s m\u00e9gis stabilak.  <\/p>\n\n<p>A hajl\u00edtott fa b\u00fatorok f\u0151 tervez\u0151i a k\u00f6vetkez\u0151k voltak:<br\/>Alvar Aalto (1898-1976), Finnorsz\u00e1g<br\/>Josef Frank (1885-1967), Ausztria, Sv\u00e9dorsz\u00e1g<br\/>Jind\u0159ich Halabala (1903-1978), Csehszlov\u00e1kia<br\/>Fritz Hansen (1847\u20131902), D\u00e1nia<br\/>Josef Hoffmann (1870-1956), Ausztria<br\/>Arne Jacobsen (1902-1971), D\u00e1nia<br\/>Finn Juhl (1912-1989), D\u00e1nia<br\/>Verner Panton (1926-1998), D\u00e1nia<br\/>Franz Singer (1886-1954), Ausztria<br\/>Michael Thonet and Sons, Marcel Kammerer a Thonet sz\u00e1m\u00e1ra, N\u00e9metorsz\u00e1g<br\/>Jan Van\u011bk (1881 \u2013 1962), Csehszlov\u00e1kia<br\/>Hans Wegner (1914-2007), D\u00e1nia<\/p>\n\n<p>A f\u0151 gy\u00e1rt\u00f3k a k\u00f6vetkez\u0151k:<br\/>Artek, Finnorsz\u00e1g<br\/>Fritz Hansen, D\u00e1nia<br\/>J. &amp; J. Kohn, Ausztria, 1849-1914<br\/>Thonet, N\u00e9metorsz\u00e1g<br\/>TON, Csehszlov\u00e1kia, Cseh K\u00f6zt\u00e1rsas\u00e1g<br\/>UP z\u00e1vody (Spojen\u00e9 um\u011bleckopr\u016fmyslov\u00e9 z\u00e1vody v Brn\u011b), Csehszlov\u00e1kia, 1921\u20131948<\/p>\n\n<p>Az 1930 \u00e9s 1970 k\u00f6z\u00f6tti id\u0151szakb\u00f3l a k\u00fcl\u00f6n\u00f6sen \u00e9rdekes modellek a k\u00f6vetkez\u0151k voltak:<\/p>\n\n<p>Hajl\u00edtottfa fotel A811, Gebr. Thonet<br\/>Tervez\u0151: Josef Hoffmann 1930-as \u00e9vek <\/p>\n\n<p>UP z\u00e1vody H-269 fotel<br\/>Tervez\u0151: Jind\u0159ich Halabala<\/p>\n\n<p>Tank 400 fotel, Artek<br\/>Tervez\u0151: Alvar Aalto 1936-ban, egy mil\u00e1n\u00f3i trienn\u00e1l\u00e9n rendezett ki\u00e1ll\u00edt\u00e1sra<\/p>\n\n<p>Isokon Hossz\u00fa Sz\u00e9k, Isokon Furniture Company, London<br\/>Tervez\u0151: Marcel Breuer 1930-as \u00e9vek<\/p>\n\n<p>A63F fotel, Thonet-Mundus<br\/>Tervez\u0151: Josef Frank 1930<\/p>\n\n<p>Morris t\u00edpus\u00fa fekv\u0151fotel, Standard bytov\u00f3 spole\u010dnost (S.B.S.), Brno-Pr\u00e1ga.<br\/>Tervez\u0151: Jan Van\u011bk 1929<\/p>\n\n<p>Chieftain sz\u00e9k, Niels Vodder, Koppenh\u00e1ga, D\u00e1nia<br\/>Tervez\u0151: Finn Juhl 1949<\/p>\n\n<p>\u201eA sz\u00e9k\u201c JH501, Hansen<br\/>Tervez\u0151: Hans Wegner 1940-es \u00e9vek<\/p>\n","protected":false},"excerpt":{"rendered":"<p>A mid-century vintage foteleket az ergon\u00f3mia \u00e9s a k\u00e9nyelem jellemzi &#8211; egyszer\u0171 a kialak\u00edt\u00e1suk, de nagyszer\u0171 a hat\u00e1suk! Mivel (n\u00e9h\u00e1ny kiv\u00e9telt\u0151l eltekintve) csak teljesen fel\u00faj\u00edtott b\u00fatorokat k\u00edn\u00e1lunk &#8211; \u00faj hab \u00e9s k\u00e1rpit, \u00faj rug\u00f3mag, csiszolt \u00e9s lakkozott fa -, \u00d6n egy majdnem \u00fajszer\u0171 vintage karossz\u00e9kre tesz szert, de az id\u0151 patin\u00e1s b\u00e1j\u00e1val, amelyet csak az [&hellip;]<\/p>\n","protected":false},"author":1,"featured_media":0,"parent":0,"menu_order":0,"comment_status":"closed","ping_status":"closed","template":"","meta":{"footnotes":""},"class_list":["post-2443","page","type-page","status-publish","hentry"],"_links":{"self":[{"href":"https:\/\/mid-century-design.com\/hu\/wp-json\/wp\/v2\/pages\/2443","targetHints":{"allow":["GET"]}}],"collection":[{"href":"https:\/\/mid-century-design.com\/hu\/wp-json\/wp\/v2\/pages"}],"about":[{"href":"https:\/\/mid-century-design.com\/hu\/wp-json\/wp\/v2\/types\/page"}],"author":[{"embeddable":true,"href":"https:\/\/mid-century-design.com\/hu\/wp-json\/wp\/v2\/users\/1"}],"replies":[{"embeddable":true,"href":"https:\/\/mid-century-design.com\/hu\/wp-json\/wp\/v2\/comments?post=2443"}],"version-history":[{"count":5,"href":"https:\/\/mid-century-design.com\/hu\/wp-json\/wp\/v2\/pages\/2443\/revisions"}],"predecessor-version":[{"id":4033,"href":"https:\/\/mid-century-design.com\/hu\/wp-json\/wp\/v2\/pages\/2443\/revisions\/4033"}],"wp:attachment":[{"href":"https:\/\/mid-century-design.com\/hu\/wp-json\/wp\/v2\/media?parent=2443"}],"curies":[{"name":"wp","href":"https:\/\/api.w.org\/{rel}","templated":true}]}}