{"id":2237,"date":"2024-09-16T17:32:03","date_gmt":"2024-09-16T15:32:03","guid":{"rendered":"https:\/\/mid-century-design.com\/visszaterites\/"},"modified":"2025-01-04T11:20:20","modified_gmt":"2025-01-04T10:20:20","slug":"visszaterites","status":"publish","type":"page","link":"https:\/\/mid-century-design.com\/hu\/visszaterites\/","title":{"rendered":"Visszat\u00e9r\u00edt\u00e9si szab\u00e1lyzat"},"content":{"rendered":"\n<h3 class=\"wp-block-heading\"><strong>\u00c1ltal\u00e1nos<\/strong><\/h3>\n\n<p>Ez a visszat\u00e9r\u00edt\u00e9si szab\u00e1lyzat csak az online v\u00e1s\u00e1rolt \u00e1rukra \u00e9rv\u00e9nyes.<\/p>\n\n<h3 class=\"wp-block-heading\"><strong>Visszak\u00fcld\u00e9s<\/strong><\/h3>\n\n<p>A Vev\u0151 jogosult a term\u00e9k visszak\u00fcld\u00e9s\u00e9re weboldal k\u00e9peit\u0151l val\u00f3 elt\u00e9r\u00e9s vagy rejtett sz\u00e1ll\u00edt\u00e1si s\u00e9r\u00fcl\u00e9s eset\u00e9n az \u00e1ru \u00e1tv\u00e9tel\u00e9t\u0151l sz\u00e1m\u00edtott 14 napon bel\u00fcl. A v\u00e1s\u00e1rl\u00e1st igazol\u00f3 nyugt\u00e1nak vagy bizonylatnak rendelkez\u00e9sre kell \u00e1llnia.<br\/>Egyszer\u0171en vegye fel vel\u00fcnk a kapcsolatot az <a href=\"mailto:info@mid-century-design.com\">info@mid-century-design.com<\/a> c\u00edmen. <\/p>\n\n<p>Az Eur\u00f3pai Uni\u00f3ba t\u00f6rt\u00e9n\u0151 kisz\u00e1ll\u00edt\u00e1s eset\u00e9n a visszak\u00fcld\u00e9s 14 napon bel\u00fcl megt\u00f6rt\u00e9nhet, b\u00e1rmilyen okb\u00f3l \u00e9s indokl\u00e1s n\u00e9lk\u00fcl.<\/p>\n\n<p>Ahhoz, hogy a term\u00e9k visszak\u00fcldhet\u0151 legyen, a v\u00e1s\u00e1rl\u00e1s id\u0151pontj\u00e1ban megegyez\u0151 \u00e1llapot\u00fanak kell lennie.<\/p>\n\n<p>A visszak\u00fcld\u00e9s k\u00f6lts\u00e9ge a Vev\u0151t terheli &#8211; kiv\u00e9ve a sz\u00e1ll\u00edt\u00e1si k\u00e1rokat, ld. alatt.<br\/>A visszak\u00fcld\u00e9s elfogad\u00e1sa eset\u00e9n a sz\u00e1ll\u00edt\u00e1si r\u00e9szleteket k\u00f6z\u00f6s megegyez\u00e9ssel rendezz\u00fck, felt\u00e9ve, hogy a sz\u00e1ll\u00edt\u00e1s min\u0151s\u00e9ge garant\u00e1lt \u00e9s a k\u00f6lts\u00e9gek minim\u00e1lisak. <\/p>\n\n<p>Az \u00e1rut \u00e1tv\u00e9telkor meg kell vizsg\u00e1lni. Ha a k\u00fcldem\u00e9ny s\u00e9r\u00fclt, p\u00e9ld\u00e1ul lyukak vagy szakad\u00e1sok a csomagol\u00e1son, r\u00e9szben felbontott csomagok vagy nedves csomagol\u00e1s, a Vev\u0151 k\u00f6teles megtagadni az \u00e1tv\u00e9telt. <\/p>\n\n<p>Ha a t\u00e9telt elfogadj\u00e1k, \u00e9s a s\u00e9r\u00fcl\u00e9seket k\u00e9s\u0151bb fedezik fel, ezeket a k\u00e1rokat dokument\u00e1lni kell, \u00e9s miel\u0151bb post\u00e1n kell elk\u00fcldeni nek\u00fcnk. Az esetet a fuvaroz\u00f3 c\u00e9ggel tiszt\u00e1zzuk, \u00e9s ha a k\u00e1rok sz\u00e1ll\u00edt\u00e1sb\u00f3l erednek, a visszak\u00fcld\u00e9s k\u00f6lts\u00e9geit mi \u00e1lljuk. <\/p>\n\n<h3 class=\"wp-block-heading\"><strong>Visszat\u00e9r\u00edt\u00e9s<\/strong><\/h3>\n\n<p>A visszak\u00fcld\u00e9s k\u00e9zhezv\u00e9tele \u00e9s ellen\u0151rz\u00e9se ut\u00e1n a Vev\u0151 \u00e9rtes\u00edt\u00e9st kap arr\u00f3l, hogy a visszat\u00e9r\u00edt\u00e9st j\u00f3v\u00e1hagyt\u00e1k-e vagy sem. J\u00f3v\u00e1hagy\u00e1s eset\u00e9n a befizetett \u00f6sszeget 10 munkanapon bel\u00fcl visszat\u00e9r\u00edtj\u00fck az eredeti fizet\u00e9si m\u00f3ddal. <\/p>\n\n<p>A visszat\u00e9r\u00edt\u00e9s nem hagyhat\u00f3 j\u00f3v\u00e1, ha a term\u00e9k \u00e1llapota elt\u00e9r a v\u00e1s\u00e1rl\u00e1skori \u00e1llapott\u00f3l, \u00e9s az elt\u00e9r\u00e9sek\/s\u00e9r\u00fcl\u00e9sek nem a Vev\u0151h\u00f6z t\u00f6rt\u00e9n\u0151 sz\u00e1ll\u00edt\u00e1s sor\u00e1n keletkeztek. Az utols\u00f3 esetben egyeztet\u00fcnk a Vev\u0151vel, hogy megtal\u00e1ljuk a k\u00f6lcs\u00f6n\u00f6sen elfogadhat\u00f3 megold\u00e1st. <\/p>\n","protected":false},"excerpt":{"rendered":"<p>\u00c1ltal\u00e1nos Ez a visszat\u00e9r\u00edt\u00e9si szab\u00e1lyzat csak az online v\u00e1s\u00e1rolt \u00e1rukra \u00e9rv\u00e9nyes. Visszak\u00fcld\u00e9s A Vev\u0151 jogosult a term\u00e9k visszak\u00fcld\u00e9s\u00e9re weboldal k\u00e9peit\u0151l val\u00f3 elt\u00e9r\u00e9s vagy rejtett sz\u00e1ll\u00edt\u00e1si s\u00e9r\u00fcl\u00e9s eset\u00e9n az \u00e1ru \u00e1tv\u00e9tel\u00e9t\u0151l sz\u00e1m\u00edtott 14 napon bel\u00fcl. A v\u00e1s\u00e1rl\u00e1st igazol\u00f3 nyugt\u00e1nak vagy bizonylatnak rendelkez\u00e9sre kell \u00e1llnia.Egyszer\u0171en vegye fel vel\u00fcnk a kapcsolatot az info@mid-century-design.com c\u00edmen. Az Eur\u00f3pai Uni\u00f3ba t\u00f6rt\u00e9n\u0151 [&hellip;]<\/p>\n","protected":false},"author":1,"featured_media":0,"parent":0,"menu_order":0,"comment_status":"closed","ping_status":"closed","template":"","meta":{"footnotes":""},"class_list":["post-2237","page","type-page","status-publish","hentry"],"_links":{"self":[{"href":"https:\/\/mid-century-design.com\/hu\/wp-json\/wp\/v2\/pages\/2237","targetHints":{"allow":["GET"]}}],"collection":[{"href":"https:\/\/mid-century-design.com\/hu\/wp-json\/wp\/v2\/pages"}],"about":[{"href":"https:\/\/mid-century-design.com\/hu\/wp-json\/wp\/v2\/types\/page"}],"author":[{"embeddable":true,"href":"https:\/\/mid-century-design.com\/hu\/wp-json\/wp\/v2\/users\/1"}],"replies":[{"embeddable":true,"href":"https:\/\/mid-century-design.com\/hu\/wp-json\/wp\/v2\/comments?post=2237"}],"version-history":[{"count":1,"href":"https:\/\/mid-century-design.com\/hu\/wp-json\/wp\/v2\/pages\/2237\/revisions"}],"predecessor-version":[{"id":2238,"href":"https:\/\/mid-century-design.com\/hu\/wp-json\/wp\/v2\/pages\/2237\/revisions\/2238"}],"wp:attachment":[{"href":"https:\/\/mid-century-design.com\/hu\/wp-json\/wp\/v2\/media?parent=2237"}],"curies":[{"name":"wp","href":"https:\/\/api.w.org\/{rel}","templated":true}]}}