{"id":2233,"date":"2024-09-12T11:36:23","date_gmt":"2024-09-12T09:36:23","guid":{"rendered":"https:\/\/mid-century-design.com\/adatvedelem\/"},"modified":"2025-01-04T10:03:03","modified_gmt":"2025-01-04T09:03:03","slug":"adatvedelem","status":"publish","type":"page","link":"https:\/\/mid-century-design.com\/hu\/adatvedelem\/","title":{"rendered":"Adatv\u00e9delmi ir\u00e1nyelvek"},"content":{"rendered":"\n<h3 class=\"wp-block-heading\"><strong>Szem\u00e9lyes adatok<\/strong><\/h3>\n\n<p>Amikor megl\u00e1togatja a weboldal\u00e1t, bizonyos inform\u00e1ci\u00f3kat gy\u0171jt\u00fcnk a weboldal\u00e1t val\u00f3 interakci\u00f3j\u00e1r\u00f3l, valamint a v\u00e1s\u00e1rl\u00e1sok feldolgoz\u00e1s\u00e1hoz sz\u00fcks\u00e9ges inform\u00e1ci\u00f3kat. Ebben az adatv\u00e9delmi szab\u00e1lyzatban az azonos\u00edthat\u00f3 egy\u00e9nre vonatkoz\u00f3 inform\u00e1ci\u00f3kat \u201eSzem\u00e9lyes adatok\u201d nevezz\u00fck.  <br\/>Tekintse meg az al\u00e1bbi list\u00e1t, ha t\u00f6bbet szeretne megtudni arr\u00f3l, hogy milyen szem\u00e9lyes adatokat gy\u0171jt\u00fcnk \u00e9s mi\u00e9rt.<\/p>\n\n<p class=\"has-medium-font-size\"><strong>1. Kapcsolat<\/strong><\/p>\n\n<ul class=\"wp-block-list\">\n<li><strong>A gy\u0171jt\u00e9s c\u00e9lja<\/strong>: Telefonon, lev\u00e9lben, e-mailben \u00e9s\/vagy webes \u0171rlapokon kereszt\u00fcl t\u00f6rt\u00e9n\u0151 kommunik\u00e1ci\u00f3<\/li>\n\n\n\n<li><strong>A gy\u0171jt\u00e9s forr\u00e1sa:<\/strong> \u00d6nt\u0151l gy\u0171jt\u00f6tt\u00fck<\/li>\n\n\n\n<li><strong>Gy\u0171jt\u00f6tt szem\u00e9lyes adatok:<\/strong> vezet\u00e9k- \u00e9s ut\u00f3n\u00e9v, c\u00edm (ha van), e-mail c\u00edm \u00e9s telefonsz\u00e1m<\/li>\n<\/ul>\n\n<p><strong>2. Rendel\u00e9si inform\u00e1ci\u00f3k<\/strong><\/p>\n\n<ul class=\"wp-block-list\">\n<li><strong>A gy\u0171jt\u00e9s c\u00e9lja<\/strong>: term\u00e9kek vagy szolg\u00e1ltat\u00e1sok ny\u00fajt\u00e1sa az \u00d6n sz\u00e1m\u00e1ra szerz\u0151d\u00e9s\u00fcnk teljes\u00edt\u00e9se \u00e9rdek\u00e9ben, fizet\u00e9si adatainak feldolgoz\u00e1sa, sz\u00e1ll\u00edt\u00e1s megszervez\u00e9se, sz\u00e1ml\u00e1k \u00e9s\/vagy rendel\u00e9si visszaigazol\u00e1sok biztos\u00edt\u00e1sa, valamint \u00d6nnel val\u00f3 kommunik\u00e1ci\u00f3<\/li>\n\n\n\n<li><strong>A gy\u0171jt\u00e9s forr\u00e1sa:<\/strong> \u00d6nt\u0151l gy\u0171jt\u00f6tt\u00fck<\/li>\n\n\n\n<li><strong>Gy\u0171jt\u00f6tt szem\u00e9lyes adatok:<\/strong> vezet\u00e9k- \u00e9s ut\u00f3n\u00e9v, sz\u00e1ml\u00e1z\u00e1si c\u00edm, sz\u00e1ll\u00edt\u00e1si c\u00edm, fizet\u00e9si adatok, e-mail c\u00edm \u00e9s telefonsz\u00e1m<\/li>\n<\/ul>\n\n<p><strong>3. Jogi k\u00f6telezetts\u00e9gek betart\u00e1sa<\/strong><\/p>\n\n<ul class=\"wp-block-list\">\n<li><strong>A gy\u0171jt\u00e9s c\u00e9lja<\/strong>: Telefonon, postai \u00faton, e-mailben \u00e9s\/vagy webes \u0171rlapokon kereszt\u00fcl t\u00f6rt\u00e9n\u0151 kommunik\u00e1ci\u00f3. Szem\u00e9lyes adatokat csak akkor adunk ki, ha t\u00f6rv\u00e9ny vagy b\u00edr\u00f3s\u00e1gi v\u00e9gz\u00e9s alapj\u00e1n, b\u0171n\u00fcld\u00f6z\u0151 szervnek v\u00e1laszolva, a t\u00f6rv\u00e9ny egy\u00e9b rendelkez\u00e9sei \u00e1ltal megengedett m\u00e9rt\u00e9kig <\/li>\n\n\n\n<li><strong>A gy\u0171jt\u00e9s forr\u00e1sa:<\/strong> \u00d6nt\u0151l gy\u0171jt\u00f6tt\u00fck<\/li>\n\n\n\n<li><strong>Gy\u0171jt\u00f6tt szem\u00e9lyes adatok:<\/strong> vezet\u00e9k- \u00e9s ut\u00f3n\u00e9v, sz\u00e1ml\u00e1z\u00e1si c\u00edm<\/li>\n<\/ul>\n\n<h3 class=\"wp-block-heading\"><strong>Technikai k\u00e9rd\u00e9sek<\/strong><\/h3>\n\n<ol class=\"wp-block-list\">\n<li><strong>Szolg\u00e1ltat\u00f3kat vesz\u00fcnk ig\u00e9nybe<\/strong>, akik adatfeldolgoz\u00f3k\u00e9nt j\u00e1rnak el a k\u00fcld\u00e9s\u00e9hez \u00e9s az esetlegesen elv\u00e9gzett \u00e9rt\u00e9kel\u00e9sekhez.<br\/>Minden szolg\u00e1ltat\u00f3 szerz\u0151d\u00e9sben k\u00f6teles az \u00d6n adatait bizalmasan kezelni.<\/li>\n\n\n\n<li><strong>Nem haszn\u00e1lunk webanalitikai technol\u00f3gi\u00e1kat<\/strong> a Google Search Console \u00e9s a Microsoft Bing Webmaster kiv\u00e9tel\u00e9vel.<br\/>Seg\u00edts\u00e9g\u00fckkel m\u00e9rhetj\u00fck a webes l\u00e1that\u00f3s\u00e1gunkat, \u00e9s az eredm\u00e9nyeket felhaszn\u00e1lva jav\u00edthatunk, \u00edgy nagyobb forgalmat gener\u00e1lhatunk.<br\/>Mivel ezek az eszk\u00f6z\u00f6k nem ig\u00e9nyelnek cookie-k be\u00e1ll\u00edt\u00e1s\u00e1t vagy m\u00e1s nyomk\u00f6vet\u00e9si technol\u00f3gi\u00e1k haszn\u00e1lat\u00e1t, lehet\u0151s\u00e9get k\u00edn\u00e1lnak a weboldalak \u00fczemeltet\u0151inek arra, hogy az adatv\u00e9delemnek megfelel\u0151 m\u00f3don rekl\u00e1mozz\u00e1k magukat \u00e9s weboldalukat.<br\/>A f\u0151 k\u00fcl\u00f6nbs\u00e9g a Google Search Console \u00e9s a Microsoft Bing Webmaster \u00e9s m\u00e1s webelemz\u0151 eszk\u00f6z\u00f6k k\u00f6z\u00f6tt az, hogy b\u00e1r mindkett\u0151 ugyan\u00fagy gy\u0171jt adatokat, mint a t\u00f6bbi webelemz\u0151 eszk\u00f6z, majd ki\u00e9rt\u00e9keli azokat, a nyomon k\u00f6vet\u00e9s nem az adott \u00fczemeltet\u0151 honlapj\u00e1n t\u00f6rt\u00e9nik. Az \u00f6sszegy\u0171jt\u00f6tt adatok kiz\u00e1r\u00f3lag a Google vagy a Microsoft \u201csearch engine\u201d-tol sz\u00e1rmaznak.<br\/>A d\u00f6nt\u0151 t\u00e9nyez\u0151 az, hogy az \u00f6sszegy\u0171jt\u00f6tt adatokat nem k\u00f6zvetlen\u00fcl az \u00fczemeltet\u0151 weboldal\u00e1n gy\u0171jtik, hanem maguk a Google, illetve a Microsoft. Erre tekintettel a Google, illetve a Microsoft felel\u0151s a GDPR rendelkez\u00e9seinek betart\u00e1s\u00e1\u00e9rt.<br\/>Ez azt jelenti, hogy a Konzolon vagy a Webmesterben megjelen\u00edtett inform\u00e1ci\u00f3k egyike sem tartalmaz szem\u00e9lyes adatokat.    <br\/><\/li>\n<\/ol>\n","protected":false},"excerpt":{"rendered":"<p>Szem\u00e9lyes adatok Amikor megl\u00e1togatja a weboldal\u00e1t, bizonyos inform\u00e1ci\u00f3kat gy\u0171jt\u00fcnk a weboldal\u00e1t val\u00f3 interakci\u00f3j\u00e1r\u00f3l, valamint a v\u00e1s\u00e1rl\u00e1sok feldolgoz\u00e1s\u00e1hoz sz\u00fcks\u00e9ges inform\u00e1ci\u00f3kat. Ebben az adatv\u00e9delmi szab\u00e1lyzatban az azonos\u00edthat\u00f3 egy\u00e9nre vonatkoz\u00f3 inform\u00e1ci\u00f3kat \u201eSzem\u00e9lyes adatok\u201d nevezz\u00fck. Tekintse meg az al\u00e1bbi list\u00e1t, ha t\u00f6bbet szeretne megtudni arr\u00f3l, hogy milyen szem\u00e9lyes adatokat gy\u0171jt\u00fcnk \u00e9s mi\u00e9rt. 1. Kapcsolat 2. Rendel\u00e9si inform\u00e1ci\u00f3k 3. Jogi [&hellip;]<\/p>\n","protected":false},"author":1,"featured_media":0,"parent":0,"menu_order":0,"comment_status":"closed","ping_status":"closed","template":"","meta":{"footnotes":""},"class_list":["post-2233","page","type-page","status-publish","hentry"],"_links":{"self":[{"href":"https:\/\/mid-century-design.com\/hu\/wp-json\/wp\/v2\/pages\/2233","targetHints":{"allow":["GET"]}}],"collection":[{"href":"https:\/\/mid-century-design.com\/hu\/wp-json\/wp\/v2\/pages"}],"about":[{"href":"https:\/\/mid-century-design.com\/hu\/wp-json\/wp\/v2\/types\/page"}],"author":[{"embeddable":true,"href":"https:\/\/mid-century-design.com\/hu\/wp-json\/wp\/v2\/users\/1"}],"replies":[{"embeddable":true,"href":"https:\/\/mid-century-design.com\/hu\/wp-json\/wp\/v2\/comments?post=2233"}],"version-history":[{"count":1,"href":"https:\/\/mid-century-design.com\/hu\/wp-json\/wp\/v2\/pages\/2233\/revisions"}],"predecessor-version":[{"id":2234,"href":"https:\/\/mid-century-design.com\/hu\/wp-json\/wp\/v2\/pages\/2233\/revisions\/2234"}],"wp:attachment":[{"href":"https:\/\/mid-century-design.com\/hu\/wp-json\/wp\/v2\/media?parent=2233"}],"curies":[{"name":"wp","href":"https:\/\/api.w.org\/{rel}","templated":true}]}}