{"id":2223,"date":"2024-09-12T11:34:27","date_gmt":"2024-09-12T09:34:27","guid":{"rendered":"https:\/\/mid-century-design.com\/aszf\/"},"modified":"2025-09-01T10:50:40","modified_gmt":"2025-09-01T08:50:40","slug":"aszf","status":"publish","type":"page","link":"https:\/\/mid-century-design.com\/hu\/aszf\/","title":{"rendered":"\u00c1ltal\u00e1nos szerz\u0151d\u00e9si felt\u00e9telek"},"content":{"rendered":"\n<h3 class=\"wp-block-heading\"><strong>Bevezet\u00e9s<\/strong><br\/><\/h3>\n\n<p>Azzal, hogy megl\u00e1togatja oldalunkat \u00e9s\/vagy v\u00e1s\u00e1rol t\u0151l\u00fcnk valamit, r\u00e9szt vesz a \u201eSzolg\u00e1ltat\u00e1sunkban\u201d, \u00e9s mag\u00e1ra n\u00e9zve k\u00f6telez\u0151nek ismeri el az al\u00e1bbi felt\u00e9teleket (\u201e\u00c1ltal\u00e1nos Szerz\u0151d\u00e9si Felt\u00e9telek\u201d -ASZF), bele\u00e9rtve az itt hivatkozott tov\u00e1bbi felt\u00e9teleket \u00e9s szab\u00e1lyzatokat. Ezek a felt\u00e9telek a weboldal minden felhaszn\u00e1l\u00f3j\u00e1ra vonatkoznak, korl\u00e1toz\u00e1s n\u00e9lk\u00fcl ide\u00e9rtve azokat a felhaszn\u00e1l\u00f3kat is, akik b\u00f6ng\u00e9sz\u0151k, sz\u00e1ll\u00edt\u00f3k, v\u00e1s\u00e1rl\u00f3k vagy keresked\u0151k. <br\/><br\/>K\u00e9rj\u00fck, olvassa el ezeket a felt\u00e9teleket miel\u0151tt felkeresn\u00e9 vagy haszn\u00e1lja weboldalunkat. <br\/>A weboldal b\u00e1rmely r\u00e9sz\u00e9nek el\u00e9r\u00e9s\u00e9vel vagy haszn\u00e1lat\u00e1val \u00d6n v\u00e1llalja, hogy mag\u00e1ra n\u00e9zve k\u00f6telez\u0151nek ismeri el ezeket a felt\u00e9teleket.<\/p>\n\n<p>Az aktu\u00e1lis weboldalhoz adott minden \u00faj funkci\u00f3ra vagy eszk\u00f6zre szint\u00e9n vonatkoznak a felt\u00e9telek.<br\/>Fenntartjuk magunknak a jogot, hogy friss\u00edts\u00fck, m\u00f3dos\u00edtsuk vagy kicser\u00e9lj\u00fck az ASZF b\u00e1rmely r\u00e9sz\u00e9t az\u00e1ltal, hogy friss\u00edt\u00e9seket \u00e9s\/vagy v\u00e1ltoztat\u00e1sokat tesz\u00fcnk k\u00f6zz\u00e9 weboldalunkon.<br\/>Az \u00d6n felel\u0151ss\u00e9ge, hogy rendszeresen ellen\u0151rizze ezt az oldalt, nincs-e benne v\u00e1ltoz\u00e1s.<\/p>\n\n<h3 class=\"wp-block-heading\"><strong>\u00c1ltal\u00e1nos felt\u00e9telek <\/strong><strong><\/strong><\/h3>\n\n<p>A jelen ASZF elfogad\u00e1s\u00e1val, \u00d6n kijelenti, hogy nagykor\u00fa az \u00d6n \u00e1llam\u00e1ban.<br\/>Nem haszn\u00e1lhatja term\u00e9keinket semmilyen illeg\u00e1lis vagy jogosulatlan c\u00e9lra, \u00e9s a Szolg\u00e1ltat\u00e1s haszn\u00e1lata sor\u00e1n nem s\u00e9rthet meg semmilyen joghat\u00f3s\u00e1gi t\u00f6rv\u00e9nyt, p\u00e9ld\u00e1ul szerz\u0151i jogi t\u00f6rv\u00e9nyeket stb.<\/p>\n\n<p>Fenntartjuk magunknak a jogot, hogy b\u00e1rmely okb\u00f3l, b\u00e1rmikor megtagadjuk a Szolg\u00e1ltat\u00e1st.<\/p>\n\n<p>A jelen Szolg\u00e1ltat\u00e1s vagy annak egy r\u00e9sz\u00e9nek vagy b\u00e1rmely kontaktus a weboldalon reproduk\u00e1l\u00e1s\u00e1ra, sokszoros\u00edt\u00e1s\u00e1ra, m\u00e1sol\u00e1s\u00e1ra, elad\u00e1s\u00e1ra, tov\u00e1bb \u00e9rt\u00e9kes\u00edt\u00e9s\u00e9re vagy kihaszn\u00e1l\u00e1s\u00e1ra \u00edr\u00e1sos enged\u00e9ly\u00fcnk ig\u00e9nyli.<\/p>\n\n<h3 class=\"wp-block-heading\"><strong>Inform\u00e1ci\u00f3<\/strong><strong><\/strong><\/h3>\n\n<p>Az ezen az oldalon tal\u00e1lhat\u00f3 anyagok csak \u00e1ltal\u00e1nos t\u00e1j\u00e9koztat\u00e1st szolg\u00e1lnak, \u00e9s nem lehet r\u00e1juk hagyatkozni vagy kiz\u00e1r\u00f3lagos alapk\u00e9nt felhaszn\u00e1lni.<br\/>A t\u00f6rt\u00e9nelmi inform\u00e1ci\u00f3k csak t\u00e1j\u00e9koztat\u00e1sul szolg\u00e1lnak.<\/p>\n\n<p>A rendelkez\u00e9sre \u00e1ll\u00f3 vagy \u00e1ltalunk biztos\u00edtott inform\u00e1ci\u00f3k online, e-mailben, postai \u00faton vagy egy\u00e9b m\u00f3don t\u00f6rt\u00e9n\u0151 felhaszn\u00e1l\u00e1sa kiz\u00e1r\u00f3lag szem\u00e9lyes c\u00e9lokra szolg\u00e1l.<br\/>\u00d6n teljes felel\u0151ss\u00e9ggel tartozik annak nyilv\u00e1nos hozz\u00e1f\u00e9rhet\u0151v\u00e9 t\u00e9tel\u00e9\u00e9rt, tov\u00e1bb\u00edt\u00e1s\u00e1\u00e9rt, m\u00e1sol\u00e1s\u00e1\u00e9rt, k\u00f6zz\u00e9t\u00e9tel\u00e9\u00e9rt, terjeszt\u00e9s\u00e9\u00e9rt, leford\u00edt\u00e1s\u00e1\u00e9rt vagy szem\u00e9lyes sz\u00fcks\u00e9gletekt\u0151l elt\u00e9r\u0151 felhaszn\u00e1l\u00e1s\u00e1\u00e9rt.<\/p>\n\n<p>Csak a hitelk\u00e1rtyaadatok vannak titkos\u00edtva, minden m\u00e1s inform\u00e1ci\u00f3 titkos\u00edt\u00e1stalanul tov\u00e1bb\u00edthat\u00f3.<\/p>\n\n<h3 class=\"wp-block-heading\"><strong>Term\u00e9kek<\/strong><strong><\/strong><\/h3>\n\n<p>Mindent megtett\u00fcnk annak \u00e9rdek\u00e9ben, hogy a weboldalon megjelen\u0151 term\u00e9keink sz\u00edneit \u00e9s k\u00e9peit a lehet\u0151 legpontosabban jelen\u00edts\u00fck meg, de az \u00d6n elektronikus eszk\u00f6ze kijelz\u0151j\u00e9n\/monitorj\u00e1n megjelen\u0151 megjelen\u00e9s elt\u00e9rhet a val\u00f3di t\u00e1rgyt\u00f3l.<br\/>A Szolg\u00e1ltat\u00e1son kereszt\u00fcl \u00d6nnek sz\u00e1ll\u00edtott term\u00e9kek \u201eahogy vannak\u201d \u00e9s \u201eahogy el\u00e9rhet\u0151ek\u201d.<\/p>\n\n<p>Az \u00e1rak B\u00e9csben (Ausztria) \u00e9rtend\u0151k.<br\/>Sz\u00e1ll\u00edt\u00e1si k\u00f6lts\u00e9g k\u00e9r\u00e9sre.<br\/>A term\u00e9kle\u00edr\u00e1sok vagy a term\u00e9k\u00e1rak b\u00e1rmikor, el\u0151zetes \u00e9rtes\u00edt\u00e9s n\u00e9lk\u00fcl megv\u00e1ltozhatnak, saj\u00e1t bel\u00e1t\u00e1sunk szerint.<\/p>\n\n<p>Fenntartjuk magunknak a jogot, hogy term\u00e9keink vagy szolg\u00e1ltat\u00e1saink \u00e9rt\u00e9kes\u00edt\u00e9s\u00e9t b\u00e1rmely szem\u00e9lyre, f\u00f6ldrajzi r\u00e9gi\u00f3ra vagy joghat\u00f3s\u00e1gra korl\u00e1tozzuk, amely eseti alapon, saj\u00e1t d\u00f6nt\u00e9s\u00fcnk szerint gyakorolhat\u00f3.<\/p>\n\n<p>Nem garant\u00e1ljuk, hogy az \u00d6n \u00e1ltal v\u00e1s\u00e1rolt vagy beszerzett term\u00e9kek, szolg\u00e1ltat\u00e1sok, inform\u00e1ci\u00f3k vagy egy\u00e9b anyagok min\u0151s\u00e9ge megfelel az \u00d6n elv\u00e1r\u00e1sainak.<\/p>\n\n<p>Bizonyos term\u00e9kek vagy szolg\u00e1ltat\u00e1sok kiz\u00e1r\u00f3lag online \u00e9rhet\u0151k el a weboldalon kereszt\u00fcl, \u00e9s csak a visszat\u00e9r\u00edt\u00e9si szab\u00e1lyzatunknak megfelel\u0151en visszak\u00fcldhet\u0151k vagy cser\u00e9lhet\u0151k.<\/p>\n\n<h3 class=\"wp-block-heading\"><strong>Fizet\u00e9s<\/strong><\/h3>\n\n<p>A term\u00e9kek megv\u00e1s\u00e1rolhat\u00f3k el\u0151re utal\u00e1ssal a megadott banksz\u00e1mlasz\u00e1mra, vagy k\u00e9szp\u00e9nzben az \u00e1tv\u00e9telkor.<\/p>\n\n<h3 class=\"wp-block-heading\"><strong>Garancia kiz\u00e1r\u00e1sa<\/strong><strong><\/strong><\/h3>\n\n<p>Nem garant\u00e1ljuk \u00e9s nem v\u00e1llaljuk, hogy Szolg\u00e1ltat\u00e1sunk \u00d6n \u00e1ltali haszn\u00e1lata zavartalan, id\u0151szer\u0171, biztons\u00e1gos vagy hibamentes lesz.<br\/>\u00d6n kifejezetten elfogadja, hogy a Szolg\u00e1ltat\u00e1st az \u00d6n kiz\u00e1r\u00f3lagos kock\u00e1zat\u00e1ra haszn\u00e1lja, vagy nem tudja haszn\u00e1lni.<\/p>\n\n<p>A Szolg\u00e1ltat\u00e1st \u00e9s a Szolg\u00e1ltat\u00e1son kereszt\u00fcl \u00d6nnek sz\u00e1ll\u00edtott \u00f6sszes term\u00e9ket \u00e9s szolg\u00e1ltat\u00e1st \u201eahogy van\u201d \u00e9s \u201erendelkez\u00e9sre \u00e1ll\u00f3\u201d \u00e1llapot\u00e1ban biztos\u00edtjuk, b\u00e1rmilyen kifejezett vagy hallgat\u00f3lagos nyilatkozat, szavatoss\u00e1g vagy felt\u00e9tel n\u00e9lk\u00fcl, bele\u00e9rtve az \u00f6sszes hallgat\u00f3lagos garanci\u00e1t vagy az eladhat\u00f3s\u00e1g, az eladhat\u00f3 min\u0151s\u00e9g, az adott c\u00e9lra val\u00f3 alkalmass\u00e1g, a tart\u00f3ss\u00e1g, a jogc\u00edm \u00e9s a jogs\u00e9rt\u00e9s-mentess\u00e9g felt\u00e9telei.<\/p>\n\n<p>Semmilyen esetben sem v\u00e1llalunk felel\u0151ss\u00e9get semmilyen s\u00e9r\u00fcl\u00e9s\u00e9rt, vesztes\u00e9g\u00e9rt, k\u00f6vetel\u00e9s\u00e9rt vagy b\u00e1rmilyen k\u00f6zvetlen, k\u00f6zvetett, j\u00e1rul\u00e9kos, b\u00fcntet\u0151, k\u00fcl\u00f6nleges vagy k\u00f6vetkezm\u00e9nyes k\u00e1r\u00e9rt, ide\u00e9rtve t\u00f6bbek k\u00f6z\u00f6tt az elmaradt hasznot, a bev\u00e9telkies\u00e9st, az elveszett megtakar\u00edt\u00e1st, az adatveszt\u00e9st, cserek\u00f6lts\u00e9gek vagy b\u00e1rmilyen hasonl\u00f3 k\u00e1r, ak\u00e1r szerz\u0151d\u00e9sen alapul\u00f3, ak\u00e1r m\u00e1s m\u00f3don, a Szolg\u00e1ltat\u00e1s vagy a Szolg\u00e1ltat\u00e1s haszn\u00e1lat\u00e1val beszerzett term\u00e9kek haszn\u00e1lat\u00e1b\u00f3l, vagy b\u00e1rmely, a szolg\u00e1ltat\u00e1s \u00d6n \u00e1ltali haszn\u00e1lat\u00e1hoz b\u00e1rmilyen m\u00f3don kapcsol\u00f3d\u00f3 k\u00f6vetel\u00e9sb\u0151l.<\/p>\n\n<h3 class=\"wp-block-heading\"><strong>K\u00e1rtalan\u00edt\u00e1s<\/strong><\/h3>\n\n<p>\u00d6n beleegyezik abba, hogy k\u00e1rtalan\u00edtja, megv\u00e9di \u00e9s \u00e1rtalmatlann\u00e1 teszi a mid-century-design.com-ot \u00e9s le\u00e1nyv\u00e1llalatainkat, partnereinket, tiszts\u00e9gvisel\u0151inket, igazgat\u00f3inkat, \u00fcgyn\u00f6keinket, alv\u00e1llalkoz\u00f3inkat, licencad\u00f3inkat, szolg\u00e1ltat\u00f3kat, alv\u00e1llalkoz\u00f3kat, besz\u00e1ll\u00edt\u00f3kat, gyakornokokat \u00e9s alkalmazottakat minden k\u00f6vetel\u00e9st\u0151l, bele\u00e9rtve az \u00e9sszer\u0171 \u00fcgyv\u00e9di d\u00edjakat, amelyeket b\u00e1rmely harmadik f\u00e9l fizetett a jelen ASZF \u00d6n \u00e1ltali megs\u00e9rt\u00e9se miatt, vagy ha \u00d6n megs\u00e9rti b\u00e1rmely t\u00f6rv\u00e9nyt vagy egy harmadik f\u00e9l jogait.<br\/><\/p>\n\n<h3 class=\"wp-block-heading\"><strong>Ir\u00e1nyad\u00f3 t\u00f6rv\u00e9ny<\/strong><strong><\/strong><\/h3>\n\n<p>A jelen ASZF-re \u00e9s minden k\u00fcl\u00f6n meg\u00e1llapod\u00e1sra, amellyel a Szolg\u00e1ltat\u00e1sokat ny\u00fajtjuk, Ausztria t\u00f6rv\u00e9nyei vonatkoznak, \u00e9s azokkal \u00f6sszhangban kell \u00e9rtelmezni.<\/p>\n\n<h3 class=\"wp-block-heading\"><strong>Kapcsolat<\/strong><\/h3>\n\n<p>Az ASZF-kel kapcsolatos k\u00e9rd\u00e9seket a k\u00f6vetkez\u0151 c\u00edmre kell k\u00fcldeni:<br\/><a href=\"mailto:info@mid-century-design.com\">info@mid-century-design.com<\/a>.<\/p>\n","protected":false},"excerpt":{"rendered":"<p>Bevezet\u00e9s Azzal, hogy megl\u00e1togatja oldalunkat \u00e9s\/vagy v\u00e1s\u00e1rol t\u0151l\u00fcnk valamit, r\u00e9szt vesz a \u201eSzolg\u00e1ltat\u00e1sunkban\u201d, \u00e9s mag\u00e1ra n\u00e9zve k\u00f6telez\u0151nek ismeri el az al\u00e1bbi felt\u00e9teleket (\u201e\u00c1ltal\u00e1nos Szerz\u0151d\u00e9si Felt\u00e9telek\u201d -ASZF), bele\u00e9rtve az itt hivatkozott tov\u00e1bbi felt\u00e9teleket \u00e9s szab\u00e1lyzatokat. Ezek a felt\u00e9telek a weboldal minden felhaszn\u00e1l\u00f3j\u00e1ra vonatkoznak, korl\u00e1toz\u00e1s n\u00e9lk\u00fcl ide\u00e9rtve azokat a felhaszn\u00e1l\u00f3kat is, akik b\u00f6ng\u00e9sz\u0151k, sz\u00e1ll\u00edt\u00f3k, v\u00e1s\u00e1rl\u00f3k vagy keresked\u0151k. [&hellip;]<\/p>\n","protected":false},"author":1,"featured_media":0,"parent":0,"menu_order":0,"comment_status":"closed","ping_status":"closed","template":"","meta":{"footnotes":""},"class_list":["post-2223","page","type-page","status-publish","hentry"],"_links":{"self":[{"href":"https:\/\/mid-century-design.com\/hu\/wp-json\/wp\/v2\/pages\/2223","targetHints":{"allow":["GET"]}}],"collection":[{"href":"https:\/\/mid-century-design.com\/hu\/wp-json\/wp\/v2\/pages"}],"about":[{"href":"https:\/\/mid-century-design.com\/hu\/wp-json\/wp\/v2\/types\/page"}],"author":[{"embeddable":true,"href":"https:\/\/mid-century-design.com\/hu\/wp-json\/wp\/v2\/users\/1"}],"replies":[{"embeddable":true,"href":"https:\/\/mid-century-design.com\/hu\/wp-json\/wp\/v2\/comments?post=2223"}],"version-history":[{"count":5,"href":"https:\/\/mid-century-design.com\/hu\/wp-json\/wp\/v2\/pages\/2223\/revisions"}],"predecessor-version":[{"id":3204,"href":"https:\/\/mid-century-design.com\/hu\/wp-json\/wp\/v2\/pages\/2223\/revisions\/3204"}],"wp:attachment":[{"href":"https:\/\/mid-century-design.com\/hu\/wp-json\/wp\/v2\/media?parent=2223"}],"curies":[{"name":"wp","href":"https:\/\/api.w.org\/{rel}","templated":true}]}}