{"id":2186,"date":"2024-09-07T10:47:00","date_gmt":"2024-09-07T08:47:00","guid":{"rendered":"https:\/\/mid-century-design.com\/mucke-melder\/"},"modified":"2024-12-28T17:57:56","modified_gmt":"2024-12-28T16:57:56","slug":"mucke-melder","status":"publish","type":"page","link":"https:\/\/mid-century-design.com\/hu\/mucke-melder\/","title":{"rendered":"M\u00fccke-Melder"},"content":{"rendered":"\n<div class=\"wp-block-group is-layout-flow wp-block-group-is-layout-flow\">\n<p>A M\u00fccke-Melder c\u00e9g, amelynek sz\u00e9khelye a mai csehorsz\u00e1gi V\u00edtkovic\u00e9ben tal\u00e1lhat\u00f3, 1915-ben j\u00f6tt l\u00e9tre Emil M\u00fccke Moravsk\u00e1 Ostravai huzalgy\u00e1rt\u00f3 gy\u00e1r\u00e1nak \u00e9s Hugo Melder Vitkovicei vasalat gy\u00e1r\u00e1nak egyes\u00fcl\u00e9s\u00e9vel. A c\u00e9g vasat, dr\u00f3tot \u00e9s f\u00e9mlemezt dolgozott fel. 1923-ban P\u0159\u00edvozban egy vas- \u00e9s s\u00e1rgar\u00e9zb\u00fator-gy\u00e1rat \u00e9p\u00edtettek be.  <\/p>\n\n\n\n<p>A M\u00fccke-Melder c\u00e9g 1928-ban kezdett b\u00fatorokat gy\u00e1rtani nikkelezett \u00e9s kr\u00f3mozott ac\u00e9lcs\u00f6vekb\u0151l.<\/p>\n\n\n\n<p>1933 janu\u00e1rj\u00e1ban Hugo Melder a c\u00e9g sz\u00e9khely\u00e9t V\u00edtkovic\u00e9b\u0151l Fry\u0161t\u00e1tba (ma Karvin\u00e1) helyezte \u00e1t. Ett\u0151l kezdve \u0151 maga vezette a c\u00e9get, de a j\u00f3l bev\u00e1lt M\u00fccke-Melder m\u00e1rkanevet nem v\u00e1ltoztatta meg. <\/p>\n\n\n\n<p>F\u00e9mb\u00fatorok, k\u00f6zt\u00fck Thonet modellek gy\u00e1rt\u00e1s\u00e1ra \u00f6sszpontos\u00edtott.<\/p>\n\n\n\n<p>A m\u00e1sodik vil\u00e1gh\u00e1bor\u00fa alatt az \u00fczem a n\u00e9met Wehrmacht sz\u00e1m\u00e1ra is gy\u00e1rtott. 1940-ben az \u00fagynevezett Sudetenarisierung r\u00e9szek\u00e9nt Hugo Melder megv\u00e1s\u00e1rolta a Fischel hajl\u00edtott b\u00fatorgy\u00e1rat Mimoniban, ahol ezt k\u00f6vet\u0151en f\u00e1b\u00f3l k\u00e9sz\u00fclt l\u00e9gcsavarokat gy\u00e1rtott a Luftwaffe rep\u00fcl\u0151g\u00e9p\u00e9i sz\u00e1m\u00e1ra. <\/p>\n\n\n\n<p>A v\u00e1llalkoz\u00e1st 1945 okt\u00f3ber\u00e9ben \u00e1llamos\u00edtott\u00e1k. A fry\u0161t\u00e1ti \u00fczemeket a Kovona Karvin\u00e1 orsz\u00e1gos v\u00e1llalkoz\u00e1s \u00e9s az egykori Byst\u0159ice pod Host\u00fdnem Fischel Thonet (k\u00e9s\u0151bbi Ton nemzeti v\u00e1llalat) vette \u00e1t. <em><s><\/s><\/em><\/p>\n<\/div>\n","protected":false},"excerpt":{"rendered":"<p>A M\u00fccke-Melder c\u00e9g, amelynek sz\u00e9khelye a mai csehorsz\u00e1gi V\u00edtkovic\u00e9ben tal\u00e1lhat\u00f3, 1915-ben j\u00f6tt l\u00e9tre Emil M\u00fccke Moravsk\u00e1 Ostravai huzalgy\u00e1rt\u00f3 gy\u00e1r\u00e1nak \u00e9s Hugo Melder Vitkovicei vasalat gy\u00e1r\u00e1nak egyes\u00fcl\u00e9s\u00e9vel. A c\u00e9g vasat, dr\u00f3tot \u00e9s f\u00e9mlemezt dolgozott fel. 1923-ban P\u0159\u00edvozban egy vas- \u00e9s s\u00e1rgar\u00e9zb\u00fator-gy\u00e1rat \u00e9p\u00edtettek be. A M\u00fccke-Melder c\u00e9g 1928-ban kezdett b\u00fatorokat gy\u00e1rtani nikkelezett \u00e9s kr\u00f3mozott ac\u00e9lcs\u00f6vekb\u0151l. 1933 janu\u00e1rj\u00e1ban [&hellip;]<\/p>\n","protected":false},"author":1,"featured_media":0,"parent":0,"menu_order":0,"comment_status":"closed","ping_status":"closed","template":"","meta":{"footnotes":""},"class_list":["post-2186","page","type-page","status-publish","hentry"],"_links":{"self":[{"href":"https:\/\/mid-century-design.com\/hu\/wp-json\/wp\/v2\/pages\/2186","targetHints":{"allow":["GET"]}}],"collection":[{"href":"https:\/\/mid-century-design.com\/hu\/wp-json\/wp\/v2\/pages"}],"about":[{"href":"https:\/\/mid-century-design.com\/hu\/wp-json\/wp\/v2\/types\/page"}],"author":[{"embeddable":true,"href":"https:\/\/mid-century-design.com\/hu\/wp-json\/wp\/v2\/users\/1"}],"replies":[{"embeddable":true,"href":"https:\/\/mid-century-design.com\/hu\/wp-json\/wp\/v2\/comments?post=2186"}],"version-history":[{"count":1,"href":"https:\/\/mid-century-design.com\/hu\/wp-json\/wp\/v2\/pages\/2186\/revisions"}],"predecessor-version":[{"id":2187,"href":"https:\/\/mid-century-design.com\/hu\/wp-json\/wp\/v2\/pages\/2186\/revisions\/2187"}],"wp:attachment":[{"href":"https:\/\/mid-century-design.com\/hu\/wp-json\/wp\/v2\/media?parent=2186"}],"curies":[{"name":"wp","href":"https:\/\/api.w.org\/{rel}","templated":true}]}}