{"id":2180,"date":"2024-08-30T10:42:39","date_gmt":"2024-08-30T08:42:39","guid":{"rendered":"https:\/\/mid-century-design.com\/karel-kozelka\/"},"modified":"2024-12-28T16:49:28","modified_gmt":"2024-12-28T15:49:28","slug":"karel-kozelka","status":"publish","type":"page","link":"https:\/\/mid-century-design.com\/hu\/karel-kozelka\/","title":{"rendered":"Karel Ko\u017eelka (1909-1992)"},"content":{"rendered":"\n<p>Karel Ko\u017eelka cseh \u00e9p\u00edt\u00e9sz, v\u00e1rostervez\u0151 \u00e9s tervez\u0151 volt.<\/p>\n\n<p>A pr\u00e1gai M\u0171v\u00e9szeti, \u00c9p\u00edt\u00e9szeti \u00e9s Formatervez\u00e9si Akad\u00e9mi\u00e1n (UMPRUM &#8211; Vysok\u00e1 \u0161kola um\u011bleckopr\u016fmyslov\u00e1 v Praze) tanult Pavel Jan\u00e1k \u00e9p\u00edt\u00e9szeti st\u00fadi\u00f3j\u00e1ban, \u00e9s 1933-ban szerzett diplom\u00e1t. <br\/>Tanulm\u00e1nyai ut\u00e1n csatlakozott a Csehszlov\u00e1k M\u0171vek Sz\u00f6vets\u00e9g\u00e9hez (Svaz \u010deskoslovensk\u00e9ho d\u00edla -S\u010cSD), ahol 1948-ig biztosk\u00e9nt dolgozott. <br\/>Az elm\u00e9leti munk\u00e1nak is szentelte mag\u00e1t, \u00e9s cikkeket publik\u00e1lt az otthoni b\u00fatorokkal, k\u00fcl\u00f6n\u00f6sen a kanap\u00e9kkal kapcsolatban.<\/p>\n\n<p>Ezt k\u00f6vet\u0151en a N\u00e9pm\u0171v\u00e9szeti Produkci\u00f3s K\u00f6zpont (\u00dast\u0159ed\u00ed lidov\u00e9 um\u011bleck\u00e9 v\u00fdroby \u2013 \u00daLUV) fejleszt\u00e9si oszt\u00e1ly\u00e1nak titk\u00e1ra, majd vezet\u0151je lett.<br\/>1955-ben a Sz\u00f6vetkezeti M\u0171vek (Dru\u017estevn\u00ed pr\u00e1ci) igazgat\u00f3ja lett.<\/p>\n\n<p>1944-ben Anton\u00edn Krop\u00e1\u010dekkel k\u00f6z\u00f6sen tervezett egy k\u00e9t fotelb\u0151l \u00e9s egy kerek asztalb\u00f3l \u00e1ll\u00f3 garnit\u00far\u00e1t, amely 1946-ban ez\u00fcst\u00e9rmet nyert a mil\u00e1n\u00f3i trienn\u00e1l\u00e9n. A d\u00edszletet 1944-ben a Cseh M\u0171v\u00e9szeti M\u0171helyek (\u010cesk\u00e9 um\u011bleck\u00e9 d\u00edlny) sz\u00e1m\u00e1ra tervezt\u00e9k.<\/p>\n\n<p>\u0150 egy minimalista fa nyaral\u00f3 szerz\u0151je, amelyet a Cseh M\u0171vek Sz\u00f6vets\u00e9ge haszn\u00e1lt mintak\u00e9nt. 1941-ben Lu\u010fek Kubes \u00e9p\u00edt\u00e9sszel k\u00f6z\u00f6sen tervezte.<\/p>\n","protected":false},"excerpt":{"rendered":"<p>Karel Ko\u017eelka cseh \u00e9p\u00edt\u00e9sz, v\u00e1rostervez\u0151 \u00e9s tervez\u0151 volt. A pr\u00e1gai M\u0171v\u00e9szeti, \u00c9p\u00edt\u00e9szeti \u00e9s Formatervez\u00e9si Akad\u00e9mi\u00e1n (UMPRUM &#8211; Vysok\u00e1 \u0161kola um\u011bleckopr\u016fmyslov\u00e1 v Praze) tanult Pavel Jan\u00e1k \u00e9p\u00edt\u00e9szeti st\u00fadi\u00f3j\u00e1ban, \u00e9s 1933-ban szerzett diplom\u00e1t. Tanulm\u00e1nyai ut\u00e1n csatlakozott a Csehszlov\u00e1k M\u0171vek Sz\u00f6vets\u00e9g\u00e9hez (Svaz \u010deskoslovensk\u00e9ho d\u00edla -S\u010cSD), ahol 1948-ig biztosk\u00e9nt dolgozott. Az elm\u00e9leti munk\u00e1nak is szentelte mag\u00e1t, \u00e9s cikkeket publik\u00e1lt [&hellip;]<\/p>\n","protected":false},"author":1,"featured_media":0,"parent":0,"menu_order":0,"comment_status":"closed","ping_status":"closed","template":"","meta":{"footnotes":""},"class_list":["post-2180","page","type-page","status-publish","hentry"],"_links":{"self":[{"href":"https:\/\/mid-century-design.com\/hu\/wp-json\/wp\/v2\/pages\/2180","targetHints":{"allow":["GET"]}}],"collection":[{"href":"https:\/\/mid-century-design.com\/hu\/wp-json\/wp\/v2\/pages"}],"about":[{"href":"https:\/\/mid-century-design.com\/hu\/wp-json\/wp\/v2\/types\/page"}],"author":[{"embeddable":true,"href":"https:\/\/mid-century-design.com\/hu\/wp-json\/wp\/v2\/users\/1"}],"replies":[{"embeddable":true,"href":"https:\/\/mid-century-design.com\/hu\/wp-json\/wp\/v2\/comments?post=2180"}],"version-history":[{"count":1,"href":"https:\/\/mid-century-design.com\/hu\/wp-json\/wp\/v2\/pages\/2180\/revisions"}],"predecessor-version":[{"id":2181,"href":"https:\/\/mid-century-design.com\/hu\/wp-json\/wp\/v2\/pages\/2180\/revisions\/2181"}],"wp:attachment":[{"href":"https:\/\/mid-century-design.com\/hu\/wp-json\/wp\/v2\/media?parent=2180"}],"curies":[{"name":"wp","href":"https:\/\/api.w.org\/{rel}","templated":true}]}}