{"id":2174,"date":"2024-08-15T09:12:05","date_gmt":"2024-08-15T07:12:05","guid":{"rendered":"https:\/\/mid-century-design.com\/ton\/"},"modified":"2024-12-28T15:29:50","modified_gmt":"2024-12-28T14:29:50","slug":"ton","status":"publish","type":"page","link":"https:\/\/mid-century-design.com\/hu\/ton\/","title":{"rendered":"TON"},"content":{"rendered":"\n<div class=\"wp-block-group is-layout-flow wp-block-group-is-layout-flow\">\n<p>A TON egy cseh b\u00fatorgy\u00e1rt\u00f3 c\u00e9g, melynek sz\u00e9khelye Byst\u0159ice pod Host\u00fdnem. H\u00edres k\u00e9zi fahajl\u00edt\u00e1si technol\u00f3gi\u00e1j\u00e1r\u00f3l, amelyet 1861 \u00f3ta alkalmaznak ezen a helyen.<br\/>A hajl\u00edtott fa b\u00fatorgy\u00e1r m\u0171k\u00f6d\u00e9s\u00e9t 1861-ben Michael Thonet ind\u00edtotta el Byst\u0159ice pod Host\u00fdnemben. Az eredeti neve Gebr\u00fcder Thonet volt. Ez a n\u00e9v 1853-t\u00f3l volt \u00e9rv\u00e9nyben.   <\/p>\n\n\n\n<p>Az els\u0151 vil\u00e1gh\u00e1bor\u00fa azonban gazdas\u00e1gi v\u00e1ls\u00e1got hozott, ami 1924-ben a Kohn-Mundus r\u00e9szv\u00e9nyt\u00e1rsas\u00e1ggal val\u00f3 egyes\u00fcl\u00e9shez \u00e9s Thonet-Mundus n\u00e9vv\u00e1ltoztat\u00e1shoz vezetett. Az \u00edgy l\u00e9trej\u00f6tt nemzetk\u00f6zi konszern 1940-ig m\u0171k\u00f6d\u00f6tt, amikor is a reichsprotektor \u00e1ltal kinevezett adminisztr\u00e1tor vette \u00e1t. A m\u00e1sodik vil\u00e1gh\u00e1bor\u00fa ut\u00e1n az \u00fczemet \u00e1llamos\u00edtott\u00e1k, \u00e9s 1946. m\u00e1rcius 7-\u00e9n az Ipari Miniszt\u00e9rium rendelete alapj\u00e1n a Thonet a Thonet nemzeti v\u00e1llalkoz\u00e1ss\u00e1 (n.p. Thonet) v\u00e1lt.  <\/p>\n\n\n\n<p>Az 1948-as \u00e9vt\u0151l kezdve a kisebb \u00e9s k\u00f6zepes m\u00e9ret\u0171 v\u00e1llalkoz\u00e1sokat az n. p. Thonetbe foglalt\u00e1k. Ez az id\u0151szak sz\u00e1mos \u00e1tszervez\u00e9ssel j\u00e1rt egy\u00fctt, ugyanakkor olyan id\u0151szak volt, amely a k\u00e9t vil\u00e1gh\u00e1bor\u00fa ut\u00e1n a hajl\u00edtott fa b\u00fatorok ir\u00e1nti meg\u00fajult \u00e9rdekl\u0151d\u00e9st jelentette.<br\/>1953-ban nev\u00e9t TON-ra (Tov\u00e1rna na oh\u00fdban\u00fd n\u00e1b\u011bt\u00edk) &#8211; Hajl\u00edtott b\u00fatorgy\u00e1rra v\u00e1ltoztatt\u00e1k.   <\/p>\n\n\n\n<p>A TON filoz\u00f3fi\u00e1ja az, hogy a k\u00e9zi fahajl\u00edt\u00e1st \u00f6sszekapcsolja a cseh \u00e9s k\u00fclf\u00f6ldi tervez\u0151k \u00f6tleteivel. Az 1950-es \u00e9vekben Anton\u00edn Krop\u00e1\u010dek (1908-1989) tervez\u0151 egy k\u00e1rpitozott \u00fcl\u0151- \u00e9s h\u00e1tt\u00e1ml\u00e1s l\u00e9csz\u00e9ket tervezett, amelyet Br\u00fcsszelben Nagyd\u00edjjal jutalmaztak. A nemzeti TON c\u00e9g fontos tervez\u0151i Anton\u00edn \u0160um\u00e1n (1924-1998), Radom\u00edr Hofman (1919-1996) \u00e9s Ladislav Gatial (1922-2001) voltak.<\/p>\n\n\n\n<p>1989 ut\u00e1n a c\u00e9g \u00e1llami tulajdon\u00fa v\u00e1llalkoz\u00e1ss\u00e1 v\u00e1lt, 1994-t\u0151l pedig a Byst\u0159ice pod Host\u00fdnemben tal\u00e1lhat\u00f3 \u00fczem k\u00fcl\u00f6n c\u00e9gk\u00e9nt m\u0171k\u00f6dik, a TON a.s. \u00e9s a vil\u00e1g legr\u00e9gebbi \u00e9s egyben legnagyobb hajl\u00edtott fa b\u00fatorgy\u00e1rt\u00f3ja lett.<\/p>\n<\/div>\n","protected":false},"excerpt":{"rendered":"<p>A TON egy cseh b\u00fatorgy\u00e1rt\u00f3 c\u00e9g, melynek sz\u00e9khelye Byst\u0159ice pod Host\u00fdnem. H\u00edres k\u00e9zi fahajl\u00edt\u00e1si technol\u00f3gi\u00e1j\u00e1r\u00f3l, amelyet 1861 \u00f3ta alkalmaznak ezen a helyen.A hajl\u00edtott fa b\u00fatorgy\u00e1r m\u0171k\u00f6d\u00e9s\u00e9t 1861-ben Michael Thonet ind\u00edtotta el Byst\u0159ice pod Host\u00fdnemben. Az eredeti neve Gebr\u00fcder Thonet volt. Ez a n\u00e9v 1853-t\u00f3l volt \u00e9rv\u00e9nyben. Az els\u0151 vil\u00e1gh\u00e1bor\u00fa azonban gazdas\u00e1gi v\u00e1ls\u00e1got hozott, ami 1924-ben [&hellip;]<\/p>\n","protected":false},"author":1,"featured_media":0,"parent":0,"menu_order":0,"comment_status":"closed","ping_status":"closed","template":"","meta":{"footnotes":""},"class_list":["post-2174","page","type-page","status-publish","hentry"],"_links":{"self":[{"href":"https:\/\/mid-century-design.com\/hu\/wp-json\/wp\/v2\/pages\/2174","targetHints":{"allow":["GET"]}}],"collection":[{"href":"https:\/\/mid-century-design.com\/hu\/wp-json\/wp\/v2\/pages"}],"about":[{"href":"https:\/\/mid-century-design.com\/hu\/wp-json\/wp\/v2\/types\/page"}],"author":[{"embeddable":true,"href":"https:\/\/mid-century-design.com\/hu\/wp-json\/wp\/v2\/users\/1"}],"replies":[{"embeddable":true,"href":"https:\/\/mid-century-design.com\/hu\/wp-json\/wp\/v2\/comments?post=2174"}],"version-history":[{"count":1,"href":"https:\/\/mid-century-design.com\/hu\/wp-json\/wp\/v2\/pages\/2174\/revisions"}],"predecessor-version":[{"id":2175,"href":"https:\/\/mid-century-design.com\/hu\/wp-json\/wp\/v2\/pages\/2174\/revisions\/2175"}],"wp:attachment":[{"href":"https:\/\/mid-century-design.com\/hu\/wp-json\/wp\/v2\/media?parent=2174"}],"curies":[{"name":"wp","href":"https:\/\/api.w.org\/{rel}","templated":true}]}}