{"id":2170,"date":"2024-08-15T09:15:44","date_gmt":"2024-08-15T07:15:44","guid":{"rendered":"https:\/\/mid-century-design.com\/jan-vanek\/"},"modified":"2024-12-28T14:50:20","modified_gmt":"2024-12-28T13:50:20","slug":"jan-vanek","status":"publish","type":"page","link":"https:\/\/mid-century-design.com\/hu\/jan-vanek\/","title":{"rendered":"Jan Van\u011bk (1891 \u2013 1962)"},"content":{"rendered":"\n<div class=\"wp-block-group is-layout-flow wp-block-group-is-layout-flow\">\n<p>Jan Van\u011bk T\u0159eb\u00ed\u010dben (ma Csehorsz\u00e1g) sz\u00fcletett egy vir\u00e1gz\u00f3 asztalosm\u0171hely tulajdonos\u00e1nak csal\u00e1dj\u00e1ban. Chrudimban (akkor Csehorsz\u00e1gban) v\u00e9gzett faipari technikumban, majd b\u00fatorm\u0171helyekben dolgozott M\u00fcnchenben, Stuttgartban \u00e9s Heilbronnban. Ebben az id\u0151szakban tal\u00e1lkozott az eur\u00f3pai modern \u00e9p\u00edt\u00e9szet fontos szem\u00e9lyis\u00e9geivel, amelyek hat\u00e1ssal voltak j\u00f6v\u0151beli munk\u00e1ss\u00e1g\u00e1ra. Az 1910-es \u00e9vekben \u00e1tvette apja c\u00e9g\u00e9t T\u0159eb\u00ed\u010dben, \u00e9s \u00e1tnevezte \u201eUm\u00e9leckopr\u00fcmyslov\u00fd d\u00edlny\u201d-re.   <\/p>\n\n\n\n<p>Van\u011bk egy\u00fcttm\u0171k\u00f6d\u00e9st alak\u00edtott ki sz\u00e1mos vezet\u0151 cseh \u00e9s k\u00fclf\u00f6ldi \u00e9p\u00edt\u00e9sszel, mint p\u00e9ld\u00e1ul Bruno Paul, Jan Kot\u011bra, Rudolf Stockar, Karl Bertschem, Adalbert Niemeyer vagy J. M. Olbrich, akik egyedi \u00e9s iparilag gy\u00e1rtott b\u00fatorokat terveztek a c\u00e9g sz\u00e1m\u00e1ra. A c\u00e9g b\u0151v\u00fcl\u00e9se miatt 1919\u20131921-ben Van\u011bk \u00faj \u00fczemi komplexumot hozott l\u00e9tre Josef Go\u010d\u00e1r tervei alapj\u00e1n. Az \u00e9p\u00fcletben a gy\u00e1r mellett irod\u00e1k, ki\u00e1ll\u00edt\u00f3terek \u00e9s a tulajdonos lak\u00e1sa is helyet kapott.  <\/p>\n\n\n\n<p>A c\u00e9g f\u0151 politik\u00e1ja az volt, hogy a lakoss\u00e1g minden r\u00e9teg\u00e9 sz\u00e1m\u00e1ra modern, de megfizethet\u0151 lakhat\u00e1st biztos\u00edtson. Van\u011bk a lakberendez\u00e9s alapvet\u0151 tulajdons\u00e1gainak tartotta a haszn\u00e1lhat\u00f3s\u00e1got, a funkcionalit\u00e1st \u00e9s a higi\u00e9nikus biztons\u00e1got. A sorozatb\u00fatorok elk\u00e9pzel\u00e9sei szerint min\u0151s\u00e9gi anyagokb\u00f3l k\u00e9sz\u00fcljenek, nagy vari\u00e1lhat\u00f3s\u00e1ggal, hogy a lak\u00e1s, h\u00e1z jelleg\u00e9hez igazodjanak.  <\/p>\n\n\n\n<p>1920 v\u00e9g\u00e9n Van\u011bk p\u00e9nz\u00fcgyi v\u00e1ls\u00e1ga, amely eg\u00e9sz \u00fczleti \u00e9let\u00e9ben k\u00eds\u00e9rtette, tet\u0151z\u00f6tt, \u00e9s k\u00e9nytelen volt beolvadni a brn\u00f3i \u201eKarel Slavi\u010dek, um\u011bleck\u00e9 n\u00e1bytkov\u00e9 a stavebn\u00ed stola\u0159stv\u00ed \u201c(Karel Slavi\u010dek, m\u0171v\u00e9szi b\u00fator- \u00e9s \u00e9p\u00fcletasztalos) c\u00e9ggel. amelyet k\u00e9s\u0151bb \u201eSpojen\u00e9 um\u011bleckopr\u016fmyslov\u00e9 z\u00e1vody, a.s.\u201d-ra keresztelt\u00e9k., k\u00e9s\u0151bb \u201eSpojen\u00e9 U.P. z\u00e1vody, a.s. Brno\u201d &#8211; Csehszlov\u00e1kia legnagyobb b\u00fatorgy\u00e1rt\u00f3 c\u00e9g\u00e9 a h\u00e1bor\u00fa el\u0151tti id\u0151szakban, 25 \u00fczlettel Csehorsz\u00e1g, Morvaorsz\u00e1g \u00e9s Szlov\u00e1kia minden nagyobb v\u00e1ros\u00e1ban, \u00e9s export\u00e1l Nyugat-Eur\u00f3p\u00e1ba. A konszolid\u00e1ci\u00f3 r\u00e9szek\u00e9nt 1923 \u00f3ta a Moravsk\u00e1 banka (Moravia Bank) t\u00f6bbs\u00e9gi r\u00e9szv\u00e9nyesk\u00e9nt vesz r\u00e9szt a t\u00e1rsas\u00e1g vezet\u00e9s\u00e9ben. <\/p>\n\n\n\n<p>Van\u011bkot a t\u00e1rsas\u00e1gok egyes\u00fcl\u00e9se ut\u00e1n vez\u00e9rigazgat\u00f3i posztb\u00f3l 1925-ben menesztett\u00e9k a c\u00e9g gyenge gazdas\u00e1gi teljes\u00edtm\u00e9nye miatt. Miel\u0151tt elhagyta \u201eU.P. z\u00e1vody\u201d-t, megkezdte a \u201eBytov\u00e1 kultura \u2013 Sborn\u00edk pr\u016fmyslov\u00e9ho um\u011bn\u00ed\u201d szakmai foly\u00f3irat kiad\u00e1s\u00e1t. <\/p>\n\n\n\n<p>1925-ben Stanislav Ku\u010dera \u00e9s Vil\u00e9m Hrdli\u010dka t\u00e1rsas\u00e1g\u00e1ban megalap\u00edtotta a &#8222;Standart, bytov\u00e1 spole\u010dnost S.B.S.&#8221; (Standard lak\u00e1sv\u00e1llalat), amely 1932-ig l\u00e9tezett. Van\u011bk c\u00e9g\u00e9nek legrangosabb szerz\u0151d\u00e9se a br\u00fcnni Villa Tugendhat b\u00fatorgy\u00e1rt\u00e1sa volt.<\/p>\n\n\n\n<p>1932-ben Van\u011bk elhagyta Br\u00fcnnt, \u00e9s Pr\u00e1g\u00e1ban telepedett le. Pr\u00e1g\u00e1ban lak\u00f3\u00e9p\u00fcletek tervez\u00e9s\u00e9vel foglalkozott, \u00e9s megalap\u00edtotta a &#8221; Tan\u00e1csad\u00e1s a modern lak\u00e1sok\u00e9rt&#8221; (PMB), a &#8221; M\u0171helyek h\u00e1zhoz \u00e9s kerthez&#8221; \u00e9s m\u00e1s c\u00e9geket. Sz\u00e1mos ki\u00e1ll\u00edt\u00e1s \u00e9p\u00edt\u00e9szeti megold\u00e1s\u00e1t tervezte \u00e9s val\u00f3s\u00edtotta meg.  <\/p>\n\n\n\n<p>A h\u00e1bor\u00fa alatt, 1939-1943 k\u00f6z\u00f6tt a zlini Bata Egyetem k\u00fcls\u0151s professzorak\u00e9nt dolgozott rendez\u00e9si \u00e9s ki\u00e1ll\u00edt\u00e1sszervez\u00e9si ter\u00fcleten.<\/p>\n\n\n\n<p>A m\u00e1sodik vil\u00e1gh\u00e1bor\u00fa ut\u00e1n r\u00e9szt vett a \u201eBlok um\u011bleck\u00e9ho pr\u016fmyslu\u201d (M\u0171v\u00e9szeti ipari blok) alap\u00edt\u00e1s\u00e1ban \u00e9s vezet\u00e9s\u00e9ben. 1948-ban a \u00c9p\u00edt\u00e9szeti progressz\u00edv t\u00e1rsul\u00e1sok blokkja (BAPS) aleln\u00f6ke lett. 1948 \u00f3ta Van\u011bk a \u201e\u010ceskoslovensk\u00e9 d\u0159evozpracuj\u00edc\u00ed z\u00e1vody\u201d (a csehszlov\u00e1k fafeldolgoz\u00f3 \u00fczemek) vez\u00e9rigazgat\u00f3ja \u2013 egy c\u00e9g, amely k\u00fcl\u00f6nb\u00f6z\u0151 v\u00e1llalatok \u00e1llamos\u00edt\u00e1s\u00e1val j\u00f6tt l\u00e9tre, amelyeket egyetlen egys\u00e9gbe vontak be. 1954-ben a \u201eD\u0159eva\u0159sk\u00fd v\u00fdvoj\u201c(Fafejleszt\u00e9s) igazgat\u00f3ja lett.<\/p>\n\n\n\n<p><strong>F\u0151bb referenci\u00e1k:<\/strong><\/p>\n\n\n\n<ol class=\"wp-block-list\">\n<li>Jind\u0159ich Chatrn\u00fd (ed.). Jan Van\u011bk 1891\u20131962. Civilizovan\u00e9 bydlen\u00ed pro ka\u017ed\u00e9ho((Civiliz\u00e1lt \u00e9let mindenkinek), Brno: Muzeum m\u011bsta Brna, 2008. ISBN 978-80-86549-39-2   <\/li>\n\n\n\n<li>Jan Van\u011bk, Bytov\u00e1 kultura, sborn\u00edk pr\u016fmyslov\u00e9ho um\u011bn\u00ed, Brno 1924-1925<\/li>\n<\/ol>\n<\/div>\n","protected":false},"excerpt":{"rendered":"<p>Jan Van\u011bk T\u0159eb\u00ed\u010dben (ma Csehorsz\u00e1g) sz\u00fcletett egy vir\u00e1gz\u00f3 asztalosm\u0171hely tulajdonos\u00e1nak csal\u00e1dj\u00e1ban. Chrudimban (akkor Csehorsz\u00e1gban) v\u00e9gzett faipari technikumban, majd b\u00fatorm\u0171helyekben dolgozott M\u00fcnchenben, Stuttgartban \u00e9s Heilbronnban. Ebben az id\u0151szakban tal\u00e1lkozott az eur\u00f3pai modern \u00e9p\u00edt\u00e9szet fontos szem\u00e9lyis\u00e9geivel, amelyek hat\u00e1ssal voltak j\u00f6v\u0151beli munk\u00e1ss\u00e1g\u00e1ra. Az 1910-es \u00e9vekben \u00e1tvette apja c\u00e9g\u00e9t T\u0159eb\u00ed\u010dben, \u00e9s \u00e1tnevezte \u201eUm\u00e9leckopr\u00fcmyslov\u00fd d\u00edlny\u201d-re. Van\u011bk egy\u00fcttm\u0171k\u00f6d\u00e9st alak\u00edtott ki sz\u00e1mos [&hellip;]<\/p>\n","protected":false},"author":1,"featured_media":0,"parent":0,"menu_order":0,"comment_status":"closed","ping_status":"closed","template":"","meta":{"footnotes":""},"class_list":["post-2170","page","type-page","status-publish","hentry"],"_links":{"self":[{"href":"https:\/\/mid-century-design.com\/hu\/wp-json\/wp\/v2\/pages\/2170","targetHints":{"allow":["GET"]}}],"collection":[{"href":"https:\/\/mid-century-design.com\/hu\/wp-json\/wp\/v2\/pages"}],"about":[{"href":"https:\/\/mid-century-design.com\/hu\/wp-json\/wp\/v2\/types\/page"}],"author":[{"embeddable":true,"href":"https:\/\/mid-century-design.com\/hu\/wp-json\/wp\/v2\/users\/1"}],"replies":[{"embeddable":true,"href":"https:\/\/mid-century-design.com\/hu\/wp-json\/wp\/v2\/comments?post=2170"}],"version-history":[{"count":1,"href":"https:\/\/mid-century-design.com\/hu\/wp-json\/wp\/v2\/pages\/2170\/revisions"}],"predecessor-version":[{"id":2171,"href":"https:\/\/mid-century-design.com\/hu\/wp-json\/wp\/v2\/pages\/2170\/revisions\/2171"}],"wp:attachment":[{"href":"https:\/\/mid-century-design.com\/hu\/wp-json\/wp\/v2\/media?parent=2170"}],"curies":[{"name":"wp","href":"https:\/\/api.w.org\/{rel}","templated":true}]}}