{"id":2164,"date":"2024-09-07T10:38:32","date_gmt":"2024-09-07T08:38:32","guid":{"rendered":"https:\/\/mid-century-design.com\/antonin-kropacek\/"},"modified":"2024-12-28T10:31:09","modified_gmt":"2024-12-28T09:31:09","slug":"antonin-kropacek","status":"publish","type":"page","link":"https:\/\/mid-century-design.com\/hu\/antonin-kropacek\/","title":{"rendered":"Anton\u00edn Krop\u00e1\u010dek (1914 \u2013 1989)"},"content":{"rendered":"\n<div class=\"wp-block-group is-layout-flow wp-block-group-is-layout-flow\">\n<p>Anton\u00edn Krop\u00e1\u010dek fontos cseh \u00e9p\u00edt\u00e9sz \u00e9s tervez\u0151 volt, els\u0151sorban Karel Ko\u017eelk\u00e1val val\u00f3 egy\u00fcttm\u0171k\u00f6d\u00e9s\u00e9r\u0151l ismert.<\/p>\n\n\n\n<p>1914-ben sz\u00fcletett, karrierj\u00e9t nagym\u00e9rt\u00e9kben befoly\u00e1solt\u00e1k az akkoriban n\u00e9pszer\u0171 modernista \u00e9s funkcionalista ir\u00e1nyzatok. Tanulm\u00e1nyait a Vysok\u00e1 \u0161kola um\u011bleckopr\u016fmyslov\u00e1 v Praze \u2013 V\u0160UP-on (Pr\u00e1gai Iparm\u0171v\u00e9szeti Egyetem) v\u00e9gezte, ahol az \u00e9p\u00edt\u00e9szetre \u00e9s a tervez\u00e9sre \u00f6sszpontos\u00edtott. <\/p>\n\n\n\n<p>Krop\u00e1\u010dek \u00e9s Ko\u017eelka 1944-ben k\u00f6z\u00f6sen megterveztek egy k\u00e9t fotelb\u0151l \u00e9s egy kerekasztalb\u00f3l \u00e1ll\u00f3 garnit\u00far\u00e1t, amely 1946-ban ez\u00fcst\u00e9rmet nyert a Mil\u00e1n\u00f3i Trienn\u00e1l\u00e9n. Ez a siker nemzetk\u00f6zi elismer\u00e9st hozott sz\u00e1mukra, munk\u00e1jukat ma is nagyra \u00e9rt\u00e9kelik innovat\u00edv eszt\u00e9tik\u00e1ja \u00e9s anyagok felhaszn\u00e1l\u00e1sa miatt. <\/p>\n\n\n\n<p>Karrierje sor\u00e1n Krop\u00e1\u010dek bels\u0151 tereket \u00e9s b\u00fatorokat is tervezett, munk\u00e1it gyakran letisztult vonalvezet\u00e9s \u00e9s funkcion\u00e1lis diz\u00e1jn jellemezte. 1989-ben halt meg, de \u00f6r\u00f6ks\u00e9ge tov\u00e1bb \u00e9l a tervein kereszt\u00fcl, amelyeket m\u00e1ig csod\u00e1lnak \u00e9s tanulm\u00e1nyoznak. <\/p>\n\n\n\n<p>1946-ban K.Ko\u017eelka \u00e9s A.Krop\u00e1\u010dek \u00e9p\u00edt\u00e9szek a \u010cesk\u00e9 um\u011bleck\u00e9 d\u00edlny (a Cseh M\u0171v\u00e9szeti M\u0171hely) t\u00e1rsalap\u00edt\u00f3i lettek.<\/p>\n<\/div>\n","protected":false},"excerpt":{"rendered":"<p>Anton\u00edn Krop\u00e1\u010dek fontos cseh \u00e9p\u00edt\u00e9sz \u00e9s tervez\u0151 volt, els\u0151sorban Karel Ko\u017eelk\u00e1val val\u00f3 egy\u00fcttm\u0171k\u00f6d\u00e9s\u00e9r\u0151l ismert. 1914-ben sz\u00fcletett, karrierj\u00e9t nagym\u00e9rt\u00e9kben befoly\u00e1solt\u00e1k az akkoriban n\u00e9pszer\u0171 modernista \u00e9s funkcionalista ir\u00e1nyzatok. Tanulm\u00e1nyait a Vysok\u00e1 \u0161kola um\u011bleckopr\u016fmyslov\u00e1 v Praze \u2013 V\u0160UP-on (Pr\u00e1gai Iparm\u0171v\u00e9szeti Egyetem) v\u00e9gezte, ahol az \u00e9p\u00edt\u00e9szetre \u00e9s a tervez\u00e9sre \u00f6sszpontos\u00edtott. Krop\u00e1\u010dek \u00e9s Ko\u017eelka 1944-ben k\u00f6z\u00f6sen megterveztek egy k\u00e9t fotelb\u0151l [&hellip;]<\/p>\n","protected":false},"author":1,"featured_media":0,"parent":0,"menu_order":0,"comment_status":"closed","ping_status":"closed","template":"","meta":{"footnotes":""},"class_list":["post-2164","page","type-page","status-publish","hentry"],"_links":{"self":[{"href":"https:\/\/mid-century-design.com\/hu\/wp-json\/wp\/v2\/pages\/2164","targetHints":{"allow":["GET"]}}],"collection":[{"href":"https:\/\/mid-century-design.com\/hu\/wp-json\/wp\/v2\/pages"}],"about":[{"href":"https:\/\/mid-century-design.com\/hu\/wp-json\/wp\/v2\/types\/page"}],"author":[{"embeddable":true,"href":"https:\/\/mid-century-design.com\/hu\/wp-json\/wp\/v2\/users\/1"}],"replies":[{"embeddable":true,"href":"https:\/\/mid-century-design.com\/hu\/wp-json\/wp\/v2\/comments?post=2164"}],"version-history":[{"count":1,"href":"https:\/\/mid-century-design.com\/hu\/wp-json\/wp\/v2\/pages\/2164\/revisions"}],"predecessor-version":[{"id":2165,"href":"https:\/\/mid-century-design.com\/hu\/wp-json\/wp\/v2\/pages\/2164\/revisions\/2165"}],"wp:attachment":[{"href":"https:\/\/mid-century-design.com\/hu\/wp-json\/wp\/v2\/media?parent=2164"}],"curies":[{"name":"wp","href":"https:\/\/api.w.org\/{rel}","templated":true}]}}