{"id":2158,"date":"2024-08-15T09:14:26","date_gmt":"2024-08-15T07:14:26","guid":{"rendered":"https:\/\/mid-century-design.com\/up-zavody\/"},"modified":"2024-12-28T09:47:23","modified_gmt":"2024-12-28T08:47:23","slug":"up-zavody","status":"publish","type":"page","link":"https:\/\/mid-century-design.com\/hu\/up-zavody\/","title":{"rendered":"UP Z\u00e1vody"},"content":{"rendered":"\n<div class=\"wp-block-group is-layout-flow wp-block-group-is-layout-flow\">\n<p>A csehszlov\u00e1k bels\u0151\u00e9p\u00edt\u00e9szet t\u00f6rt\u00e9net\u00e9ben nem hagyhat\u00f3 figyelmen k\u00edv\u00fcl az UP z\u00e1vody (UP gy\u00e1rak) vagy a Spojen\u00e9 um\u011blekkopr\u016fmyslov\u00e9 z\u00e1vody (Egyes\u00fclt M\u0171v\u00e9szeti \u00e9s K\u00e9zm\u0171vesgy\u00e1rak) jelens\u00e9ge. Az UP z\u00e1vody <strong> <\/strong>Eur\u00f3pa egyik legnagyobb b\u00fatorgy\u00e1rt\u00f3ja volt.<\/p>\n\n\n\n<p>Az UP z\u00e1vody az 1920-as \u00e9vek elej\u00e9n egyre nagyobb jelent\u0151s\u00e9ggel b\u00edrt a bels\u0151\u00e9p\u00edt\u00e9szet jelleg\u00e9re.<\/p>\n\n\n\n<p>A c\u00e9g az 1918-as \u00e9vekben indult. Jan Van\u011bk volt az alap\u00edt\u00f3, Vladim\u00edr Mare\u010dek vette \u00e1t k\u00e9s\u0151bb, \u00e9s Va\u0148ek ut\u00e1n megkezdte az egyszer\u0171, c\u00e9ltudatos \u00e9s praktikus b\u00fatorok k\u00e9sz\u00edt\u00e9s\u00e9t \u00e9s ennek n\u00e9pszer\u0171s\u00edt\u00e9s\u00e9t.<br\/>1930-ban Jind\u0159ich Halabala, k\u00e9s\u0151bbi igazgat\u00f3 \u00e9s f\u0151tervez\u0151 csatlakozott a c\u00e9g vezet\u00e9s\u00e9hez. <\/p>\n\n\n\n<p>A c\u00e9g a k\u00e9t vil\u00e1gh\u00e1bor\u00fa k\u00f6z\u00f6tti id\u0151szak diz\u00e1jnj\u00e1nak eszt\u00e9tik\u00e1j\u00e1b\u00f3l \u00e9s funkcionalit\u00e1s\u00e1b\u00f3l mer\u00edt. M\u00edg a biedermeier \u00e9s az art deco st\u00edlusok m\u00e9g az els\u0151 vil\u00e1gh\u00e1bor\u00fa ut\u00e1n is n\u00e9pszer\u0171ek voltak, az \u00e9p\u00edt\u00e9szek \u00e9s teoretikusok m\u00e1r elkezdt\u00e9k szorgalmazni a v\u00e1ltoz\u00e1st. Emellett a lak\u00e1sv\u00e1ls\u00e1g megold\u00e1st ig\u00e9nyelt a kisebb lak\u00e1sok \u00e9s az olcs\u00f3bb berendez\u00e9sek eset\u00e9ben, a megold\u00e1st a funkcion\u00e1lis kialak\u00edt\u00e1sban tal\u00e1lt\u00e1k meg. <\/p>\n\n\n\n<p>A praktikus, funkcion\u00e1lis, k\u00e9nyelmes, higi\u00e9nikus, t\u00e1rolhat\u00f3 \u00e9s g\u00e9ppel k\u00e9sz\u00fclt b\u00fatorok lettek az ide\u00e1lisak. Az ihletet a b\u00e9csi Adolf Loos, a n\u00e9met Bauhaus \u00e9s Werkbund, Corbusier franciaorsz\u00e1gi \u00e9p\u00edt\u00e9szeti purizmusa, Hollandia a De Stijl csoport neoplaszticizmus\u00e1val \u00e9s az orosz konstruktivizmus vezette. <\/p>\n\n\n\n<p>A h\u00faszas \u00e9vek els\u0151 fel\u00e9ben, Jan Va\u0148ek \u00e9rkez\u00e9se ut\u00e1n az UP z\u00e1vody gy\u00e1rai f\u0151k\u00e9nt t\u00f6rt\u00e9nelmi b\u00fatorokat gy\u00e1rtottak. Jan Van\u011bk azonban a legs\u00fcrget\u0151bb lak\u00e1sig\u00e9nyek k\u00f6z\u00e9 sorolta a c\u00e9ltudatos, higi\u00e9nikus bels\u0151 \u00e9s funkcion\u00e1lis, dekor\u00e1ci\u00f3 n\u00e9lk\u00fcli berendez\u00e9sek ir\u00e1nti ig\u00e9nyt. Ez\u00e9rt a tipikus term\u00e9kek szabv\u00e1nyos\u00edtott gy\u00e1rt\u00e1s\u00e1t szorgalmazta, amelyek csak r\u00e9szletekben t\u00e9rnek el egym\u00e1st\u00f3l. Miut\u00e1n az UP gy\u00e1rai bevezett\u00e9k \u00e9s kib\u0151v\u00edtett\u00e9k az ipari b\u00fatorgy\u00e1rt\u00e1st, visszaford\u00edthatatlanul megv\u00e1ltoztatt\u00e1k a csehszlov\u00e1k lak\u00e1skult\u00fara \u00e9s bels\u0151 terek form\u00e1j\u00e1t.   <\/p>\n\n\n\n<p>Ez a praktikus form\u00e1tum nagyon hamar n\u00e9pszer\u0171v\u00e9 v\u00e1lt a k\u00f6z\u00f6ns\u00e9g k\u00f6r\u00e9ben. Ennek oka a k\u00f6nny\u0171 \u00e9s k\u00f6z\u00e9rthet\u0151 kombin\u00e1lhat\u00f3s\u00e1g, az egyszer\u0171 v\u00e1ltoztat\u00e1sok, kieg\u00e9sz\u00edt\u00e9sek lehet\u0151s\u00e9ge, a probl\u00e9mamentes karbantart\u00e1s \u00e9s term\u00e9szetesen a megfizethet\u0151 \u00e1r. Va\u0148ek j\u00f3slatai \u00e9s k\u00edv\u00e1ns\u00e1gai szerint a tipikus b\u00fatorok gy\u00e1rt\u00e1sa megel\u0151zte a rendel\u00e9sre t\u00f6rt\u00e9n\u0151 gy\u00e1rt\u00e1st  <\/p>\n\n\n\n<p>Va\u0148ek t\u00e1voz\u00e1sa ut\u00e1n Vladim\u00edr Mare\u010dek vette \u00e1t a United UP gy\u00e1rainak ir\u00e1ny\u00edt\u00e1s\u00e1t, \u00e9s fokozatosan a c\u00e9g \u00e1tt\u00e9rt a sima form\u00e1j\u00fa standard b\u00fatorok gy\u00e1rt\u00e1s\u00e1ra. A t\u00f6meggy\u00e1rt\u00e1st 1927-ben kezdt\u00e9k meg a br\u00fcnni BUT szekr\u00e9nyek megrendel\u00e9s\u00e9vel. <\/p>\n\n\n\n<p>Jind\u0159ich Halabala 1930-ban lett a vezet\u0151 tervez\u0151, \u00e9s hivatali ideje alatt Vladim\u00edr Mare\u010dekkel egy\u00fctt v\u00e1ltoztatta a term\u00e9kek form\u00e1j\u00e1t \u00e9s prom\u00f3ci\u00f3j\u00e1nak szintj\u00e9t. \u0150k k\u00e9pviselt\u00e9k a bels\u0151 b\u00fatork\u00e9szletet, bele\u00e9rtve a kieg\u00e9sz\u00edt\u0151ket, mint p\u00e9ld\u00e1ul a sz\u0151nyegeket, csill\u00e1rokat, poharakat \u00e9s egy\u00e9b kieg\u00e9sz\u00edt\u0151ket. Fokozatosan t\u00f6bb gy\u00e1rat, f\u0171r\u00e9sz\u00fczemet \u00e9s erd\u0151t \u00e9p\u00edtettek be k\u00f6rbe, ami lehet\u0151v\u00e9 tette a v\u00e1llalat sz\u00e1m\u00e1ra, hogy kev\u00e9sb\u00e9 f\u00fcggj\u00f6n a besz\u00e1ll\u00edt\u00f3kt\u00f3l, \u00e9s kib\u0151v\u00edtett\u00e9k k\u00edn\u00e1lat\u00e1t a parketta, ajt\u00f3k \u00e9s ajt\u00f3keretek gy\u00e1rt\u00e1s\u00e1val. Az UP z\u00e1vody \u00edgy komplex lak\u00e1smegrendel\u00e9seket tudna megval\u00f3s\u00edtani.   <\/p>\n\n\n\n<p>Az \u00f6sszeszerel\u0151 b\u00fatorok egyike volt az UP z\u00e1vody \u00e1ltal hozott \u00fajdons\u00e1goknak. Az els\u0151, egym\u00e1ssal k\u00f6nnyen kombin\u00e1lhat\u00f3 szekr\u00e9nysor modellje egy keskeny, l\u00e1bazaton elhelyezett szekr\u00e9ny \u00e9s egy l\u00e1bas titk\u00e1r asztal volt, Jan Va\u0148ek tervezte. Asztalok, kanap\u00e9k, \u00fcl\u0151garnit\u00far\u00e1k, kieg\u00e9sz\u00edt\u0151k \u00e9s konyhab\u00fatorok is k\u00e9sz\u00fcltek, melyek legsikeresebb modellje a n\u00e9pszer\u0171 Universa nev\u0171 konyhai kredenc volt. N\u00e9h\u00e1ny r\u00e9gebbi t\u00edpus, mint p\u00e9ld\u00e1ul a Model kanap\u00e9 vagy az \u00e1ll\u00edthat\u00f3 magass\u00e1g\u00fa h\u00e1tt\u00e1ml\u00e1val ell\u00e1tott &#8222;Morris&#8221; sz\u00e9k \u00e9vekig gy\u00e1rt\u00e1sban maradt.   <\/p>\n<\/div>\n","protected":false},"excerpt":{"rendered":"<p>A csehszlov\u00e1k bels\u0151\u00e9p\u00edt\u00e9szet t\u00f6rt\u00e9net\u00e9ben nem hagyhat\u00f3 figyelmen k\u00edv\u00fcl az UP z\u00e1vody (UP gy\u00e1rak) vagy a Spojen\u00e9 um\u011blekkopr\u016fmyslov\u00e9 z\u00e1vody (Egyes\u00fclt M\u0171v\u00e9szeti \u00e9s K\u00e9zm\u0171vesgy\u00e1rak) jelens\u00e9ge. Az UP z\u00e1vody Eur\u00f3pa egyik legnagyobb b\u00fatorgy\u00e1rt\u00f3ja volt. Az UP z\u00e1vody az 1920-as \u00e9vek elej\u00e9n egyre nagyobb jelent\u0151s\u00e9ggel b\u00edrt a bels\u0151\u00e9p\u00edt\u00e9szet jelleg\u00e9re. A c\u00e9g az 1918-as \u00e9vekben indult. Jan Van\u011bk volt az [&hellip;]<\/p>\n","protected":false},"author":1,"featured_media":0,"parent":0,"menu_order":0,"comment_status":"closed","ping_status":"closed","template":"","meta":{"footnotes":""},"class_list":["post-2158","page","type-page","status-publish","hentry"],"_links":{"self":[{"href":"https:\/\/mid-century-design.com\/hu\/wp-json\/wp\/v2\/pages\/2158","targetHints":{"allow":["GET"]}}],"collection":[{"href":"https:\/\/mid-century-design.com\/hu\/wp-json\/wp\/v2\/pages"}],"about":[{"href":"https:\/\/mid-century-design.com\/hu\/wp-json\/wp\/v2\/types\/page"}],"author":[{"embeddable":true,"href":"https:\/\/mid-century-design.com\/hu\/wp-json\/wp\/v2\/users\/1"}],"replies":[{"embeddable":true,"href":"https:\/\/mid-century-design.com\/hu\/wp-json\/wp\/v2\/comments?post=2158"}],"version-history":[{"count":1,"href":"https:\/\/mid-century-design.com\/hu\/wp-json\/wp\/v2\/pages\/2158\/revisions"}],"predecessor-version":[{"id":2159,"href":"https:\/\/mid-century-design.com\/hu\/wp-json\/wp\/v2\/pages\/2158\/revisions\/2159"}],"wp:attachment":[{"href":"https:\/\/mid-century-design.com\/hu\/wp-json\/wp\/v2\/media?parent=2158"}],"curies":[{"name":"wp","href":"https:\/\/api.w.org\/{rel}","templated":true}]}}