{"id":2147,"date":"2024-08-15T09:52:42","date_gmt":"2024-08-15T07:52:42","guid":{"rendered":"https:\/\/mid-century-design.com\/antonin-kybal\/"},"modified":"2024-12-27T10:28:37","modified_gmt":"2024-12-27T09:28:37","slug":"antonin-kybal","status":"publish","type":"page","link":"https:\/\/mid-century-design.com\/hu\/antonin-kybal\/","title":{"rendered":"Anton\u00edn Kybal (1901-1971)"},"content":{"rendered":"\n<div class=\"wp-block-group is-layout-flow wp-block-group-is-layout-flow\">\n<p>Anton\u00edn Kybal a 20. sz\u00e1zadi cseh formatervez\u00e9s egyik legjelent\u0151sebb szem\u00e9lyis\u00e9ge, cseh textilm\u0171v\u00e9sz \u00e9s tan\u00e1r, a cseh gobeliniskola megalap\u00edt\u00f3ja.<\/p>\n\n\n\n<p>Nov\u00e9 M\u011bsto nad Metuj\u00ed-ban (Csehorsz\u00e1g) sz\u00fcletett, abban a v\u00e1rosban, ahol egykor az apj\u00e1hoz tartoz\u00f3 ipari sz\u00f6v\u0151gy\u00e1r m\u0171k\u00f6d\u00f6tt. Kybal gyermekkora \u00f3ta \u00e1polta a kapcsolatot a textilekkel \u00e9s a sz\u00f6v\u0151malommal, \u00e9s eg\u00e9sz \u00e9let\u00e9ben h\u0171s\u00e9ges maradt hozz\u00e1. Egy ideig a csal\u00e1d m\u00e9g a sz\u00f6v\u0151malomban is lakott, a csal\u00e1di ismer\u0151s\u00f6k, Kybal bar\u00e1tai pedig t\u00f6bbnyire a sz\u00f6v\u0151malomhoz vagy az iparhoz kapcsol\u00f3dtak valamilyen m\u00f3don.  <\/p>\n\n\n\n<p>P\u00e1ly\u00e1j\u00e1t a Pr\u00e1gai M\u0171v\u00e9szeti, \u00c9p\u00edt\u00e9szeti \u00e9s Formatervez\u0151i Akad\u00e9mia (UMPRUM &#8211; Vysok\u00e1 \u0161kola um\u011bleckopr\u016fmyslov\u00e1 v Praze) szobr\u00e1szati st\u00fadi\u00f3j\u00e1ban kezdte, ahol prof. Josef Ma\u0159atka. A sz\u00ednek azonban m\u00e1r akkor is vonzott\u00e1k, ez\u00e9rt ker\u00fclt v\u00e9g\u00fcl Arno\u0161t Hofbauer professzorhoz, ahol fest\u00e9szetet \u00e9s alakrajzot tanult. Pedag\u00f3gi\u00e1t is tanult a K\u00e1roly Egyetemen. K\u00f6zvetlen\u00fcl \u00e9retts\u00e9gi ut\u00e1n tan\u00edtani kezdett, gimn\u00e1ziumokban tan\u00edtott, de ez nem v\u00e1ltotta be marad\u00e9ktalanul a t\u00f6rekv\u00e9seit, \u00edgy hamar feladta a tan\u00e1ri p\u00e1ly\u00e1t. Ehelyett utazni kezdett, \u00e9s a k\u00f6rnyez\u0151 vid\u00e9ket festette meg utaz\u00e1sai sor\u00e1n. Ennek a hobbinak k\u00f6sz\u00f6nhet\u0151, hogy megismerte a n\u00e9pm\u0171v\u00e9szetet \u00e9s a n\u00e9pi k\u00e9zm\u0171vess\u00e9get, ezen bel\u00fcl a textileket, amelyek megfogt\u00e1k, visszahozt\u00e1k gyermekkor\u00e1nak \u00e9s a sz\u00f6v\u0151malom eml\u00e9kei k\u00f6z\u00e9. Otthagyta az iskol\u00e1t, \u00e9s m\u0171v\u00e9szk\u00e9nt kezdte p\u00e1lyafut\u00e1s\u00e1t.      <\/p>\n\n\n\n<p>Az iskol\u00e1ban ismerte meg leend\u0151 feles\u00e9g\u00e9t \u00e9s legk\u00f6zelebbi koll\u00e9g\u00e1j\u00e1t, Ludmila Kybalov\u00e1t. Feles\u00e9g\u00e9vel egy\u00fctt m\u0171v\u00e9szeti st\u00fadi\u00f3ja volt, amelyben sz\u0151nyegeket, falisz\u0151nyegeket, f\u00fcgg\u00f6ny\u00f6ket, nyomtatott mint\u00e1kat \u00e9s egy\u00e9b terveket, megval\u00f3s\u00edt\u00e1sokat k\u00e9sz\u00edtett. <\/p>\n\n\n\n<p>Kybal a modern cseh textilm\u0171v\u00e9szet vezet\u0151 alakja \u00e9s \u00fatt\u00f6r\u0151je lett. A m\u00e1sodik vil\u00e1gh\u00e1bor\u00fa ut\u00e1n a pr\u00e1gai Iparm\u0171v\u00e9szeti Egyetemen megalap\u00edtotta a \u201e Kybal textiliskol\u00e1ja\u201d-t, amelynek tev\u00e9kenys\u00e9ge a gobelinekre \u00e9s sz\u0151nyegekre \u00f6sszpontosult. Akad\u00e9miai professzor lett, \u00e9s k\u00e9t textilm\u0171v\u00e9sz gener\u00e1ci\u00f3t k\u00e9pezett ki. <\/p>\n\n\n\n<p>Nemcsak m\u0171v\u00e9szetben, hanem technikailag is jelent\u0151s textilm\u0171v\u00e9sz volt, ami csal\u00e1di hagyom\u00e1nyb\u00f3l (apja textilgy\u00e1ra volt) sz\u00e1rmazik.<br\/>Kybal m\u0171helye azon kevesek k\u00f6z\u00e9 tartozott, ahol a gy\u00e1rt\u00e1si technik\u00e1khoz igazod\u00f3, ugyanakkor a modernista st\u00edlushoz igazod\u00f3 textileket gy\u00e1rtottak. Line\u00e1ris figur\u00e1kb\u00f3l \u00f6ssze\u00e1ll\u00edtott mint\u00e1zat\u00fa text\u00edli\u00e1i a korabeli funkcionalista ir\u00e1nyzatokra rezon\u00e1ltak. <\/p>\n\n\n\n<p>Anton\u00edn Kybal a lak\u00e1stextil tervez\u00e9s egyik legkiemelked\u0151bb szem\u00e9lyis\u00e9ge \u00e9s a XX. sz\u00e1zadi textilalkot\u00e1s meg\u00faj\u00edt\u00f3ja volt. Munk\u00e1ss\u00e1g\u00e1val a textilgy\u00e1rt\u00e1st a modernizmus nyelv\u00e9nek megfelel\u0151, teljesen egyedi m\u0171v\u00e9szi kifejez\u0151eszk\u00f6zz\u00e9 emelte. A Kybal f\u0151 hozz\u00e1j\u00e1rul\u00e1sa az volt, hogy magas eszt\u00e9tikai, kivitelez\u00e9si \u00e9s anyagi k\u00f6vetelm\u00e9nyeket tudott \u00e9rv\u00e9nyes\u00edteni az ipari termel\u00e9sben, \u00e9s ezeket \u00f6tv\u00f6zni tudta a jelenlegi eszt\u00e9tikai trendekkel.  <\/p>\n\n\n\n<p><strong>Hivatkoz\u00e1sok<\/strong>:<br\/>Anton\u00edn Kybal: Cesty designu a textiln\u00ed tvorby Prager Kunstgewerbemuseums, 2016, ISBN: 9788074372230<\/p>\n<\/div>\n","protected":false},"excerpt":{"rendered":"<p>Anton\u00edn Kybal a 20. sz\u00e1zadi cseh formatervez\u00e9s egyik legjelent\u0151sebb szem\u00e9lyis\u00e9ge, cseh textilm\u0171v\u00e9sz \u00e9s tan\u00e1r, a cseh gobeliniskola megalap\u00edt\u00f3ja. Nov\u00e9 M\u011bsto nad Metuj\u00ed-ban (Csehorsz\u00e1g) sz\u00fcletett, abban a v\u00e1rosban, ahol egykor az apj\u00e1hoz tartoz\u00f3 ipari sz\u00f6v\u0151gy\u00e1r m\u0171k\u00f6d\u00f6tt. Kybal gyermekkora \u00f3ta \u00e1polta a kapcsolatot a textilekkel \u00e9s a sz\u00f6v\u0151malommal, \u00e9s eg\u00e9sz \u00e9let\u00e9ben h\u0171s\u00e9ges maradt hozz\u00e1. Egy ideig a [&hellip;]<\/p>\n","protected":false},"author":1,"featured_media":0,"parent":0,"menu_order":0,"comment_status":"closed","ping_status":"closed","template":"","meta":{"footnotes":""},"class_list":["post-2147","page","type-page","status-publish","hentry"],"_links":{"self":[{"href":"https:\/\/mid-century-design.com\/hu\/wp-json\/wp\/v2\/pages\/2147","targetHints":{"allow":["GET"]}}],"collection":[{"href":"https:\/\/mid-century-design.com\/hu\/wp-json\/wp\/v2\/pages"}],"about":[{"href":"https:\/\/mid-century-design.com\/hu\/wp-json\/wp\/v2\/types\/page"}],"author":[{"embeddable":true,"href":"https:\/\/mid-century-design.com\/hu\/wp-json\/wp\/v2\/users\/1"}],"replies":[{"embeddable":true,"href":"https:\/\/mid-century-design.com\/hu\/wp-json\/wp\/v2\/comments?post=2147"}],"version-history":[{"count":3,"href":"https:\/\/mid-century-design.com\/hu\/wp-json\/wp\/v2\/pages\/2147\/revisions"}],"predecessor-version":[{"id":2150,"href":"https:\/\/mid-century-design.com\/hu\/wp-json\/wp\/v2\/pages\/2147\/revisions\/2150"}],"wp:attachment":[{"href":"https:\/\/mid-century-design.com\/hu\/wp-json\/wp\/v2\/media?parent=2147"}],"curies":[{"name":"wp","href":"https:\/\/api.w.org\/{rel}","templated":true}]}}