{"id":2141,"date":"2024-08-15T09:10:38","date_gmt":"2024-08-15T07:10:38","guid":{"rendered":"https:\/\/mid-century-design.com\/heczendorfer-laszlo\/"},"modified":"2024-12-27T09:04:21","modified_gmt":"2024-12-27T08:04:21","slug":"heczendorfer-laszlo","status":"publish","type":"page","link":"https:\/\/mid-century-design.com\/hu\/heczendorfer-laszlo\/","title":{"rendered":"Heczendorfer L\u00e1szl\u00f3 (1933 &#8211; 2018)"},"content":{"rendered":"\n<div class=\"wp-block-group is-layout-flow wp-block-group-is-layout-flow\">\n<p>Heczendorfer L\u00e1szl\u00f3 lakberendez\u0151 \u00e9s b\u00fatortervez\u0151, \u00edr\u00f3 a Magyar Iparm\u0171v\u00e9szeti F\u0151iskol\u00e1n, majd a Magyar Iparm\u0171v\u00e9szeti Egyetemen v\u00e9gzett 1957-ben Kaesz Gyula, Juh\u00e1sz L\u00e1szl\u00f3 \u00e9s Hornicsek L\u00e1szl\u00f3 n\u00f6vend\u00e9kek\u00e9nt. <br\/>1957-68 k\u00f6z\u00f6tt a Faipari Gy\u00e1rt\u00e1stervez\u0151 \u00e9s Szerkeszt\u0151 lrod\u00e1ban, az akkori legnagyobb tervez\u0151 c\u00e9gn\u00e9l dolgozott. 1968-69-ben a LAK\u00d3TERV-n\u00e9l dolgozott. 1969-82-ben a B\u00fator\u00e9rt\u00e9kes\u00edt\u0151 V\u00e1llalatn\u00e1l, 1982-t\u0151l 1993-ig a DOMUS-n\u00e1l dolgozott fejleszt\u00e9si oszt\u00e1lyvezet\u0151k\u00e9nt.   <br\/>1959-ben jelent\u0151s tanulm\u00e1nyutat tett D\u00e1ni\u00e1ban.<\/p>\n\n\n\n<p>Modern jelleggel tervezett, a funkcionalit\u00e1st \u00e9s a gy\u00e1rthat\u00f3s\u00e1got megc\u00e9lz\u00f3 nagym\u00e9ret\u0171 b\u00fatorkollekci\u00f3i egyszer\u0171s\u00e9g\u00fck \u00e9s min\u0151s\u00e9g\u00fck miatt nagy n\u00e9pszer\u0171s\u00e9gnek \u00f6rvendtek, 40-50 ezer p\u00e9ld\u00e1nyban keltek el.<br\/>T\u00f6bbek k\u00f6z\u00f6tt r\u00e9szt vett a BUBIV, a gy\u0151ri Cardo, a Kanizsai B\u00fatorgy\u00e1r \u00e9s a Sz\u00e9kesfeh\u00e9rv\u00e1ri Garzon B\u00fatorgy\u00e1r k\u00fcl\u00f6nb\u00f6z\u0151 lak\u00f3-, h\u00e1l\u00f3szoba- \u00e9s tanulm\u00e1nyi programjainak kidolgoz\u00e1s\u00e1ban, valamint t\u00f6bb b\u00fatork\u00e9szletet tervezett a m\u00e1t\u00e9szalkai Sz\u00e1tmar B\u00fatorgy\u00e1r sz\u00e1m\u00e1ra. A b\u00fatortervez\u00e9s mellett alkalmank\u00e9nt belt\u00e9ri \u00e9s t\u00e1rgytervez\u00e9si feladatokat is v\u00e1llalt.  <\/p>\n\n\n\n<p>Tagja volt az MKISZ-nek, 1957-t\u0151l M\u0171v\u00e9szeti Alap n\u00e9ven, illetve Faipari Tudom\u00e1nyos Egyes\u00fcletnek.<\/p>\n\n\n\n<p><strong>Dijak es szakmai elismer\u00e9sek<\/strong><br\/>1961 Az \u00c9v legszebb termek\u00e9<br\/>1962 Az \u00c9v legszebb termek\u00e9<br\/>1965 K\u00f6nny\u0171ipar Kiv\u00e1l\u00f3 Dolgoz\u00f3ja<br\/>1966 Az \u00c9v legszebb termek\u00e9<br\/>1968 Munk\u00e1csy Mih\u00e1ly-d\u00edj<br\/>1975 Belkereskedelem Kiv\u00e1l\u00f3 Dolgoz\u00f3ja<br\/>1958-73 k\u00f6z\u00f6tt p\u00e1lyamunkaival n\u00e9gy I., h\u00e1rom II. es k\u00e9t Ill. d\u00edjat nyert.<\/p>\n\n\n\n<p><strong>Furniture<\/strong><\/p>\n\n\n\n<p><strong><strong>B\u00fatortervez\u00e9s<\/strong><\/strong> &#8211; <strong>B\u00fatorcsal\u00e1dok<\/strong><br\/>1958 Bastion (Hajd\u00faszoboszl\u00f3)<br\/>1966 Module &#8217;69 (BUBIV)<br\/>1968 Domino (Cardo)<br\/>Kompozit (Tisza, Horv\u00e1th Jen\u0151vel es Horv\u00e1th J\u00e1nossal)<br\/>1972 Kanizsa (Kanizsa)<br\/>1991 Hellas (Cardo)<\/p>\n\n\n\n<p><strong><strong>B\u00fatortervez\u00e9s<\/strong> <\/strong>&#8211; <strong>Lak\u00f3szob\u00e1k<\/strong><br\/>1962 Star (BUBIV)<br\/>1964 Csob\u00e1nc (Zala)<br\/>1970 Orient (MEFEM Co.)<br\/>1968 R\u00e1ba (Cardo)<br\/>1987 Hajd\u00fas\u00e1g (Debrecen)<br\/>1994 Kapos (Kapos)<\/p>\n\n\n\n<p><strong>Enteri\u0151rtervez\u00e9s<\/strong><br\/>1966 KGST-palota magyar k\u00e9pviselet\u00e9, Moszkva<br\/>1987 AFESZ-bolt, Gy\u0151rszentiv\u00e1nyi<br\/>1990 Domus \u00c1ruh\u00e1z, Ny\u00edregyh\u00e1za<\/p>\n\n\n\n<p><strong>Csoportos ki\u00e1ll\u00edt\u00e1sok<\/strong><br\/>1955 Ill. Magyar Iparm\u0171v\u00e9szeti es N\u00e9pm\u0171v\u00e9szeti Ki\u00e1ll\u00edt\u00e1s, Iparm\u0171v\u00e9szeti M\u00fazeum, Budapest<br\/>1965 Lakos Ki\u00e1ll\u00edt\u00e1s, Miskolc<br\/>1966 Elfogadott b\u00fatortervek, B\u00fatoripari Bemutat\u00f3terem, Budapest<br\/>1967 M\u0171v\u00e9sz az iparban, B\u00fatoripari Bemutat\u00f3terem, Budapest<br\/>1969 A L\u0151rinci \u00dcl\u0151b\u00fator Ktsz termek\u00e9i, B\u00fatoripari Bemutat\u00f3terem, Budapest<br\/>1970 MKISZ Bels\u0151\u00e9p\u00edt\u00e9sz Szakoszt\u00e1ly ki\u00e1ll\u00edt\u00e1sa, Ernst M\u00fazeum, Budapest<br\/>1974 Bels\u0151\u00e9p\u00edt\u00e9szet&#8217; 74, F\u0151v\u00e1rosi Tan\u00e1cs Bemutat\u00f3terme, Budapest<br\/>1976 M\u0171v\u00e9sz az iparban, Iparm\u0171v\u00e9szeti Tan\u00e1cs Bemutat\u00f3terme, Budapest<br\/>1980 Bels\u0151\u00e9p\u00edt\u00e9szet 1970-1980, M\u0171csarnok Budapest<br\/>1985 \u00d6r\u00f6ks\u00e9g T\u00e1rgy- es k\u00f6rnyezetkult\u00fara Magyarorsz\u00e1gon 1945- 1985, Ernst M\u00fazeum, Budapest<\/p>\n<\/div>\n","protected":false},"excerpt":{"rendered":"<p>Heczendorfer L\u00e1szl\u00f3 lakberendez\u0151 \u00e9s b\u00fatortervez\u0151, \u00edr\u00f3 a Magyar Iparm\u0171v\u00e9szeti F\u0151iskol\u00e1n, majd a Magyar Iparm\u0171v\u00e9szeti Egyetemen v\u00e9gzett 1957-ben Kaesz Gyula, Juh\u00e1sz L\u00e1szl\u00f3 \u00e9s Hornicsek L\u00e1szl\u00f3 n\u00f6vend\u00e9kek\u00e9nt. 1957-68 k\u00f6z\u00f6tt a Faipari Gy\u00e1rt\u00e1stervez\u0151 \u00e9s Szerkeszt\u0151 lrod\u00e1ban, az akkori legnagyobb tervez\u0151 c\u00e9gn\u00e9l dolgozott. 1968-69-ben a LAK\u00d3TERV-n\u00e9l dolgozott. 1969-82-ben a B\u00fator\u00e9rt\u00e9kes\u00edt\u0151 V\u00e1llalatn\u00e1l, 1982-t\u0151l 1993-ig a DOMUS-n\u00e1l dolgozott fejleszt\u00e9si oszt\u00e1lyvezet\u0151k\u00e9nt. 1959-ben [&hellip;]<\/p>\n","protected":false},"author":1,"featured_media":0,"parent":0,"menu_order":0,"comment_status":"closed","ping_status":"closed","template":"","meta":{"footnotes":""},"class_list":["post-2141","page","type-page","status-publish","hentry"],"_links":{"self":[{"href":"https:\/\/mid-century-design.com\/hu\/wp-json\/wp\/v2\/pages\/2141","targetHints":{"allow":["GET"]}}],"collection":[{"href":"https:\/\/mid-century-design.com\/hu\/wp-json\/wp\/v2\/pages"}],"about":[{"href":"https:\/\/mid-century-design.com\/hu\/wp-json\/wp\/v2\/types\/page"}],"author":[{"embeddable":true,"href":"https:\/\/mid-century-design.com\/hu\/wp-json\/wp\/v2\/users\/1"}],"replies":[{"embeddable":true,"href":"https:\/\/mid-century-design.com\/hu\/wp-json\/wp\/v2\/comments?post=2141"}],"version-history":[{"count":1,"href":"https:\/\/mid-century-design.com\/hu\/wp-json\/wp\/v2\/pages\/2141\/revisions"}],"predecessor-version":[{"id":2142,"href":"https:\/\/mid-century-design.com\/hu\/wp-json\/wp\/v2\/pages\/2141\/revisions\/2142"}],"wp:attachment":[{"href":"https:\/\/mid-century-design.com\/hu\/wp-json\/wp\/v2\/media?parent=2141"}],"curies":[{"name":"wp","href":"https:\/\/api.w.org\/{rel}","templated":true}]}}