{"id":2135,"date":"2024-08-15T09:11:09","date_gmt":"2024-08-15T07:11:09","guid":{"rendered":"https:\/\/mid-century-design.com\/jaroslav-smidek\/"},"modified":"2024-12-26T15:17:22","modified_gmt":"2024-12-26T14:17:22","slug":"jaroslav-smidek","status":"publish","type":"page","link":"https:\/\/mid-century-design.com\/hu\/jaroslav-smidek\/","title":{"rendered":"Jaroslav \u0160m\u00eddek (1923 &#8211; 2005)"},"content":{"rendered":"\n<div class=\"wp-block-group is-layout-flow wp-block-group-is-layout-flow\">\n<p>Jaroslav \u0160m\u00eddek k\u00e1rpitos \u00e9s b\u00fatorkeresked\u0151 csal\u00e1dj\u00e1ban sz\u00fcletett.<\/p>\n\n\n\n<p>Az 1950-es \u00e9vekben \u00e9p\u00edt\u00e9szet \u00e9s \u00e9p\u00fclet\u00e9p\u00edt\u0151 szakon szerzett diplom\u00e1t a Vysok\u00e9 u\u010den\u00ed technick\u00e9 v Brn\u011b \u2013 VUT-ban (Brnoi M\u0171szaki Egyetem \u2013 DE), majd \u00e9vekig az \u00dast\u0159ed\u00ed lidov\u00e9 um\u011bleck\u00e9 v\u00fdroby &#8211; \u00daLUV (N\u00e9pm\u0171v\u00e9szeti Termel\u0151 K\u00f6zpont) &#8211; fa- \u00e9s term\u00e9szetes anyagok, valamint \u00fcvegm\u0171hely\u00e9t vezette.<\/p>\n\n\n\n<p>1955\u20131966-ban a brn\u00f3i V\u00fdvoj n\u00e1bytk\u00e1\u0159sk\u00e9ho pr\u016fmyslu \u2013 VNP (B\u00fatoripari Fejleszt\u0151, k\u00e9s\u0151bb B\u00fatorkutat\u00f3 \u00e9s Fejleszt\u0151 Int\u00e9zet \u2013 VV\u00daN) tervez\u0151jek\u00e9nt dolgozott, ahonnan a legt\u00f6bb kereskedelmileg sikeres \u00e9s d\u00edjnyertes modellje sz\u00e1rmazott.<\/p>\n\n\n\n<p>A funkcion\u00e1lis \u00e9s megfizethet\u0151 \u00fcl\u0151b\u00fatorok ir\u00e1nti ig\u00e9ny a t\u00f6meglak\u00e1s\u00e9p\u00edt\u00e9s sz\u0171k\u00fcl\u0151 tereihez egy eleg\u00e1ns kialak\u00edt\u00e1s\u00fa t\u00edpus\u00fa fotelsorozatot eredm\u00e9nyezett, amely egyszerre \u00f6tv\u00f6zi a kort\u00e1rs fogyaszt\u00f3i \u00e9s a t\u00f6meggy\u00e1rt\u00e1si ig\u00e9nyeket. Ez az id\u0151tlen fotelsorozat, amely jelenleg nagyon keresett b\u00fator, eredetileg a TON \u00fcl\u0151b\u00fator versenyre k\u00e9sz\u00fclt t\u00f6bb mint hatvan \u00e9vvel ezel\u0151tt, azaz m\u00e1r 1957 v\u00e9g\u00e9n. A designok fokozatosan fejl\u0151dtek. <\/p>\n\n\n\n<p>Az egyes r\u00e9szekb\u0151l \u00e1ll\u00f3 fotelek k\u00f6nnyen \u00f6sszeszerelhet\u0151k \u00e9s k\u00f6nny\u0171ek voltak a hab latex k\u00e1rpitnak k\u00f6sz\u00f6nhet\u0151en. A karf\u00e1k elt\u00e9r\u0151 megmunk\u00e1l\u00e1sa vizu\u00e1lis v\u00e1ltozatoss\u00e1got biztos\u00edtott, \u00e9s nagy lehet\u0151s\u00e9geket biztos\u00edtott m\u00e1s b\u00fator design sz\u00e1m\u00e1ra. <\/p>\n<\/div>\n","protected":false},"excerpt":{"rendered":"<p>Jaroslav \u0160m\u00eddek k\u00e1rpitos \u00e9s b\u00fatorkeresked\u0151 csal\u00e1dj\u00e1ban sz\u00fcletett. Az 1950-es \u00e9vekben \u00e9p\u00edt\u00e9szet \u00e9s \u00e9p\u00fclet\u00e9p\u00edt\u0151 szakon szerzett diplom\u00e1t a Vysok\u00e9 u\u010den\u00ed technick\u00e9 v Brn\u011b \u2013 VUT-ban (Brnoi M\u0171szaki Egyetem \u2013 DE), majd \u00e9vekig az \u00dast\u0159ed\u00ed lidov\u00e9 um\u011bleck\u00e9 v\u00fdroby &#8211; \u00daLUV (N\u00e9pm\u0171v\u00e9szeti Termel\u0151 K\u00f6zpont) &#8211; fa- \u00e9s term\u00e9szetes anyagok, valamint \u00fcvegm\u0171hely\u00e9t vezette. 1955\u20131966-ban a brn\u00f3i V\u00fdvoj n\u00e1bytk\u00e1\u0159sk\u00e9ho pr\u016fmyslu [&hellip;]<\/p>\n","protected":false},"author":1,"featured_media":0,"parent":0,"menu_order":0,"comment_status":"closed","ping_status":"closed","template":"","meta":{"footnotes":""},"class_list":["post-2135","page","type-page","status-publish","hentry"],"_links":{"self":[{"href":"https:\/\/mid-century-design.com\/hu\/wp-json\/wp\/v2\/pages\/2135","targetHints":{"allow":["GET"]}}],"collection":[{"href":"https:\/\/mid-century-design.com\/hu\/wp-json\/wp\/v2\/pages"}],"about":[{"href":"https:\/\/mid-century-design.com\/hu\/wp-json\/wp\/v2\/types\/page"}],"author":[{"embeddable":true,"href":"https:\/\/mid-century-design.com\/hu\/wp-json\/wp\/v2\/users\/1"}],"replies":[{"embeddable":true,"href":"https:\/\/mid-century-design.com\/hu\/wp-json\/wp\/v2\/comments?post=2135"}],"version-history":[{"count":1,"href":"https:\/\/mid-century-design.com\/hu\/wp-json\/wp\/v2\/pages\/2135\/revisions"}],"predecessor-version":[{"id":2136,"href":"https:\/\/mid-century-design.com\/hu\/wp-json\/wp\/v2\/pages\/2135\/revisions\/2136"}],"wp:attachment":[{"href":"https:\/\/mid-century-design.com\/hu\/wp-json\/wp\/v2\/media?parent=2135"}],"curies":[{"name":"wp","href":"https:\/\/api.w.org\/{rel}","templated":true}]}}