{"id":2110,"date":"2024-07-16T16:06:18","date_gmt":"2024-07-16T14:06:18","guid":{"rendered":"https:\/\/mid-century-design.com\/jindrich-halabala\/"},"modified":"2024-12-26T13:24:47","modified_gmt":"2024-12-26T12:24:47","slug":"jindrich-halabala","status":"publish","type":"page","link":"https:\/\/mid-century-design.com\/hu\/jindrich-halabala\/","title":{"rendered":"Jind\u0159ich Halabala (1903 &#8211; 1978)"},"content":{"rendered":"\n<div class=\"wp-block-group is-layout-flow wp-block-group-is-layout-flow\">\n<p>Jind\u0159ich Halabala Kory\u010danyban sz\u00fcletett asztalos csal\u00e1dban, \u00e9s 1918-1920-ban a csal\u00e1di v\u00e1llalkoz\u00e1sban apj\u00e1t\u00f3l tanulta az asztalosmesters\u00e9get.<\/p>\n\n\n\n<p>A Vala\u0161sk\u00e9 Mezi\u0159\u00ed\u010d\u00ed-i fafeldolgoz\u00f3 iskola ut\u00e1n Pr\u00e1g\u00e1ba ment, hogy az Iparm\u0171v\u00e9szeti Iskol\u00e1ban b\u00fator- \u00e9s bels\u0151\u00e9p\u00edt\u00e9szetet tanuljon. Az iskola ut\u00e1n a br\u00fcnni Spojen\u00e9 um\u011bleckopr\u016fmyslov\u00e9 z\u00e1vody (UP z\u00e1vody) c\u00e9gn\u00e9l kezdett gyakornoki munk\u00e1t, ahol megismerkedett a c\u00e9g alap\u00edt\u00f3j\u00e1val, Jan Va\u0148ekkel. Ugyanebben az \u00e9vben, 1922-ben kezdte meg \u00e9p\u00edt\u00e9szeti tanulm\u00e1nyait a pr\u00e1gai Iparm\u0171v\u00e9szeti Iskol\u00e1ban, b\u00fator- \u00e9s bels\u0151\u00e9p\u00edt\u00e9szet szakon prof. Pavel Jan\u00e1kn\u00e1l.  <\/p>\n\n\n\n<p>1925 \u00e9s 1955 k\u00f6z\u00f6tt az UP z\u00e1vody tervez\u0151je volt. 1928-ban a pr\u00e1gai Lucerna palot\u00e1ban tal\u00e1lhat\u00f3 UP z\u00e1vody \u00fczlet vezet\u0151je lett, majd k\u00e9t \u00e9vvel k\u00e9s\u0151bb Br\u00fcnnbe k\u00f6lt\u00f6z\u00f6tt, ahol a c\u00e9g k\u00f6zpontj\u00e1ban m\u0171k\u00f6d\u0151 tervez\u0151m\u0171hely vezet\u0151je lett. Itt 1946-ig t\u00f6lt\u00f6tt be k\u00fcl\u00f6nb\u00f6z\u0151 poz\u00edci\u00f3kat, \u00e9s szerepe az UP z\u00e1vody fejl\u0151d\u00e9s\u00e9ben rendk\u00edv\u00fcli volt. Jind\u0159ich Halabala Vladim\u00edr Mare\u010dek vez\u00e9rigazgat\u00f3 legszorosabb partnere lett, \u0151 felelt a gy\u00e1rt\u00e1s\u00e9rt, sz\u00e1mos b\u00fatorterv szerz\u0151je volt, \u00e9s foglalkozott a prom\u00f3ci\u00f3val is. 1931-ben az UP sz\u00e1m\u00e1ra k\u00e9sz\u00edtett egy karossz\u00e9k-k\u00e9szletet, amelynek oldala hajl\u00edtott f\u00e1b\u00f3l k\u00e9sz\u00fclt, \u00e9s amelybe \u00f6t k\u00fcl\u00f6nb\u00f6z\u0151 \u00fcl\u00e9st \u00e9s h\u00e1tt\u00e1ml\u00e1t szereltek.    <\/p>\n\n\n\n<p>1946-ig \u0151 volt a fejleszt\u00e9si igazgat\u00f3. Az UP z\u00e1vody \u00f6n\u00e1ll\u00f3 egys\u00e9g volt &#8211; f\u00fcggetlen a besz\u00e1ll\u00edt\u00f3kt\u00f3l -, mivel mindent maguk \u00e1ll\u00edtottak el\u0151, a fafeldolgoz\u00e1st\u00f3l a textil\u00e1rukig. Ez lehet\u0151v\u00e9 tette olyan b\u00fatork\u00e9szletek kifejleszt\u00e9s\u00e9t, amelyekkel szob\u00e1kat \u00e9s eg\u00e9sz lak\u00e1sokat vagy bels\u0151 tereket is be lehetett rendezni. Ezeket a term\u00e9keket k\u00fcl\u00f6nb\u00f6z\u0151 m\u00f3don lehetett \u00f6ssze\u00e1ll\u00edtani, \u00e9s saj\u00e1tos elk\u00e9pzel\u00e9seknek \u00e9s ig\u00e9nyeknek megfelel\u0151 \u00e9letteret l\u00e9trehozni. A v\u00e1s\u00e1rl\u00e1skor egy \u00e9p\u00edt\u00e9sz \u00e1llt rendelkez\u00e9sre, aki megold\u00e1sokat \u00e9s lehet\u0151s\u00e9geket k\u00edn\u00e1lt ezen b\u00fatorelemek \u00f6ssze\u00e1ll\u00edt\u00e1s\u00e1hoz.    <\/p>\n\n\n\n<p>Halabala tervei szolg\u00e1ltak alapul sz\u00e1mos k\u00fcl\u00f6nb\u00f6z\u0151 t\u00edpus\u00fa b\u00fator \u00e9s kieg\u00e9sz\u00edt\u0151 megalkot\u00e1s\u00e1hoz, nem korl\u00e1toz\u00f3dva a hajl\u00edtott karossz\u00e9kekre, amelyek az eur\u00f3pai formatervez\u00e9si t\u00e1rgyak \u00e9lvonal\u00e1ba tartoztak.<\/p>\n\n\n\n<p>Halabala munk\u00e1ss\u00e1g\u00e1t \u00f6sszek\u00f6t\u0151 kapocsk\u00e9nt tartj\u00e1k sz\u00e1mon az 1910-es cseh kubizmus, az 1920-as \u00e9vek eleji art deco \u00e9s a m\u00e1sodik vil\u00e1gh\u00e1bor\u00fa ut\u00e1ni eur\u00f3pai modern m\u0171v\u00e9szet k\u00f6z\u00f6tt. Kereskedelmi szempontb\u00f3l sikeres tervei nagym\u00e9rt\u00e9kben a Bauhaus-diz\u00e1jnra \u00e9p\u00fcltek. <\/p>\n\n\n\n<p>K\u00e9s\u0151bb a bels\u0151\u00e9p\u00edt\u00e9szet ter\u00e9n szerzett tapasztalataira \u00e9s tud\u00e1s\u00e1ra alapozva egyetemi tan\u00e1rk\u00e9nt tudom\u00e1nyos tev\u00e9kenys\u00e9get folytatott, valamint szakmai k\u00f6nyveket \u00e9s cikkeket publik\u00e1lt a formatervez\u00e9sr\u0151l.<\/p>\n\n\n\n<p>A tervez\u0151 Jind\u0159ich Halabala a cseh funkcionalizmus egyik legfontosabb k\u00e9pvisel\u0151je, akinek munk\u00e1ss\u00e1ga a b\u00fatorok ter\u00e9n vil\u00e1gh\u00edrn\u00e9vre tett szert. Halabala b\u00fatorai t\u00f6bb okb\u00f3l is egyed\u00fcl\u00e1ll\u00f3ak, amelyek mind a formatervez\u00e9st, mind az innovat\u00edv \u00e9p\u00edt\u00e9si elveket \u00e9rintik. <\/p>\n\n\n\n<p>A Halabala b\u00fatorainak egyik legfontosabb jellemz\u0151je az ipari termel\u00e9s \u00e9s a funkcionalizmus eszt\u00e9tikai elveinek integr\u00e1l\u00e1sa. Nemcsak vizu\u00e1lisan vonz\u00f3ak voltak a tervei, hanem \u00fagy is tervezt\u00e9k \u0151ket, hogy hat\u00e9konyan lehessen \u0151ket t\u00f6meggy\u00e1rtani, \u00edgy sz\u00e9les k\u00f6z\u00f6ns\u00e9g sz\u00e1m\u00e1ra biztos\u00edtva a modern, min\u0151s\u00e9gi b\u00fatorokhoz val\u00f3 hozz\u00e1f\u00e9r\u00e9st. <\/p>\n\n\n\n<p>Munk\u00e1ss\u00e1ga az innovat\u00edv \u00e9s progressz\u00edv gondolkod\u00e1s bizony\u00edt\u00e9ka, amely sz\u00e9lesebb k\u00f6rben is hat\u00e1ssal volt a csehszlov\u00e1k \u00e9s az eur\u00f3pai formatervez\u00e9si sz\u00ednt\u00e9rre. Az eszt\u00e9tika, a funkcionalit\u00e1s \u00e9s az ipari termel\u00e9s \u00f6tv\u00f6z\u00e9s\u00e9re ir\u00e1nyul\u00f3 egyedi megk\u00f6zel\u00edt\u00e9se biztos\u00edtotta sz\u00e1m\u00e1ra a 20. sz\u00e1zad legjelent\u0151sebb tervez\u0151i k\u00f6z\u00f6tt elfoglalt hely\u00e9t. <\/p>\n<\/div>\n","protected":false},"excerpt":{"rendered":"<p>Jind\u0159ich Halabala Kory\u010danyban sz\u00fcletett asztalos csal\u00e1dban, \u00e9s 1918-1920-ban a csal\u00e1di v\u00e1llalkoz\u00e1sban apj\u00e1t\u00f3l tanulta az asztalosmesters\u00e9get. A Vala\u0161sk\u00e9 Mezi\u0159\u00ed\u010d\u00ed-i fafeldolgoz\u00f3 iskola ut\u00e1n Pr\u00e1g\u00e1ba ment, hogy az Iparm\u0171v\u00e9szeti Iskol\u00e1ban b\u00fator- \u00e9s bels\u0151\u00e9p\u00edt\u00e9szetet tanuljon. Az iskola ut\u00e1n a br\u00fcnni Spojen\u00e9 um\u011bleckopr\u016fmyslov\u00e9 z\u00e1vody (UP z\u00e1vody) c\u00e9gn\u00e9l kezdett gyakornoki munk\u00e1t, ahol megismerkedett a c\u00e9g alap\u00edt\u00f3j\u00e1val, Jan Va\u0148ekkel. Ugyanebben az \u00e9vben, [&hellip;]<\/p>\n","protected":false},"author":1,"featured_media":0,"parent":0,"menu_order":0,"comment_status":"closed","ping_status":"closed","template":"","meta":{"footnotes":""},"class_list":["post-2110","page","type-page","status-publish","hentry"],"_links":{"self":[{"href":"https:\/\/mid-century-design.com\/hu\/wp-json\/wp\/v2\/pages\/2110","targetHints":{"allow":["GET"]}}],"collection":[{"href":"https:\/\/mid-century-design.com\/hu\/wp-json\/wp\/v2\/pages"}],"about":[{"href":"https:\/\/mid-century-design.com\/hu\/wp-json\/wp\/v2\/types\/page"}],"author":[{"embeddable":true,"href":"https:\/\/mid-century-design.com\/hu\/wp-json\/wp\/v2\/users\/1"}],"replies":[{"embeddable":true,"href":"https:\/\/mid-century-design.com\/hu\/wp-json\/wp\/v2\/comments?post=2110"}],"version-history":[{"count":4,"href":"https:\/\/mid-century-design.com\/hu\/wp-json\/wp\/v2\/pages\/2110\/revisions"}],"predecessor-version":[{"id":2124,"href":"https:\/\/mid-century-design.com\/hu\/wp-json\/wp\/v2\/pages\/2110\/revisions\/2124"}],"wp:attachment":[{"href":"https:\/\/mid-century-design.com\/hu\/wp-json\/wp\/v2\/media?parent=2110"}],"curies":[{"name":"wp","href":"https:\/\/api.w.org\/{rel}","templated":true}]}}