{"id":2092,"date":"2024-07-16T13:57:21","date_gmt":"2024-07-16T11:57:21","guid":{"rendered":"https:\/\/mid-century-design.com\/design-objects\/"},"modified":"2026-03-17T13:44:04","modified_gmt":"2026-03-17T12:44:04","slug":"design-targyak","status":"publish","type":"page","link":"https:\/\/mid-century-design.com\/hu\/design-targyak\/","title":{"rendered":"Design t\u00e1rgyak"},"content":{"rendered":"\n<div class=\"wp-block-group alignwide has-global-padding is-layout-constrained wp-container-core-group-is-layout-b25ccd55 wp-block-group-is-layout-constrained\" style=\"margin-top:0;margin-bottom:0;padding-top:var(--wp--preset--spacing--50);padding-right:var(--wp--preset--spacing--50);padding-bottom:var(--wp--preset--spacing--50);padding-left:var(--wp--preset--spacing--50)\">\n<div class=\"wp-block-columns alignwide is-layout-flex wp-container-core-columns-is-layout-ff4b9c61 wp-block-columns-is-layout-flex\" style=\"margin-top:0;margin-bottom:0\">\n<div class=\"wp-block-column is-layout-flow wp-container-core-column-is-layout-8a368f38 wp-block-column-is-layout-flow\">\n<figure class=\"wp-block-image size-large is-resized\"><a href=\"https:\/\/mid-century-design.com\/hu\/jindrich-halabala-koktelfotel-c-1\/\"><img loading=\"lazy\" decoding=\"async\" width=\"480\" height=\"640\" src=\"https:\/\/mid-century-design.com\/wp-content\/uploads\/2024\/07\/C.1.Left45-rotated.jpg\" alt=\"J. Halabala, &#x201E;C&#x201D; kokt&#xE9;lfotel &#x2013; f&#x151;n&#xE9;zet\" class=\"wp-image-254\" style=\"width:274px;height:auto\" srcset=\"https:\/\/mid-century-design.com\/wp-content\/uploads\/2024\/07\/C.1.Left45-rotated.jpg 480w, https:\/\/mid-century-design.com\/wp-content\/uploads\/2024\/07\/C.1.Left45-225x300.jpg 225w\" sizes=\"auto, (max-width: 480px) 100vw, 480px\" \/><\/a><figcaption class=\"wp-element-caption\"><strong><mark style=\"background-color:rgba(0, 0, 0, 0)\" class=\"has-inline-color has-contrast-color\">Jind\u0159ich Halabala, kokt\u00e9lfotel C, 1935-\u00f6s \u00e9vekben. \u00c1r: 590 \u20ac<\/mark><\/strong><\/figcaption><\/figure>\n\n\n\n<div style=\"height:var(--wp--preset--spacing--50)\" aria-hidden=\"true\" class=\"wp-block-spacer\"><\/div>\n\n\n\n<figure class=\"wp-block-image size-full is-resized\"><a href=\"https:\/\/mid-century-design.com\/hu\/mucke-melder-konzolos-fotel-fn21-famos-d-valtozat-no1\/\"><img loading=\"lazy\" decoding=\"async\" width=\"480\" height=\"640\" src=\"https:\/\/mid-century-design.com\/wp-content\/uploads\/2025\/07\/Mucke-Melder-cantilever-armchair-FN21-No.1-main-view-rotated.jpg\" alt=\"M&#xFC;cke-Melder FN21 No.1 konzolos karossz&#xE9;k - f&#x151; n&#xE9;zet\" class=\"wp-image-2861\" style=\"width:272px;height:auto\" srcset=\"https:\/\/mid-century-design.com\/wp-content\/uploads\/2025\/07\/Mucke-Melder-cantilever-armchair-FN21-No.1-main-view-rotated.jpg 480w, https:\/\/mid-century-design.com\/wp-content\/uploads\/2025\/07\/Mucke-Melder-cantilever-armchair-FN21-No.1-main-view-225x300.jpg 225w\" sizes=\"auto, (max-width: 480px) 100vw, 480px\" \/><\/a><figcaption class=\"wp-element-caption\"><strong><mark style=\"background-color:rgba(0, 0, 0, 0)\" class=\"has-inline-color has-contrast-color\">M\u00fccke-Melder FN21 Famos karossz\u00e9k (D-v\u00e1ltozat), 1930-as \u00e9vek. \u00c1r: 1600 \u20ac <\/mark><\/strong><\/figcaption><\/figure>\n\n\n\n<div style=\"height:var(--wp--preset--spacing--50)\" aria-hidden=\"true\" class=\"wp-block-spacer\"><\/div>\n\n\n\n<figure class=\"wp-block-image size-full\"><a href=\"https:\/\/mid-century-design.com\/hu\/hynek-gottwald-konzolos-fotelek-ek34-par1\/\"><img loading=\"lazy\" decoding=\"async\" width=\"480\" height=\"640\" src=\"https:\/\/mid-century-design.com\/wp-content\/uploads\/2025\/07\/Hynek-Gottwald-cantilever-armchair-EK34-Pair.1-main-view-rotated.jpg\" alt=\"Hynek Gottwald konzolos karossz&#xE9;k EK34 p&#xE1;r.1 - f&#x151; n&#xE9;zet\" class=\"wp-image-2969\" srcset=\"https:\/\/mid-century-design.com\/wp-content\/uploads\/2025\/07\/Hynek-Gottwald-cantilever-armchair-EK34-Pair.1-main-view-rotated.jpg 480w, https:\/\/mid-century-design.com\/wp-content\/uploads\/2025\/07\/Hynek-Gottwald-cantilever-armchair-EK34-Pair.1-main-view-225x300.jpg 225w\" sizes=\"auto, (max-width: 480px) 100vw, 480px\" \/><\/a><figcaption class=\"wp-element-caption\"><strong><mark style=\"background-color:rgba(0, 0, 0, 0)\" class=\"has-inline-color has-contrast-color\">Hynek Gottwald, P\u00e1r konzolos ac\u00e9lcs\u00f6ves karossz\u00e9k EK34, 1930-as \u00e9vek. \u00c1r: 1600 \u20ac\/db <\/mark><\/strong><\/figcaption><\/figure>\n\n\n\n<div style=\"height:var(--wp--preset--spacing--50)\" aria-hidden=\"true\" class=\"wp-block-spacer\"><\/div>\n\n\n\n<figure class=\"wp-block-image size-full is-resized is-style-default\"><a href=\"https:\/\/mid-century-design.com\/hu\/jozsef-peresztegi-csovazas-fotelek-par1\/\"><img loading=\"lazy\" decoding=\"async\" width=\"640\" height=\"480\" src=\"https:\/\/mid-century-design.com\/wp-content\/uploads\/2024\/08\/Peresztegi.Pair1_.Front2_.jpg\" alt=\"Peresztegi J., p&#xE1;r ac&#xE9;lcs&#x151; fotel, 1960-as &#xE9;vek - f&#x151;n&#xE9;zet\" class=\"wp-image-619\" style=\"width:272px;height:auto\" srcset=\"https:\/\/mid-century-design.com\/wp-content\/uploads\/2024\/08\/Peresztegi.Pair1_.Front2_.jpg 640w, https:\/\/mid-century-design.com\/wp-content\/uploads\/2024\/08\/Peresztegi.Pair1_.Front2_-300x225.jpg 300w\" sizes=\"auto, (max-width: 640px) 100vw, 640px\" \/><\/a><figcaption class=\"wp-element-caption\"><strong><mark style=\"background-color:rgba(0, 0, 0, 0)\" class=\"has-inline-color has-contrast-color\">Peresztegi J\u00f3zsef, cs\u0151v\u00e1zas fotelek, 1960-as \u00e9vek. \u00c1r: 490 \u20ac<\/mark><\/strong><\/figcaption><\/figure>\n\n\n\n<div style=\"height:var(--wp--preset--spacing--50)\" aria-hidden=\"true\" class=\"wp-block-spacer\"><\/div>\n\n\n\n<figure class=\"wp-block-image size-full\"><a href=\"https:\/\/mid-century-design.com\/hu\/mucke-melder-konzolos-karosszek-fn21-famos-par1\/\"><img loading=\"lazy\" decoding=\"async\" width=\"480\" height=\"640\" src=\"https:\/\/mid-century-design.com\/wp-content\/uploads\/2025\/11\/Mucke-Melder-Cantilever-Armchairs-FN21-Famos-Pair1-main-view-rotated.jpg\" alt=\"M&#xFC;cke-Melder FN21 Famos konzolos karossz&#xE9;k p&#xE1;r Pair1 - f&#x151; n&#xE9;zet\" class=\"wp-image-3304\" srcset=\"https:\/\/mid-century-design.com\/wp-content\/uploads\/2025\/11\/Mucke-Melder-Cantilever-Armchairs-FN21-Famos-Pair1-main-view-rotated.jpg 480w, https:\/\/mid-century-design.com\/wp-content\/uploads\/2025\/11\/Mucke-Melder-Cantilever-Armchairs-FN21-Famos-Pair1-main-view-225x300.jpg 225w\" sizes=\"auto, (max-width: 480px) 100vw, 480px\" \/><\/a><figcaption class=\"wp-element-caption\"><strong><mark style=\"background-color:rgba(0, 0, 0, 0)\" class=\"has-inline-color has-contrast-color\">P\u00e1r M\u00fccke-Melder konzolos fotel FN21 Famos, 1940-es \u00e9vek. \u00c1r: 1600 \u20ac\/db <\/mark><\/strong><\/figcaption><\/figure>\n<\/div>\n\n\n\n<div class=\"wp-block-column is-layout-flow wp-container-core-column-is-layout-a77db08e wp-block-column-is-layout-flow\">\n<figure class=\"wp-block-image size-full is-resized\"><a href=\"https:\/\/mid-century-design.com\/hu\/kavezo-asztal-b604-1\/\"><img loading=\"lazy\" decoding=\"async\" width=\"480\" height=\"640\" src=\"https:\/\/mid-century-design.com\/wp-content\/uploads\/2024\/08\/B604.Left45-rotated.jpg\" alt=\"Cseh B604 mid-century k&#xE1;v&#xE9;z&#xF3; asztal - f&#x151;n&#xE9;zet\" class=\"wp-image-309\" style=\"width:272px;height:auto\" srcset=\"https:\/\/mid-century-design.com\/wp-content\/uploads\/2024\/08\/B604.Left45-rotated.jpg 480w, https:\/\/mid-century-design.com\/wp-content\/uploads\/2024\/08\/B604.Left45-225x300.jpg 225w\" sizes=\"auto, (max-width: 480px) 100vw, 480px\" \/><\/a><figcaption class=\"wp-element-caption\"><strong><mark style=\"background-color:rgba(0, 0, 0, 0)\" class=\"has-inline-color has-contrast-color\">B-604 k\u00e1v\u00e9z\u00f3 asztal az Univerzal gy\u00e1rb\u00f3l, 1950-es \u00e9vek. \u00c1r: 390 \u20ac<\/mark><\/strong><\/figcaption><\/figure>\n\n\n\n<div style=\"height:var(--wp--preset--spacing--50)\" aria-hidden=\"true\" class=\"wp-block-spacer\"><\/div>\n\n\n\n<figure class=\"wp-block-image size-full\"><a href=\"https:\/\/mid-century-design.com\/hu\/mucke-melder-klubasztal-tn58-no1\/\"><img loading=\"lazy\" decoding=\"async\" width=\"480\" height=\"640\" src=\"https:\/\/mid-century-design.com\/wp-content\/uploads\/2025\/07\/Mucke-Melder-club-table-TN58-No1-front1-rotated.jpg\" alt=\"M&#xFC;cke-Melder klubasztal TN58 - f&#x151; n&#xE9;zet\" class=\"wp-image-2639\" srcset=\"https:\/\/mid-century-design.com\/wp-content\/uploads\/2025\/07\/Mucke-Melder-club-table-TN58-No1-front1-rotated.jpg 480w, https:\/\/mid-century-design.com\/wp-content\/uploads\/2025\/07\/Mucke-Melder-club-table-TN58-No1-front1-225x300.jpg 225w\" sizes=\"auto, (max-width: 480px) 100vw, 480px\" \/><\/a><figcaption class=\"wp-element-caption\"><strong><mark style=\"background-color:rgba(0, 0, 0, 0)\" class=\"has-inline-color has-contrast-color\">M\u00fccke-Melder funkcionalista klubasztal TN58, 1930-40-es \u00e9vek. \u00c1r: 600 \u20ac <\/mark><\/strong><\/figcaption><\/figure>\n\n\n\n<div style=\"height:var(--wp--preset--spacing--50)\" aria-hidden=\"true\" class=\"wp-block-spacer\"><\/div>\n\n\n\n<figure class=\"wp-block-image size-full\"><a href=\"https:\/\/mid-century-design.com\/hu\/napako-asztali-lampa-mod-8239-no1\/\"><img loading=\"lazy\" decoding=\"async\" width=\"480\" height=\"640\" src=\"https:\/\/mid-century-design.com\/wp-content\/uploads\/2025\/07\/Napako-table-lamp-Mod.-8239-No.1-main-view-rotated.jpg\" alt=\"Napako asztali l&#xE1;mpa Mod. 8239 No.1 - f&#x151;n&#xE9;zet \" class=\"wp-image-2746\" srcset=\"https:\/\/mid-century-design.com\/wp-content\/uploads\/2025\/07\/Napako-table-lamp-Mod.-8239-No.1-main-view-rotated.jpg 480w, https:\/\/mid-century-design.com\/wp-content\/uploads\/2025\/07\/Napako-table-lamp-Mod.-8239-No.1-main-view-225x300.jpg 225w\" sizes=\"auto, (max-width: 480px) 100vw, 480px\" \/><\/a><figcaption class=\"wp-element-caption\"><strong><mark style=\"background-color:rgba(0, 0, 0, 0)\" class=\"has-inline-color has-contrast-color\">Napako funkcionalista asztali l\u00e1mpa Mod. 8239, 1930-40-es \u00e9vek. \u00c1r: 300 \u20ac <\/mark><\/strong><\/figcaption><\/figure>\n\n\n\n<div style=\"height:var(--wp--preset--spacing--50)\" aria-hidden=\"true\" class=\"wp-block-spacer\"><\/div>\n\n\n\n<figure class=\"wp-block-image size-large\"><a href=\"https:\/\/mid-century-design.com\/hu\/laszlo-heczendorfer-triplet1\/\"><img loading=\"lazy\" decoding=\"async\" width=\"640\" height=\"480\" src=\"https:\/\/mid-century-design.com\/wp-content\/uploads\/2024\/08\/Heczendorfer.Triplet1.Right315-rotated.jpg\" alt=\"Heczendorfer L., 2 fotelb&#x151;l &#xE9;s zs&#xE1;molyb&#xF3;l &#xE1;ll&#xF3; k&#xE9;szlet, 1970-es &#xE9;vek - f&#x151;n&#xE9;zet\" class=\"wp-image-436\" srcset=\"https:\/\/mid-century-design.com\/wp-content\/uploads\/2024\/08\/Heczendorfer.Triplet1.Right315-rotated.jpg 640w, https:\/\/mid-century-design.com\/wp-content\/uploads\/2024\/08\/Heczendorfer.Triplet1.Right315-300x225.jpg 300w\" sizes=\"auto, (max-width: 640px) 100vw, 640px\" \/><\/a><figcaption class=\"wp-element-caption\"><strong><mark style=\"background-color:rgba(0, 0, 0, 0)\" class=\"has-inline-color has-contrast-color\">Heczendorfer L\u00e1szl\u00f3, &#8222;Kanizsa&#8221; 2 fotelb\u0151l \u00e9s egy zs\u00e1molyb\u00f3l \u00e1ll\u00f3 garnit\u00fara, 1970-es \u00e9vek. \u00c1r: <\/mark>&#8211;<\/strong><\/figcaption><\/figure>\n\n\n\n<div style=\"height:var(--wp--preset--spacing--50)\" aria-hidden=\"true\" class=\"wp-block-spacer\"><\/div>\n\n\n\n<figure class=\"wp-block-image size-full\"><a href=\"https:\/\/mid-century-design.com\/hu\/jaroslav-smidek-fotelpar-6951-1\/\"><img loading=\"lazy\" decoding=\"async\" width=\"640\" height=\"480\" src=\"https:\/\/mid-century-design.com\/wp-content\/uploads\/2024\/08\/Smidek.6951.Pair1_.Left45-rotated.jpg\" alt=\"J. &#x160;m&#xED;dek, mid-century fotelp&#xE1;r 6951, 1957 - f&#x151;n&#xE9;zet\" class=\"wp-image-351\" srcset=\"https:\/\/mid-century-design.com\/wp-content\/uploads\/2024\/08\/Smidek.6951.Pair1_.Left45-rotated.jpg 640w, https:\/\/mid-century-design.com\/wp-content\/uploads\/2024\/08\/Smidek.6951.Pair1_.Left45-300x225.jpg 300w\" sizes=\"auto, (max-width: 640px) 100vw, 640px\" \/><\/a><figcaption class=\"wp-element-caption\"><strong><mark style=\"background-color:rgba(0, 0, 0, 0)\" class=\"has-inline-color has-contrast-color\">Jaroslav \u0160m\u00eddek, Fotelp\u00e1r 6951, 1957. \u00c1r: &#8211; <\/mark><\/strong><\/figcaption><\/figure>\n<\/div>\n\n\n\n<div class=\"wp-block-column is-layout-flow wp-container-core-column-is-layout-8a368f38 wp-block-column-is-layout-flow\">\n<figure class=\"wp-block-image size-large is-resized\"><a href=\"https:\/\/mid-century-design.com\/hu\/thonet-fekvofotel1\/\"><img loading=\"lazy\" decoding=\"async\" width=\"480\" height=\"640\" src=\"https:\/\/mid-century-design.com\/wp-content\/uploads\/2024\/08\/Thonet.RecliningChair1.Right335Middle-rotated.jpg\" alt=\"Thonet PR15 fekv&#x151;fotel, 1930-as &#xE9;vek - f&#x151;n&#xE9;zet\" class=\"wp-image-455\" style=\"width:277px;height:auto\" srcset=\"https:\/\/mid-century-design.com\/wp-content\/uploads\/2024\/08\/Thonet.RecliningChair1.Right335Middle-rotated.jpg 480w, https:\/\/mid-century-design.com\/wp-content\/uploads\/2024\/08\/Thonet.RecliningChair1.Right335Middle-225x300.jpg 225w\" sizes=\"auto, (max-width: 480px) 100vw, 480px\" \/><\/a><figcaption class=\"wp-element-caption\"><strong><mark style=\"background-color:rgba(0, 0, 0, 0)\" class=\"has-inline-color has-contrast-color\">Thonet PR15 fekv\u0151fotel, 1930-as \u00e9vek. \u00c1r: 1050 \u20ac<\/mark><\/strong><\/figcaption><\/figure>\n\n\n\n<div style=\"height:var(--wp--preset--spacing--50)\" aria-hidden=\"true\" class=\"wp-block-spacer\"><\/div>\n\n\n\n<figure class=\"wp-block-image size-full\"><a href=\"https:\/\/mid-century-design.com\/hu\/mucke-melder-konzolos-karosszek-fn24-no1\/\"><img loading=\"lazy\" decoding=\"async\" width=\"480\" height=\"640\" src=\"https:\/\/mid-century-design.com\/wp-content\/uploads\/2025\/07\/Mucke-Melder-cantilever-armchair-FN24-No.1-right-profile--rotated.jpg\" alt=\"M&#xFC;cke-Melder FN24 No.1 konzolos karossz&#xE9;k - jobb oldali profil\" class=\"wp-image-2822\" srcset=\"https:\/\/mid-century-design.com\/wp-content\/uploads\/2025\/07\/Mucke-Melder-cantilever-armchair-FN24-No.1-right-profile--rotated.jpg 480w, https:\/\/mid-century-design.com\/wp-content\/uploads\/2025\/07\/Mucke-Melder-cantilever-armchair-FN24-No.1-right-profile--225x300.jpg 225w\" sizes=\"auto, (max-width: 480px) 100vw, 480px\" \/><\/a><figcaption class=\"wp-element-caption\"><strong><mark style=\"background-color:rgba(0, 0, 0, 0)\" class=\"has-inline-color has-contrast-color\">M\u00fccke-Melder FN24 konzolos ac\u00e9lcs\u00f6ves karossz\u00e9k, 1940-50-es \u00e9vek. \u00c1r: 1200 \u20ac <\/mark><\/strong><\/figcaption><\/figure>\n\n\n\n<div style=\"height:var(--wp--preset--spacing--50)\" aria-hidden=\"true\" class=\"wp-block-spacer\"><\/div>\n\n\n\n<figure class=\"wp-block-image size-full\"><a href=\"https:\/\/mid-century-design.com\/hu\/robert-slezak-functionalista-asztal-st44-no1\/\"><img loading=\"lazy\" decoding=\"async\" width=\"480\" height=\"640\" src=\"https:\/\/mid-century-design.com\/wp-content\/uploads\/2025\/07\/Robert-Slezak-table-ST44-No.-1-main-view-rotated.jpg\" alt=\"Robert Slez&#xE1;k asztal ST44 (No. 1) - f&#x151; n&#xE9;zet\" class=\"wp-image-2695\" srcset=\"https:\/\/mid-century-design.com\/wp-content\/uploads\/2025\/07\/Robert-Slezak-table-ST44-No.-1-main-view-rotated.jpg 480w, https:\/\/mid-century-design.com\/wp-content\/uploads\/2025\/07\/Robert-Slezak-table-ST44-No.-1-main-view-225x300.jpg 225w\" sizes=\"auto, (max-width: 480px) 100vw, 480px\" \/><\/a><figcaption class=\"wp-element-caption\"><strong><mark style=\"background-color:rgba(0, 0, 0, 0)\" class=\"has-inline-color has-contrast-color\">Robert Slez\u00e1k T44 funkcionalista asztal, 1930-40-es \u00e9vek. \u00c1r: 900 \u20ac <\/mark><\/strong><\/figcaption><\/figure>\n\n\n\n<div style=\"height:var(--wp--preset--spacing--50)\" aria-hidden=\"true\" class=\"wp-block-spacer\"><\/div>\n\n\n\n<figure class=\"wp-block-image size-full\"><a href=\"https:\/\/mid-century-design.com\/hu\/jindrich-halabala-koktelfotel-par-c-3\/\"><img loading=\"lazy\" decoding=\"async\" width=\"640\" height=\"480\" src=\"https:\/\/mid-century-design.com\/wp-content\/uploads\/2024\/08\/C.Pair3_.Left45-rotated.jpg\" alt=\"J. Halabala, &#x201E;C&#x201D; kokt&#xE9;lfotelp&#xE1;r, 1935 &#x2013; f&#x151;n&#xE9;zet\" class=\"wp-image-481\" srcset=\"https:\/\/mid-century-design.com\/wp-content\/uploads\/2024\/08\/C.Pair3_.Left45-rotated.jpg 640w, https:\/\/mid-century-design.com\/wp-content\/uploads\/2024\/08\/C.Pair3_.Left45-300x225.jpg 300w\" sizes=\"auto, (max-width: 640px) 100vw, 640px\" \/><\/a><figcaption class=\"wp-element-caption\"><strong><mark style=\"background-color:rgba(0, 0, 0, 0)\" class=\"has-inline-color has-contrast-color\">Jind\u0159ich Halabala, p\u00e1r kokt\u00e9lfotel C, 1935-\u00f6s \u00e9vekben. \u00c1r: &#8211; <\/mark><\/strong><\/figcaption><\/figure>\n\n\n\n<div style=\"height:var(--wp--preset--spacing--50)\" aria-hidden=\"true\" class=\"wp-block-spacer\"><\/div>\n\n\n\n<figure class=\"wp-block-image size-full is-style-default\"><a href=\"https:\/\/mid-century-design.com\/hu\/napako-asztali-lampa-mod-1160-no1\/\"><img loading=\"lazy\" decoding=\"async\" width=\"480\" height=\"640\" src=\"https:\/\/mid-century-design.com\/wp-content\/uploads\/2025\/11\/Napako-table-lamp-Mod.-1160-No.1-main-view-rotated.jpg\" alt=\"Napako asztali l&#xE1;mpa Mod. 1160 No.1 - f&#x151;n&#xE9;zet \" class=\"wp-image-3368\" srcset=\"https:\/\/mid-century-design.com\/wp-content\/uploads\/2025\/11\/Napako-table-lamp-Mod.-1160-No.1-main-view-rotated.jpg 480w, https:\/\/mid-century-design.com\/wp-content\/uploads\/2025\/11\/Napako-table-lamp-Mod.-1160-No.1-main-view-225x300.jpg 225w\" sizes=\"auto, (max-width: 480px) 100vw, 480px\" \/><\/a><figcaption class=\"wp-element-caption\"><strong><mark style=\"background-color:rgba(0, 0, 0, 0)\" class=\"has-inline-color has-contrast-color\">Funkcionalista asztali l\u00e1mpa Napako mod. 1160. \u00c1r: 200 \u20ac<\/mark><\/strong><\/figcaption><\/figure>\n<\/div>\n\n\n\n<div class=\"wp-block-column is-layout-flow wp-container-core-column-is-layout-8a368f38 wp-block-column-is-layout-flow\">\n<figure class=\"wp-block-image size-full\"><a href=\"https:\/\/mid-century-design.com\/hu\/jindrich-halabala-karosszek-h410-1\/\"><img loading=\"lazy\" decoding=\"async\" width=\"480\" height=\"640\" src=\"https:\/\/mid-century-design.com\/wp-content\/uploads\/2024\/07\/H410.1.Right315-rotated.jpg\" alt=\"J. Halabala, H410 karossz&#xE9;k - f&#x151;n&#xE9;zet\" class=\"wp-image-265\" srcset=\"https:\/\/mid-century-design.com\/wp-content\/uploads\/2024\/07\/H410.1.Right315-rotated.jpg 480w, https:\/\/mid-century-design.com\/wp-content\/uploads\/2024\/07\/H410.1.Right315-225x300.jpg 225w\" sizes=\"auto, (max-width: 480px) 100vw, 480px\" \/><\/a><figcaption class=\"wp-element-caption\"><strong><mark style=\"background-color:rgba(0, 0, 0, 0)\" class=\"has-inline-color has-contrast-color\">Jind\u0159ich Halabala, H-410 karossz\u00e9k, 1930-as \u00e9vek. \u00c1r: &#8211; <\/mark><\/strong><\/figcaption><\/figure>\n\n\n\n<div style=\"height:var(--wp--preset--spacing--50)\" aria-hidden=\"true\" class=\"wp-block-spacer\"><\/div>\n\n\n\n<figure class=\"wp-block-image size-full is-resized\"><a href=\"https:\/\/mid-century-design.com\/hu\/kovona-konzolos-karosszekek-k108-par1\/\"><img loading=\"lazy\" decoding=\"async\" width=\"447\" height=\"557\" src=\"https:\/\/mid-century-design.com\/wp-content\/uploads\/2025\/11\/Kovona-Cantilever-Armchairs-K108-Pair1-main-view1.jpg\" alt=\"Kovona konzolos karossz&#xE9;k K108 p&#xE1;r1 - f&#x151; n&#xE9;zet1\" class=\"wp-image-3569\" style=\"width:279px;height:auto\" srcset=\"https:\/\/mid-century-design.com\/wp-content\/uploads\/2025\/11\/Kovona-Cantilever-Armchairs-K108-Pair1-main-view1.jpg 447w, https:\/\/mid-century-design.com\/wp-content\/uploads\/2025\/11\/Kovona-Cantilever-Armchairs-K108-Pair1-main-view1-241x300.jpg 241w\" sizes=\"auto, (max-width: 447px) 100vw, 447px\" \/><\/a><figcaption class=\"wp-element-caption\"><strong><mark style=\"background-color:rgba(0, 0, 0, 0)\" class=\"has-inline-color has-contrast-color\">Kovona K108 (S411) konzolos ac\u00e9l karossz\u00e9k, 1940-50-es \u00e9vek. \u00c1r: 1200 \u20ac\/db<\/mark><\/strong><\/figcaption><\/figure>\n\n\n\n<div style=\"height:var(--wp--preset--spacing--50)\" aria-hidden=\"true\" class=\"wp-block-spacer\"><\/div>\n\n\n\n<div style=\"height:100px\" aria-hidden=\"true\" class=\"wp-block-spacer\"><\/div>\n\n\n\n<figure class=\"wp-block-image size-full\"><img loading=\"lazy\" decoding=\"async\" width=\"556\" height=\"521\" src=\"https:\/\/mid-century-design.com\/wp-content\/uploads\/2024\/08\/ComingSoon-mini556.jpg\" alt=\"\" class=\"wp-image-707\" srcset=\"https:\/\/mid-century-design.com\/wp-content\/uploads\/2024\/08\/ComingSoon-mini556.jpg 556w, https:\/\/mid-century-design.com\/wp-content\/uploads\/2024\/08\/ComingSoon-mini556-300x281.jpg 300w\" sizes=\"auto, (max-width: 556px) 100vw, 556px\" \/><figcaption class=\"wp-element-caption\"><br\/>                <\/figcaption><\/figure>\n\n\n\n<div style=\"height:var(--wp--preset--spacing--50)\" aria-hidden=\"true\" class=\"wp-block-spacer\"><\/div>\n\n\n\n<div style=\"height:47px\" aria-hidden=\"true\" class=\"wp-block-spacer\"><\/div>\n\n\n\n<figure class=\"wp-block-image size-full is-resized is-style-default\"><a href=\"https:\/\/mid-century-design.com\/hu\/jozsef-peresztegi-ikonikus-csovazas-fotelek-par2\/\"><img loading=\"lazy\" decoding=\"async\" width=\"640\" height=\"480\" src=\"https:\/\/mid-century-design.com\/wp-content\/uploads\/2024\/08\/Peresztegi.Pair2_.Front2_.jpg\" alt=\"Peresztegi J., ikonikus ac&#xE9;lcs&#x151; fotelp&#xE1;r, 1956 - f&#x151;n&#xE9;zet\" class=\"wp-image-633\" style=\"width:272px;height:auto\" srcset=\"https:\/\/mid-century-design.com\/wp-content\/uploads\/2024\/08\/Peresztegi.Pair2_.Front2_.jpg 640w, https:\/\/mid-century-design.com\/wp-content\/uploads\/2024\/08\/Peresztegi.Pair2_.Front2_-300x225.jpg 300w\" sizes=\"auto, (max-width: 640px) 100vw, 640px\" \/><\/a><figcaption class=\"wp-element-caption\"><strong><mark style=\"background-color:rgba(0, 0, 0, 0)\" class=\"has-inline-color has-contrast-color\">Peresztegi J\u00f3zsef, Ikonikus cs\u0151v\u00e1zas karossz\u00e9kek, 1956. \u00c1r: 590 \u20ac<\/mark><\/strong><\/figcaption><\/figure>\n\n\n\n<div style=\"height:var(--wp--preset--spacing--50)\" aria-hidden=\"true\" class=\"wp-block-spacer\"><\/div>\n\n\n<\/div>\n<\/div>\n<\/div>\n\n<p><\/p>\n","protected":false},"excerpt":{"rendered":"","protected":false},"author":1,"featured_media":0,"parent":0,"menu_order":10,"comment_status":"closed","ping_status":"closed","template":"","meta":{"footnotes":""},"class_list":["post-2092","page","type-page","status-publish","hentry"],"_links":{"self":[{"href":"https:\/\/mid-century-design.com\/hu\/wp-json\/wp\/v2\/pages\/2092","targetHints":{"allow":["GET"]}}],"collection":[{"href":"https:\/\/mid-century-design.com\/hu\/wp-json\/wp\/v2\/pages"}],"about":[{"href":"https:\/\/mid-century-design.com\/hu\/wp-json\/wp\/v2\/types\/page"}],"author":[{"embeddable":true,"href":"https:\/\/mid-century-design.com\/hu\/wp-json\/wp\/v2\/users\/1"}],"replies":[{"embeddable":true,"href":"https:\/\/mid-century-design.com\/hu\/wp-json\/wp\/v2\/comments?post=2092"}],"version-history":[{"count":21,"href":"https:\/\/mid-century-design.com\/hu\/wp-json\/wp\/v2\/pages\/2092\/revisions"}],"predecessor-version":[{"id":4087,"href":"https:\/\/mid-century-design.com\/hu\/wp-json\/wp\/v2\/pages\/2092\/revisions\/4087"}],"wp:attachment":[{"href":"https:\/\/mid-century-design.com\/hu\/wp-json\/wp\/v2\/media?parent=2092"}],"curies":[{"name":"wp","href":"https:\/\/api.w.org\/{rel}","templated":true}]}}