{"id":2046,"date":"2024-08-09T12:19:14","date_gmt":"2024-08-09T10:19:14","guid":{"rendered":"https:\/\/mid-century-design.com\/jozsef-peresztegi-iconic-tubular-steel-armchairs-pair2\/"},"modified":"2025-12-03T09:10:39","modified_gmt":"2025-12-03T08:10:39","slug":"jozsef-peresztegi-ikonikus-csovazas-fotelek-par2","status":"publish","type":"page","link":"https:\/\/mid-century-design.com\/hu\/jozsef-peresztegi-ikonikus-csovazas-fotelek-par2\/","title":{"rendered":"Peresztegi J\u00f3zsef, ikonikus cs\u0151v\u00e1zas fotelek, 1956"},"content":{"rendered":"\n<h2 class=\"wp-block-heading\">A Bauhaus st\u00edlus\u00fa cs\u0151v\u00e1zas fotelek nagyon n\u00e9pszer\u0171 modellj\u00e9t a jelent\u0151s magyar tervez\u0151 <strong><em>J\u00f3zsef Peresztegi<\/em><\/strong> a BAUHAUS hagyom\u00e1nyai szerint, de az \u0151 eredeti st\u00edlus\u00e1ban tervezte.<br\/><br\/><\/h2>\n\n<p class=\"has-large-font-size\">El\u0151sz\u00f6r 1956-ban \u00e1ll\u00edtott\u00e1k ki, \u00e9s ett\u0151l kezdve eg\u00e9szen az 1960-as \u00e9vekig gy\u00e1rtott\u00e1k.<br\/>Nagyon stabil \u00e9s k\u00e9nyelmes.<\/p>\n<div><style id=\"wp_carousel_dynamic_css770\">#sp-wp-carousel-free-id-770 .wpcp-swiper-dots {margin: 40px 0px 0px 0px;}.wpcp-wrapper-770 .swiper-wrapper .swiper-slide-kenburn, .wpcp-wrapper-770 .swiper-wrapper, .wpcp-wrapper-770 .wpcpro-row{align-items: center;}#sp-wp-carousel-free-id-770 .wpcp-single-item {box-shadow: 0px 0px 0px 0px #dddddd;transition: all .3s;margin: 0px;}#sp-wp-carousel-free-id-770.swiper-flip .wpcp-single-item{margin: 0!important;}#sp-wp-carousel-free-id-770 .wpcp-single-item:hover {box-shadow: 0px 0px 0px 0px #dddddd;}#sp-wp-carousel-free-id-770.sp-wpcp-770 .wpcp-single-item {border: 1px solid #dddddd;}#sp-wp-carousel-free-id-770.sp-wpcp-770 .swiper-button-prev,#sp-wp-carousel-free-id-770.sp-wpcp-770 .swiper-button-next,#sp-wp-carousel-free-id-770.sp-wpcp-770 .swiper-button-prev:hover,#sp-wp-carousel-free-id-770.sp-wpcp-770 .swiper-button-next:hover {background: none;border: none;font-size: 30px;}#sp-wp-carousel-free-id-770.sp-wpcp-770 .swiper-button-prev i,#sp-wp-carousel-free-id-770.sp-wpcp-770 .swiper-button-next i {color: #aaa;}#sp-wp-carousel-free-id-770.sp-wpcp-770 .swiper-button-prev i:hover,#sp-wp-carousel-free-id-770.sp-wpcp-770 .swiper-button-next i:hover {color: #178087;}#sp-wp-carousel-free-id-770.sp-wpcp-770 .wpcp-swiper-dots .swiper-pagination-bullet {background-color: #cccccc;}#sp-wp-carousel-free-id-770.sp-wpcp-770 .wpcp-swiper-dots .swiper-pagination-bullet.swiper-pagination-bullet-active {background-color: #178087;} #sp-wp-carousel-free-id-770.sp-wpcp-770.wpcp-image-carousel .wpcp-single-item:hover img, #sp-wp-carousel-free-id-770.sp-wpcp-770.wpcp-post-carousel .wpcp-single-item:hover img, #sp-wp-carousel-free-id-770.sp-wpcp-770.wpcp-product-carousel .wpcp-single-item:hover img{-webkit-transform: scale(1.2);-moz-transform: scale(1.2);transform: scale(1.2);}#sp-wp-carousel-free-id-770 .wpcpro-row>[class*=\"wpcpro-col-\"] { padding: 0 10px; padding-bottom: 20px;} #sp-wp-carousel-free-id-770 .swiper-slide .single-item-fade:not(:last-child) { margin-right: 20px;}@media (min-width: 480px) { .wpcpro-row .wpcpro-col-sm-1 { flex: 0 0 100%; max-width: 100%; } .wpcpro-row .wpcpro-col-sm-2 { flex: 0 0 50%; max-width: 50%; } .wpcpro-row .wpcpro-col-sm-2-5 { flex: 0 0 75%; max-width: 75%; } .wpcpro-row .wpcpro-col-sm-3 { flex: 0 0 33.333%; max-width: 33.333%; } .wpcpro-row .wpcpro-col-sm-4 { flex: 0 0 25%; max-width: 25%; } .wpcpro-row .wpcpro-col-sm-5 { flex: 0 0 20%; max-width: 20%; } .wpcpro-row .wpcpro-col-sm-6 { flex: 0 0 16.66666666666667%; max-width: 16.66666666666667%; } .wpcpro-row .wpcpro-col-sm-7 { flex: 0 0 14.28571428%; max-width: 14.28571428%; } .wpcpro-row .wpcpro-col-sm-8 { flex: 0 0 12.5%; max-width: 12.5%; } } @media (max-width: 480px) { .wpcpro-row .wpcpro-col-xs-1 { flex: 0 0 100%; max-width: 100%; } .wpcpro-row .wpcpro-col-xs-2 { flex: 0 0 50%; max-width: 50%; } .wpcpro-row .wpcpro-col-xs-3 { flex: 0 0 33.222%; max-width: 33.222%; } .wpcpro-row .wpcpro-col-xs-4 { flex: 0 0 25%; max-width: 25%; } .wpcpro-row .wpcpro-col-xs-5 { flex: 0 0 20%; max-width: 20%; } .wpcpro-row .wpcpro-col-xs-6 { flex: 0 0 16.6667%; max-width: 16.6667%; } .wpcpro-row .wpcpro-col-xs-7 { flex: 0 0 14.28571428%; max-width: 14.28571428%; } .wpcpro-row .wpcpro-col-xs-8 { flex: 0 0 12.5%; max-width: 12.5%; } } @media (min-width: 736px) { .wpcpro-row .wpcpro-col-md-1 { flex: 0 0 100%; max-width: 100%; } .wpcpro-row .wpcpro-col-md-2 { flex: 0 0 50%; max-width: 50%; } .wpcpro-row .wpcpro-col-md-2-5 { flex: 0 0 75%; max-width: 75%; } .wpcpro-row .wpcpro-col-md-3 { flex: 0 0 33.333%; max-width: 33.333%; } .wpcpro-row .wpcpro-col-md-4 { flex: 0 0 25%; max-width: 25%; } .wpcpro-row .wpcpro-col-md-5 { flex: 0 0 20%; max-width: 20%; } .wpcpro-row .wpcpro-col-md-6 { flex: 0 0 16.66666666666667%; max-width: 16.66666666666667%; } .wpcpro-row .wpcpro-col-md-7 { flex: 0 0 14.28571428%; max-width: 14.28571428%; } .wpcpro-row .wpcpro-col-md-8 { flex: 0 0 12.5%; max-width: 12.5%; } } @media (min-width: 980px) { .wpcpro-row .wpcpro-col-lg-1 { flex: 0 0 100%; max-width: 100%; } .wpcpro-row .wpcpro-col-lg-2 { flex: 0 0 50%; max-width: 50%; } .wpcpro-row .wpcpro-col-lg-3 { flex: 0 0 33.222%; max-width: 33.222%; } .wpcpro-row .wpcpro-col-lg-4 { flex: 0 0 25%; max-width: 25%; } .wpcpro-row .wpcpro-col-lg-5 { flex: 0 0 20%; max-width: 20%; } .wpcpro-row .wpcpro-col-lg-6 { flex: 0 0 16.6667%; max-width: 16.6667%; } .wpcpro-row .wpcpro-col-lg-7 { flex: 0 0 14.28571428%; max-width: 14.28571428%; } .wpcpro-row .wpcpro-col-lg-8 { flex: 0 0 12.5%; max-width: 12.5%; } } @media (min-width: 1200px) { .wpcpro-row .wpcpro-col-xl-1 { flex: 0 0 100%; max-width: 100%; } .wpcpro-row .wpcpro-col-xl-2 { flex: 0 0 50%; max-width: 50%; } .wpcpro-row .wpcpro-col-xl-3 { flex: 0 0 33.22222222%; max-width: 33.22222222%; } .wpcpro-row .wpcpro-col-xl-4 { flex: 0 0 25%; max-width: 25%; } .wpcpro-row .wpcpro-col-xl-5 { flex: 0 0 20%; max-width: 20%; } .wpcpro-row .wpcpro-col-xl-6 { flex: 0 0 16.66667%; max-width: 16.66667%; } .wpcpro-row .wpcpro-col-xl-7 { flex: 0 0 14.28571428%; max-width: 14.28571428%; } .wpcpro-row .wpcpro-col-xl-8 { flex: 0 0 12.5%; max-width: 12.5%; } }<\/style><div class=\"wpcp-carousel-wrapper wpcp-wrapper-770\">\n\t<div id=\"wpcp-preloader-770\" class=\"wpcp-carousel-preloader\"><img decoding=\"async\" src=\"https:\/\/mid-century-design.com\/wp-content\/plugins\/wp-carousel-free\/public\/css\/spinner.svg\" alt=\"Preloader Image\" \/><\/div>\t<div class=\"wpcp-carousel-content-wrapper\">\n\t<div id=\"sp-wp-carousel-free-id-770\" class=\"wpcp-carousel-section sp-wpcp-770  nav-vertical-center wpcp-image-carousel wpcp-preloader wpcp-standard\" data-swiper='{ &quot;accessibility&quot;:true, &quot;spaceBetween&quot;:20, &quot;arrows&quot;:true, &quot;freeMode&quot;: false, &quot;autoplay&quot;:true, &quot;effect&quot;: &quot;&quot;, &quot;centerMode&quot;: false, &quot;autoplaySpeed&quot;:3000, &quot;dots&quot;:true, &quot;infinite&quot;:true, &quot;speed&quot;:600, &quot;pauseOnHover&quot;:true,\n\t\t\t&quot;slidesToShow&quot;:{&quot;lg_desktop&quot;:5, &quot;desktop&quot;: 4, &quot;laptop&quot;: 3, &quot;tablet&quot;: 2, &quot;mobile&quot;: 1}, &quot;responsive&quot;:{&quot;desktop&quot;:1200, &quot;laptop&quot;: 980, &quot;tablet&quot;: 736, &quot;mobile&quot;: 480}, &quot;rtl&quot;:false, &quot;lazyLoad&quot;: &quot;false&quot;, &quot;swipe&quot;: true, &quot;draggable&quot;: true, &quot;swipeToSlide&quot;:false }' dir=\"ltr\">\n\t\t<div class=\"swiper-wrapper\">\n\t\t<div class=\"swiper-slide\">\n\t<div class=\"wpcp-single-item\">\n\t\t\t<a class=\"wcp-light-box\" data-buttons='[\"close\"]' data-wpc_url='https:\/\/mid-century-design.com\/wp-content\/uploads\/2024\/08\/Peresztegi.Pair2_.Front4_.jpg' href=\"https:\/\/mid-century-design.com\/wp-content\/uploads\/2024\/08\/Peresztegi.Pair2_.Front4_.jpg\" data-fancybox=\"wpcp_view\">\n\t\t<figure>\n\t\t\t<img loading=\"lazy\" decoding=\"async\" class=\"skip-lazy\" src=\"https:\/\/mid-century-design.com\/wp-content\/uploads\/2024\/08\/Peresztegi.Pair2_.Front4_.jpg\" alt=\"J. Peresztegi, Ikonikus ac\u00e9lcs\u00f6ves karossz\u00e9k p\u00e1r, 1956 - 15. k\u00e9p\" width=\"640\" height=\"480\">\t\t<\/figure>\n\t<\/a>\n\t\t<\/div>\n<\/div>\n\t<div class=\"swiper-slide\">\n\t<div class=\"wpcp-single-item\">\n\t\t\t<a class=\"wcp-light-box\" data-buttons='[\"close\"]' data-wpc_url='https:\/\/mid-century-design.com\/wp-content\/uploads\/2024\/08\/Peresztegi.Pair2_.Front2_.jpg' href=\"https:\/\/mid-century-design.com\/wp-content\/uploads\/2024\/08\/Peresztegi.Pair2_.Front2_.jpg\" data-fancybox=\"wpcp_view\">\n\t\t<figure>\n\t\t\t<img loading=\"lazy\" decoding=\"async\" class=\"skip-lazy\" src=\"https:\/\/mid-century-design.com\/wp-content\/uploads\/2024\/08\/Peresztegi.Pair2_.Front2_.jpg\" alt=\"Peresztegi J., ikonikus ac\u00e9lcs\u0151 fotelp\u00e1r, 1956 - f\u0151n\u00e9zet\" width=\"640\" height=\"480\">\t\t<\/figure>\n\t<\/a>\n\t\t<\/div>\n<\/div>\n\t<div class=\"swiper-slide\">\n\t<div class=\"wpcp-single-item\">\n\t\t\t<a class=\"wcp-light-box\" data-buttons='[\"close\"]' data-wpc_url='https:\/\/mid-century-design.com\/wp-content\/uploads\/2024\/08\/Peresztegi.Pair2_.2.Left_-rotated.jpg' href=\"https:\/\/mid-century-design.com\/wp-content\/uploads\/2024\/08\/Peresztegi.Pair2_.2.Left_-rotated.jpg\" data-fancybox=\"wpcp_view\">\n\t\t<figure>\n\t\t\t<img loading=\"lazy\" decoding=\"async\" class=\"skip-lazy\" src=\"https:\/\/mid-century-design.com\/wp-content\/uploads\/2024\/08\/Peresztegi.Pair2_.2.Left_-rotated.jpg\" alt=\"J. Peresztegi, 2. sz\u00e1m\u00fa ikonikus ac\u00e9lcs\u00f6ves karossz\u00e9k, 1956 - 11. k\u00e9p\" width=\"480\" height=\"640\">\t\t<\/figure>\n\t<\/a>\n\t\t<\/div>\n<\/div>\n\t<div class=\"swiper-slide\">\n\t<div class=\"wpcp-single-item\">\n\t\t\t<a class=\"wcp-light-box\" data-buttons='[\"close\"]' data-wpc_url='https:\/\/mid-century-design.com\/wp-content\/uploads\/2024\/08\/Peresztegi.Pair2_.2.Back_-rotated.jpg' href=\"https:\/\/mid-century-design.com\/wp-content\/uploads\/2024\/08\/Peresztegi.Pair2_.2.Back_-rotated.jpg\" data-fancybox=\"wpcp_view\">\n\t\t<figure>\n\t\t\t<img loading=\"lazy\" decoding=\"async\" class=\"skip-lazy\" src=\"https:\/\/mid-century-design.com\/wp-content\/uploads\/2024\/08\/Peresztegi.Pair2_.2.Back_-rotated.jpg\" alt=\"J. Peresztegi, 2. sz\u00e1m\u00fa ikonikus ac\u00e9lcs\u00f6ves karossz\u00e9k, 1956 - 9. k\u00e9p\" width=\"480\" height=\"640\">\t\t<\/figure>\n\t<\/a>\n\t\t<\/div>\n<\/div>\n\t<div class=\"swiper-slide\">\n\t<div class=\"wpcp-single-item\">\n\t\t\t<a class=\"wcp-light-box\" data-buttons='[\"close\"]' data-wpc_url='https:\/\/mid-century-design.com\/wp-content\/uploads\/2024\/08\/Peresztegi.Pair2_.2.Right_-rotated.jpg' href=\"https:\/\/mid-century-design.com\/wp-content\/uploads\/2024\/08\/Peresztegi.Pair2_.2.Right_-rotated.jpg\" data-fancybox=\"wpcp_view\">\n\t\t<figure>\n\t\t\t<img loading=\"lazy\" decoding=\"async\" class=\"skip-lazy\" src=\"https:\/\/mid-century-design.com\/wp-content\/uploads\/2024\/08\/Peresztegi.Pair2_.2.Right_-rotated.jpg\" alt=\"J. Peresztegi, 2. sz\u00e1m\u00fa ikonikus ac\u00e9lcs\u00f6ves karossz\u00e9k, 1956 - 12. k\u00e9p\" width=\"480\" height=\"640\">\t\t<\/figure>\n\t<\/a>\n\t\t<\/div>\n<\/div>\n\t<div class=\"swiper-slide\">\n\t<div class=\"wpcp-single-item\">\n\t\t\t<a class=\"wcp-light-box\" data-buttons='[\"close\"]' data-wpc_url='https:\/\/mid-century-design.com\/wp-content\/uploads\/2024\/08\/Peresztegi.Pair2_.2.Front1_-rotated.jpg' href=\"https:\/\/mid-century-design.com\/wp-content\/uploads\/2024\/08\/Peresztegi.Pair2_.2.Front1_-rotated.jpg\" data-fancybox=\"wpcp_view\">\n\t\t<figure>\n\t\t\t<img loading=\"lazy\" decoding=\"async\" class=\"skip-lazy\" src=\"https:\/\/mid-century-design.com\/wp-content\/uploads\/2024\/08\/Peresztegi.Pair2_.2.Front1_-rotated.jpg\" alt=\"J. Peresztegi, 1. sz\u00e1m\u00fa ikonikus ac\u00e9lcs\u00f6ves karossz\u00e9k, 1956 - 16. k\u00e9p\" width=\"480\" height=\"640\">\t\t<\/figure>\n\t<\/a>\n\t\t<\/div>\n<\/div>\n\t<div class=\"swiper-slide\">\n\t<div class=\"wpcp-single-item\">\n\t\t\t<a class=\"wcp-light-box\" data-buttons='[\"close\"]' data-wpc_url='https:\/\/mid-century-design.com\/wp-content\/uploads\/2024\/08\/Peresztegi.Pair2_.Front1_.jpg' href=\"https:\/\/mid-century-design.com\/wp-content\/uploads\/2024\/08\/Peresztegi.Pair2_.Front1_.jpg\" data-fancybox=\"wpcp_view\">\n\t\t<figure>\n\t\t\t<img loading=\"lazy\" decoding=\"async\" class=\"skip-lazy\" src=\"https:\/\/mid-century-design.com\/wp-content\/uploads\/2024\/08\/Peresztegi.Pair2_.Front1_.jpg\" alt=\"J. Peresztegi, Ikonikus ac\u00e9lcs\u00f6ves karossz\u00e9k p\u00e1r, 1956 - 13. k\u00e9p\" width=\"640\" height=\"480\">\t\t<\/figure>\n\t<\/a>\n\t\t<\/div>\n<\/div>\n\t<div class=\"swiper-slide\">\n\t<div class=\"wpcp-single-item\">\n\t\t\t<a class=\"wcp-light-box\" data-buttons='[\"close\"]' data-wpc_url='https:\/\/mid-century-design.com\/wp-content\/uploads\/2024\/08\/Peresztegi.Pair2_.1.Front2_-rotated.jpg' href=\"https:\/\/mid-century-design.com\/wp-content\/uploads\/2024\/08\/Peresztegi.Pair2_.1.Front2_-rotated.jpg\" data-fancybox=\"wpcp_view\">\n\t\t<figure>\n\t\t\t<img loading=\"lazy\" decoding=\"async\" class=\"skip-lazy\" src=\"https:\/\/mid-century-design.com\/wp-content\/uploads\/2024\/08\/Peresztegi.Pair2_.1.Front2_-rotated.jpg\" alt=\"J. Peresztegi, 1. sz\u00e1m\u00fa ikonikus ac\u00e9lcs\u00f6ves karossz\u00e9k p\u00e1r, 1956 - 7. k\u00e9p\" width=\"480\" height=\"640\">\t\t<\/figure>\n\t<\/a>\n\t\t<\/div>\n<\/div>\n\t<div class=\"swiper-slide\">\n\t<div class=\"wpcp-single-item\">\n\t\t\t<a class=\"wcp-light-box\" data-buttons='[\"close\"]' data-wpc_url='https:\/\/mid-century-design.com\/wp-content\/uploads\/2024\/08\/Peresztegi.Pair2_.1.Left_-rotated.jpg' href=\"https:\/\/mid-century-design.com\/wp-content\/uploads\/2024\/08\/Peresztegi.Pair2_.1.Left_-rotated.jpg\" data-fancybox=\"wpcp_view\">\n\t\t<figure>\n\t\t\t<img loading=\"lazy\" decoding=\"async\" class=\"skip-lazy\" src=\"https:\/\/mid-century-design.com\/wp-content\/uploads\/2024\/08\/Peresztegi.Pair2_.1.Left_-rotated.jpg\" alt=\"J. Peresztegi, Ikonikus ac\u00e9lcs\u00f6ves karossz\u00e9k, 1956 - profilk\u00e9p\" width=\"480\" height=\"640\">\t\t<\/figure>\n\t<\/a>\n\t\t<\/div>\n<\/div>\n\t<div class=\"swiper-slide\">\n\t<div class=\"wpcp-single-item\">\n\t\t\t<a class=\"wcp-light-box\" data-buttons='[\"close\"]' data-wpc_url='https:\/\/mid-century-design.com\/wp-content\/uploads\/2024\/08\/Peresztegi.Pair2_.1.Back_-rotated.jpg' href=\"https:\/\/mid-century-design.com\/wp-content\/uploads\/2024\/08\/Peresztegi.Pair2_.1.Back_-rotated.jpg\" data-fancybox=\"wpcp_view\">\n\t\t<figure>\n\t\t\t<img loading=\"lazy\" decoding=\"async\" class=\"skip-lazy\" src=\"https:\/\/mid-century-design.com\/wp-content\/uploads\/2024\/08\/Peresztegi.Pair2_.1.Back_-rotated.jpg\" alt=\"J. Peresztegi, 1. sz\u00e1m\u00fa ikonikus ac\u00e9lcs\u00f6ves karossz\u00e9k, 1956 - 6. k\u00e9p\" width=\"480\" height=\"640\">\t\t<\/figure>\n\t<\/a>\n\t\t<\/div>\n<\/div>\n\t<div class=\"swiper-slide\">\n\t<div class=\"wpcp-single-item\">\n\t\t\t<a class=\"wcp-light-box\" data-buttons='[\"close\"]' data-wpc_url='https:\/\/mid-century-design.com\/wp-content\/uploads\/2024\/08\/Peresztegi.Pair2_.1.Right_-rotated.jpg' href=\"https:\/\/mid-century-design.com\/wp-content\/uploads\/2024\/08\/Peresztegi.Pair2_.1.Right_-rotated.jpg\" data-fancybox=\"wpcp_view\">\n\t\t<figure>\n\t\t\t<img loading=\"lazy\" decoding=\"async\" class=\"skip-lazy\" src=\"https:\/\/mid-century-design.com\/wp-content\/uploads\/2024\/08\/Peresztegi.Pair2_.1.Right_-rotated.jpg\" alt=\"J. Peresztegi, 1. sz\u00e1m\u00fa ikonikus ac\u00e9lcs\u00f6ves karossz\u00e9k, 1956 - 8. k\u00e9p\" width=\"480\" height=\"640\">\t\t<\/figure>\n\t<\/a>\n\t\t<\/div>\n<\/div>\n\t<div class=\"swiper-slide\">\n\t<div class=\"wpcp-single-item\">\n\t\t\t<a class=\"wcp-light-box\" data-buttons='[\"close\"]' data-wpc_url='https:\/\/mid-century-design.com\/wp-content\/uploads\/2024\/08\/Peresztegi.Pair2_.Front3_.jpg' href=\"https:\/\/mid-century-design.com\/wp-content\/uploads\/2024\/08\/Peresztegi.Pair2_.Front3_.jpg\" data-fancybox=\"wpcp_view\">\n\t\t<figure>\n\t\t\t<img loading=\"lazy\" decoding=\"async\" class=\"skip-lazy\" src=\"https:\/\/mid-century-design.com\/wp-content\/uploads\/2024\/08\/Peresztegi.Pair2_.Front3_.jpg\" alt=\"J. Peresztegi, Ikonikus ac\u00e9lcs\u00f6ves karossz\u00e9k p\u00e1r, 1956 - 14. k\u00e9p\" width=\"640\" height=\"480\">\t\t<\/figure>\n\t<\/a>\n\t\t<\/div>\n<\/div>\n\t\t\t<\/div>\n\t\t\t\t\t<div class=\"wpcp-swiper-dots swiper-pagination\"><\/div>\n\t\t\t\t<!-- If we need navigation buttons -->\n\t\t\t\t\t<div class=\"wpcp-prev-button swiper-button-prev\"><i class=\"fa fa-angle-left\"><\/i><\/div>\n\t\t\t<div class=\"wpcp-next-button swiper-button-next\"><i class=\"fa fa-angle-right\"><\/i><\/div>\n\t\t\t<\/div>\n\t<\/div>\n<\/div>\n<\/div>\n<p class=\"has-large-font-size\"><strong>\u00c1r:<\/strong> 590 \u20ac<\/p>\n\n<p class=\"has-large-font-size\"><strong>M\u00e9retek &#8211; magass\u00e1g x sz\u00e9less\u00e9g x m\u00e9lys\u00e9g (cm):<\/strong> 83 x 65 x 80<\/p>\n\n<p class=\"has-large-font-size\"><strong>\u00dcl\u00e9smagass\u00e1g (cm): <\/strong>44<\/p>\n\n<p class=\"has-large-font-size\"><strong>S\u00faly 1 db (kg)<\/strong>: 19<\/p>\n\n<p class=\"has-large-font-size\"><strong>Anyag\/sz\u00edn: <\/strong>ac\u00e9lcs\u0151 kr\u00f3mozott<\/p>\n\n<p class=\"has-large-font-size\"><strong>Sz\u00f6vet: <\/strong>Eredeti<\/p>\n\n<p class=\"has-large-font-size\"><strong>\u00c1llapot:<\/strong> Eredeti \u00e1llapot. <br\/>Gyakorlatilag \u00e9p cs\u0151v\u00e1z.<br\/>A sz\u00f6veten a kor \u00e9s a kop\u00e1s \u00e9sszer\u0171 jelei l\u00e1tszanak (szennyez\u0151d\u00e9sek, fakul\u00e1s \u00e9s n\u00e9h\u00e1ny kop\u00e1s).<br\/>Szakszer\u0171en, bio mos\u00f3szerrel tiszt\u00edtva.<\/p>\n\n<p class=\"has-large-font-size\"><strong>Sz\u00e1ll\u00edt\u00e1si lehet\u0151s\u00e9gek:<\/strong><\/p>\n\n<ol class=\"wp-block-list\">\n<li>Ex B\u00e9cs &#8211; ingyenesen<\/li>\n\n\n\n<li>H\u00e1zhozsz\u00e1ll\u00edt\u00e1s vil\u00e1gszerte &#8211; netto sz\u00e1ll\u00edt\u00e1si d\u00edj.<\/li>\n<\/ol>\n\n<p class=\"has-large-font-size\">A sz\u00e1ll\u00edt\u00e1st a vezet\u0151 eur\u00f3pai logisztikai v\u00e1llalat v\u00e9gzi, amely biztos\u00edtja a tervez\u00e9si t\u00e1rgy magas sz\u00ednvonal\u00fa sz\u00e1ll\u00edt\u00e1s\u00e1t.<\/p>\n\n<h3 class=\"wp-block-heading\"><strong>Hivatkoz\u00e1sok:<\/strong> Ez a fotel szerepel a Somlai Tibor &#8222;T\u00e1vol \u00e9s k\u00f6zel &#8211; Bels\u0151\u00e9p\u00edt\u00e9szet a h\u00e1bor\u00fa ut\u00e1n 1945-1970&#8221; c\u00edm\u0171 k\u00f6nyv\u00e9ben (Corvina Kiad\u00f3, 2010, ISBN 9789631359596).<\/h3>\n\n<figure class=\"wp-block-image size-full\"><img loading=\"lazy\" decoding=\"async\" width=\"814\" height=\"520\" src=\"https:\/\/mid-century-design.com\/wp-content\/uploads\/2024\/08\/SomlaiTibor.Tavoleskozel.Titlep84.PERESZTEGI.jpg\" alt=\"\" class=\"wp-image-637\" srcset=\"https:\/\/mid-century-design.com\/wp-content\/uploads\/2024\/08\/SomlaiTibor.Tavoleskozel.Titlep84.PERESZTEGI.jpg 814w, https:\/\/mid-century-design.com\/wp-content\/uploads\/2024\/08\/SomlaiTibor.Tavoleskozel.Titlep84.PERESZTEGI-300x192.jpg 300w, https:\/\/mid-century-design.com\/wp-content\/uploads\/2024\/08\/SomlaiTibor.Tavoleskozel.Titlep84.PERESZTEGI-768x491.jpg 768w\" sizes=\"auto, (max-width: 814px) 100vw, 814px\" \/><\/figure>\n","protected":false},"excerpt":{"rendered":"<p>A Bauhaus st\u00edlus\u00fa cs\u0151v\u00e1zas fotelek nagyon n\u00e9pszer\u0171 modellj\u00e9t a jelent\u0151s magyar tervez\u0151 J\u00f3zsef Peresztegi a BAUHAUS hagyom\u00e1nyai szerint, de az \u0151 eredeti st\u00edlus\u00e1ban tervezte. El\u0151sz\u00f6r 1956-ban \u00e1ll\u00edtott\u00e1k ki, \u00e9s ett\u0151l kezdve eg\u00e9szen az 1960-as \u00e9vekig gy\u00e1rtott\u00e1k.Nagyon stabil \u00e9s k\u00e9nyelmes. \u00c1r: 590 \u20ac M\u00e9retek &#8211; magass\u00e1g x sz\u00e9less\u00e9g x m\u00e9lys\u00e9g (cm): 83 x 65 x 80 [&hellip;]<\/p>\n","protected":false},"author":1,"featured_media":0,"parent":0,"menu_order":0,"comment_status":"closed","ping_status":"closed","template":"","meta":{"footnotes":""},"class_list":["post-2046","page","type-page","status-publish","hentry"],"_links":{"self":[{"href":"https:\/\/mid-century-design.com\/hu\/wp-json\/wp\/v2\/pages\/2046","targetHints":{"allow":["GET"]}}],"collection":[{"href":"https:\/\/mid-century-design.com\/hu\/wp-json\/wp\/v2\/pages"}],"about":[{"href":"https:\/\/mid-century-design.com\/hu\/wp-json\/wp\/v2\/types\/page"}],"author":[{"embeddable":true,"href":"https:\/\/mid-century-design.com\/hu\/wp-json\/wp\/v2\/users\/1"}],"replies":[{"embeddable":true,"href":"https:\/\/mid-century-design.com\/hu\/wp-json\/wp\/v2\/comments?post=2046"}],"version-history":[{"count":17,"href":"https:\/\/mid-century-design.com\/hu\/wp-json\/wp\/v2\/pages\/2046\/revisions"}],"predecessor-version":[{"id":3653,"href":"https:\/\/mid-century-design.com\/hu\/wp-json\/wp\/v2\/pages\/2046\/revisions\/3653"}],"wp:attachment":[{"href":"https:\/\/mid-century-design.com\/hu\/wp-json\/wp\/v2\/media?parent=2046"}],"curies":[{"name":"wp","href":"https:\/\/api.w.org\/{rel}","templated":true}]}}