{"id":1818,"date":"2024-08-15T09:11:36","date_gmt":"2024-08-15T07:11:36","guid":{"rendered":"https:\/\/mid-century-design.com\/thonet\/"},"modified":"2024-12-15T13:42:47","modified_gmt":"2024-12-15T12:42:47","slug":"thonet","status":"publish","type":"page","link":"https:\/\/mid-century-design.com\/hu\/thonet\/","title":{"rendered":"Thonet az 1920-1940-es \u00e9vekben"},"content":{"rendered":"\n<h4 class=\"wp-block-heading\">Az innovat\u00edv hajl\u00edtottfa b\u00fatorair\u00f3l ismert Thonet c\u00e9g 1920 \u00e9s 1940 k\u00f6z\u00f6tt sz\u00e1mos jelent\u0151s v\u00e1ltoz\u00e1son \u00e9s kih\u00edv\u00e1son ment kereszt\u00fcl.<\/h4>\n\n<h4 class=\"wp-block-heading\">1920 &#8211; 1930<\/h4>\n\n<p>Az els\u0151 vil\u00e1gh\u00e1bor\u00fa ut\u00e1n a Thonet c\u00e9g egyes\u00fclt kor\u00e1bbi versenyt\u00e1rsaival, \u00e9s 1924-ben megalakult a Thonet-Mundus k\u00f6z\u00f6s v\u00e1llalat. Az egyes\u00fcl\u00e9s c\u00e9lja a gazdas\u00e1gi neh\u00e9zs\u00e9gek lek\u00fczd\u00e9se \u00e9s a piaci poz\u00edci\u00f3 meger\u0151s\u00edt\u00e9se volt. Ebben az id\u0151szakban a v\u00e1llalat a gy\u00e1rt\u00e1s moderniz\u00e1l\u00e1s\u00e1ra \u00e9s a v\u00e1laszt\u00e9k b\u0151v\u00edt\u00e9s\u00e9re \u00f6sszpontos\u00edtott, ami a korszak jelent\u0151s tervez\u0151ivel val\u00f3 egy\u00fcttm\u0171k\u00f6d\u00e9st is mag\u00e1ban foglalta.  <\/p>\n\n<p>Mivel a Thonet nem volt az ac\u00e9lcs\u0151b\u00fatorok \u00fatt\u00f6r\u0151je, m\u00e1s kisebb c\u00e9gek okos felv\u00e1s\u00e1rl\u00e1s\u00e1val siker\u00fclt vezet\u0151 poz\u00edci\u00f3t szereznie ezen a ter\u00fcleten, p\u00e9ld\u00e1ul 1929-ben a berlini Standard M\u00f6bel, amely Marcel Breuer \u00e1ltal tervezett modelleket gy\u00e1rtott &#8211; Kalman- \u00e9s Breuer-t\u0151l, a Desta pedig az 1930-as \u00e9vekben &#8211; Breuer partner\u00e9t\u0151l, Anton Lorenz-tol.<\/p>\n\n<h4 class=\"wp-block-heading\">1930 &#8211; 1940<\/h4>\n\n<p>Az 1930-as \u00e9vekben a Thonet tov\u00e1bb fejl\u0151d\u00f6tt, de az eur\u00f3pai politikai \u00e9s gazdas\u00e1gi v\u00e1ltoz\u00e1sokkal egy\u00fctt j\u00e1r\u00f3 \u00faj kih\u00edv\u00e1sokkal is szembe kellett n\u00e9znie. A m\u00e1sodik vil\u00e1gh\u00e1bor\u00fa alatt a h\u00e1bor\u00fas esem\u00e9nyek befoly\u00e1solt\u00e1k a termel\u00e9st, ami a termel\u00e9s cs\u00f6kkent\u00e9s\u00e9hez \u00e9s a v\u00e1llalat vezet\u00e9s\u00e9ben bek\u00f6vetkezett v\u00e1ltoz\u00e1sokhoz vezetett. Mindazon\u00e1ltal a Thonet meg\u0151rizte h\u00edrnev\u00e9t, mint min\u0151s\u00e9gi b\u00fatorgy\u00e1rt\u00f3, \u00e9s term\u00e9kei tov\u00e1bbra is keresettek voltak.  <\/p>\n\n<p>Az 1930-as \u00e9vekben a Thonet megel\u0151zte a cs\u0151b\u00fatorok vezet\u0151 gy\u00e1rt\u00f3j\u00e1t, a Schorndorf bei Stuttgartban m\u0171k\u00f6d\u0151 L. &amp; C. Arnoldot, \u00e9s piacvezet\u0151 lett.<\/p>\n\n<p>Ebben az id\u0151szakban a Thonet igyekezett meg\u0151rizni innovat\u00edv jelleg\u00e9t \u00e9s alkalmazkodni a v\u00e1ltoz\u00f3 piaci felt\u00e9telekhez. Hajl\u00edtottfa b\u00fatorai tov\u00e1bbra is n\u00e9pszer\u0171ek maradtak, \u00e9s a c\u00e9g igyekezett l\u00e9p\u00e9st tartani a moderns\u00e9ggel. <\/p>\n","protected":false},"excerpt":{"rendered":"<p>Az innovat\u00edv hajl\u00edtottfa b\u00fatorair\u00f3l ismert Thonet c\u00e9g 1920 \u00e9s 1940 k\u00f6z\u00f6tt sz\u00e1mos jelent\u0151s v\u00e1ltoz\u00e1son \u00e9s kih\u00edv\u00e1son ment kereszt\u00fcl. 1920 &#8211; 1930 Az els\u0151 vil\u00e1gh\u00e1bor\u00fa ut\u00e1n a Thonet c\u00e9g egyes\u00fclt kor\u00e1bbi versenyt\u00e1rsaival, \u00e9s 1924-ben megalakult a Thonet-Mundus k\u00f6z\u00f6s v\u00e1llalat. Az egyes\u00fcl\u00e9s c\u00e9lja a gazdas\u00e1gi neh\u00e9zs\u00e9gek lek\u00fczd\u00e9se \u00e9s a piaci poz\u00edci\u00f3 meger\u0151s\u00edt\u00e9se volt. Ebben az id\u0151szakban a [&hellip;]<\/p>\n","protected":false},"author":1,"featured_media":0,"parent":0,"menu_order":0,"comment_status":"closed","ping_status":"closed","template":"","meta":{"footnotes":""},"class_list":["post-1818","page","type-page","status-publish","hentry"],"_links":{"self":[{"href":"https:\/\/mid-century-design.com\/hu\/wp-json\/wp\/v2\/pages\/1818","targetHints":{"allow":["GET"]}}],"collection":[{"href":"https:\/\/mid-century-design.com\/hu\/wp-json\/wp\/v2\/pages"}],"about":[{"href":"https:\/\/mid-century-design.com\/hu\/wp-json\/wp\/v2\/types\/page"}],"author":[{"embeddable":true,"href":"https:\/\/mid-century-design.com\/hu\/wp-json\/wp\/v2\/users\/1"}],"replies":[{"embeddable":true,"href":"https:\/\/mid-century-design.com\/hu\/wp-json\/wp\/v2\/comments?post=1818"}],"version-history":[{"count":6,"href":"https:\/\/mid-century-design.com\/hu\/wp-json\/wp\/v2\/pages\/1818\/revisions"}],"predecessor-version":[{"id":1889,"href":"https:\/\/mid-century-design.com\/hu\/wp-json\/wp\/v2\/pages\/1818\/revisions\/1889"}],"wp:attachment":[{"href":"https:\/\/mid-century-design.com\/hu\/wp-json\/wp\/v2\/media?parent=1818"}],"curies":[{"name":"wp","href":"https:\/\/api.w.org\/{rel}","templated":true}]}}