{"id":1770,"date":"2024-09-08T15:19:20","date_gmt":"2024-09-08T13:19:20","guid":{"rendered":"https:\/\/mid-century-design.com\/univerzal-prostejov-2\/"},"modified":"2024-12-10T16:23:35","modified_gmt":"2024-12-10T15:23:35","slug":"univerzal-prostejov-2","status":"publish","type":"page","link":"https:\/\/mid-century-design.com\/hu\/univerzal-prostejov-2\/","title":{"rendered":"Univerzal Prost\u011bjov"},"content":{"rendered":"\n<div class=\"wp-block-group is-layout-flow wp-block-group-is-layout-flow\">\n<p>Az els\u0151 vil\u00e1gh\u00e1bor\u00fa el\u0151tt a lak\u00e1sokat olyan b\u00fatorokkal rendezt\u00e9k be, amelyek integr\u00e1lt b\u00fatoregy\u00fctteseket alkottak. Ezek annyira specifikusak voltak, hogy az egyes darabokat nem lehetett m\u00e1s kollekci\u00f3k b\u00fatoraival kombin\u00e1lni. Mivel sok darabjuk nagym\u00e9ret\u0171 volt, ez a fajta b\u00fator nem volt igaz\u00e1n praktikus.  <\/p>\n\n\n\n<p>A h\u00e1bor\u00fa ut\u00e1n a lak\u00e1sv\u00e1ls\u00e1g \u00e9s a k\u00fcl\u00f6nb\u00f6z\u0151 m\u00e9ret\u0171 lak\u00e1sok b\u00fatorzat\u00e1nak hi\u00e1nya meghat\u00e1rozta a modern \u00e9p\u00edt\u00e9szeti ir\u00e1nyzatokat. A funkcionalizmus, amely a funkci\u00f3t helyezte el\u0151t\u00e9rbe az eszt\u00e9tik\u00e1val szemben, uralkod\u00f3 szeml\u00e9letm\u00f3dd\u00e1 v\u00e1lt a lak\u00e1s\u00e9p\u00edt\u00e9szek \u00e9s b\u00fatortervez\u0151k javaslataiban. Megt\u00f6rt\u00e9ntek az els\u0151 k\u00eds\u00e9rletek a b\u00fatorok modularit\u00e1s\u00e1ra.  <\/p>\n\n\n\n<p>A m\u00e1sodik vil\u00e1gh\u00e1bor\u00fa ut\u00e1n, amikor az els\u0151 vil\u00e1gh\u00e1bor\u00fa v\u00e9g\u00e9hez hasonl\u00f3 probl\u00e9m\u00e1k mer\u00fcltek fel, ism\u00e9t a lak\u00e1sv\u00e1ls\u00e1ggal \u00e9s a b\u00fatorhi\u00e1nnyal foglalkoztak. A kor\u00e1bbi, h\u00e1bor\u00fa el\u0151tti fejleszt\u00e9sre alapozva \u00e9s annak folytat\u00e1sak\u00e9nt a modul\u00e1ris kialak\u00edt\u00e1s lett a megold\u00e1s a kis, k\u00f6zepes \u00e9s nagym\u00e9ret\u0171 lak\u00e1sok sz\u00e1m\u00e1ra. <\/p>\n\n\n\n<p>Az Univerzal \u00e1ltal gy\u00e1rtott modul\u00e1ris b\u00fatorok a h\u00e1bor\u00fa ut\u00e1ni er\u0151fesz\u00edt\u00e9sek r\u00e9sz\u00e9t k\u00e9pezt\u00e9k a lak\u00e1sv\u00e1ls\u00e1g \u00e9s a b\u00fatorhi\u00e1ny megold\u00e1s\u00e1ra tett er\u0151fesz\u00edt\u00e9seknek. A szekcion\u00e1lt b\u00fatorokat \u00fagy tervezt\u00e9k, hogy praktikusak \u00e9s modul\u00e1risak legyenek, \u00edgy k\u00f6nnyen alkalmazkodtak a k\u00fcl\u00f6nb\u00f6z\u0151 terekhez \u00e9s ig\u00e9nyekhez. <\/p>\n\n\n\n<p>A v\u00e1llalat \u00e1ltal gy\u00e1rtott b\u00fatorok egyszer\u0171 \u00e9s funkcion\u00e1lis kialak\u00edt\u00e1sukr\u00f3l \u00e9s kiv\u00e1l\u00f3 min\u0151s\u00e9g\u0171 t\u00f6m\u00f6r f\u00e1r\u00f3l, gyakran t\u00f6lgy vagy b\u00fckkf\u00e1r\u00f3l voltak ismertek. Ezek az anyagok szil\u00e1rds\u00e1guk \u00e9s tart\u00f3ss\u00e1guk miatt voltak n\u00e9pszer\u0171ek, ami biztos\u00edtotta a b\u00fatorok hossz\u00fa \u00e9lettartam\u00e1t. <\/p>\n\n\n\n<p>A design a tiszta vonalakon \u00e9s a minimalista megjelen\u00e9sen alapult, ami \u00f6sszhangban volt az akkori modernista trendekkel.<\/p>\n<\/div>\n","protected":false},"excerpt":{"rendered":"<p>Az els\u0151 vil\u00e1gh\u00e1bor\u00fa el\u0151tt a lak\u00e1sokat olyan b\u00fatorokkal rendezt\u00e9k be, amelyek integr\u00e1lt b\u00fatoregy\u00fctteseket alkottak. Ezek annyira specifikusak voltak, hogy az egyes darabokat nem lehetett m\u00e1s kollekci\u00f3k b\u00fatoraival kombin\u00e1lni. Mivel sok darabjuk nagym\u00e9ret\u0171 volt, ez a fajta b\u00fator nem volt igaz\u00e1n praktikus. A h\u00e1bor\u00fa ut\u00e1n a lak\u00e1sv\u00e1ls\u00e1g \u00e9s a k\u00fcl\u00f6nb\u00f6z\u0151 m\u00e9ret\u0171 lak\u00e1sok b\u00fatorzat\u00e1nak hi\u00e1nya meghat\u00e1rozta a [&hellip;]<\/p>\n","protected":false},"author":1,"featured_media":0,"parent":0,"menu_order":0,"comment_status":"closed","ping_status":"closed","template":"","meta":{"footnotes":""},"class_list":["post-1770","page","type-page","status-publish","hentry"],"_links":{"self":[{"href":"https:\/\/mid-century-design.com\/hu\/wp-json\/wp\/v2\/pages\/1770","targetHints":{"allow":["GET"]}}],"collection":[{"href":"https:\/\/mid-century-design.com\/hu\/wp-json\/wp\/v2\/pages"}],"about":[{"href":"https:\/\/mid-century-design.com\/hu\/wp-json\/wp\/v2\/types\/page"}],"author":[{"embeddable":true,"href":"https:\/\/mid-century-design.com\/hu\/wp-json\/wp\/v2\/users\/1"}],"replies":[{"embeddable":true,"href":"https:\/\/mid-century-design.com\/hu\/wp-json\/wp\/v2\/comments?post=1770"}],"version-history":[{"count":4,"href":"https:\/\/mid-century-design.com\/hu\/wp-json\/wp\/v2\/pages\/1770\/revisions"}],"predecessor-version":[{"id":1784,"href":"https:\/\/mid-century-design.com\/hu\/wp-json\/wp\/v2\/pages\/1770\/revisions\/1784"}],"wp:attachment":[{"href":"https:\/\/mid-century-design.com\/hu\/wp-json\/wp\/v2\/media?parent=1770"}],"curies":[{"name":"wp","href":"https:\/\/api.w.org\/{rel}","templated":true}]}}