{"id":1687,"date":"2024-06-08T14:43:36","date_gmt":"2024-06-08T12:43:36","guid":{"rendered":"https:\/\/mid-century-design.com\/beispiel-seite\/"},"modified":"2025-02-28T16:59:16","modified_gmt":"2025-02-28T15:59:16","slug":"beispiel-seite","status":"publish","type":"page","link":"https:\/\/mid-century-design.com\/hu\/","title":{"rendered":"Mid-Century Design b\u00fatorok K\u00f6z\u00e9p-Eur\u00f3p\u00e1b\u00f3l"},"content":{"rendered":"\n<h2 class=\"wp-block-heading\"><strong>Mi\u00e9rt Mid-Century?<\/strong><\/h2>\n\n<p>A Mid-Century b\u00fatorai &#8211; a lakberendez\u00e9s &#8222;aranykorszaka&#8221; &#8211; egyszer\u0171 kialak\u00edt\u00e1s\u00faak, de nagy hat\u00e1s\u00faak, \u00e9s \u00e9ppen ez\u00e9rt \u00fajra olyan n\u00e9pszer\u0171ek.<br\/>A Mid-Century b\u00fatorai id\u0151tlen vonzer\u0151je miatt rendk\u00edv\u00fcl gy\u0171jthet\u0151ek, visszafogott sz\u00e9ps\u00e9g\u00fck, egyszer\u0171 vonalvezet\u00e9s\u00fck \u00e9s \u00e1ramvonalas form\u00e1ik lehet\u0151v\u00e9 teszik, hogy sikeresen kombin\u00e1lhat\u00f3k m\u00e1s korszakok darabjaival.<\/p>\n\n<h2 class=\"wp-block-heading\"><strong>Az alapok<\/strong><\/h2>\n\n<p>Az 1920-30-as \u00e9vek t\u00f6rt\u00e9nelmi formatervez\u00e9sei &#8211; Mies van der Rohe ac\u00e9lcs\u00f6ves \u00e9s b\u0151rb\u00fatorainak minimalista megjelen\u00e9se, Corbusier ikonikus f\u00e9mkeretes karossz\u00e9kei, Josef Hoffmann b\u00e9csi szecesszi\u00f3j\u00e1nak art deco kifejez\u00e9se, a Bauhaus funkcionalit\u00e1sa &#8211; meglep\u0151en kort\u00e1rsk\u00e9nt jelentek meg \u00fajra.<br\/>Mindezek a hat\u00e1sok akt\u00edvan alak\u00edtott\u00e1k az 1950-es \u00e9vek jellegzetes st\u00edlus\u00e1t, amelyet az olyan t\u00e1rgyak ir\u00e1nti ig\u00e9ny vez\u00e9relt, amelyek eszt\u00e9tikai tulajdons\u00e1gai p\u00e1rhuzamosan m\u0171k\u00f6dnek funkcion\u00e1lis tulajdons\u00e1gaikkal.<br\/>A skandin\u00e1v design &#8222;understatement&#8221; eszt\u00e9tik\u00e1ja a term\u00e9szetes \u00e9s tiszta vonalakkal, funkcionalizmussal \u00e9s egyszer\u0171s\u00edtett form\u00e1kkal szint\u00e9n renesz\u00e1nsz\u00e1t \u00e9lte.<\/p>\n\n<h2 class=\"wp-block-heading\"><strong>A fejleszt\u00e9s<\/strong><\/h2>\n\n<p>A Mid-Century st\u00edlus\u00e1t a forma \u00e9s a funkci\u00f3 egyes\u00edt\u00e9se hozta l\u00e9tre &#8211; a kort\u00e1rs \u00edzl\u00e9snek \u00e9s a gazdas\u00e1gi megfizethet\u0151s\u00e9gnek megfelel\u0151en.<br\/>B\u00e1r Franciaorsz\u00e1gban az 1920-as \u00e9s 30-as \u00e9vekben kialakult pazar dekor\u00e1ci\u00f3, amelyet a Beaut\u00e9 de France d\u00edj t\u00e1mogatott, az 1950-es \u00e9vekben (Perriand, Prouv\u00e9 \u00e9s Herbst kiv\u00e9tel\u00e9vel) folytat\u00e1sra tal\u00e1lt, a modernista mint\u00e1k \u00e9rv\u00e9nyes\u00fcltek, \u00e9s a korszak ikonjai ennek a f\u0151\u00e1ram\u00fa modernista ir\u00e1nyzatnak k\u00f6sz\u00f6nhet\u0151k.<\/p>\n\n<p>Napjainkban a modernizmus kult\u00far\u00e1j\u00e1t szimboliz\u00e1l\u00f3 Mid-Century klasszikusok \u00fajj\u00e1\u00e9lednek, \u00e9s sokuk a mai bels\u0151 terekben kultur\u00e1lis m\u0171t\u00e1rgyak k\u00f6z\u00e9 emelkedett.<\/p>\n\n<h2 class=\"wp-block-heading\"><strong>Mi a helyzet a st\u00edlusokkal?<\/strong><\/h2>\n\n<p>Ha st\u00edlusokr\u00f3l van sz\u00f3 &#8211; \u00e9s ez k\u00fcl\u00f6n\u00f6sen igaz a Mid-Century-re -, azt gyakran a korszak hat\u00e1rozza meg. A t\u00e1rgyak tervez\u00e9se azonban az el\u0151z\u0151 trend \u00e1talakul\u00e1s\u00e1nak \u00e9s v\u00e1ltoz\u00e1s\u00e1nak van kit\u00e9ve, \u00edgy neh\u00e9z nyomon k\u00f6vetni a fejl\u0151d\u00e9s szakaszait &#8211; az egyik fotel lehet art deco, egy m\u00e1sik t\u00edz \u00e9vvel k\u00e9s\u0151bb m\u00e1r Mid-Century, egy m\u00e1sik pedig egyes\u00edti mindkett\u0151 jellemz\u0151it.<\/p>\n\n<p>Ez\u00e9rt mutatjuk be a Mid-Century diz\u00e1jnj\u00e1nak t\u00e1rgyait, valamint n\u00e9h\u00e1nyat abb\u00f3l a korb\u00f3l, amely &#8222;hat\u00e1ros&#8221; vele el\u0151tte \u00e9s ut\u00e1na, azaz az 1930-as \u00e9s 1970-es \u00e9vekb\u0151l, \u00edgy a modernista diz\u00e1jn folyamatos sk\u00e1l\u00e1ja.<\/p>\n\n<h2 class=\"wp-block-heading\"><strong>Mi\u00e9rt K\u00f6z\u00e9p-Eur\u00f3pa?<\/strong><\/h2>\n\n<p>A modernizmus olyan klasszikusai mellett, mint Breuer, Corbusier, Stam, Bauhaus, Thonet stb., K\u00f6z\u00e9p-Eur\u00f3p\u00e1ban m\u00e1s jelent\u0151s tervez\u0151 \u00e9s gy\u00e1rt\u00f3 l\u00e9tes\u00edtm\u00e9nyek is megjelentek, amelyek nem csak k\u00f6vett\u00e9k a m\u00e1r megl\u00e9v\u0151 be\u00e1ll\u00edt\u00e1sokat, hanem \u00faj \u00f6tletekkel \u00e9s a klasszikus ir\u00e1nyzatok \u00faj \u00e9rtelmez\u00e9seivel gazdag\u00edtott\u00e1k azokat.<br\/>Csak n\u00e9h\u00e1nyat eml\u00edtve: Jind\u0159ich Halabala, Peresztegi J\u00f3zsef, Jaroslav \u0160m\u00eddek, Jan Van\u011bk tervez\u0151k, valamint a TON \u00e9s UP Z\u00e1vody gy\u00e1rt\u00f3k.<\/p>\n\n<p>A designt\u00e1rgyak kiv\u00e1laszt\u00e1s\u00e1n\u00e1l szak\u00e9rtelm\u00fcnk \u00e9s sz\u00e1rmaz\u00e1sunk miatt K\u00f6z\u00e9p-Eur\u00f3p\u00e1ra (Ausztria, Csehszlov\u00e1kia, Magyarorsz\u00e1g) koncentr\u00e1ltunk, \u00e9s els\u0151sorban azok m\u0171v\u00e9szi min\u0151s\u00e9g\u00e9t, \u00e9s nem utols\u00f3sorban a modern enteri\u0151r\u00f6k r\u00e9szek\u00e9nt val\u00f3 vonzer\u0151j\u00e9t vett\u00fck figyelembe.<\/p>\n\n<h2 class=\"wp-block-heading\"><strong>K\u00f6sz\u00f6nj\u00fck \u00e9s j\u00f3 sz\u00f3rakoz\u00e1st!<\/strong><\/h2>\n","protected":false},"excerpt":{"rendered":"<p>Mi\u00e9rt Mid-Century? A Mid-Century b\u00fatorai &#8211; a lakberendez\u00e9s &#8222;aranykorszaka&#8221; &#8211; egyszer\u0171 kialak\u00edt\u00e1s\u00faak, de nagy hat\u00e1s\u00faak, \u00e9s \u00e9ppen ez\u00e9rt \u00fajra olyan n\u00e9pszer\u0171ek.A Mid-Century b\u00fatorai id\u0151tlen vonzer\u0151je miatt rendk\u00edv\u00fcl gy\u0171jthet\u0151ek, visszafogott sz\u00e9ps\u00e9g\u00fck, egyszer\u0171 vonalvezet\u00e9s\u00fck \u00e9s \u00e1ramvonalas form\u00e1ik lehet\u0151v\u00e9 teszik, hogy sikeresen kombin\u00e1lhat\u00f3k m\u00e1s korszakok darabjaival. Az alapok Az 1920-30-as \u00e9vek t\u00f6rt\u00e9nelmi formatervez\u00e9sei &#8211; Mies van der Rohe [&hellip;]<\/p>\n","protected":false},"author":1,"featured_media":0,"parent":0,"menu_order":0,"comment_status":"closed","ping_status":"open","template":"","meta":{"footnotes":""},"class_list":["post-1687","page","type-page","status-publish","hentry"],"_links":{"self":[{"href":"https:\/\/mid-century-design.com\/hu\/wp-json\/wp\/v2\/pages\/1687","targetHints":{"allow":["GET"]}}],"collection":[{"href":"https:\/\/mid-century-design.com\/hu\/wp-json\/wp\/v2\/pages"}],"about":[{"href":"https:\/\/mid-century-design.com\/hu\/wp-json\/wp\/v2\/types\/page"}],"author":[{"embeddable":true,"href":"https:\/\/mid-century-design.com\/hu\/wp-json\/wp\/v2\/users\/1"}],"replies":[{"embeddable":true,"href":"https:\/\/mid-century-design.com\/hu\/wp-json\/wp\/v2\/comments?post=1687"}],"version-history":[{"count":10,"href":"https:\/\/mid-century-design.com\/hu\/wp-json\/wp\/v2\/pages\/1687\/revisions"}],"predecessor-version":[{"id":2242,"href":"https:\/\/mid-century-design.com\/hu\/wp-json\/wp\/v2\/pages\/1687\/revisions\/2242"}],"wp:attachment":[{"href":"https:\/\/mid-century-design.com\/hu\/wp-json\/wp\/v2\/media?parent=1687"}],"curies":[{"name":"wp","href":"https:\/\/api.w.org\/{rel}","templated":true}]}}