{"id":2839,"date":"2025-07-24T14:43:10","date_gmt":"2025-07-24T12:43:10","guid":{"rendered":"https:\/\/mid-century-design.com\/mucke-melder-freischwinger-fn24-no1\/"},"modified":"2026-03-04T12:08:31","modified_gmt":"2026-03-04T11:08:31","slug":"mucke-melder-freischwinger-fn24-no1","status":"publish","type":"page","link":"https:\/\/mid-century-design.com\/de\/mucke-melder-freischwinger-fn24-no1\/","title":{"rendered":"Freischwinger FN24 von M\u00fccke-Melder (S411), 1940-50er Jahre"},"content":{"rendered":"\n<h2 class=\"wp-block-heading\">M\u00fccke-Melder&#8217;s Version des beliebten S411 von Thonet<\/h2>\n\n<p>Das funktionalistische Modell FN24 von M\u00fccke-Melder wurde unter der Lizenz von Thonet von verschiedenen Firmen hergestellt, wie Hynek Gottwald &#8211; Modell EK34 und Robert Slez\u00e1k &#8211; Modell K29.<\/p>\n\n<p>Nach dem Zweiten Weltkrieg wurden diese Unternehmen verstaatlicht und 1948 in den Kovona NP (Tschechoslowakei) integriert.<\/p>\n\n<p>Dieser gepolsterte Sessel basiert auf dem Originalentwurf des Spring Chair von Marcel Breuer, f\u00fcr den Willem Hendrik Gispen die Sitz- und R\u00fcckenpolsterung entworfen hat.<\/p>\n\n<p>In den 1930er Jahren begannen die Rohrm\u00f6bel, sich den W\u00fcnschen der Kunden anzupassen, die Polsterm\u00f6bel bevorzugten, so dass die Polsterung wesentlich zum Erfolg dieses Sesseltyps beitrug. Der Niederl\u00e4nder WH Gispen war immer der Meinung, dass ein Stuhl einfach die Funktion des Sitzens erf\u00fcllen muss. Daher entwarf Gispen seine M\u00f6bel konsequent mit Blick auf ein bequemes Sitzerlebnis.  <\/p>\n\n<p>Die lizenzierten Modelle f\u00fcr S411 unterscheiden sich in gewisser Weise vom Original und bieten unter Beibehaltung des Gesamteindrucks einen neuen Look dieses au\u00dferordentlich beliebten M\u00f6belst\u00fccks.<br\/>Das FN24 hat etwa ein &#8222;sportliches&#8220; Design, da es einerseits 8 cm h\u00f6her ist und andereseits eine etwas geringere Tiefe und schmalere Breite aufweist.<\/p>\n<div><style id=\"wp_carousel_dynamic_css2833\">#sp-wp-carousel-free-id-2833 .wpcp-swiper-dots {margin: 40px 0px 0px 0px;}.wpcp-wrapper-2833 .swiper-wrapper .swiper-slide-kenburn, .wpcp-wrapper-2833 .swiper-wrapper, .wpcp-wrapper-2833 .wpcpro-row{align-items: center;}#sp-wp-carousel-free-id-2833 .wpcp-single-item {box-shadow: 0px 0px 0px 0px #dddddd;transition: all .3s;margin: 0px;}#sp-wp-carousel-free-id-2833.swiper-flip .wpcp-single-item{margin: 0!important;}#sp-wp-carousel-free-id-2833 .wpcp-single-item:hover {box-shadow: 0px 0px 0px 0px #dddddd;}#sp-wp-carousel-free-id-2833.sp-wpcp-2833 .wpcp-single-item {border: 1px solid #dddddd;}#sp-wp-carousel-free-id-2833.sp-wpcp-2833 .swiper-button-prev,#sp-wp-carousel-free-id-2833.sp-wpcp-2833 .swiper-button-next,#sp-wp-carousel-free-id-2833.sp-wpcp-2833 .swiper-button-prev:hover,#sp-wp-carousel-free-id-2833.sp-wpcp-2833 .swiper-button-next:hover {background: none;border: none;font-size: 30px;}#sp-wp-carousel-free-id-2833.sp-wpcp-2833 .swiper-button-prev i,#sp-wp-carousel-free-id-2833.sp-wpcp-2833 .swiper-button-next i {color: #aaa;}#sp-wp-carousel-free-id-2833.sp-wpcp-2833 .swiper-button-prev i:hover,#sp-wp-carousel-free-id-2833.sp-wpcp-2833 .swiper-button-next i:hover {color: #178087;}#sp-wp-carousel-free-id-2833.sp-wpcp-2833 .wpcp-swiper-dots .swiper-pagination-bullet {background-color: #cccccc;}#sp-wp-carousel-free-id-2833.sp-wpcp-2833 .wpcp-swiper-dots .swiper-pagination-bullet.swiper-pagination-bullet-active {background-color: #178087;} #sp-wp-carousel-free-id-2833.sp-wpcp-2833.wpcp-image-carousel .wpcp-single-item:hover img, #sp-wp-carousel-free-id-2833.sp-wpcp-2833.wpcp-post-carousel .wpcp-single-item:hover img, #sp-wp-carousel-free-id-2833.sp-wpcp-2833.wpcp-product-carousel .wpcp-single-item:hover img{-webkit-transform: scale(1.2);-moz-transform: scale(1.2);transform: scale(1.2);}#sp-wp-carousel-free-id-2833 .wpcpro-row>[class*=\"wpcpro-col-\"] { padding: 0 10px; padding-bottom: 20px;} #sp-wp-carousel-free-id-2833 .swiper-slide .single-item-fade:not(:last-child) { margin-right: 20px;}@media (min-width: 480px) { .wpcpro-row .wpcpro-col-sm-1 { flex: 0 0 100%; max-width: 100%; } .wpcpro-row .wpcpro-col-sm-2 { flex: 0 0 50%; max-width: 50%; } .wpcpro-row .wpcpro-col-sm-2-5 { flex: 0 0 75%; max-width: 75%; } .wpcpro-row .wpcpro-col-sm-3 { flex: 0 0 33.333%; max-width: 33.333%; } .wpcpro-row .wpcpro-col-sm-4 { flex: 0 0 25%; max-width: 25%; } .wpcpro-row .wpcpro-col-sm-5 { flex: 0 0 20%; max-width: 20%; } .wpcpro-row .wpcpro-col-sm-6 { flex: 0 0 16.66666666666667%; max-width: 16.66666666666667%; } .wpcpro-row .wpcpro-col-sm-7 { flex: 0 0 14.28571428%; max-width: 14.28571428%; } .wpcpro-row .wpcpro-col-sm-8 { flex: 0 0 12.5%; max-width: 12.5%; } } @media (max-width: 480px) { .wpcpro-row .wpcpro-col-xs-1 { flex: 0 0 100%; max-width: 100%; } .wpcpro-row .wpcpro-col-xs-2 { flex: 0 0 50%; max-width: 50%; } .wpcpro-row .wpcpro-col-xs-3 { flex: 0 0 33.222%; max-width: 33.222%; } .wpcpro-row .wpcpro-col-xs-4 { flex: 0 0 25%; max-width: 25%; } .wpcpro-row .wpcpro-col-xs-5 { flex: 0 0 20%; max-width: 20%; } .wpcpro-row .wpcpro-col-xs-6 { flex: 0 0 16.6667%; max-width: 16.6667%; } .wpcpro-row .wpcpro-col-xs-7 { flex: 0 0 14.28571428%; max-width: 14.28571428%; } .wpcpro-row .wpcpro-col-xs-8 { flex: 0 0 12.5%; max-width: 12.5%; } } @media (min-width: 736px) { .wpcpro-row .wpcpro-col-md-1 { flex: 0 0 100%; max-width: 100%; } .wpcpro-row .wpcpro-col-md-2 { flex: 0 0 50%; max-width: 50%; } .wpcpro-row .wpcpro-col-md-2-5 { flex: 0 0 75%; max-width: 75%; } .wpcpro-row .wpcpro-col-md-3 { flex: 0 0 33.333%; max-width: 33.333%; } .wpcpro-row .wpcpro-col-md-4 { flex: 0 0 25%; max-width: 25%; } .wpcpro-row .wpcpro-col-md-5 { flex: 0 0 20%; max-width: 20%; } .wpcpro-row .wpcpro-col-md-6 { flex: 0 0 16.66666666666667%; max-width: 16.66666666666667%; } .wpcpro-row .wpcpro-col-md-7 { flex: 0 0 14.28571428%; max-width: 14.28571428%; } .wpcpro-row .wpcpro-col-md-8 { flex: 0 0 12.5%; max-width: 12.5%; } } @media (min-width: 980px) { .wpcpro-row .wpcpro-col-lg-1 { flex: 0 0 100%; max-width: 100%; } .wpcpro-row .wpcpro-col-lg-2 { flex: 0 0 50%; max-width: 50%; } .wpcpro-row .wpcpro-col-lg-3 { flex: 0 0 33.222%; max-width: 33.222%; } .wpcpro-row .wpcpro-col-lg-4 { flex: 0 0 25%; max-width: 25%; } .wpcpro-row .wpcpro-col-lg-5 { flex: 0 0 20%; max-width: 20%; } .wpcpro-row .wpcpro-col-lg-6 { flex: 0 0 16.6667%; max-width: 16.6667%; } .wpcpro-row .wpcpro-col-lg-7 { flex: 0 0 14.28571428%; max-width: 14.28571428%; } .wpcpro-row .wpcpro-col-lg-8 { flex: 0 0 12.5%; max-width: 12.5%; } } @media (min-width: 1200px) { .wpcpro-row .wpcpro-col-xl-1 { flex: 0 0 100%; max-width: 100%; } .wpcpro-row .wpcpro-col-xl-2 { flex: 0 0 50%; max-width: 50%; } .wpcpro-row .wpcpro-col-xl-3 { flex: 0 0 33.22222222%; max-width: 33.22222222%; } .wpcpro-row .wpcpro-col-xl-4 { flex: 0 0 25%; max-width: 25%; } .wpcpro-row .wpcpro-col-xl-5 { flex: 0 0 20%; max-width: 20%; } .wpcpro-row .wpcpro-col-xl-6 { flex: 0 0 16.66667%; max-width: 16.66667%; } .wpcpro-row .wpcpro-col-xl-7 { flex: 0 0 14.28571428%; max-width: 14.28571428%; } .wpcpro-row .wpcpro-col-xl-8 { flex: 0 0 12.5%; max-width: 12.5%; } }<\/style><div class=\"wpcp-carousel-wrapper wpcp-wrapper-2833\">\n\t<div id=\"wpcp-preloader-2833\" class=\"wpcp-carousel-preloader\"><img decoding=\"async\" src=\"https:\/\/mid-century-design.com\/wp-content\/plugins\/wp-carousel-free\/public\/css\/spinner.svg\" alt=\"Preloader Image\" \/><\/div>\t<div class=\"wpcp-carousel-content-wrapper\">\n\t<div id=\"sp-wp-carousel-free-id-2833\" class=\"wpcp-carousel-section sp-wpcp-2833  nav-vertical-center wpcp-image-carousel wpcp-preloader wpcp-standard\" data-swiper='{ &quot;accessibility&quot;:true, &quot;spaceBetween&quot;:20, &quot;arrows&quot;:true, &quot;freeMode&quot;: false, &quot;autoplay&quot;:true, &quot;effect&quot;: &quot;&quot;, &quot;centerMode&quot;: false, &quot;autoplaySpeed&quot;:3000, &quot;dots&quot;:true, &quot;infinite&quot;:true, &quot;speed&quot;:600, &quot;pauseOnHover&quot;:true,\n\t\t\t&quot;slidesToShow&quot;:{&quot;lg_desktop&quot;:5, &quot;desktop&quot;: 4, &quot;laptop&quot;: 3, &quot;tablet&quot;: 2, &quot;mobile&quot;: 1}, &quot;responsive&quot;:{&quot;desktop&quot;:1200, &quot;laptop&quot;: 980, &quot;tablet&quot;: 736, &quot;mobile&quot;: 480}, &quot;rtl&quot;:false, &quot;lazyLoad&quot;: &quot;false&quot;, &quot;swipe&quot;: true, &quot;draggable&quot;: true, &quot;swipeToSlide&quot;:false }' dir=\"ltr\">\n\t\t<div class=\"swiper-wrapper\">\n\t\t<div class=\"swiper-slide\">\n\t<div class=\"wpcp-single-item\">\n\t\t\t<a class=\"wcp-light-box\" data-buttons='[\"close\"]' data-wpc_url='https:\/\/mid-century-design.com\/wp-content\/uploads\/2025\/07\/Mucke-Melder-cantilever-armchair-FN24-No.1-main-view-rotated.jpg' href=\"https:\/\/mid-century-design.com\/wp-content\/uploads\/2025\/07\/Mucke-Melder-cantilever-armchair-FN24-No.1-main-view-rotated.jpg\" data-fancybox=\"wpcp_view\">\n\t\t<figure>\n\t\t\t<img loading=\"lazy\" decoding=\"async\" class=\"skip-lazy\" src=\"https:\/\/mid-century-design.com\/wp-content\/uploads\/2025\/07\/Mucke-Melder-cantilever-armchair-FN24-No.1-main-view-rotated.jpg\" alt=\"M\u00fccke-Melder Freischwinger-Sessel FN24 No.1 - Hauptansicht\" width=\"480\" height=\"640\">\t\t<\/figure>\n\t<\/a>\n\t\t<\/div>\n<\/div>\n\t<div class=\"swiper-slide\">\n\t<div class=\"wpcp-single-item\">\n\t\t\t<a class=\"wcp-light-box\" data-buttons='[\"close\"]' data-wpc_url='https:\/\/mid-century-design.com\/wp-content\/uploads\/2025\/07\/Mucke-Melder-cantilever-armchair-FN24-No.1-left-profile-rotated.jpg' href=\"https:\/\/mid-century-design.com\/wp-content\/uploads\/2025\/07\/Mucke-Melder-cantilever-armchair-FN24-No.1-left-profile-rotated.jpg\" data-fancybox=\"wpcp_view\">\n\t\t<figure>\n\t\t\t<img loading=\"lazy\" decoding=\"async\" class=\"skip-lazy\" src=\"https:\/\/mid-century-design.com\/wp-content\/uploads\/2025\/07\/Mucke-Melder-cantilever-armchair-FN24-No.1-left-profile-rotated.jpg\" alt=\"M\u00fccke-Melder Freischwinger FN24 No.1 - Profil links\" width=\"480\" height=\"640\">\t\t<\/figure>\n\t<\/a>\n\t\t<\/div>\n<\/div>\n\t<div class=\"swiper-slide\">\n\t<div class=\"wpcp-single-item\">\n\t\t\t<a class=\"wcp-light-box\" data-buttons='[\"close\"]' data-wpc_url='https:\/\/mid-century-design.com\/wp-content\/uploads\/2025\/07\/Mucke-Melder-cantilever-armchair-FN24-No.1-left135-view-rotated.jpg' href=\"https:\/\/mid-century-design.com\/wp-content\/uploads\/2025\/07\/Mucke-Melder-cantilever-armchair-FN24-No.1-left135-view-rotated.jpg\" data-fancybox=\"wpcp_view\">\n\t\t<figure>\n\t\t\t<img loading=\"lazy\" decoding=\"async\" class=\"skip-lazy\" src=\"https:\/\/mid-century-design.com\/wp-content\/uploads\/2025\/07\/Mucke-Melder-cantilever-armchair-FN24-No.1-left135-view-rotated.jpg\" alt=\"M\u00fccke-Melder Freischwinger FN24 No.1 - links135 Ansicht\" width=\"480\" height=\"640\">\t\t<\/figure>\n\t<\/a>\n\t\t<\/div>\n<\/div>\n\t<div class=\"swiper-slide\">\n\t<div class=\"wpcp-single-item\">\n\t\t\t<a class=\"wcp-light-box\" data-buttons='[\"close\"]' data-wpc_url='https:\/\/mid-century-design.com\/wp-content\/uploads\/2025\/07\/Mucke-Melder-cantilever-armchair-FN24-No.1-back-view-rotated.jpg' href=\"https:\/\/mid-century-design.com\/wp-content\/uploads\/2025\/07\/Mucke-Melder-cantilever-armchair-FN24-No.1-back-view-rotated.jpg\" data-fancybox=\"wpcp_view\">\n\t\t<figure>\n\t\t\t<img loading=\"lazy\" decoding=\"async\" class=\"skip-lazy\" src=\"https:\/\/mid-century-design.com\/wp-content\/uploads\/2025\/07\/Mucke-Melder-cantilever-armchair-FN24-No.1-back-view-rotated.jpg\" alt=\"M\u00fccke-Melder Freischwinger FN24 No.1 - R\u00fcckansicht\" width=\"480\" height=\"640\">\t\t<\/figure>\n\t<\/a>\n\t\t<\/div>\n<\/div>\n\t<div class=\"swiper-slide\">\n\t<div class=\"wpcp-single-item\">\n\t\t\t<a class=\"wcp-light-box\" data-buttons='[\"close\"]' data-wpc_url='https:\/\/mid-century-design.com\/wp-content\/uploads\/2025\/07\/Mucke-Melder-cantilever-armchair-FN24-No.1-right225-view-rotated.jpg' href=\"https:\/\/mid-century-design.com\/wp-content\/uploads\/2025\/07\/Mucke-Melder-cantilever-armchair-FN24-No.1-right225-view-rotated.jpg\" data-fancybox=\"wpcp_view\">\n\t\t<figure>\n\t\t\t<img loading=\"lazy\" decoding=\"async\" class=\"skip-lazy\" src=\"https:\/\/mid-century-design.com\/wp-content\/uploads\/2025\/07\/Mucke-Melder-cantilever-armchair-FN24-No.1-right225-view-rotated.jpg\" alt=\"M\u00fccke-Melder Freischwinger FN24 No.1 - rechts225 Ansicht\" width=\"480\" height=\"640\">\t\t<\/figure>\n\t<\/a>\n\t\t<\/div>\n<\/div>\n\t<div class=\"swiper-slide\">\n\t<div class=\"wpcp-single-item\">\n\t\t\t<a class=\"wcp-light-box\" data-buttons='[\"close\"]' data-wpc_url='https:\/\/mid-century-design.com\/wp-content\/uploads\/2025\/07\/Mucke-Melder-cantilever-armchair-FN24-No.1-right-profile--rotated.jpg' href=\"https:\/\/mid-century-design.com\/wp-content\/uploads\/2025\/07\/Mucke-Melder-cantilever-armchair-FN24-No.1-right-profile--rotated.jpg\" data-fancybox=\"wpcp_view\">\n\t\t<figure>\n\t\t\t<img loading=\"lazy\" decoding=\"async\" class=\"skip-lazy\" src=\"https:\/\/mid-century-design.com\/wp-content\/uploads\/2025\/07\/Mucke-Melder-cantilever-armchair-FN24-No.1-right-profile--rotated.jpg\" alt=\"M\u00fccke-Melder Freischwinger Sessel FN 24 No.1 - Rechts Profil\" width=\"480\" height=\"640\">\t\t<\/figure>\n\t<\/a>\n\t\t<\/div>\n<\/div>\n\t<div class=\"swiper-slide\">\n\t<div class=\"wpcp-single-item\">\n\t\t\t<a class=\"wcp-light-box\" data-buttons='[\"close\"]' data-wpc_url='https:\/\/mid-century-design.com\/wp-content\/uploads\/2025\/07\/Mucke-Melder-cantilever-armchair-FN24-No.1-right315-view-rotated.jpg' href=\"https:\/\/mid-century-design.com\/wp-content\/uploads\/2025\/07\/Mucke-Melder-cantilever-armchair-FN24-No.1-right315-view-rotated.jpg\" data-fancybox=\"wpcp_view\">\n\t\t<figure>\n\t\t\t<img loading=\"lazy\" decoding=\"async\" class=\"skip-lazy\" src=\"https:\/\/mid-century-design.com\/wp-content\/uploads\/2025\/07\/Mucke-Melder-cantilever-armchair-FN24-No.1-right315-view-rotated.jpg\" alt=\"M\u00fccke-Melder Freischwinger FN24 No.1 - rechts315 Ansicht\" width=\"480\" height=\"640\">\t\t<\/figure>\n\t<\/a>\n\t\t<\/div>\n<\/div>\n\t<div class=\"swiper-slide\">\n\t<div class=\"wpcp-single-item\">\n\t\t\t<a class=\"wcp-light-box\" data-buttons='[\"close\"]' data-wpc_url='https:\/\/mid-century-design.com\/wp-content\/uploads\/2025\/07\/Mucke-Melder-cantilever-armchair-FN24-No.1-front-view-rotated.jpg' href=\"https:\/\/mid-century-design.com\/wp-content\/uploads\/2025\/07\/Mucke-Melder-cantilever-armchair-FN24-No.1-front-view-rotated.jpg\" data-fancybox=\"wpcp_view\">\n\t\t<figure>\n\t\t\t<img loading=\"lazy\" decoding=\"async\" class=\"skip-lazy\" src=\"https:\/\/mid-century-design.com\/wp-content\/uploads\/2025\/07\/Mucke-Melder-cantilever-armchair-FN24-No.1-front-view-rotated.jpg\" alt=\"M\u00fccke-Melder Freischwinger FN24 No.1 - Vorderansicht\" width=\"480\" height=\"640\">\t\t<\/figure>\n\t<\/a>\n\t\t<\/div>\n<\/div>\n\t\t\t<\/div>\n\t\t\t\t\t<div class=\"wpcp-swiper-dots swiper-pagination\"><\/div>\n\t\t\t\t<!-- If we need navigation buttons -->\n\t\t\t\t\t<div class=\"wpcp-prev-button swiper-button-prev\"><i class=\"fa fa-angle-left\"><\/i><\/div>\n\t\t\t<div class=\"wpcp-next-button swiper-button-next\"><i class=\"fa fa-angle-right\"><\/i><\/div>\n\t\t\t<\/div>\n\t<\/div>\n<\/div>\n<\/div>\n<p><strong>Preis \u20ac:<\/strong> 1200<\/p>\n\n<p><strong>Abmessungen &#8211; H\u00f6he x Breite x Tiefe (cm):<\/strong> 87 x 57 x 76<\/p>\n\n<p><strong>Sitzh\u00f6he(cm): <\/strong>40<\/p>\n\n<p><strong>Gewicht (kg):<\/strong> 15<\/p>\n\n<p><strong>Material\/Farbe:<\/strong> Stahlrohr verchromt, Armlehnen aus Holz.<\/p>\n\n<p><strong>Stoff: <\/strong>Rot\/Gelb nach einem Entwurf von Antonin Kybal, s. unten<\/p>\n\n<p><strong>Zustand:<\/strong> Authentisch und professionell restauriert.<br\/>Das Holzgestell ist im Originalzustand erhalten, der Federkern des Sitzes ist nagelneu.<br\/>Das Stahlrohrgestell wurde gereinigt und neu verchromt.<br\/>Die leichten Patinaspuren wurden behutsam behandelt, so dass sie unter der neuen Verchromung sichtbar blieben, die Oberfl\u00e4che aber glatt und gl\u00e4nzend wurde &#8211; das Ergebnis ist eine einzigartige Kombination aus dem Charme der Zeit und perfekter Funktionalit\u00e4t.<br\/>Holz gereinigt, lackiert. Sitze aufgearbeitet und mit den Design-Polstern von Kolovrat bezogen. <\/p>\n\n<div class=\"wp-block-group is-nowrap is-layout-flex wp-container-core-group-is-layout-6c531013 wp-block-group-is-layout-flex\">\n<p class=\"product woocommerce add_to_cart_inline \" style=\"border:4px solid #ccc; padding: 12px;\"><a href=\"\/de\/wp-json\/wp\/v2\/pages\/2839?add-to-cart=3697\" aria-describedby=\"woocommerce_loop_add_to_cart_link_describedby_3697\" data-quantity=\"1\" class=\"button wp-element-button product_type_simple add_to_cart_button ajax_add_to_cart\" data-product_id=\"3697\" data-product_sku=\"\" aria-label=\"In den Warenkorb legen: \u201eFN24 by M\u00fccke-Melder No.1 (short description)\u201c\" rel=\"nofollow\" data-success_message=\"\u201eFN24 by M\u00fccke-Melder No.1 (short description)\u201c wurde deinem Warenkorb hinzugef\u00fcgt\">In den Warenkorb<\/a>\t<span id=\"woocommerce_loop_add_to_cart_link_describedby_3697\" class=\"screen-reader-text\">\n\t\t\t<\/span>\n<\/p>\n<\/div>\n\n<p><strong>Referenzen:<\/strong> Anton\u00edn Kybal: Cesty designu a textiln\u00ed tvorby, Prager Kunstgewerbemuseums , 2016, ISBN: 9788074372230<\/p>\n\n<figure class=\"wp-block-image size-full\"><img loading=\"lazy\" decoding=\"async\" width=\"666\" height=\"459\" src=\"https:\/\/mid-century-design.com\/wp-content\/uploads\/2024\/07\/KybalTitleP45.png\" alt=\"\" class=\"wp-image-244\" srcset=\"https:\/\/mid-century-design.com\/wp-content\/uploads\/2024\/07\/KybalTitleP45.png 666w, https:\/\/mid-century-design.com\/wp-content\/uploads\/2024\/07\/KybalTitleP45-300x207.png 300w\" sizes=\"auto, (max-width: 666px) 100vw, 666px\" \/><\/figure>\n\n<p><strong>Lieferm\u00f6glichkeiten:<\/strong><\/p>\n\n<ol class=\"wp-block-list\">\n<li>Ab Wien &#8211; geb\u00fchrenfrei<\/li>\n\n\n\n<li>Bordsteinkante weltweit &#8211; Netto-Liefergeb\u00fchr.<\/li>\n<\/ol>\n\n<p>Die Lieferung erfolgt durch ein f\u00fchrendes europ\u00e4isches Logistikunternehmen, das die qualitativ hochwertige Lieferung des Designobjekts sicherstellt.<\/p>\n","protected":false},"excerpt":{"rendered":"<p>M\u00fccke-Melder&#8217;s Version des beliebten S411 von Thonet Das funktionalistische Modell FN24 von M\u00fccke-Melder wurde unter der Lizenz von Thonet von verschiedenen Firmen hergestellt, wie Hynek Gottwald &#8211; Modell EK34 und Robert Slez\u00e1k &#8211; Modell K29. Nach dem Zweiten Weltkrieg wurden diese Unternehmen verstaatlicht und 1948 in den Kovona NP (Tschechoslowakei) integriert. Dieser gepolsterte Sessel basiert [&hellip;]<\/p>\n","protected":false},"author":1,"featured_media":0,"parent":0,"menu_order":0,"comment_status":"closed","ping_status":"closed","template":"","meta":{"footnotes":""},"class_list":["post-2839","page","type-page","status-publish","hentry"],"_links":{"self":[{"href":"https:\/\/mid-century-design.com\/de\/wp-json\/wp\/v2\/pages\/2839","targetHints":{"allow":["GET"]}}],"collection":[{"href":"https:\/\/mid-century-design.com\/de\/wp-json\/wp\/v2\/pages"}],"about":[{"href":"https:\/\/mid-century-design.com\/de\/wp-json\/wp\/v2\/types\/page"}],"author":[{"embeddable":true,"href":"https:\/\/mid-century-design.com\/de\/wp-json\/wp\/v2\/users\/1"}],"replies":[{"embeddable":true,"href":"https:\/\/mid-century-design.com\/de\/wp-json\/wp\/v2\/comments?post=2839"}],"version-history":[{"count":3,"href":"https:\/\/mid-century-design.com\/de\/wp-json\/wp\/v2\/pages\/2839\/revisions"}],"predecessor-version":[{"id":4045,"href":"https:\/\/mid-century-design.com\/de\/wp-json\/wp\/v2\/pages\/2839\/revisions\/4045"}],"wp:attachment":[{"href":"https:\/\/mid-century-design.com\/de\/wp-json\/wp\/v2\/media?parent=2839"}],"curies":[{"name":"wp","href":"https:\/\/api.w.org\/{rel}","templated":true}]}}