{"id":2762,"date":"2025-07-24T11:20:38","date_gmt":"2025-07-24T09:20:38","guid":{"rendered":"https:\/\/mid-century-design.com\/napako-tischlampe-mod-8239-no1-1930-40s\/"},"modified":"2026-03-04T12:25:23","modified_gmt":"2026-03-04T11:25:23","slug":"napako-tischlampe-mod-8239-no1","status":"publish","type":"page","link":"https:\/\/mid-century-design.com\/de\/napako-tischlampe-mod-8239-no1\/","title":{"rendered":"Napako Funktionalistische Tischlampe Mod. 8239, 1930er-40er Jahre"},"content":{"rendered":"\n<h2 class=\"wp-block-heading\">Die Lampe aus verchromtem Metall zeichnet sich durch ihr minimalistisches Design aus<\/h2>\n\n<p>Diese funktionalistische Tischleuchte Modell 8239 wurde von der Produktionsgenossenschaft NAPAKO hergestellt, die 1919 als Zusammenschluss kleiner Privatunternehmen gegr\u00fcndet wurde. Die Gr\u00fcnder der Genossenschaft schlossen Unternehmen mit meist nur wenigen Mitarbeitern zusammen, vor allem aus Prag. <\/p>\n\n<p>Nach dem Zweiten Weltkrieg wurde die Genossenschaft teilweise verstaatlicht, aber dank der handwerklichen F\u00e4higkeiten und der Qualit\u00e4t der Produktion hat sie vor\u00fcbergehende Schwierigkeiten \u00fcberwunden und ihre Produktionsst\u00e4tten in Prag &#8211; Michle erweitert, wo das Unternehmen heute seinen Hauptsitz hat.<\/p>\n\n<p><strong>Designer:<\/strong> Miloslav Prokop<\/p>\n<div><style id=\"wp_carousel_dynamic_css2758\">#sp-wp-carousel-free-id-2758 .wpcp-swiper-dots {margin: 40px 0px 0px 0px;}.wpcp-wrapper-2758 .swiper-wrapper .swiper-slide-kenburn, .wpcp-wrapper-2758 .swiper-wrapper, .wpcp-wrapper-2758 .wpcpro-row{align-items: center;}#sp-wp-carousel-free-id-2758 .wpcp-single-item {box-shadow: 0px 0px 0px 0px #dddddd;transition: all .3s;margin: 0px;}#sp-wp-carousel-free-id-2758.swiper-flip .wpcp-single-item{margin: 0!important;}#sp-wp-carousel-free-id-2758 .wpcp-single-item:hover {box-shadow: 0px 0px 0px 0px #dddddd;}#sp-wp-carousel-free-id-2758.sp-wpcp-2758 .wpcp-single-item {border: 1px solid #dddddd;}#sp-wp-carousel-free-id-2758.sp-wpcp-2758 .swiper-button-prev,#sp-wp-carousel-free-id-2758.sp-wpcp-2758 .swiper-button-next,#sp-wp-carousel-free-id-2758.sp-wpcp-2758 .swiper-button-prev:hover,#sp-wp-carousel-free-id-2758.sp-wpcp-2758 .swiper-button-next:hover {background: none;border: none;font-size: 30px;}#sp-wp-carousel-free-id-2758.sp-wpcp-2758 .swiper-button-prev i,#sp-wp-carousel-free-id-2758.sp-wpcp-2758 .swiper-button-next i {color: #aaa;}#sp-wp-carousel-free-id-2758.sp-wpcp-2758 .swiper-button-prev i:hover,#sp-wp-carousel-free-id-2758.sp-wpcp-2758 .swiper-button-next i:hover {color: #178087;}#sp-wp-carousel-free-id-2758.sp-wpcp-2758 .wpcp-swiper-dots .swiper-pagination-bullet {background-color: #cccccc;}#sp-wp-carousel-free-id-2758.sp-wpcp-2758 .wpcp-swiper-dots .swiper-pagination-bullet.swiper-pagination-bullet-active {background-color: #178087;} #sp-wp-carousel-free-id-2758.sp-wpcp-2758.wpcp-image-carousel .wpcp-single-item:hover img, #sp-wp-carousel-free-id-2758.sp-wpcp-2758.wpcp-post-carousel .wpcp-single-item:hover img, #sp-wp-carousel-free-id-2758.sp-wpcp-2758.wpcp-product-carousel .wpcp-single-item:hover img{-webkit-transform: scale(1.2);-moz-transform: scale(1.2);transform: scale(1.2);}#sp-wp-carousel-free-id-2758 .wpcpro-row>[class*=\"wpcpro-col-\"] { padding: 0 10px; padding-bottom: 20px;} #sp-wp-carousel-free-id-2758 .swiper-slide .single-item-fade:not(:last-child) { margin-right: 20px;}@media (min-width: 480px) { .wpcpro-row .wpcpro-col-sm-1 { flex: 0 0 100%; max-width: 100%; } .wpcpro-row .wpcpro-col-sm-2 { flex: 0 0 50%; max-width: 50%; } .wpcpro-row .wpcpro-col-sm-2-5 { flex: 0 0 75%; max-width: 75%; } .wpcpro-row .wpcpro-col-sm-3 { flex: 0 0 33.333%; max-width: 33.333%; } .wpcpro-row .wpcpro-col-sm-4 { flex: 0 0 25%; max-width: 25%; } .wpcpro-row .wpcpro-col-sm-5 { flex: 0 0 20%; max-width: 20%; } .wpcpro-row .wpcpro-col-sm-6 { flex: 0 0 16.66666666666667%; max-width: 16.66666666666667%; } .wpcpro-row .wpcpro-col-sm-7 { flex: 0 0 14.28571428%; max-width: 14.28571428%; } .wpcpro-row .wpcpro-col-sm-8 { flex: 0 0 12.5%; max-width: 12.5%; } } @media (max-width: 480px) { .wpcpro-row .wpcpro-col-xs-1 { flex: 0 0 100%; max-width: 100%; } .wpcpro-row .wpcpro-col-xs-2 { flex: 0 0 50%; max-width: 50%; } .wpcpro-row .wpcpro-col-xs-3 { flex: 0 0 33.222%; max-width: 33.222%; } .wpcpro-row .wpcpro-col-xs-4 { flex: 0 0 25%; max-width: 25%; } .wpcpro-row .wpcpro-col-xs-5 { flex: 0 0 20%; max-width: 20%; } .wpcpro-row .wpcpro-col-xs-6 { flex: 0 0 16.6667%; max-width: 16.6667%; } .wpcpro-row .wpcpro-col-xs-7 { flex: 0 0 14.28571428%; max-width: 14.28571428%; } .wpcpro-row .wpcpro-col-xs-8 { flex: 0 0 12.5%; max-width: 12.5%; } } @media (min-width: 736px) { .wpcpro-row .wpcpro-col-md-1 { flex: 0 0 100%; max-width: 100%; } .wpcpro-row .wpcpro-col-md-2 { flex: 0 0 50%; max-width: 50%; } .wpcpro-row .wpcpro-col-md-2-5 { flex: 0 0 75%; max-width: 75%; } .wpcpro-row .wpcpro-col-md-3 { flex: 0 0 33.333%; max-width: 33.333%; } .wpcpro-row .wpcpro-col-md-4 { flex: 0 0 25%; max-width: 25%; } .wpcpro-row .wpcpro-col-md-5 { flex: 0 0 20%; max-width: 20%; } .wpcpro-row .wpcpro-col-md-6 { flex: 0 0 16.66666666666667%; max-width: 16.66666666666667%; } .wpcpro-row .wpcpro-col-md-7 { flex: 0 0 14.28571428%; max-width: 14.28571428%; } .wpcpro-row .wpcpro-col-md-8 { flex: 0 0 12.5%; max-width: 12.5%; } } @media (min-width: 980px) { .wpcpro-row .wpcpro-col-lg-1 { flex: 0 0 100%; max-width: 100%; } .wpcpro-row .wpcpro-col-lg-2 { flex: 0 0 50%; max-width: 50%; } .wpcpro-row .wpcpro-col-lg-3 { flex: 0 0 33.222%; max-width: 33.222%; } .wpcpro-row .wpcpro-col-lg-4 { flex: 0 0 25%; max-width: 25%; } .wpcpro-row .wpcpro-col-lg-5 { flex: 0 0 20%; max-width: 20%; } .wpcpro-row .wpcpro-col-lg-6 { flex: 0 0 16.6667%; max-width: 16.6667%; } .wpcpro-row .wpcpro-col-lg-7 { flex: 0 0 14.28571428%; max-width: 14.28571428%; } .wpcpro-row .wpcpro-col-lg-8 { flex: 0 0 12.5%; max-width: 12.5%; } } @media (min-width: 1200px) { .wpcpro-row .wpcpro-col-xl-1 { flex: 0 0 100%; max-width: 100%; } .wpcpro-row .wpcpro-col-xl-2 { flex: 0 0 50%; max-width: 50%; } .wpcpro-row .wpcpro-col-xl-3 { flex: 0 0 33.22222222%; max-width: 33.22222222%; } .wpcpro-row .wpcpro-col-xl-4 { flex: 0 0 25%; max-width: 25%; } .wpcpro-row .wpcpro-col-xl-5 { flex: 0 0 20%; max-width: 20%; } .wpcpro-row .wpcpro-col-xl-6 { flex: 0 0 16.66667%; max-width: 16.66667%; } .wpcpro-row .wpcpro-col-xl-7 { flex: 0 0 14.28571428%; max-width: 14.28571428%; } .wpcpro-row .wpcpro-col-xl-8 { flex: 0 0 12.5%; max-width: 12.5%; } }<\/style><div class=\"wpcp-carousel-wrapper wpcp-wrapper-2758\">\n\t<div id=\"wpcp-preloader-2758\" class=\"wpcp-carousel-preloader\"><img decoding=\"async\" src=\"https:\/\/mid-century-design.com\/wp-content\/plugins\/wp-carousel-free\/public\/css\/spinner.svg\" alt=\"Preloader Image\" \/><\/div>\t<div class=\"wpcp-carousel-content-wrapper\">\n\t<div id=\"sp-wp-carousel-free-id-2758\" class=\"wpcp-carousel-section sp-wpcp-2758  nav-vertical-center wpcp-image-carousel wpcp-preloader wpcp-standard\" data-swiper='{ &quot;accessibility&quot;:true, &quot;spaceBetween&quot;:20, &quot;arrows&quot;:true, &quot;freeMode&quot;: false, &quot;autoplay&quot;:true, &quot;effect&quot;: &quot;&quot;, &quot;centerMode&quot;: false, &quot;autoplaySpeed&quot;:3000, &quot;dots&quot;:true, &quot;infinite&quot;:true, &quot;speed&quot;:600, &quot;pauseOnHover&quot;:true,\n\t\t\t&quot;slidesToShow&quot;:{&quot;lg_desktop&quot;:5, &quot;desktop&quot;: 4, &quot;laptop&quot;: 3, &quot;tablet&quot;: 2, &quot;mobile&quot;: 1}, &quot;responsive&quot;:{&quot;desktop&quot;:1200, &quot;laptop&quot;: 980, &quot;tablet&quot;: 736, &quot;mobile&quot;: 480}, &quot;rtl&quot;:false, &quot;lazyLoad&quot;: &quot;false&quot;, &quot;swipe&quot;: true, &quot;draggable&quot;: true, &quot;swipeToSlide&quot;:false }' dir=\"ltr\">\n\t\t<div class=\"swiper-wrapper\">\n\t\t<div class=\"swiper-slide\">\n\t<div class=\"wpcp-single-item\">\n\t\t\t<a class=\"wcp-light-box\" data-buttons='[\"close\"]' data-wpc_url='https:\/\/mid-century-design.com\/wp-content\/uploads\/2025\/07\/Napako-table-lamp-Mod.-8239-No.1-view-of-the-base-rotated.jpg' href=\"https:\/\/mid-century-design.com\/wp-content\/uploads\/2025\/07\/Napako-table-lamp-Mod.-8239-No.1-view-of-the-base-rotated.jpg\" data-fancybox=\"wpcp_view\">\n\t\t<figure>\n\t\t\t<img loading=\"lazy\" decoding=\"async\" class=\"skip-lazy\" src=\"https:\/\/mid-century-design.com\/wp-content\/uploads\/2025\/07\/Napako-table-lamp-Mod.-8239-No.1-view-of-the-base-rotated.jpg\" alt=\"Napako Tischleuchte Mod. 8239 Nr.1 - Ansicht des Sockels\" width=\"480\" height=\"640\">\t\t<\/figure>\n\t<\/a>\n\t\t<\/div>\n<\/div>\n\t<div class=\"swiper-slide\">\n\t<div class=\"wpcp-single-item\">\n\t\t\t<a class=\"wcp-light-box\" data-buttons='[\"close\"]' data-wpc_url='https:\/\/mid-century-design.com\/wp-content\/uploads\/2025\/07\/Napako-table-lamp-Mod.-8239-No.1-top-down-view-rotated.jpg' href=\"https:\/\/mid-century-design.com\/wp-content\/uploads\/2025\/07\/Napako-table-lamp-Mod.-8239-No.1-top-down-view-rotated.jpg\" data-fancybox=\"wpcp_view\">\n\t\t<figure>\n\t\t\t<img loading=\"lazy\" decoding=\"async\" class=\"skip-lazy\" src=\"https:\/\/mid-century-design.com\/wp-content\/uploads\/2025\/07\/Napako-table-lamp-Mod.-8239-No.1-top-down-view-rotated.jpg\" alt=\"Napako Tischleuchte Mod. 8239 Nr.1 - Draufsicht\" width=\"480\" height=\"640\">\t\t<\/figure>\n\t<\/a>\n\t\t<\/div>\n<\/div>\n\t<div class=\"swiper-slide\">\n\t<div class=\"wpcp-single-item\">\n\t\t\t<a class=\"wcp-light-box\" data-buttons='[\"close\"]' data-wpc_url='https:\/\/mid-century-design.com\/wp-content\/uploads\/2025\/07\/Napako-table-lamp-Mod.-8239-No.1-main-view-rotated.jpg' href=\"https:\/\/mid-century-design.com\/wp-content\/uploads\/2025\/07\/Napako-table-lamp-Mod.-8239-No.1-main-view-rotated.jpg\" data-fancybox=\"wpcp_view\">\n\t\t<figure>\n\t\t\t<img loading=\"lazy\" decoding=\"async\" class=\"skip-lazy\" src=\"https:\/\/mid-century-design.com\/wp-content\/uploads\/2025\/07\/Napako-table-lamp-Mod.-8239-No.1-main-view-rotated.jpg\" alt=\"Napako Tischleuchte Mod. 8239 Nr.1 - Hauptansicht \" width=\"480\" height=\"640\">\t\t<\/figure>\n\t<\/a>\n\t\t<\/div>\n<\/div>\n\t<div class=\"swiper-slide\">\n\t<div class=\"wpcp-single-item\">\n\t\t\t<a class=\"wcp-light-box\" data-buttons='[\"close\"]' data-wpc_url='https:\/\/mid-century-design.com\/wp-content\/uploads\/2025\/07\/Napako-table-lamp-Mod.-8239-No.1-lampshade-rotated.jpg' href=\"https:\/\/mid-century-design.com\/wp-content\/uploads\/2025\/07\/Napako-table-lamp-Mod.-8239-No.1-lampshade-rotated.jpg\" data-fancybox=\"wpcp_view\">\n\t\t<figure>\n\t\t\t<img loading=\"lazy\" decoding=\"async\" class=\"skip-lazy\" src=\"https:\/\/mid-century-design.com\/wp-content\/uploads\/2025\/07\/Napako-table-lamp-Mod.-8239-No.1-lampshade-rotated.jpg\" alt=\"Napako Tischleuchte Mod. 8239 Nr.1 - Lampenschirm\" width=\"480\" height=\"640\">\t\t<\/figure>\n\t<\/a>\n\t\t<\/div>\n<\/div>\n\t<div class=\"swiper-slide\">\n\t<div class=\"wpcp-single-item\">\n\t\t\t<a class=\"wcp-light-box\" data-buttons='[\"close\"]' data-wpc_url='https:\/\/mid-century-design.com\/wp-content\/uploads\/2025\/07\/Napako-table-lamp-Mod.-8239-No.1-front-view-rotated.jpg' href=\"https:\/\/mid-century-design.com\/wp-content\/uploads\/2025\/07\/Napako-table-lamp-Mod.-8239-No.1-front-view-rotated.jpg\" data-fancybox=\"wpcp_view\">\n\t\t<figure>\n\t\t\t<img loading=\"lazy\" decoding=\"async\" class=\"skip-lazy\" src=\"https:\/\/mid-century-design.com\/wp-content\/uploads\/2025\/07\/Napako-table-lamp-Mod.-8239-No.1-front-view-rotated.jpg\" alt=\"Napako Tischleuchte Mod. 8239 Nr.1 - Vorderansicht\" width=\"480\" height=\"640\">\t\t<\/figure>\n\t<\/a>\n\t\t<\/div>\n<\/div>\n\t<div class=\"swiper-slide\">\n\t<div class=\"wpcp-single-item\">\n\t\t\t<a class=\"wcp-light-box\" data-buttons='[\"close\"]' data-wpc_url='https:\/\/mid-century-design.com\/wp-content\/uploads\/2025\/07\/Napako-table-lamp-Mod.-8239-No.1-down-up-view-rotated.jpg' href=\"https:\/\/mid-century-design.com\/wp-content\/uploads\/2025\/07\/Napako-table-lamp-Mod.-8239-No.1-down-up-view-rotated.jpg\" data-fancybox=\"wpcp_view\">\n\t\t<figure>\n\t\t\t<img loading=\"lazy\" decoding=\"async\" class=\"skip-lazy\" src=\"https:\/\/mid-century-design.com\/wp-content\/uploads\/2025\/07\/Napako-table-lamp-Mod.-8239-No.1-down-up-view-rotated.jpg\" alt=\"Napako Tischleuchte Mod. 8239 Nr.1 - Ansicht von unten nach oben\" width=\"480\" height=\"640\">\t\t<\/figure>\n\t<\/a>\n\t\t<\/div>\n<\/div>\n\t\t\t<\/div>\n\t\t\t\t\t<div class=\"wpcp-swiper-dots swiper-pagination\"><\/div>\n\t\t\t\t<!-- If we need navigation buttons -->\n\t\t\t\t\t<div class=\"wpcp-prev-button swiper-button-prev\"><i class=\"fa fa-angle-left\"><\/i><\/div>\n\t\t\t<div class=\"wpcp-next-button swiper-button-next\"><i class=\"fa fa-angle-right\"><\/i><\/div>\n\t\t\t<\/div>\n\t<\/div>\n<\/div>\n<\/div>\n<p><strong>Preis \u20ac:<\/strong> 300<\/p>\n\n<p><strong>Abmessungen &#8211; H\u00f6he x Basis-Durchmesser x Schirm-Durchmesser (cm):<\/strong> 40 x 17 x 33<\/p>\n\n<p><strong>Gewicht (kg):<\/strong> 2.3<\/p>\n\n<p><strong>Material\/Farbe:<\/strong> Verchromter Stahl.<\/p>\n\n<p><strong>Zustand:<\/strong> Die Lampe ist in gutem Zustand mit einer sch\u00f6nen, altersgem\u00e4\u00dfen Patina. Sie ist im modernen Stromnetz voll funktionsf\u00e4hig. Das Stahlrohr ist gereinigt und poliert.  <\/p>\n\n<div class=\"wp-block-group is-nowrap is-layout-flex wp-container-core-group-is-layout-6c531013 wp-block-group-is-layout-flex\">\n<p class=\"product woocommerce add_to_cart_inline \" style=\"border:4px solid #ccc; padding: 12px;\"><a href=\"\/de\/wp-json\/wp\/v2\/pages\/2762?add-to-cart=3701\" aria-describedby=\"woocommerce_loop_add_to_cart_link_describedby_3701\" data-quantity=\"1\" class=\"button wp-element-button product_type_simple add_to_cart_button ajax_add_to_cart\" data-product_id=\"3701\" data-product_sku=\"\" aria-label=\"In den Warenkorb legen: \u201eNapako Functionalist Table Lamp Mod. 8239 (short description)\u201c\" rel=\"nofollow\" data-success_message=\"\u201eNapako Functionalist Table Lamp Mod. 8239 (short description)\u201c wurde deinem Warenkorb hinzugef\u00fcgt\">In den Warenkorb<\/a>\t<span id=\"woocommerce_loop_add_to_cart_link_describedby_3701\" class=\"screen-reader-text\">\n\t\t\t<\/span>\n<\/p>\n<\/div>\n\n<p><strong>Lieferm\u00f6glichkeiten:<\/strong><\/p>\n\n<ol class=\"wp-block-list\">\n<li>Ab Wien &#8211; geb\u00fchrenfrei<\/li>\n\n\n\n<li>Bordsteinkante weltweit &#8211; Netto-Liefergeb\u00fchr<\/li>\n<\/ol>\n\n<p>Die Lieferung erfolgt durch ein f\u00fchrendes europ\u00e4isches Logistikunternehmen, das die qualitativ hochwertige Lieferung des Designobjekts sicherstellt.<\/p>\n","protected":false},"excerpt":{"rendered":"<p>Die Lampe aus verchromtem Metall zeichnet sich durch ihr minimalistisches Design aus Diese funktionalistische Tischleuchte Modell 8239 wurde von der Produktionsgenossenschaft NAPAKO hergestellt, die 1919 als Zusammenschluss kleiner Privatunternehmen gegr\u00fcndet wurde. Die Gr\u00fcnder der Genossenschaft schlossen Unternehmen mit meist nur wenigen Mitarbeitern zusammen, vor allem aus Prag. Nach dem Zweiten Weltkrieg wurde die Genossenschaft teilweise [&hellip;]<\/p>\n","protected":false},"author":1,"featured_media":0,"parent":0,"menu_order":0,"comment_status":"closed","ping_status":"closed","template":"","meta":{"footnotes":""},"class_list":["post-2762","page","type-page","status-publish","hentry"],"_links":{"self":[{"href":"https:\/\/mid-century-design.com\/de\/wp-json\/wp\/v2\/pages\/2762","targetHints":{"allow":["GET"]}}],"collection":[{"href":"https:\/\/mid-century-design.com\/de\/wp-json\/wp\/v2\/pages"}],"about":[{"href":"https:\/\/mid-century-design.com\/de\/wp-json\/wp\/v2\/types\/page"}],"author":[{"embeddable":true,"href":"https:\/\/mid-century-design.com\/de\/wp-json\/wp\/v2\/users\/1"}],"replies":[{"embeddable":true,"href":"https:\/\/mid-century-design.com\/de\/wp-json\/wp\/v2\/comments?post=2762"}],"version-history":[{"count":3,"href":"https:\/\/mid-century-design.com\/de\/wp-json\/wp\/v2\/pages\/2762\/revisions"}],"predecessor-version":[{"id":4055,"href":"https:\/\/mid-century-design.com\/de\/wp-json\/wp\/v2\/pages\/2762\/revisions\/4055"}],"wp:attachment":[{"href":"https:\/\/mid-century-design.com\/de\/wp-json\/wp\/v2\/media?parent=2762"}],"curies":[{"name":"wp","href":"https:\/\/api.w.org\/{rel}","templated":true}]}}