{"id":2726,"date":"2025-07-16T18:00:19","date_gmt":"2025-07-16T16:00:19","guid":{"rendered":"https:\/\/mid-century-design.com\/robert-slezak-functionalistischer-tisch-st44-no1\/"},"modified":"2026-03-04T14:07:52","modified_gmt":"2026-03-04T13:07:52","slug":"robert-slezak-functionalistischer-tisch-st44-no1","status":"publish","type":"page","link":"https:\/\/mid-century-design.com\/de\/robert-slezak-functionalistischer-tisch-st44-no1\/","title":{"rendered":"Funktionalistischer Tisch ST44 von Robert Slez\u00e1k, 1930-40er Jahre"},"content":{"rendered":"\n<h2 class=\"wp-block-heading\">Das Tischmodell ST44 ist Funktionalismus per excellence<\/h2>\n\n<p>Die Kombination aus dunklem Walnussfurnier auf der Tischplatte wird durch das gl\u00e4nzende, neu verchromte Gestell kontrastiert.<\/p>\n\n<p>Er ist perfekt f\u00fcr sich allein, aber auch f\u00fcr die Kombination mit Stahlrohrsesseln und\/oder einer Tischleuchte im Bauhaus-Stil geeignet.<\/p>\n\n<p>Dieses Modell wurde im Einzelhandelskatalog von Robert Slez\u00e1k aufgef\u00fchrt, siehe unten. <\/p>\n\n<p>Im Jahr 1949 wurde die Firma Robert Slez\u00e1k verstaatlicht und die Produktion wurde von Kovona in Byst\u0159ice nad Host\u00fdnem (Tschechoslowakei) \u00fcbernommen.<br\/>Sp\u00e4ter, im Jahr 1992, erfolgte die Privatisierung des Unternehmens, was zur Gr\u00fcndung von Kovonax, ebenfalls in Byst\u0159ice nad Host\u00fdnem, f\u00fchrte.<br\/>Jetzt produziert es M\u00f6bel, darunter auch die Robert Slez\u00e1k-Modelle, z.B. das Modell T45 mit 3 Beinen \u00e4hnlich dem hier angebotenen, unter der Marke Slez\u00e1kovy Z\u00e1vody.<br\/><\/p>\n<div><style id=\"wp_carousel_dynamic_css2718\">#sp-wp-carousel-free-id-2718 .wpcp-swiper-dots {margin: 40px 0px 0px 0px;}.wpcp-wrapper-2718 .swiper-wrapper .swiper-slide-kenburn, .wpcp-wrapper-2718 .swiper-wrapper, .wpcp-wrapper-2718 .wpcpro-row{align-items: center;}#sp-wp-carousel-free-id-2718 .wpcp-single-item {box-shadow: 0px 0px 0px 0px #dddddd;transition: all .3s;margin: 0px;}#sp-wp-carousel-free-id-2718.swiper-flip .wpcp-single-item{margin: 0!important;}#sp-wp-carousel-free-id-2718 .wpcp-single-item:hover {box-shadow: 0px 0px 0px 0px #dddddd;}#sp-wp-carousel-free-id-2718.sp-wpcp-2718 .wpcp-single-item {border: 1px solid #dddddd;}#sp-wp-carousel-free-id-2718.sp-wpcp-2718 .swiper-button-prev,#sp-wp-carousel-free-id-2718.sp-wpcp-2718 .swiper-button-next,#sp-wp-carousel-free-id-2718.sp-wpcp-2718 .swiper-button-prev:hover,#sp-wp-carousel-free-id-2718.sp-wpcp-2718 .swiper-button-next:hover {background: none;border: none;font-size: 30px;}#sp-wp-carousel-free-id-2718.sp-wpcp-2718 .swiper-button-prev i,#sp-wp-carousel-free-id-2718.sp-wpcp-2718 .swiper-button-next i {color: #aaa;}#sp-wp-carousel-free-id-2718.sp-wpcp-2718 .swiper-button-prev i:hover,#sp-wp-carousel-free-id-2718.sp-wpcp-2718 .swiper-button-next i:hover {color: #178087;}#sp-wp-carousel-free-id-2718.sp-wpcp-2718 .wpcp-swiper-dots .swiper-pagination-bullet {background-color: #cccccc;}#sp-wp-carousel-free-id-2718.sp-wpcp-2718 .wpcp-swiper-dots .swiper-pagination-bullet.swiper-pagination-bullet-active {background-color: #178087;} #sp-wp-carousel-free-id-2718.sp-wpcp-2718.wpcp-image-carousel .wpcp-single-item:hover img, #sp-wp-carousel-free-id-2718.sp-wpcp-2718.wpcp-post-carousel .wpcp-single-item:hover img, #sp-wp-carousel-free-id-2718.sp-wpcp-2718.wpcp-product-carousel .wpcp-single-item:hover img{-webkit-transform: scale(1.2);-moz-transform: scale(1.2);transform: scale(1.2);}#sp-wp-carousel-free-id-2718 .wpcpro-row>[class*=\"wpcpro-col-\"] { padding: 0 10px; padding-bottom: 20px;} #sp-wp-carousel-free-id-2718 .swiper-slide .single-item-fade:not(:last-child) { margin-right: 20px;}@media (min-width: 480px) { .wpcpro-row .wpcpro-col-sm-1 { flex: 0 0 100%; max-width: 100%; } .wpcpro-row .wpcpro-col-sm-2 { flex: 0 0 50%; max-width: 50%; } .wpcpro-row .wpcpro-col-sm-2-5 { flex: 0 0 75%; max-width: 75%; } .wpcpro-row .wpcpro-col-sm-3 { flex: 0 0 33.333%; max-width: 33.333%; } .wpcpro-row .wpcpro-col-sm-4 { flex: 0 0 25%; max-width: 25%; } .wpcpro-row .wpcpro-col-sm-5 { flex: 0 0 20%; max-width: 20%; } .wpcpro-row .wpcpro-col-sm-6 { flex: 0 0 16.66666666666667%; max-width: 16.66666666666667%; } .wpcpro-row .wpcpro-col-sm-7 { flex: 0 0 14.28571428%; max-width: 14.28571428%; } .wpcpro-row .wpcpro-col-sm-8 { flex: 0 0 12.5%; max-width: 12.5%; } } @media (max-width: 480px) { .wpcpro-row .wpcpro-col-xs-1 { flex: 0 0 100%; max-width: 100%; } .wpcpro-row .wpcpro-col-xs-2 { flex: 0 0 50%; max-width: 50%; } .wpcpro-row .wpcpro-col-xs-3 { flex: 0 0 33.222%; max-width: 33.222%; } .wpcpro-row .wpcpro-col-xs-4 { flex: 0 0 25%; max-width: 25%; } .wpcpro-row .wpcpro-col-xs-5 { flex: 0 0 20%; max-width: 20%; } .wpcpro-row .wpcpro-col-xs-6 { flex: 0 0 16.6667%; max-width: 16.6667%; } .wpcpro-row .wpcpro-col-xs-7 { flex: 0 0 14.28571428%; max-width: 14.28571428%; } .wpcpro-row .wpcpro-col-xs-8 { flex: 0 0 12.5%; max-width: 12.5%; } } @media (min-width: 736px) { .wpcpro-row .wpcpro-col-md-1 { flex: 0 0 100%; max-width: 100%; } .wpcpro-row .wpcpro-col-md-2 { flex: 0 0 50%; max-width: 50%; } .wpcpro-row .wpcpro-col-md-2-5 { flex: 0 0 75%; max-width: 75%; } .wpcpro-row .wpcpro-col-md-3 { flex: 0 0 33.333%; max-width: 33.333%; } .wpcpro-row .wpcpro-col-md-4 { flex: 0 0 25%; max-width: 25%; } .wpcpro-row .wpcpro-col-md-5 { flex: 0 0 20%; max-width: 20%; } .wpcpro-row .wpcpro-col-md-6 { flex: 0 0 16.66666666666667%; max-width: 16.66666666666667%; } .wpcpro-row .wpcpro-col-md-7 { flex: 0 0 14.28571428%; max-width: 14.28571428%; } .wpcpro-row .wpcpro-col-md-8 { flex: 0 0 12.5%; max-width: 12.5%; } } @media (min-width: 980px) { .wpcpro-row .wpcpro-col-lg-1 { flex: 0 0 100%; max-width: 100%; } .wpcpro-row .wpcpro-col-lg-2 { flex: 0 0 50%; max-width: 50%; } .wpcpro-row .wpcpro-col-lg-3 { flex: 0 0 33.222%; max-width: 33.222%; } .wpcpro-row .wpcpro-col-lg-4 { flex: 0 0 25%; max-width: 25%; } .wpcpro-row .wpcpro-col-lg-5 { flex: 0 0 20%; max-width: 20%; } .wpcpro-row .wpcpro-col-lg-6 { flex: 0 0 16.6667%; max-width: 16.6667%; } .wpcpro-row .wpcpro-col-lg-7 { flex: 0 0 14.28571428%; max-width: 14.28571428%; } .wpcpro-row .wpcpro-col-lg-8 { flex: 0 0 12.5%; max-width: 12.5%; } } @media (min-width: 1200px) { .wpcpro-row .wpcpro-col-xl-1 { flex: 0 0 100%; max-width: 100%; } .wpcpro-row .wpcpro-col-xl-2 { flex: 0 0 50%; max-width: 50%; } .wpcpro-row .wpcpro-col-xl-3 { flex: 0 0 33.22222222%; max-width: 33.22222222%; } .wpcpro-row .wpcpro-col-xl-4 { flex: 0 0 25%; max-width: 25%; } .wpcpro-row .wpcpro-col-xl-5 { flex: 0 0 20%; max-width: 20%; } .wpcpro-row .wpcpro-col-xl-6 { flex: 0 0 16.66667%; max-width: 16.66667%; } .wpcpro-row .wpcpro-col-xl-7 { flex: 0 0 14.28571428%; max-width: 14.28571428%; } .wpcpro-row .wpcpro-col-xl-8 { flex: 0 0 12.5%; max-width: 12.5%; } }<\/style><div class=\"wpcp-carousel-wrapper wpcp-wrapper-2718\">\n\t<div id=\"wpcp-preloader-2718\" class=\"wpcp-carousel-preloader\"><img decoding=\"async\" src=\"https:\/\/mid-century-design.com\/wp-content\/plugins\/wp-carousel-free\/public\/css\/spinner.svg\" alt=\"Preloader Image\" \/><\/div>\t<div class=\"wpcp-carousel-content-wrapper\">\n\t<div id=\"sp-wp-carousel-free-id-2718\" class=\"wpcp-carousel-section sp-wpcp-2718  nav-vertical-center wpcp-image-carousel wpcp-preloader wpcp-standard\" data-swiper='{ &quot;accessibility&quot;:true, &quot;spaceBetween&quot;:20, &quot;arrows&quot;:true, &quot;freeMode&quot;: false, &quot;autoplay&quot;:true, &quot;effect&quot;: &quot;&quot;, &quot;centerMode&quot;: false, &quot;autoplaySpeed&quot;:3000, &quot;dots&quot;:true, &quot;infinite&quot;:true, &quot;speed&quot;:600, &quot;pauseOnHover&quot;:true,\n\t\t\t&quot;slidesToShow&quot;:{&quot;lg_desktop&quot;:5, &quot;desktop&quot;: 4, &quot;laptop&quot;: 3, &quot;tablet&quot;: 2, &quot;mobile&quot;: 1}, &quot;responsive&quot;:{&quot;desktop&quot;:1200, &quot;laptop&quot;: 980, &quot;tablet&quot;: 736, &quot;mobile&quot;: 480}, &quot;rtl&quot;:false, &quot;lazyLoad&quot;: &quot;false&quot;, &quot;swipe&quot;: true, &quot;draggable&quot;: true, &quot;swipeToSlide&quot;:false }' dir=\"ltr\">\n\t\t<div class=\"swiper-wrapper\">\n\t\t<div class=\"swiper-slide\">\n\t<div class=\"wpcp-single-item\">\n\t\t\t<a class=\"wcp-light-box\" data-buttons='[\"close\"]' data-wpc_url='https:\/\/mid-century-design.com\/wp-content\/uploads\/2025\/07\/Robert-Slezak-table-ST44-No.-1-main-view-rotated.jpg' href=\"https:\/\/mid-century-design.com\/wp-content\/uploads\/2025\/07\/Robert-Slezak-table-ST44-No.-1-main-view-rotated.jpg\" data-fancybox=\"wpcp_view\">\n\t\t<figure>\n\t\t\t<img loading=\"lazy\" decoding=\"async\" class=\"skip-lazy\" src=\"https:\/\/mid-century-design.com\/wp-content\/uploads\/2025\/07\/Robert-Slezak-table-ST44-No.-1-main-view-rotated.jpg\" alt=\"Robert Slez\u00e1k Tisch ST44 (Nr. 1) - Hauptansicht\" width=\"480\" height=\"640\">\t\t<\/figure>\n\t<\/a>\n\t\t<\/div>\n<\/div>\n\t<div class=\"swiper-slide\">\n\t<div class=\"wpcp-single-item\">\n\t\t\t<a class=\"wcp-light-box\" data-buttons='[\"close\"]' data-wpc_url='https:\/\/mid-century-design.com\/wp-content\/uploads\/2025\/07\/Robert-Slezak-table-ST44-No.-1-top-view-rotated.jpg' href=\"https:\/\/mid-century-design.com\/wp-content\/uploads\/2025\/07\/Robert-Slezak-table-ST44-No.-1-top-view-rotated.jpg\" data-fancybox=\"wpcp_view\">\n\t\t<figure>\n\t\t\t<img loading=\"lazy\" decoding=\"async\" class=\"skip-lazy\" src=\"https:\/\/mid-century-design.com\/wp-content\/uploads\/2025\/07\/Robert-Slezak-table-ST44-No.-1-top-view-rotated.jpg\" alt=\"Robert Slez\u00e1k Tisch ST44 (No. 1) - Tischplatte\" width=\"480\" height=\"640\">\t\t<\/figure>\n\t<\/a>\n\t\t<\/div>\n<\/div>\n\t<div class=\"swiper-slide\">\n\t<div class=\"wpcp-single-item\">\n\t\t\t<a class=\"wcp-light-box\" data-buttons='[\"close\"]' data-wpc_url='https:\/\/mid-century-design.com\/wp-content\/uploads\/2025\/07\/Robert-Slezak-table-ST44-No.-1-front-view-rotated.jpg' href=\"https:\/\/mid-century-design.com\/wp-content\/uploads\/2025\/07\/Robert-Slezak-table-ST44-No.-1-front-view-rotated.jpg\" data-fancybox=\"wpcp_view\">\n\t\t<figure>\n\t\t\t<img loading=\"lazy\" decoding=\"async\" class=\"skip-lazy\" src=\"https:\/\/mid-century-design.com\/wp-content\/uploads\/2025\/07\/Robert-Slezak-table-ST44-No.-1-front-view-rotated.jpg\" alt=\"Robert Slez\u00e1k Tisch ST44 (No. 1) - Vorderansicht\" width=\"480\" height=\"640\">\t\t<\/figure>\n\t<\/a>\n\t\t<\/div>\n<\/div>\n\t<div class=\"swiper-slide\">\n\t<div class=\"wpcp-single-item\">\n\t\t\t<a class=\"wcp-light-box\" data-buttons='[\"close\"]' data-wpc_url='https:\/\/mid-century-design.com\/wp-content\/uploads\/2025\/07\/Robert-Slezak-table-ST44-No.-1-underdesk-view-rotated.jpg' href=\"https:\/\/mid-century-design.com\/wp-content\/uploads\/2025\/07\/Robert-Slezak-table-ST44-No.-1-underdesk-view-rotated.jpg\" data-fancybox=\"wpcp_view\">\n\t\t<figure>\n\t\t\t<img loading=\"lazy\" decoding=\"async\" class=\"skip-lazy\" src=\"https:\/\/mid-century-design.com\/wp-content\/uploads\/2025\/07\/Robert-Slezak-table-ST44-No.-1-underdesk-view-rotated.jpg\" alt=\"Robert Slez\u00e1k Tisch ST44 (No. 1) - Untertisch\" width=\"480\" height=\"640\">\t\t<\/figure>\n\t<\/a>\n\t\t<\/div>\n<\/div>\n\t<div class=\"swiper-slide\">\n\t<div class=\"wpcp-single-item\">\n\t\t\t<a class=\"wcp-light-box\" data-buttons='[\"close\"]' data-wpc_url='https:\/\/mid-century-design.com\/wp-content\/uploads\/2025\/07\/Robert-Slezak-table-ST44-No.-1-top-down-view-rotated.jpg' href=\"https:\/\/mid-century-design.com\/wp-content\/uploads\/2025\/07\/Robert-Slezak-table-ST44-No.-1-top-down-view-rotated.jpg\" data-fancybox=\"wpcp_view\">\n\t\t<figure>\n\t\t\t<img loading=\"lazy\" decoding=\"async\" class=\"skip-lazy\" src=\"https:\/\/mid-century-design.com\/wp-content\/uploads\/2025\/07\/Robert-Slezak-table-ST44-No.-1-top-down-view-rotated.jpg\" alt=\"Robert Slez\u00e1k Tisch ST44 (Nr. 1) - Ansicht von oben\" width=\"480\" height=\"640\">\t\t<\/figure>\n\t<\/a>\n\t\t<\/div>\n<\/div>\n\t\t\t<\/div>\n\t\t\t\t\t<div class=\"wpcp-swiper-dots swiper-pagination\"><\/div>\n\t\t\t\t<!-- If we need navigation buttons -->\n\t\t\t\t\t<div class=\"wpcp-prev-button swiper-button-prev\"><i class=\"fa fa-angle-left\"><\/i><\/div>\n\t\t\t<div class=\"wpcp-next-button swiper-button-next\"><i class=\"fa fa-angle-right\"><\/i><\/div>\n\t\t\t<\/div>\n\t<\/div>\n<\/div>\n<\/div>\n<p><strong>Preis \u20ac:<\/strong> 900<\/p>\n\n<p><strong>Abmessungen &#8211; H\u00f6he x Durchmesser oben (cm):<\/strong> 65 x 80<\/p>\n\n<p><strong>Material\/Farbe:<\/strong> Stahlrohr verchromt, Tischplatte aus Holz mit Walnussfurnier.<\/p>\n\n<p><strong>Zustand:<\/strong> Authentisch und professionell restauriert. Stahlrohr gereinigt und neu verchromt.  Holz gereinigt, lackiert.<\/p>\n\n<div class=\"wp-block-group is-nowrap is-layout-flex wp-container-core-group-is-layout-6c531013 wp-block-group-is-layout-flex\">\n<p class=\"product woocommerce add_to_cart_inline \" style=\"border:4px solid #ccc; padding: 12px;\"><a href=\"\/de\/wp-json\/wp\/v2\/pages\/2726?add-to-cart=3764\" aria-describedby=\"woocommerce_loop_add_to_cart_link_describedby_3764\" data-quantity=\"1\" class=\"button wp-element-button product_type_simple add_to_cart_button ajax_add_to_cart\" data-product_id=\"3764\" data-product_sku=\"\" aria-label=\"In den Warenkorb legen: \u201eFunctionalist Table ST44 by Robert Slez\u00e1k No.1 (short description)\u201c\" rel=\"nofollow\" data-success_message=\"\u201eFunctionalist Table ST44 by Robert Slez\u00e1k No.1 (short description)\u201c wurde deinem Warenkorb hinzugef\u00fcgt\">In den Warenkorb<\/a>\t<span id=\"woocommerce_loop_add_to_cart_link_describedby_3764\" class=\"screen-reader-text\">\n\t\t\t<\/span>\n<\/p>\n<\/div>\n\n<p><strong>Referenzen:<\/strong><br\/>Kataloge Stahlrohrm\u00f6bel, ISBN: 978-3-7528-2151-2<\/p>\n\n<figure class=\"wp-block-image size-full\"><img loading=\"lazy\" decoding=\"async\" width=\"831\" height=\"576\" src=\"https:\/\/mid-century-design.com\/wp-content\/uploads\/2025\/07\/Robert-Slezak-table-ST44-Catalog.jpg\" alt=\"\" class=\"wp-image-2711\" srcset=\"https:\/\/mid-century-design.com\/wp-content\/uploads\/2025\/07\/Robert-Slezak-table-ST44-Catalog.jpg 831w, https:\/\/mid-century-design.com\/wp-content\/uploads\/2025\/07\/Robert-Slezak-table-ST44-Catalog-300x208.jpg 300w, https:\/\/mid-century-design.com\/wp-content\/uploads\/2025\/07\/Robert-Slezak-table-ST44-Catalog-768x532.jpg 768w\" sizes=\"auto, (max-width: 831px) 100vw, 831px\" \/><\/figure>\n\n<p><strong>Lieferm\u00f6glichkeiten:<\/strong><\/p>\n\n<ol class=\"wp-block-list\">\n<li>Ab Wien &#8211; geb\u00fchrenfrei<\/li>\n\n\n\n<li>Bordsteinkante weltweit &#8211; Netto-Liefergeb\u00fchr.<br\/>Die Lieferung erfolgt durch das f\u00fchrende europ\u00e4ische Logistikunternehmen, das die hochwertige Lieferung des Designobjekts gew\u00e4hrleistet.<\/li>\n<\/ol>\n","protected":false},"excerpt":{"rendered":"<p>Das Tischmodell ST44 ist Funktionalismus per excellence Die Kombination aus dunklem Walnussfurnier auf der Tischplatte wird durch das gl\u00e4nzende, neu verchromte Gestell kontrastiert. Er ist perfekt f\u00fcr sich allein, aber auch f\u00fcr die Kombination mit Stahlrohrsesseln und\/oder einer Tischleuchte im Bauhaus-Stil geeignet. Dieses Modell wurde im Einzelhandelskatalog von Robert Slez\u00e1k aufgef\u00fchrt, siehe unten. Im Jahr [&hellip;]<\/p>\n","protected":false},"author":1,"featured_media":0,"parent":0,"menu_order":0,"comment_status":"closed","ping_status":"closed","template":"","meta":{"footnotes":""},"class_list":["post-2726","page","type-page","status-publish","hentry"],"_links":{"self":[{"href":"https:\/\/mid-century-design.com\/de\/wp-json\/wp\/v2\/pages\/2726","targetHints":{"allow":["GET"]}}],"collection":[{"href":"https:\/\/mid-century-design.com\/de\/wp-json\/wp\/v2\/pages"}],"about":[{"href":"https:\/\/mid-century-design.com\/de\/wp-json\/wp\/v2\/types\/page"}],"author":[{"embeddable":true,"href":"https:\/\/mid-century-design.com\/de\/wp-json\/wp\/v2\/users\/1"}],"replies":[{"embeddable":true,"href":"https:\/\/mid-century-design.com\/de\/wp-json\/wp\/v2\/comments?post=2726"}],"version-history":[{"count":4,"href":"https:\/\/mid-century-design.com\/de\/wp-json\/wp\/v2\/pages\/2726\/revisions"}],"predecessor-version":[{"id":4060,"href":"https:\/\/mid-century-design.com\/de\/wp-json\/wp\/v2\/pages\/2726\/revisions\/4060"}],"wp:attachment":[{"href":"https:\/\/mid-century-design.com\/de\/wp-json\/wp\/v2\/media?parent=2726"}],"curies":[{"name":"wp","href":"https:\/\/api.w.org\/{rel}","templated":true}]}}