{"id":2671,"date":"2025-07-11T12:27:09","date_gmt":"2025-07-11T10:27:09","guid":{"rendered":"https:\/\/mid-century-design.com\/mucke-melder-club-tisch-tn58-no1\/"},"modified":"2026-03-04T14:38:13","modified_gmt":"2026-03-04T13:38:13","slug":"mucke-melder-club-tisch-tn58-no1","status":"publish","type":"page","link":"https:\/\/mid-century-design.com\/de\/mucke-melder-club-tisch-tn58-no1\/","title":{"rendered":"M\u00fccke-Melder Funktionalistischer Clubtisch TN58, 1930-40er Jahre"},"content":{"rendered":"\n<h2 class=\"wp-block-heading\">Der elegante und kompakte Inbegriff des Funktionalismus &#8211; alleinstehend oder im Ensemble mit Sesseln<\/h2>\n\n<p>Die Tischplatte ist mit Nussbaum furniert.<\/p>\n\n<p>Dieses Modell war im Einzelhandelskatalog von M\u00fccke-Melder aufgef\u00fchrt, siehe unten. <\/p>\n\n<p>Nach dem Zweiten Weltkrieg wurde die Firma M\u00fccke-Melder verstaatlicht und die Produktion wurde 1948-1952 von Kovona NP (Tschechoslowakei) \u00fcbernommen.<\/p>\n<div><style id=\"wp_carousel_dynamic_css2660\">#sp-wp-carousel-free-id-2660 .wpcp-swiper-dots {margin: 40px 0px 0px 0px;}.wpcp-wrapper-2660 .swiper-wrapper .swiper-slide-kenburn, .wpcp-wrapper-2660 .swiper-wrapper, .wpcp-wrapper-2660 .wpcpro-row{align-items: center;}#sp-wp-carousel-free-id-2660 .wpcp-single-item {box-shadow: 0px 0px 0px 0px #dddddd;transition: all .3s;margin: 0px;}#sp-wp-carousel-free-id-2660.swiper-flip .wpcp-single-item{margin: 0!important;}#sp-wp-carousel-free-id-2660 .wpcp-single-item:hover {box-shadow: 0px 0px 0px 0px #dddddd;}#sp-wp-carousel-free-id-2660.sp-wpcp-2660 .wpcp-single-item {border: 1px solid #dddddd;}#sp-wp-carousel-free-id-2660.sp-wpcp-2660 .swiper-button-prev,#sp-wp-carousel-free-id-2660.sp-wpcp-2660 .swiper-button-next,#sp-wp-carousel-free-id-2660.sp-wpcp-2660 .swiper-button-prev:hover,#sp-wp-carousel-free-id-2660.sp-wpcp-2660 .swiper-button-next:hover {background: none;border: none;font-size: 30px;}#sp-wp-carousel-free-id-2660.sp-wpcp-2660 .swiper-button-prev i,#sp-wp-carousel-free-id-2660.sp-wpcp-2660 .swiper-button-next i {color: #aaa;}#sp-wp-carousel-free-id-2660.sp-wpcp-2660 .swiper-button-prev i:hover,#sp-wp-carousel-free-id-2660.sp-wpcp-2660 .swiper-button-next i:hover {color: #178087;}#sp-wp-carousel-free-id-2660.sp-wpcp-2660 .wpcp-swiper-dots .swiper-pagination-bullet {background-color: #cccccc;}#sp-wp-carousel-free-id-2660.sp-wpcp-2660 .wpcp-swiper-dots .swiper-pagination-bullet.swiper-pagination-bullet-active {background-color: #178087;} #sp-wp-carousel-free-id-2660.sp-wpcp-2660.wpcp-image-carousel .wpcp-single-item:hover img, #sp-wp-carousel-free-id-2660.sp-wpcp-2660.wpcp-post-carousel .wpcp-single-item:hover img, #sp-wp-carousel-free-id-2660.sp-wpcp-2660.wpcp-product-carousel .wpcp-single-item:hover img{-webkit-transform: scale(1.2);-moz-transform: scale(1.2);transform: scale(1.2);}#sp-wp-carousel-free-id-2660 .wpcpro-row>[class*=\"wpcpro-col-\"] { padding: 0 10px; padding-bottom: 20px;} #sp-wp-carousel-free-id-2660 .swiper-slide .single-item-fade:not(:last-child) { margin-right: 20px;}@media (min-width: 480px) { .wpcpro-row .wpcpro-col-sm-1 { flex: 0 0 100%; max-width: 100%; } .wpcpro-row .wpcpro-col-sm-2 { flex: 0 0 50%; max-width: 50%; } .wpcpro-row .wpcpro-col-sm-2-5 { flex: 0 0 75%; max-width: 75%; } .wpcpro-row .wpcpro-col-sm-3 { flex: 0 0 33.333%; max-width: 33.333%; } .wpcpro-row .wpcpro-col-sm-4 { flex: 0 0 25%; max-width: 25%; } .wpcpro-row .wpcpro-col-sm-5 { flex: 0 0 20%; max-width: 20%; } .wpcpro-row .wpcpro-col-sm-6 { flex: 0 0 16.66666666666667%; max-width: 16.66666666666667%; } .wpcpro-row .wpcpro-col-sm-7 { flex: 0 0 14.28571428%; max-width: 14.28571428%; } .wpcpro-row .wpcpro-col-sm-8 { flex: 0 0 12.5%; max-width: 12.5%; } } @media (max-width: 480px) { .wpcpro-row .wpcpro-col-xs-1 { flex: 0 0 100%; max-width: 100%; } .wpcpro-row .wpcpro-col-xs-2 { flex: 0 0 50%; max-width: 50%; } .wpcpro-row .wpcpro-col-xs-3 { flex: 0 0 33.222%; max-width: 33.222%; } .wpcpro-row .wpcpro-col-xs-4 { flex: 0 0 25%; max-width: 25%; } .wpcpro-row .wpcpro-col-xs-5 { flex: 0 0 20%; max-width: 20%; } .wpcpro-row .wpcpro-col-xs-6 { flex: 0 0 16.6667%; max-width: 16.6667%; } .wpcpro-row .wpcpro-col-xs-7 { flex: 0 0 14.28571428%; max-width: 14.28571428%; } .wpcpro-row .wpcpro-col-xs-8 { flex: 0 0 12.5%; max-width: 12.5%; } } @media (min-width: 736px) { .wpcpro-row .wpcpro-col-md-1 { flex: 0 0 100%; max-width: 100%; } .wpcpro-row .wpcpro-col-md-2 { flex: 0 0 50%; max-width: 50%; } .wpcpro-row .wpcpro-col-md-2-5 { flex: 0 0 75%; max-width: 75%; } .wpcpro-row .wpcpro-col-md-3 { flex: 0 0 33.333%; max-width: 33.333%; } .wpcpro-row .wpcpro-col-md-4 { flex: 0 0 25%; max-width: 25%; } .wpcpro-row .wpcpro-col-md-5 { flex: 0 0 20%; max-width: 20%; } .wpcpro-row .wpcpro-col-md-6 { flex: 0 0 16.66666666666667%; max-width: 16.66666666666667%; } .wpcpro-row .wpcpro-col-md-7 { flex: 0 0 14.28571428%; max-width: 14.28571428%; } .wpcpro-row .wpcpro-col-md-8 { flex: 0 0 12.5%; max-width: 12.5%; } } @media (min-width: 980px) { .wpcpro-row .wpcpro-col-lg-1 { flex: 0 0 100%; max-width: 100%; } .wpcpro-row .wpcpro-col-lg-2 { flex: 0 0 50%; max-width: 50%; } .wpcpro-row .wpcpro-col-lg-3 { flex: 0 0 33.222%; max-width: 33.222%; } .wpcpro-row .wpcpro-col-lg-4 { flex: 0 0 25%; max-width: 25%; } .wpcpro-row .wpcpro-col-lg-5 { flex: 0 0 20%; max-width: 20%; } .wpcpro-row .wpcpro-col-lg-6 { flex: 0 0 16.6667%; max-width: 16.6667%; } .wpcpro-row .wpcpro-col-lg-7 { flex: 0 0 14.28571428%; max-width: 14.28571428%; } .wpcpro-row .wpcpro-col-lg-8 { flex: 0 0 12.5%; max-width: 12.5%; } } @media (min-width: 1200px) { .wpcpro-row .wpcpro-col-xl-1 { flex: 0 0 100%; max-width: 100%; } .wpcpro-row .wpcpro-col-xl-2 { flex: 0 0 50%; max-width: 50%; } .wpcpro-row .wpcpro-col-xl-3 { flex: 0 0 33.22222222%; max-width: 33.22222222%; } .wpcpro-row .wpcpro-col-xl-4 { flex: 0 0 25%; max-width: 25%; } .wpcpro-row .wpcpro-col-xl-5 { flex: 0 0 20%; max-width: 20%; } .wpcpro-row .wpcpro-col-xl-6 { flex: 0 0 16.66667%; max-width: 16.66667%; } .wpcpro-row .wpcpro-col-xl-7 { flex: 0 0 14.28571428%; max-width: 14.28571428%; } .wpcpro-row .wpcpro-col-xl-8 { flex: 0 0 12.5%; max-width: 12.5%; } }<\/style><div class=\"wpcp-carousel-wrapper wpcp-wrapper-2660\">\n\t<div id=\"wpcp-preloader-2660\" class=\"wpcp-carousel-preloader\"><img decoding=\"async\" src=\"https:\/\/mid-century-design.com\/wp-content\/plugins\/wp-carousel-free\/public\/css\/spinner.svg\" alt=\"Preloader Image\" \/><\/div>\t<div class=\"wpcp-carousel-content-wrapper\">\n\t<div id=\"sp-wp-carousel-free-id-2660\" class=\"wpcp-carousel-section sp-wpcp-2660  nav-vertical-center wpcp-image-carousel wpcp-preloader wpcp-standard\" data-swiper='{ &quot;accessibility&quot;:true, &quot;spaceBetween&quot;:20, &quot;arrows&quot;:true, &quot;freeMode&quot;: false, &quot;autoplay&quot;:true, &quot;effect&quot;: &quot;&quot;, &quot;centerMode&quot;: false, &quot;autoplaySpeed&quot;:3000, &quot;dots&quot;:true, &quot;infinite&quot;:true, &quot;speed&quot;:600, &quot;pauseOnHover&quot;:true,\n\t\t\t&quot;slidesToShow&quot;:{&quot;lg_desktop&quot;:5, &quot;desktop&quot;: 4, &quot;laptop&quot;: 3, &quot;tablet&quot;: 2, &quot;mobile&quot;: 1}, &quot;responsive&quot;:{&quot;desktop&quot;:1200, &quot;laptop&quot;: 980, &quot;tablet&quot;: 736, &quot;mobile&quot;: 480}, &quot;rtl&quot;:false, &quot;lazyLoad&quot;: &quot;false&quot;, &quot;swipe&quot;: true, &quot;draggable&quot;: true, &quot;swipeToSlide&quot;:false }' dir=\"ltr\">\n\t\t<div class=\"swiper-wrapper\">\n\t\t<div class=\"swiper-slide\">\n\t<div class=\"wpcp-single-item\">\n\t\t\t<a class=\"wcp-light-box\" data-buttons='[\"close\"]' data-wpc_url='https:\/\/mid-century-design.com\/wp-content\/uploads\/2025\/07\/Mucke-Melder-club-table-TN58-No1-front1-rotated.jpg' href=\"https:\/\/mid-century-design.com\/wp-content\/uploads\/2025\/07\/Mucke-Melder-club-table-TN58-No1-front1-rotated.jpg\" data-fancybox=\"wpcp_view\">\n\t\t<figure>\n\t\t\t<img loading=\"lazy\" decoding=\"async\" class=\"skip-lazy\" src=\"https:\/\/mid-century-design.com\/wp-content\/uploads\/2025\/07\/Mucke-Melder-club-table-TN58-No1-front1-rotated.jpg\" alt=\"M\u00fccke-Melder Clubtisch TN58 - Hauptansicht\" width=\"480\" height=\"640\">\t\t<\/figure>\n\t<\/a>\n\t\t<\/div>\n<\/div>\n\t<div class=\"swiper-slide\">\n\t<div class=\"wpcp-single-item\">\n\t\t\t<a class=\"wcp-light-box\" data-buttons='[\"close\"]' data-wpc_url='https:\/\/mid-century-design.com\/wp-content\/uploads\/2025\/07\/Mucke-Melder-club-table-TN58-No1-top-down-rotated.jpg' href=\"https:\/\/mid-century-design.com\/wp-content\/uploads\/2025\/07\/Mucke-Melder-club-table-TN58-No1-top-down-rotated.jpg\" data-fancybox=\"wpcp_view\">\n\t\t<figure>\n\t\t\t<img loading=\"lazy\" decoding=\"async\" class=\"skip-lazy\" src=\"https:\/\/mid-century-design.com\/wp-content\/uploads\/2025\/07\/Mucke-Melder-club-table-TN58-No1-top-down-rotated.jpg\" alt=\"M\u00fccke-Melder Clubtisch TN58 - Ansicht von oben\" width=\"480\" height=\"640\">\t\t<\/figure>\n\t<\/a>\n\t\t<\/div>\n<\/div>\n\t<div class=\"swiper-slide\">\n\t<div class=\"wpcp-single-item\">\n\t\t\t<a class=\"wcp-light-box\" data-buttons='[\"close\"]' data-wpc_url='https:\/\/mid-century-design.com\/wp-content\/uploads\/2025\/07\/Mucke-Melder-club-table-TN58-No1-front2-rotated.jpg' href=\"https:\/\/mid-century-design.com\/wp-content\/uploads\/2025\/07\/Mucke-Melder-club-table-TN58-No1-front2-rotated.jpg\" data-fancybox=\"wpcp_view\">\n\t\t<figure>\n\t\t\t<img loading=\"lazy\" decoding=\"async\" class=\"skip-lazy\" src=\"https:\/\/mid-century-design.com\/wp-content\/uploads\/2025\/07\/Mucke-Melder-club-table-TN58-No1-front2-rotated.jpg\" alt=\"M\u00fccke-Melder Clubtisch TN58 - Vorderansicht\" width=\"480\" height=\"640\">\t\t<\/figure>\n\t<\/a>\n\t\t<\/div>\n<\/div>\n\t<div class=\"swiper-slide\">\n\t<div class=\"wpcp-single-item\">\n\t\t\t<a class=\"wcp-light-box\" data-buttons='[\"close\"]' data-wpc_url='https:\/\/mid-century-design.com\/wp-content\/uploads\/2025\/07\/Mucke-Melder-club-table-TN58-No1-top-rotated.jpg' href=\"https:\/\/mid-century-design.com\/wp-content\/uploads\/2025\/07\/Mucke-Melder-club-table-TN58-No1-top-rotated.jpg\" data-fancybox=\"wpcp_view\">\n\t\t<figure>\n\t\t\t<img loading=\"lazy\" decoding=\"async\" class=\"skip-lazy\" src=\"https:\/\/mid-century-design.com\/wp-content\/uploads\/2025\/07\/Mucke-Melder-club-table-TN58-No1-top-rotated.jpg\" alt=\"M\u00fccke-Melder Clubtisch TN58 - Tischplatte\" width=\"480\" height=\"640\">\t\t<\/figure>\n\t<\/a>\n\t\t<\/div>\n<\/div>\n\t<div class=\"swiper-slide\">\n\t<div class=\"wpcp-single-item\">\n\t\t\t<a class=\"wcp-light-box\" data-buttons='[\"close\"]' data-wpc_url='https:\/\/mid-century-design.com\/wp-content\/uploads\/2025\/07\/Mucke-Melder-club-table-TN58-No1-underdesk-rotated.jpg' href=\"https:\/\/mid-century-design.com\/wp-content\/uploads\/2025\/07\/Mucke-Melder-club-table-TN58-No1-underdesk-rotated.jpg\" data-fancybox=\"wpcp_view\">\n\t\t<figure>\n\t\t\t<img loading=\"lazy\" decoding=\"async\" class=\"skip-lazy\" src=\"https:\/\/mid-century-design.com\/wp-content\/uploads\/2025\/07\/Mucke-Melder-club-table-TN58-No1-underdesk-rotated.jpg\" alt=\"M\u00fccke-Melder Clubtisch TN58 - Untertisch\" width=\"480\" height=\"640\">\t\t<\/figure>\n\t<\/a>\n\t\t<\/div>\n<\/div>\n\t\t\t<\/div>\n\t\t\t\t\t<div class=\"wpcp-swiper-dots swiper-pagination\"><\/div>\n\t\t\t\t<!-- If we need navigation buttons -->\n\t\t\t\t\t<div class=\"wpcp-prev-button swiper-button-prev\"><i class=\"fa fa-angle-left\"><\/i><\/div>\n\t\t\t<div class=\"wpcp-next-button swiper-button-next\"><i class=\"fa fa-angle-right\"><\/i><\/div>\n\t\t\t<\/div>\n\t<\/div>\n<\/div>\n<\/div>\n<p><strong>Preis \u20ac:<\/strong> 700<\/p>\n\n<p><strong>Abmessungen &#8211; H\u00f6he x Durchmesser oben (cm):<\/strong> 60 x 80<\/p>\n\n<p><strong>Gewicht (kg):<\/strong> 13.5<\/p>\n\n<p><strong>Material\/Farbe:<\/strong> Stahlrohr verchromt, Tischplatte aus Holz mit Walnussfurnier.<\/p>\n\n<p><strong>Zustand:<\/strong> Authentisch und professionell restauriert. Stahlrohr gereinigt und neu verchromt.  Holz gereinigt, lackiert.<\/p>\n\n<div class=\"wp-block-group is-nowrap is-layout-flex wp-container-core-group-is-layout-6c531013 wp-block-group-is-layout-flex\">\n<p class=\"product woocommerce add_to_cart_inline \" style=\"border:4px solid #ccc; padding: 12px;\"><a href=\"\/de\/wp-json\/wp\/v2\/pages\/2671?add-to-cart=3703\" aria-describedby=\"woocommerce_loop_add_to_cart_link_describedby_3703\" data-quantity=\"1\" class=\"button wp-element-button product_type_simple add_to_cart_button ajax_add_to_cart\" data-product_id=\"3703\" data-product_sku=\"\" aria-label=\"In den Warenkorb legen: \u201eM\u00fccke-Melder Functionalist Club Table TN58 No.1 (short description)\u201c\" rel=\"nofollow\" data-success_message=\"\u201eM\u00fccke-Melder Functionalist Club Table TN58 No.1 (short description)\u201c wurde deinem Warenkorb hinzugef\u00fcgt\">In den Warenkorb<\/a>\t<span id=\"woocommerce_loop_add_to_cart_link_describedby_3703\" class=\"screen-reader-text\">\n\t\t\t<\/span>\n<\/p>\n<\/div>\n\n<p><strong>Lieferm\u00f6glichkeiten:<\/strong><\/p>\n\n<ul class=\"wp-block-list\">\n<li>Ab Wien &#8211; geb\u00fchrenfrei<\/li>\n\n\n\n<li>Bordsteinkante weltweit &#8211; Netto-Liefergeb\u00fchr.<br\/>Die Lieferung erfolgt durch das f\u00fchrende europ\u00e4ische Logistikunternehmen, das die hochwertige Lieferung des Designobjekts gew\u00e4hrleistet.<\/li>\n<\/ul>\n\n<p><strong>Referenzen:<\/strong><\/p>\n\n<figure class=\"wp-block-image size-large\"><img loading=\"lazy\" decoding=\"async\" width=\"732\" height=\"1024\" src=\"https:\/\/mid-century-design.com\/wp-content\/uploads\/2025\/07\/Mucke-Melder-Catalog-TN58-732x1024.jpg\" alt=\"\" class=\"wp-image-2635\" srcset=\"https:\/\/mid-century-design.com\/wp-content\/uploads\/2025\/07\/Mucke-Melder-Catalog-TN58-732x1024.jpg 732w, https:\/\/mid-century-design.com\/wp-content\/uploads\/2025\/07\/Mucke-Melder-Catalog-TN58-214x300.jpg 214w, https:\/\/mid-century-design.com\/wp-content\/uploads\/2025\/07\/Mucke-Melder-Catalog-TN58-768x1075.jpg 768w, https:\/\/mid-century-design.com\/wp-content\/uploads\/2025\/07\/Mucke-Melder-Catalog-TN58.jpg 907w\" sizes=\"auto, (max-width: 732px) 100vw, 732px\" \/><\/figure>\n","protected":false},"excerpt":{"rendered":"<p>Der elegante und kompakte Inbegriff des Funktionalismus &#8211; alleinstehend oder im Ensemble mit Sesseln Die Tischplatte ist mit Nussbaum furniert. Dieses Modell war im Einzelhandelskatalog von M\u00fccke-Melder aufgef\u00fchrt, siehe unten. Nach dem Zweiten Weltkrieg wurde die Firma M\u00fccke-Melder verstaatlicht und die Produktion wurde 1948-1952 von Kovona NP (Tschechoslowakei) \u00fcbernommen. Preis \u20ac: 700 Abmessungen &#8211; H\u00f6he [&hellip;]<\/p>\n","protected":false},"author":1,"featured_media":0,"parent":0,"menu_order":0,"comment_status":"closed","ping_status":"closed","template":"","meta":{"footnotes":""},"class_list":["post-2671","page","type-page","status-publish","hentry"],"_links":{"self":[{"href":"https:\/\/mid-century-design.com\/de\/wp-json\/wp\/v2\/pages\/2671","targetHints":{"allow":["GET"]}}],"collection":[{"href":"https:\/\/mid-century-design.com\/de\/wp-json\/wp\/v2\/pages"}],"about":[{"href":"https:\/\/mid-century-design.com\/de\/wp-json\/wp\/v2\/types\/page"}],"author":[{"embeddable":true,"href":"https:\/\/mid-century-design.com\/de\/wp-json\/wp\/v2\/users\/1"}],"replies":[{"embeddable":true,"href":"https:\/\/mid-century-design.com\/de\/wp-json\/wp\/v2\/comments?post=2671"}],"version-history":[{"count":6,"href":"https:\/\/mid-century-design.com\/de\/wp-json\/wp\/v2\/pages\/2671\/revisions"}],"predecessor-version":[{"id":4071,"href":"https:\/\/mid-century-design.com\/de\/wp-json\/wp\/v2\/pages\/2671\/revisions\/4071"}],"wp:attachment":[{"href":"https:\/\/mid-century-design.com\/de\/wp-json\/wp\/v2\/media?parent=2671"}],"curies":[{"name":"wp","href":"https:\/\/api.w.org\/{rel}","templated":true}]}}