{"id":2437,"date":"2025-03-11T14:31:02","date_gmt":"2025-03-11T13:31:02","guid":{"rendered":"https:\/\/mid-century-design.com\/vintage-holzmoebel-hauptmerkmale\/"},"modified":"2026-02-18T05:38:18","modified_gmt":"2026-02-18T04:38:18","slug":"vintage-holzmoebel-hauptmerkmale","status":"publish","type":"page","link":"https:\/\/mid-century-design.com\/de\/vintage-holzmoebel-hauptmerkmale\/","title":{"rendered":"Vintage Holzm\u00f6bel \u2013 Hauptmerkmale"},"content":{"rendered":"\n<p>Die Mid-Century Vintage-Sessel zeichnen sich durch ihre Ergonomie und ihren Komfort &#8211; schlicht im Design, aber gro\u00df in der Wirkung!<\/p>\n\n<p>Da bei uns nur (mit wenige Ausnahmen) vollst\u00e4ndig restaurierte M\u00f6bel angeboten wird \u2013 Schaumstoff und Polsterung neu, Federkern erneut, Holz geschliffen und lackiert \u2013 erwerben Sie einen Vintage-Sessel fast wie neu, aber mit dem Charme der Patina der Zeit, die nur die Jahre einem M\u00f6belst\u00fcck verleihen k\u00f6nnen.<\/p>\n\n<p>Ein Vintage-Sessel bedeutet nicht nur eine \u00e4sthetische Freude, sondern ist auch als Investition hervorragend \u2013 obwohl der Preis abh\u00e4ngig von aktuellem Trend schwanken kann, aus der Mode kommt er nie heraus, daher langfristig ist diese Investition sowohl n\u00fctzlich als auch rentabel.<\/p>\n\n<p>Bei dem Mid-Century M\u00f6bel, die schon 50 bis 100 Jahre existiert, konnte man davon ausgehen, dass ein Sessel, der schon f\u00fcnfzig, bzw. hundert Jahre gehalten hat, auch weitere f\u00fcnfzig, bzw. hundert \u00fcbersteht \u2013 daher ist so ein M\u00f6belst\u00fcck ein langfristiger Kauf.<\/p>\n\n<p>Die Haltbarkeit des qualitativen Mid-Century M\u00f6bel ist sowie durch Design, als auch Erzeugung gew\u00e4hrleistet.<br\/>Daher bei der Auswahl des Mid-Century M\u00f6bel sollte man Wert auf Qualit\u00e4t legen.<br\/>So ist speziell bei Sesseln und Sofas &#8211; der besserer Qualit\u00e4t &#8211; nur selten sind Schrauben (oder deren Abdeckungen), die das M\u00f6bel zusammenhalten, sichtbar.<br\/>Bei M\u00f6beln mit Holzrahmen wie Regalen oder Sitzgelegenheiten ist Augenblick auf die Stellen, an<br\/>denen die Holzteile miteinander verbunden sind, unbedingt zu werfen: saubere, passgenaue und nahtlose \u00dcberg\u00e4nge lassen gute Verarbeitung erkennen.<br\/>Eine Fertigung aus Massivholz ist generell ein Qualit\u00e4tsindikator, aber Premiumstucke k\u00f6nnen auch furniert sein, insbesondere wenn es um Palisander oder Nussbaum geht.<br\/>Es gibt auch Merkmale, die spezifisch f\u00fcr einen konkreten Produzent sind, z.B. Thonet Markierungen.<br\/>All das pr\u00fcfen wir schon bevor die Restaurierung beginnt \u2013 daher nehmen wir diese m\u00fchevollen Aufgaben von Ihnen ab.<\/p>\n\n<p>Die Pflege von Mid-Century-M\u00f6beln ist nicht arbeitsintensiv.<br\/>M\u00f6bel sollten nur alle sieben bis zehn Jahre und dann nur sparsam poliert werden.<br\/>Stoffe sollten chemisch gereinigt werden.<\/p>\n\n<p>Ein spezielles Segment der Vintage-M\u00f6bel stellt die <strong>Bugholzm\u00f6bel <\/strong>dar.<br\/>Die von Michael Thonet entwickelte und patentierten Biegeverfahren konnte die Art und Weise, wie M\u00f6bel hergestellt wurden, auf grundlegende Weise ver\u00e4ndern.<br\/>Diese Verfahren funktioniert folgenderma\u00dfen: das Holzteil wird zun\u00e4chst in Form gedrechselt und im Dampfkessel mithilfe von Wasserdampf gekocht. An dem so aufgeweichten Werkst\u00fcck wird \u2013 und das ist entscheidend \u2013 ein Metallband befestigt. Das Band nimmt die beim Biegen auf das Holz einwirkenden Zugkr\u00e4fte auf.<br\/>Ein weiterer Vorteil der Bugholzm\u00f6bel ist, dass, obwohl aus massivem Material, ist sie vergleichsweise leicht und trotzdem stabil.  <\/p>\n\n<p>Die wesentlichen Designer von Bugholzm\u00f6beln waren:<br\/>Alvar Aalto (1898 \u2013 1976), Finnland<br\/>Josef Frank (1885 &#8211; 1967), \u00d6sterreich, Schweden<br\/>Jind\u0159ich Halabala (1903\u20131978), Tschechoslowakei<br\/>Fritz Hansen (1847\u20131902), D\u00e4nemark<br\/>Josef Hoffmann (1870 &#8211; 1956), \u00d6sterreich<br\/>Arne Jacobsen (1902 \u2013 1971), D\u00e4nemark<br\/>Finn Juhl (1912 &#8211; 1989), D\u00e4nemark<br\/>Verner Panton (1926 \u2013 1998), D\u00e4nemark<br\/>Franz Singer (1886 &#8211; 1954), \u00d6sterreich<br\/>Michael Thonet und S\u00f6hne, Marcel Kammerer f\u00fcr Thonet, Deutschland<br\/>Jan Van\u011bk (1881 \u2013 1962), Tschechoslowakei<br\/>Hans Wegner (1914-2007), D\u00e4nemark<\/p>\n\n<p>Die Hauptproduzenten sind\/waren:<br\/>Artek, Finnland<br\/>Fritz Hansen, D\u00e4nemark<br\/>J. &amp; J. Kohn, \u00d6sterreich, 1849 \u2013 1914<br\/>Thonet, Deutschland<br\/>TON, Tschechoslowakei, Tschechische Republik<br\/>UP z\u00e1vody (Spojen\u00e9 um\u011bleckopr\u016fmyslov\u00e9 z\u00e1vody Br\u00fcnn), Tschechoslowakei, 1921 \u2013 1948<\/p>\n\n<p>Die besonders interessanten Modelle aus der Zeit von 1930 bis 1970 waren:<\/p>\n\n<p>Bugholzarmlehnsessel A811 von Gebr. Thonet<br\/>Designer: Josef Hoffmann um 1930 <\/p>\n\n<p>Sessel H-269 von UP z\u00e1vody<br\/>Designer: Jind\u0159ich Halabala<\/p>\n\n<p>Sessel Tank 400 von Artek<br\/>Designer: Alvar Aalto, 1936 f\u00fcr eine Ausstellung auf der Mail\u00e4nder Triennale<\/p>\n\n<p>Isokon Long Chair von Isokon Furniture Company, London<br\/>Designer: Marcel Breuer, 1930er Jahre<\/p>\n\n<p>Sessel A63F von Thonet-Mundus<br\/>Designer: Josef Frank, 1930<\/p>\n\n<p>Morris-Sessel von Standard bytov\u00f3 spole\u010dnost (S.B.S.), Br\u00fcnn-Prag.<br\/>Designer: Jan Van\u011bk, 1929<\/p>\n\n<p>Chieftain-Sessel von Niels Vodder, Kopenhagen, D\u00e4nemark.<br\/>Designer: Finn Juhl, 1949<\/p>\n\n<p>\u201eDer Stuhl\u201c JH501 von Hansen.<br\/>Designer: Hans Wegner, 1940er Jahre<\/p>\n","protected":false},"excerpt":{"rendered":"<p>Die Mid-Century Vintage-Sessel zeichnen sich durch ihre Ergonomie und ihren Komfort &#8211; schlicht im Design, aber gro\u00df in der Wirkung! Da bei uns nur (mit wenige Ausnahmen) vollst\u00e4ndig restaurierte M\u00f6bel angeboten wird \u2013 Schaumstoff und Polsterung neu, Federkern erneut, Holz geschliffen und lackiert \u2013 erwerben Sie einen Vintage-Sessel fast wie neu, aber mit dem Charme [&hellip;]<\/p>\n","protected":false},"author":1,"featured_media":0,"parent":0,"menu_order":0,"comment_status":"closed","ping_status":"closed","template":"","meta":{"footnotes":""},"class_list":["post-2437","page","type-page","status-publish","hentry"],"_links":{"self":[{"href":"https:\/\/mid-century-design.com\/de\/wp-json\/wp\/v2\/pages\/2437","targetHints":{"allow":["GET"]}}],"collection":[{"href":"https:\/\/mid-century-design.com\/de\/wp-json\/wp\/v2\/pages"}],"about":[{"href":"https:\/\/mid-century-design.com\/de\/wp-json\/wp\/v2\/types\/page"}],"author":[{"embeddable":true,"href":"https:\/\/mid-century-design.com\/de\/wp-json\/wp\/v2\/users\/1"}],"replies":[{"embeddable":true,"href":"https:\/\/mid-century-design.com\/de\/wp-json\/wp\/v2\/comments?post=2437"}],"version-history":[{"count":11,"href":"https:\/\/mid-century-design.com\/de\/wp-json\/wp\/v2\/pages\/2437\/revisions"}],"predecessor-version":[{"id":4032,"href":"https:\/\/mid-century-design.com\/de\/wp-json\/wp\/v2\/pages\/2437\/revisions\/4032"}],"wp:attachment":[{"href":"https:\/\/mid-century-design.com\/de\/wp-json\/wp\/v2\/media?parent=2437"}],"curies":[{"name":"wp","href":"https:\/\/api.w.org\/{rel}","templated":true}]}}