{"id":2235,"date":"2024-09-16T17:32:03","date_gmt":"2024-09-16T15:32:03","guid":{"rendered":"https:\/\/mid-century-design.com\/rueckerstattung\/"},"modified":"2025-01-04T10:38:27","modified_gmt":"2025-01-04T09:38:27","slug":"rueckerstattung","status":"publish","type":"page","link":"https:\/\/mid-century-design.com\/de\/rueckerstattung\/","title":{"rendered":"R\u00fcckerstattungsrichtlinie"},"content":{"rendered":"\n<h3 class=\"wp-block-heading\"><strong>Allgemein<\/strong><\/h3>\n\n<p>Diese R\u00fcckerstattungsrichtlinie gilt nur f\u00fcr online gekaufte Waren.<\/p>\n\n<h3 class=\"wp-block-heading\"><strong>R\u00fcckgabe<\/strong><\/h3>\n\n<p>Der K\u00e4ufer hat das Recht, einen Artikel bei Abweichungen von den Abbildungen in unserem Shop oder bei versteckten Transportsch\u00e4den innerhalb von 14 Tagen nach Erhalt des Artikels zur\u00fcckzugeben. Der Kassenbon oder Kaufbeleg muss vorhanden sein.<br\/>Kontaktieren Sie uns einfach unter <a href=\"mailto:info@mid-century-design.com\">info@mid-century-design.com<\/a>. <\/p>\n\n<p>Bei Warensendungen in die Europ\u00e4ische Union ist die R\u00fcckgabe innerhalb von 14 Tagen aus beliebigem Grund und ohne Angabe von Gr\u00fcnden m\u00f6glich.<\/p>\n\n<p>Um f\u00fcr eine R\u00fcckgabe in Frage zu kommen, muss sich der Artikel im gleichen Zustand wie zum Zeitpunkt des Kaufs befinden.<\/p>\n\n<p>Die Kosten der R\u00fccksendung tr\u00e4gt \u2013 au\u00dfer bei Transportsch\u00e4den, siehe unten \u2013 der K\u00e4ufer.<br\/>Im Falle einer Annahme der R\u00fccksendung werden die Versanddetails in beiderseitigem Einvernehmen geregelt, vorausgesetzt, die Transportqualit\u00e4t wird gew\u00e4hrleistet und die Kosten werden minimiert. <\/p>\n\n<p>Die Ware muss sofort nach Erhalt kontrolliert werden. Wenn die Sendung besch\u00e4digt ist, z. B. mit L\u00f6chern oder Rissen in der Verpackung, teilweise ge\u00f6ffneten Verpackungen oder nasser Verpackung, sollte der K\u00e4ufer die Annahme verweigern. <\/p>\n\n<p>Wird die Ware angenommen und werden sp\u00e4ter Sch\u00e4den festgestellt, sind diese zu dokumentieren und uns schnellstm\u00f6glich per Post zuzusenden. Der Sachverhalt wird mit dem Transportunternehmen gekl\u00e4rt und sofern es sich um einen Transportschaden handelt, tragen wir die Kosten der R\u00fccksendung. <\/p>\n\n<h3 class=\"wp-block-heading\"><strong>Erstattung<\/strong><\/h3>\n\n<p>Sobald die R\u00fccksendung eingegangen und gepr\u00fcft ist, wird der K\u00e4ufer benachrichtigt, ob die R\u00fcckerstattung genehmigt wurde oder nicht. Im Falle einer Genehmigung wird der gezahlte Betrag innerhalb von 10 Werktagen \u00fcber Ihre urspr\u00fcngliche Zahlungsmethode zur\u00fcckerstattet. <\/p>\n\n<p>Die R\u00fcckerstattung kann abgelehnt werden, wenn der Zustand des Artikels vom Zustand zum Zeitpunkt des Kaufs abweicht und die Abweichungen\/Sch\u00e4den nicht w\u00e4hrend des Transports zum K\u00e4ufer entstanden sind. Im letzten Fall werden wir mit dem K\u00e4ufer zusammenarbeiten, um eine f\u00fcr beide Seiten akzeptable L\u00f6sung zu finden. <\/p>\n","protected":false},"excerpt":{"rendered":"<p>Allgemein Diese R\u00fcckerstattungsrichtlinie gilt nur f\u00fcr online gekaufte Waren. R\u00fcckgabe Der K\u00e4ufer hat das Recht, einen Artikel bei Abweichungen von den Abbildungen in unserem Shop oder bei versteckten Transportsch\u00e4den innerhalb von 14 Tagen nach Erhalt des Artikels zur\u00fcckzugeben. Der Kassenbon oder Kaufbeleg muss vorhanden sein.Kontaktieren Sie uns einfach unter info@mid-century-design.com. Bei Warensendungen in die Europ\u00e4ische [&hellip;]<\/p>\n","protected":false},"author":1,"featured_media":0,"parent":0,"menu_order":0,"comment_status":"closed","ping_status":"closed","template":"","meta":{"footnotes":""},"class_list":["post-2235","page","type-page","status-publish","hentry"],"_links":{"self":[{"href":"https:\/\/mid-century-design.com\/de\/wp-json\/wp\/v2\/pages\/2235","targetHints":{"allow":["GET"]}}],"collection":[{"href":"https:\/\/mid-century-design.com\/de\/wp-json\/wp\/v2\/pages"}],"about":[{"href":"https:\/\/mid-century-design.com\/de\/wp-json\/wp\/v2\/types\/page"}],"author":[{"embeddable":true,"href":"https:\/\/mid-century-design.com\/de\/wp-json\/wp\/v2\/users\/1"}],"replies":[{"embeddable":true,"href":"https:\/\/mid-century-design.com\/de\/wp-json\/wp\/v2\/comments?post=2235"}],"version-history":[{"count":1,"href":"https:\/\/mid-century-design.com\/de\/wp-json\/wp\/v2\/pages\/2235\/revisions"}],"predecessor-version":[{"id":2236,"href":"https:\/\/mid-century-design.com\/de\/wp-json\/wp\/v2\/pages\/2235\/revisions\/2236"}],"wp:attachment":[{"href":"https:\/\/mid-century-design.com\/de\/wp-json\/wp\/v2\/media?parent=2235"}],"curies":[{"name":"wp","href":"https:\/\/api.w.org\/{rel}","templated":true}]}}