{"id":2229,"date":"2024-09-12T11:36:23","date_gmt":"2024-09-12T09:36:23","guid":{"rendered":"https:\/\/mid-century-design.com\/datenschutzbestimmungen\/"},"modified":"2025-01-04T09:19:38","modified_gmt":"2025-01-04T08:19:38","slug":"datenschutzbestimmungen","status":"publish","type":"page","link":"https:\/\/mid-century-design.com\/de\/datenschutzbestimmungen\/","title":{"rendered":"Datenschutzbestimmungen"},"content":{"rendered":"\n<h3 class=\"wp-block-heading\"><strong>Pers\u00f6nliche Informationen<\/strong><\/h3>\n\n<p>Wenn Sie die Site besuchen, erfassen wir bestimmte Informationen \u00fcber Ihre Interaktion mit der Site sowie Informationen, die zur Abwicklung Ihrer Eink\u00e4ufe erforderlich sind. In dieser Datenschutzrichtlinie bezeichnen wir alle Informationen \u00fcber eine identifizierbare Person als \u201epers\u00f6nliche Informationen\u201c.  <br\/>Weitere Informationen dar\u00fcber, welche personenbezogenen Daten wir erfassen und warum, finden Sie in der folgenden Liste.<\/p>\n\n<p class=\"has-medium-font-size\"><strong>1. Kontakt<\/strong><\/p>\n\n<ul class=\"wp-block-list\">\n<li><strong>Zweck der Erhebung<\/strong>: Kommunikation per Telefon, Post, E-Mail und\/oder Webformulare<\/li>\n\n\n\n<li><strong>Quelle der Erhebung:<\/strong> collected from you<\/li>\n\n\n\n<li><strong>Erfasste personenbezogene Daten:<\/strong> Vor- und Nachname, Adresse (sofern angegeben), E-Mail-Adresse und Telefonnummer<\/li>\n<\/ul>\n\n<p><strong>2. Bestellinformationen<\/strong><\/p>\n\n<ul class=\"wp-block-list\">\n<li><strong>Zweck der Erhebung<\/strong>: Bereitstellung von Produkten oder Dienstleistungen f\u00fcr Sie, Erf\u00fcllung unseres Vertrags, Verarbeitung Ihrer Zahlungsinformationen, Organisation des Versands, Bereitstellung von Rechnungen und\/oder Auftragsbest\u00e4tigungen und Kommunikation mit Ihnen<\/li>\n\n\n\n<li><strong>Quelle der Erhebung:<\/strong> collected from you<\/li>\n\n\n\n<li><strong>Erfasste personenbezogene Daten:<\/strong> Vor- und Nachname, Rechnungsadresse, Lieferadresse, Zahlungsinformationen, E-Mail-Adresse und Telefonnummer<\/li>\n<\/ul>\n\n<p><strong>3. Einhaltung gesetzlicher Verpflichtungen<\/strong><\/p>\n\n<ul class=\"wp-block-list\">\n<li><strong>Zweck der Erhebung<\/strong>: Zur Kommunikation per Telefon, Post, E-Mail und\/oder Webformulare. Wir geben personenbezogene Daten nur dann weiter, wenn wir gesetzlich dazu verpflichtet sind oder auf Anordnung eines Gerichts, als Reaktion auf Anfragen einer Strafverfolgungsbeh\u00f6rde oder in dem Umfang, der nach anderen gesetzlichen Bestimmungen zul\u00e4ssig ist. <\/li>\n\n\n\n<li><strong>Quelle der Erhebung:<\/strong> collected from you<\/li>\n\n\n\n<li><strong>Erfasste personenbezogene Daten:<\/strong> A first and last name, billing address<\/li>\n<\/ul>\n\n<h3 class=\"wp-block-heading\"><strong>Technische Angelegenheiten<\/strong><\/h3>\n\n<ol class=\"wp-block-list\">\n<li><strong>Wir setzen Dienstleister ein,<\/strong> die als unsere Datenverarbeiter f\u00fcr den Versand und die ggf. erfolgenden Auswertungen fungieren.<br\/>S\u00e4mtliche Dienstleister sind vertraglich dazu verpflichtet, Ihre Daten vertraulich zu behandeln.<\/li>\n\n\n\n<li><strong>Wir verwenden keine Webanalysetechnologien<\/strong> au\u00dfer der Google Search Console und Microsoft Bing Webmaster.<br\/>Mithilfe dieser k\u00f6nnen wir unsere Sichtbarkeit im Web messen und die Erkenntnisse nutzen, um uns zu verbessern und so mehr Verkehr zu generieren.<br\/>Da diese Tools weder das Setzen von Cookies noch den Einsatz anderer Tracking-Technologien erfordern, bieten sie Websitebetreibern die M\u00f6glichkeit, sich und ihre Website datenschutzkonform zu vermarkten.<br\/>Der wesentliche Unterschied zwischen der Google Search Console und Microsoft Bing Webmaster sowie anderen Webanalysetools besteht darin, dass beide zwar genau wie andere Webanalysetools Daten sammeln und anschlie\u00dfend auswerten, das Tracking jedoch nicht auf der Website des jeweiligen Betreibers stattfindet. Die gesammelten Daten stammen ausschlie\u00dflich von den Suchmaschinen von Google bzw. Microsoft.<br\/>Entscheidend ist, dass die erhobenen Daten nicht direkt auf der Seite des Betreibers, sondern durch Google bzw. Microsoft selbst erhoben werden. Insofern sind Google bzw. Microsoft f\u00fcr die Einhaltung der Bestimmungen der DSGVO verantwortlich.<br\/>Das bedeutet, dass keine der \u00fcber die Console oder den Webmaster angezeigten Informationen personenbezogene Daten enthalten.    <br\/><\/li>\n<\/ol>\n","protected":false},"excerpt":{"rendered":"<p>Pers\u00f6nliche Informationen Wenn Sie die Site besuchen, erfassen wir bestimmte Informationen \u00fcber Ihre Interaktion mit der Site sowie Informationen, die zur Abwicklung Ihrer Eink\u00e4ufe erforderlich sind. In dieser Datenschutzrichtlinie bezeichnen wir alle Informationen \u00fcber eine identifizierbare Person als \u201epers\u00f6nliche Informationen\u201c. Weitere Informationen dar\u00fcber, welche personenbezogenen Daten wir erfassen und warum, finden Sie in der folgenden [&hellip;]<\/p>\n","protected":false},"author":1,"featured_media":0,"parent":0,"menu_order":0,"comment_status":"closed","ping_status":"closed","template":"","meta":{"footnotes":""},"class_list":["post-2229","page","type-page","status-publish","hentry"],"_links":{"self":[{"href":"https:\/\/mid-century-design.com\/de\/wp-json\/wp\/v2\/pages\/2229","targetHints":{"allow":["GET"]}}],"collection":[{"href":"https:\/\/mid-century-design.com\/de\/wp-json\/wp\/v2\/pages"}],"about":[{"href":"https:\/\/mid-century-design.com\/de\/wp-json\/wp\/v2\/types\/page"}],"author":[{"embeddable":true,"href":"https:\/\/mid-century-design.com\/de\/wp-json\/wp\/v2\/users\/1"}],"replies":[{"embeddable":true,"href":"https:\/\/mid-century-design.com\/de\/wp-json\/wp\/v2\/comments?post=2229"}],"version-history":[{"count":2,"href":"https:\/\/mid-century-design.com\/de\/wp-json\/wp\/v2\/pages\/2229\/revisions"}],"predecessor-version":[{"id":2232,"href":"https:\/\/mid-century-design.com\/de\/wp-json\/wp\/v2\/pages\/2229\/revisions\/2232"}],"wp:attachment":[{"href":"https:\/\/mid-century-design.com\/de\/wp-json\/wp\/v2\/media?parent=2229"}],"curies":[{"name":"wp","href":"https:\/\/api.w.org\/{rel}","templated":true}]}}