{"id":2218,"date":"2024-09-12T11:34:27","date_gmt":"2024-09-12T09:34:27","guid":{"rendered":"https:\/\/mid-century-design.com\/geschaeftsbedingungen\/"},"modified":"2025-09-01T09:54:38","modified_gmt":"2025-09-01T07:54:38","slug":"geschaeftsbedingungen","status":"publish","type":"page","link":"https:\/\/mid-century-design.com\/de\/geschaeftsbedingungen\/","title":{"rendered":"Gesch\u00e4ftsbedingungen"},"content":{"rendered":"\n<h3 class=\"wp-block-heading\"><strong>Einf\u00fchrung<\/strong><br\/><\/h3>\n\n<p>Indem Sie unsere Website besuchen und\/oder etwas von uns kaufen, nehmen Sie an unserem \u201eService\u201c teil und erkl\u00e4ren sich mit den folgenden Gesch\u00e4ftsbedingungen (\u201eGesch\u00e4ftsbedingungen\u201c) einverstanden, einschlie\u00dflich der zus\u00e4tzlichen Gesch\u00e4ftsbedingungen und Richtlinien, auf die hierin verwiesen wird. Diese Gesch\u00e4ftsbedingungen gelten f\u00fcr alle Benutzer der Website, einschlie\u00dflich und ohne Einschr\u00e4nkung f\u00fcr die Benutzer, seien sie Browserbenutzer, Anbieter, Kunden oder H\u00e4ndler. <br\/><br\/>Bitte lesen Sie diese Gesch\u00e4ftsbedingungen sorgf\u00e4ltig durch, bevor Sie auf unsere Website zugreifen oder sie nutzen. <br\/>Indem Sie auf diese Website oder einen Teil davon zugreifen oder ihn nutzen, erkl\u00e4ren Sie sich mit diesen Gesch\u00e4ftsbedingungen einverstanden.<\/p>\n\n<p>Alle neuen Funktionen oder Tools, die der aktuellen Website hinzugef\u00fcgt werden, unterliegen ebenfalls den Allgemeinen Gesch\u00e4ftsbedingungen.<br\/>Wir behalten uns das Recht vor, Teile dieser Allgemeinen Gesch\u00e4ftsbedingungen zu aktualisieren, zu \u00e4ndern oder zu ersetzen, indem wir Aktualisierungen und\/oder \u00c4nderungen auf unserer Website ver\u00f6ffentlichen. <br\/>Es liegt in Ihrer Verantwortung, diese Seite regelm\u00e4\u00dfig auf \u00c4nderungen zu \u00fcberpr\u00fcfen.<\/p>\n\n<h3 class=\"wp-block-heading\"><strong>Allgemeine Gesch\u00e4ftsbedingungen <\/strong><strong><\/strong><\/h3>\n\n<p>Indem Sie diesen Gesch\u00e4ftsbedingungen zustimmen, erkl\u00e4ren Sie, dass Sie in Ihrem Staat vollj\u00e4hrig sind. Sie d\u00fcrfen unsere Produkte nicht f\u00fcr illegale oder nicht autorisierte Zwecke verwenden, noch d\u00fcrfen Sie bei der Nutzung des Service gegen Gesetze irgendeiner Gerichtsbarkeit, wie etwa Urheberrechtsgesetze usw., versto\u00dfen.<\/p>\n\n<p>Wir behalten uns das Recht vor, den Service jederzeit und aus beliebigem Grund zu verweigern.<\/p>\n\n<p>F\u00fcr die Reproduktion, Vervielf\u00e4ltigung, Kopie, den Verkauf, Weiterverkauf oder die Nutzung dieses Service oder von Teilen davon oder von Kontakten auf der Website ist unsere schriftliche Genehmigung erforderlich.<\/p>\n\n<h3 class=\"wp-block-heading\"><strong>Information<\/strong><strong><\/strong><\/h3>\n\n<p>Das Material auf dieser Site dient ausschlie\u00dflich der allgemeinen Information und sollte nicht als alleinige Grundlage f\u00fcr Entscheidungen herangezogen oder verwendet werden. Das Vertrauen in das Material auf dieser Site erfolgt auf eigene Gefahr.<br\/>Die historischen Informationen dienen ausschlie\u00dflich zu Ihrer Information.<\/p>\n\n<p>Die Nutzung der verf\u00fcgbaren oder von uns bereitgestellten Informationen, ob online, per E-Mail, auf dem Postwege oder auf andere Weise, ist ausschlie\u00dflich f\u00fcr pers\u00f6nliche Zwecke bestimmt.<br\/>Sie tragen die volle Verantwortung daf\u00fcr, wenn Sie die Informationen \u00f6ffentlich zug\u00e4nglich machen, weiterleiten, kopieren, ver\u00f6ffentlichen, verteilen, \u00fcbersetzen oder f\u00fcr andere Zwecke als f\u00fcr pers\u00f6nliche Zwecke verwenden.<\/p>\n\n<p>Lediglich die Kreditkartendaten werden verschl\u00fcsselt \u00fcbertragen, alle anderen Daten k\u00f6nnen unverschl\u00fcsselt \u00fcbertragen werden.<\/p>\n\n<h3 class=\"wp-block-heading\"><strong>Produkte<\/strong><strong><\/strong><\/h3>\n\n<p>Es wurde jede Anstrengung unternommen, die Farben und Bilder unserer Produkte, die auf der Website erscheinen, so genau wie m\u00f6glich darzustellen, aber das Erscheinungsbild auf dem Display\/Monitor Ihres elektronischen Ger\u00e4ts kann vom tats\u00e4chlichen Objekt abweichen.<br\/>Die Ihnen \u00fcber den Service gelieferten Produkte werden \u201ewie besehen\u201c und \u201ewie verf\u00fcgbar\u201c bereitgestellt.<\/p>\n\n<p>Die Preise verstehen sich ab Wien (\u00d6sterreich).<br\/>Lieferkosten auf Anfrage.<br\/>Alle Produktbeschreibungen oder Produktpreise k\u00f6nnen jederzeit und ohne Vorank\u00fcndigung nach unserem alleinigen Ermessen ge\u00e4ndert werden.<\/p>\n\n<p>Wir behalten uns das Recht vor, den Verkauf unserer Produkte oder Dienstleistungen auf Personen, geografische Regionen oder Gerichtsbarkeiten zu beschr\u00e4nken. Dieses Recht kann von Fall zu Fall nach unserem alleinigen Ermessen ausge\u00fcbt werden.<\/p>\n\n<p>Wir \u00fcbernehmen keine Garantie daf\u00fcr, dass die Qualit\u00e4t der von Ihnen erworbenen oder erhaltenen Produkte, Dienstleistungen, Informationen oder sonstigen Materialien Ihren Erwartungen entspricht.<\/p>\n\n<p>Bestimmte Produkte oder Dienstleistungen sind m\u00f6glicherweise ausschlie\u00dflich online \u00fcber die Website verf\u00fcgbar und unterliegen ausschlie\u00dflich unserer R\u00fcckerstattungsrichtlinie und der R\u00fcckgabe oder dem Umtausch.<\/p>\n\n<h3 class=\"wp-block-heading\"><strong>Zahlung<\/strong><\/h3>\n\n<p>Der Kauf der Produkte ist per Vorab\u00fcberweisung auf ein zu nennendes Bankkonto oder in bar bei Abholung m\u00f6glich.<\/p>\n\n<h3 class=\"wp-block-heading\"><strong>Gew\u00e4hrleistungsausschluss<\/strong><strong><\/strong><\/h3>\n\n<p>Wir \u00fcbernehmen keine Garantie oder Gew\u00e4hrleistung daf\u00fcr, dass Sie unseren Service ohne Unterbrechungen, rechtzeitig, sicher oder fehlerfrei nutzen.<br\/>Sie erkl\u00e4ren sich ausdr\u00fccklich damit einverstanden, dass Sie den Service ausschlie\u00dflich auf Ihr eigenes Risiko nutzen.<\/p>\n\n<p>Alle Produkte und Dienste, die Ihnen \u00fcber diesen Service bereitgestellt werden, werden Ihnen im vorliegenden Zustand und wie verf\u00fcgbar zur Nutzung bereitgestellt, ohne jegliche Zusicherungen, Garantien oder Bedingungen jeglicher Art, weder ausdr\u00fccklich noch stillschweigend, einschlie\u00dflich aller stillschweigenden Garantien oder Bedingungen hinsichtlich der Marktg\u00e4ngigkeit, handels\u00fcblichen Qualit\u00e4t, Eignung f\u00fcr einen bestimmten Zweck, Haltbarkeit, Eigentumsanspr\u00fcchen und Nichtverletzung.<\/p>\n\n<p>In keinem Fall haften wir f\u00fcr Verletzungen, Verluste, Anspr\u00fcche oder direkte, indirekte, zuf\u00e4llige, Straf-, Sonder- oder Folgesch\u00e4den jeglicher Art, einschlie\u00dflich, aber nicht beschr\u00e4nkt auf entgangenen Gewinn, entgangenen Umsatz, entgangene Einsparungen, Datenverlust, Wiederbeschaffungskosten oder \u00e4hnliche Sch\u00e4den, unabh\u00e4ngig davon, ob diese auf einem Vertrag beruhen oder nicht, die sich aus Ihrer Nutzung des Service oder der \u00fcber den Service beschafften Produkte ergeben, oder f\u00fcr sonstige Anspr\u00fcche, die in irgendeiner Weise mit Ihrer Nutzung des Service oder eines Produkts in Zusammenhang stehen.<\/p>\n\n<h3 class=\"wp-block-heading\"><strong>Schadloshaltung<\/strong><\/h3>\n\n<p>Sie erkl\u00e4ren sich damit einverstanden, mid-century-design.com und unsere Tochtergesellschaften, Partner, leitenden Angestellten, Direktoren, Vertreter, Auftragnehmer, Lizenzgeber, Dienstleister, Subunternehmer, Lieferanten, Praktikanten und Mitarbeiter schadlos zu halten und von allen Anspr\u00fcchen oder Forderungen Dritter, einschlie\u00dflich angemessener Anwaltskosten, freizustellen, die aus Ihrem Versto\u00df gegen diese Allgemeinen Gesch\u00e4ftsbedingungen oder die Dokumente, auf die in diesen Allgemeinen Gesch\u00e4ftsbedingungen verwiesen wird, oder aus Ihrem Versto\u00df gegen ein Gesetz oder die Rechte Dritter entstehen.<br\/><\/p>\n\n<h3 class=\"wp-block-heading\"><strong>Geltendes Recht<\/strong><strong><\/strong><\/h3>\n\n<p>Diese Allgemeinen Gesch\u00e4ftsbedingungen und alle gesonderten Vereinbarungen, im Rahmen derer wir Ihnen Dienste bereitstellen, unterliegen \u00f6sterreichischem Recht und werden entsprechend ausgelegt.<\/p>\n\n<h3 class=\"wp-block-heading\"><strong>Kontakt<\/strong><\/h3>\n\n<p>Anfragen zu den Gesch\u00e4ftsbedingungen sind zu richten an:<br\/><a href=\"mailto:info@mid-century-design.com\">info@mid-century-design.com<\/a>.<\/p>\n","protected":false},"excerpt":{"rendered":"<p>Einf\u00fchrung Indem Sie unsere Website besuchen und\/oder etwas von uns kaufen, nehmen Sie an unserem \u201eService\u201c teil und erkl\u00e4ren sich mit den folgenden Gesch\u00e4ftsbedingungen (\u201eGesch\u00e4ftsbedingungen\u201c) einverstanden, einschlie\u00dflich der zus\u00e4tzlichen Gesch\u00e4ftsbedingungen und Richtlinien, auf die hierin verwiesen wird. Diese Gesch\u00e4ftsbedingungen gelten f\u00fcr alle Benutzer der Website, einschlie\u00dflich und ohne Einschr\u00e4nkung f\u00fcr die Benutzer, seien sie Browserbenutzer, [&hellip;]<\/p>\n","protected":false},"author":1,"featured_media":0,"parent":0,"menu_order":0,"comment_status":"closed","ping_status":"closed","template":"","meta":{"footnotes":""},"class_list":["post-2218","page","type-page","status-publish","hentry"],"_links":{"self":[{"href":"https:\/\/mid-century-design.com\/de\/wp-json\/wp\/v2\/pages\/2218","targetHints":{"allow":["GET"]}}],"collection":[{"href":"https:\/\/mid-century-design.com\/de\/wp-json\/wp\/v2\/pages"}],"about":[{"href":"https:\/\/mid-century-design.com\/de\/wp-json\/wp\/v2\/types\/page"}],"author":[{"embeddable":true,"href":"https:\/\/mid-century-design.com\/de\/wp-json\/wp\/v2\/users\/1"}],"replies":[{"embeddable":true,"href":"https:\/\/mid-century-design.com\/de\/wp-json\/wp\/v2\/comments?post=2218"}],"version-history":[{"count":3,"href":"https:\/\/mid-century-design.com\/de\/wp-json\/wp\/v2\/pages\/2218\/revisions"}],"predecessor-version":[{"id":3199,"href":"https:\/\/mid-century-design.com\/de\/wp-json\/wp\/v2\/pages\/2218\/revisions\/3199"}],"wp:attachment":[{"href":"https:\/\/mid-century-design.com\/de\/wp-json\/wp\/v2\/media?parent=2218"}],"curies":[{"name":"wp","href":"https:\/\/api.w.org\/{rel}","templated":true}]}}