{"id":2193,"date":"2024-07-16T13:58:26","date_gmt":"2024-07-16T11:58:26","guid":{"rendered":"https:\/\/mid-century-design.com\/designers\/"},"modified":"2024-12-29T11:46:17","modified_gmt":"2024-12-29T10:46:17","slug":"designers","status":"publish","type":"page","link":"https:\/\/mid-century-design.com\/de\/designers\/","title":{"rendered":"Designer &amp; Hersteller"},"content":{"rendered":"\n<div class=\"wp-block-group has-global-padding is-layout-constrained wp-container-core-group-is-layout-b25ccd55 wp-block-group-is-layout-constrained\" style=\"margin-top:0;margin-bottom:0;padding-top:var(--wp--preset--spacing--50);padding-right:var(--wp--preset--spacing--50);padding-bottom:var(--wp--preset--spacing--50);padding-left:var(--wp--preset--spacing--50)\">\n<div class=\"wp-block-columns alignwide is-layout-flex wp-container-core-columns-is-layout-ff4b9c61 wp-block-columns-is-layout-flex\" style=\"margin-top:0;margin-bottom:0\">\n<div class=\"wp-block-column is-layout-flow wp-container-core-column-is-layout-8a368f38 wp-block-column-is-layout-flow\">\n<div style=\"height:var(--wp--preset--spacing--50)\" aria-hidden=\"true\" class=\"wp-block-spacer\"><\/div>\n\n\n\n<figure class=\"wp-block-image size-full\"><a href=\"https:\/\/mid-century-design.com\/de\/jindrich-halabala\/\"><img loading=\"lazy\" decoding=\"async\" width=\"220\" height=\"279\" src=\"https:\/\/mid-century-design.com\/wp-content\/uploads\/2024\/09\/Jindrich-Halabala.jpg\" alt=\"\" class=\"wp-image-1157\"\/><\/a><figcaption class=\"wp-element-caption\"><strong>Jind\u0159ich Halabala<\/strong><\/figcaption><\/figure>\n\n\n\n<div style=\"height:var(--wp--preset--spacing--50)\" aria-hidden=\"true\" class=\"wp-block-spacer\"><\/div>\n\n\n\n<figure class=\"wp-block-image size-full is-style-rounded is-style-rounded--1\"><a href=\"https:\/\/mid-century-design.com\/de\/heczendorfer-laszlo\/\"><img loading=\"lazy\" decoding=\"async\" width=\"512\" height=\"344\" src=\"https:\/\/mid-century-design.com\/wp-content\/uploads\/2024\/09\/Laszlo-Heczendorfer.jpg\" alt=\"\" class=\"wp-image-915\" style=\"aspect-ratio:3\/4;object-fit:cover\" srcset=\"https:\/\/mid-century-design.com\/wp-content\/uploads\/2024\/09\/Laszlo-Heczendorfer.jpg 512w, https:\/\/mid-century-design.com\/wp-content\/uploads\/2024\/09\/Laszlo-Heczendorfer-300x202.jpg 300w\" sizes=\"auto, (max-width: 512px) 100vw, 512px\" \/><\/a><figcaption class=\"wp-element-caption\"><strong>L\u00e1szl\u00f3 Heczendorfer<\/strong><\/figcaption><\/figure>\n\n\n\n<div style=\"height:var(--wp--preset--spacing--50)\" aria-hidden=\"true\" class=\"wp-block-spacer\"><\/div>\n\n\n\n<figure class=\"wp-block-image size-full is-style-default\"><a href=\"https:\/\/mid-century-design.com\/de\/antonin-kybal\/\"><img loading=\"lazy\" decoding=\"async\" width=\"512\" height=\"519\" src=\"https:\/\/mid-century-design.com\/wp-content\/uploads\/2024\/09\/Antonin-Kybal.jpg\" alt=\"\" class=\"wp-image-912\" style=\"aspect-ratio:3\/4;object-fit:cover\" srcset=\"https:\/\/mid-century-design.com\/wp-content\/uploads\/2024\/09\/Antonin-Kybal.jpg 512w, https:\/\/mid-century-design.com\/wp-content\/uploads\/2024\/09\/Antonin-Kybal-296x300.jpg 296w\" sizes=\"auto, (max-width: 512px) 100vw, 512px\" \/><\/a><figcaption class=\"wp-element-caption\"><strong>Anton\u00edn Kybal<\/strong><\/figcaption><\/figure>\n<\/div>\n\n\n\n<div class=\"wp-block-column is-layout-flow wp-container-core-column-is-layout-8a368f38 wp-block-column-is-layout-flow\">\n<div style=\"height:var(--wp--preset--spacing--50)\" aria-hidden=\"true\" class=\"wp-block-spacer\"><\/div>\n\n\n\n<figure class=\"wp-block-image size-full is-style-rounded is-style-rounded--2\"><a href=\"https:\/\/mid-century-design.com\/de\/mucke-melder\/\"><img loading=\"lazy\" decoding=\"async\" width=\"145\" height=\"145\" src=\"https:\/\/mid-century-design.com\/wp-content\/uploads\/2024\/09\/Mucke-Melder-edited.jpg\" alt=\"\" class=\"wp-image-936\"\/><\/a><figcaption class=\"wp-element-caption\"><strong>M\u00fccke-Melder<\/strong><\/figcaption><\/figure>\n\n\n\n<div style=\"height:var(--wp--preset--spacing--50)\" aria-hidden=\"true\" class=\"wp-block-spacer\"><\/div>\n\n\n\n<figure class=\"wp-block-image size-full is-style-rounded is-style-rounded--3\"><a href=\"https:\/\/mid-century-design.com\/de\/jaroslav-smidek\/\"><img loading=\"lazy\" decoding=\"async\" width=\"512\" height=\"440\" src=\"https:\/\/mid-century-design.com\/wp-content\/uploads\/2024\/09\/Jaroslav-Smidek.jpg\" alt=\"\" class=\"wp-image-914\" style=\"aspect-ratio:1;object-fit:cover\" srcset=\"https:\/\/mid-century-design.com\/wp-content\/uploads\/2024\/09\/Jaroslav-Smidek.jpg 512w, https:\/\/mid-century-design.com\/wp-content\/uploads\/2024\/09\/Jaroslav-Smidek-300x258.jpg 300w\" sizes=\"auto, (max-width: 512px) 100vw, 512px\" \/><\/a><figcaption class=\"wp-element-caption\"><strong>Jaroslav \u0160m\u00eddek<\/strong><\/figcaption><\/figure>\n\n\n\n<div style=\"height:var(--wp--preset--spacing--50)\" aria-hidden=\"true\" class=\"wp-block-spacer\"><\/div>\n\n\n\n<figure class=\"wp-block-image size-full\"><a href=\"https:\/\/mid-century-design.com\/de\/thonet\/\"><img loading=\"lazy\" decoding=\"async\" width=\"300\" height=\"170\" src=\"https:\/\/mid-century-design.com\/wp-content\/uploads\/2024\/09\/Thonet-logo.png\" alt=\"\" class=\"wp-image-1146\"\/><\/a><figcaption class=\"wp-element-caption\"><strong>Thonet in den 1920-1930er Jahren<\/strong><\/figcaption><\/figure>\n<\/div>\n\n\n\n<div class=\"wp-block-column is-layout-flow wp-container-core-column-is-layout-8a368f38 wp-block-column-is-layout-flow\">\n<div style=\"height:var(--wp--preset--spacing--50)\" aria-hidden=\"true\" class=\"wp-block-spacer\"><\/div>\n\n\n\n<figure class=\"wp-block-image size-full is-style-default\"><a href=\"https:\/\/mid-century-design.com\/de\/ton\/\"><img loading=\"lazy\" decoding=\"async\" width=\"240\" height=\"135\" src=\"https:\/\/mid-century-design.com\/wp-content\/uploads\/2024\/09\/TON-edited.jpg\" alt=\"\" class=\"wp-image-930\"\/><\/a><figcaption class=\"wp-element-caption\"><strong>TON<\/strong><\/figcaption><\/figure>\n\n\n\n<div style=\"height:var(--wp--preset--spacing--50)\" aria-hidden=\"true\" class=\"wp-block-spacer\"><\/div>\n\n\n\n<figure class=\"wp-block-image size-full is-resized is-style-rounded is-style-rounded--4\"><a href=\"https:\/\/mid-century-design.com\/de\/univerzal-prostejov-2\/\"><img loading=\"lazy\" decoding=\"async\" width=\"512\" height=\"94\" src=\"https:\/\/mid-century-design.com\/wp-content\/uploads\/2024\/09\/Univerzal-Prostejov.jpg\" alt=\"\" class=\"wp-image-918\" style=\"width:219px;height:auto\" srcset=\"https:\/\/mid-century-design.com\/wp-content\/uploads\/2024\/09\/Univerzal-Prostejov.jpg 512w, https:\/\/mid-century-design.com\/wp-content\/uploads\/2024\/09\/Univerzal-Prostejov-300x55.jpg 300w\" sizes=\"auto, (max-width: 512px) 100vw, 512px\" \/><\/a><figcaption class=\"wp-element-caption\"><strong>Univerzal Prost\u011bjov<\/strong><\/figcaption><\/figure>\n\n\n\n<div style=\"height:var(--wp--preset--spacing--50)\" aria-hidden=\"true\" class=\"wp-block-spacer\"><\/div>\n\n\n\n<figure class=\"wp-block-image size-full is-style-rounded is-style-rounded--5\"><a href=\"https:\/\/mid-century-design.com\/de\/up-zavody\/\"><img loading=\"lazy\" decoding=\"async\" width=\"406\" height=\"406\" src=\"https:\/\/mid-century-design.com\/wp-content\/uploads\/2024\/09\/UP-zavody-edited.jpg\" alt=\"\" class=\"wp-image-933\" srcset=\"https:\/\/mid-century-design.com\/wp-content\/uploads\/2024\/09\/UP-zavody-edited.jpg 406w, https:\/\/mid-century-design.com\/wp-content\/uploads\/2024\/09\/UP-zavody-edited-300x300.jpg 300w, https:\/\/mid-century-design.com\/wp-content\/uploads\/2024\/09\/UP-zavody-edited-150x150.jpg 150w\" sizes=\"auto, (max-width: 406px) 100vw, 406px\" \/><\/a><figcaption class=\"wp-element-caption\"><strong>UP Z\u00e1vody<\/strong><\/figcaption><\/figure>\n<\/div>\n\n\n\n<div class=\"wp-block-column is-layout-flow wp-container-core-column-is-layout-8a368f38 wp-block-column-is-layout-flow\">\n<div style=\"height:var(--wp--preset--spacing--50)\" aria-hidden=\"true\" class=\"wp-block-spacer\"><\/div>\n\n\n\n<figure class=\"wp-block-image size-full is-style-rounded is-style-rounded--6\"><a href=\"https:\/\/mid-century-design.com\/de\/jan-vanek\/\"><img loading=\"lazy\" decoding=\"async\" width=\"512\" height=\"736\" src=\"https:\/\/mid-century-design.com\/wp-content\/uploads\/2024\/09\/Jan-Vanek.jpg\" alt=\"\" class=\"wp-image-913\" srcset=\"https:\/\/mid-century-design.com\/wp-content\/uploads\/2024\/09\/Jan-Vanek.jpg 512w, https:\/\/mid-century-design.com\/wp-content\/uploads\/2024\/09\/Jan-Vanek-209x300.jpg 209w\" sizes=\"auto, (max-width: 512px) 100vw, 512px\" \/><\/a><figcaption class=\"wp-element-caption\"><strong>Jan Van\u011bk<\/strong><\/figcaption><\/figure>\n\n\n\n<div style=\"height:var(--wp--preset--spacing--50)\" aria-hidden=\"true\" class=\"wp-block-spacer\"><\/div>\n\n\n\n<figure class=\"wp-block-image size-full is-style-rounded is-style-rounded--7\"><a href=\"https:\/\/mid-century-design.com\/de\/karel-kozelka\/\"><img loading=\"lazy\" decoding=\"async\" width=\"512\" height=\"620\" src=\"https:\/\/mid-century-design.com\/wp-content\/uploads\/2024\/09\/dnsni-byt.jpg\" alt=\"\" class=\"wp-image-948\" srcset=\"https:\/\/mid-century-design.com\/wp-content\/uploads\/2024\/09\/dnsni-byt.jpg 512w, https:\/\/mid-century-design.com\/wp-content\/uploads\/2024\/09\/dnsni-byt-248x300.jpg 248w\" sizes=\"auto, (max-width: 512px) 100vw, 512px\" \/><\/a><figcaption class=\"wp-element-caption\"><strong>Karel Ko\u017eelka<\/strong><\/figcaption><\/figure>\n\n\n\n<div style=\"height:var(--wp--preset--spacing--50)\" aria-hidden=\"true\" class=\"wp-block-spacer\"><\/div>\n\n\n\n<figure class=\"wp-block-image size-full\"><a href=\"https:\/\/mid-century-design.com\/de\/antonin-kropacek\/\"><img loading=\"lazy\" decoding=\"async\" width=\"385\" height=\"264\" src=\"https:\/\/mid-century-design.com\/wp-content\/uploads\/2024\/09\/MilanTriennale1946-Logo1.jpg\" alt=\"\" class=\"wp-image-1156\" srcset=\"https:\/\/mid-century-design.com\/wp-content\/uploads\/2024\/09\/MilanTriennale1946-Logo1.jpg 385w, https:\/\/mid-century-design.com\/wp-content\/uploads\/2024\/09\/MilanTriennale1946-Logo1-300x206.jpg 300w\" sizes=\"auto, (max-width: 385px) 100vw, 385px\" \/><\/a><figcaption class=\"wp-element-caption\"><strong>Anton\u00edn Krop\u00e1\u010dek<\/strong><\/figcaption><\/figure>\n<\/div>\n<\/div>\n<\/div>\n","protected":false},"excerpt":{"rendered":"","protected":false},"author":1,"featured_media":0,"parent":0,"menu_order":11,"comment_status":"closed","ping_status":"closed","template":"","meta":{"footnotes":""},"class_list":["post-2193","page","type-page","status-publish","hentry"],"_links":{"self":[{"href":"https:\/\/mid-century-design.com\/de\/wp-json\/wp\/v2\/pages\/2193","targetHints":{"allow":["GET"]}}],"collection":[{"href":"https:\/\/mid-century-design.com\/de\/wp-json\/wp\/v2\/pages"}],"about":[{"href":"https:\/\/mid-century-design.com\/de\/wp-json\/wp\/v2\/types\/page"}],"author":[{"embeddable":true,"href":"https:\/\/mid-century-design.com\/de\/wp-json\/wp\/v2\/users\/1"}],"replies":[{"embeddable":true,"href":"https:\/\/mid-century-design.com\/de\/wp-json\/wp\/v2\/comments?post=2193"}],"version-history":[{"count":2,"href":"https:\/\/mid-century-design.com\/de\/wp-json\/wp\/v2\/pages\/2193\/revisions"}],"predecessor-version":[{"id":2195,"href":"https:\/\/mid-century-design.com\/de\/wp-json\/wp\/v2\/pages\/2193\/revisions\/2195"}],"wp:attachment":[{"href":"https:\/\/mid-century-design.com\/de\/wp-json\/wp\/v2\/media?parent=2193"}],"curies":[{"name":"wp","href":"https:\/\/api.w.org\/{rel}","templated":true}]}}