{"id":2184,"date":"2024-09-07T10:47:00","date_gmt":"2024-09-07T08:47:00","guid":{"rendered":"https:\/\/mid-century-design.com\/mucke-melder\/"},"modified":"2024-12-28T17:45:28","modified_gmt":"2024-12-28T16:45:28","slug":"mucke-melder","status":"publish","type":"page","link":"https:\/\/mid-century-design.com\/de\/mucke-melder\/","title":{"rendered":"M\u00fccke-Melder"},"content":{"rendered":"\n<div class=\"wp-block-group is-layout-flow wp-block-group-is-layout-flow\">\n<p>Die Firma M\u00fccke-Melder mit Sitz in V\u00edtkovice, heute Tschechien, entstand 1915 durch den Zusammenschluss der Drahtwarenfabrik von Emil M\u00fccke in Moravsk\u00e1 Ostrava mit der Eisenwarenfabrik von Hugo Melder in V\u00edtkovice. Das Unternehmen verarbeitete Eisen, Draht und Blech. 1923 kam in P\u0159\u00edvoz eine Fabrik f\u00fcr Eisen- und Messingm\u00f6bel hinzu.  <\/p>\n\n\n\n<p>Die Firma M\u00fccke-Melder begann 1928 mit der Herstellung von M\u00f6beln aus vernickelten und verchromten Stahlrohren.<\/p>\n\n\n\n<p>Im Januar 1933 verlegte Hugo Melder den Firmensitz von V\u00edtkovice nach Fry\u0161t\u00e1t (heute Karvin\u00e1). Von da an leitete er die Firma selbst, \u00e4nderte jedoch den gut eingef\u00fchrten Handelsnamen M\u00fccke-Melder nicht <\/p>\n\n\n\n<p>Er konzentrierte sich auf die Produktion von Metallm\u00f6beln, darunter auch Thonet-Modelle<\/p>\n\n\n\n<p>W\u00e4hrend des Zweiten Weltkrieges produzierte das Werk auch f\u00fcr die deutsche Wehrmacht. Im Zuge der sogenannten Sudetenarisierung kaufte Hugo Melder 1940 die Bugholzm\u00f6belfabrik Fischel in Mimoni, wo er fortan Holzpropeller f\u00fcr Flugzeuge der Luftwaffe produzierte. <\/p>\n\n\n\n<p>Das Unternehmen wurde im Oktober 1945 verstaatlicht. Die Betriebe in Fry\u0161t\u00e1t wurden vom Nationalunternehmen Kovona Karvin\u00e1 und dem ehemaligen Unternehmen Fischel Thonet in Byst\u0159ice pod Host\u00fdnem (sp\u00e4ter Nationalunternehmen Ton) \u00fcbernommen. <em><s><\/s><\/em><\/p>\n<\/div>\n","protected":false},"excerpt":{"rendered":"<p>Die Firma M\u00fccke-Melder mit Sitz in V\u00edtkovice, heute Tschechien, entstand 1915 durch den Zusammenschluss der Drahtwarenfabrik von Emil M\u00fccke in Moravsk\u00e1 Ostrava mit der Eisenwarenfabrik von Hugo Melder in V\u00edtkovice. Das Unternehmen verarbeitete Eisen, Draht und Blech. 1923 kam in P\u0159\u00edvoz eine Fabrik f\u00fcr Eisen- und Messingm\u00f6bel hinzu. Die Firma M\u00fccke-Melder begann 1928 mit der [&hellip;]<\/p>\n","protected":false},"author":1,"featured_media":0,"parent":0,"menu_order":0,"comment_status":"closed","ping_status":"closed","template":"","meta":{"footnotes":""},"class_list":["post-2184","page","type-page","status-publish","hentry"],"_links":{"self":[{"href":"https:\/\/mid-century-design.com\/de\/wp-json\/wp\/v2\/pages\/2184","targetHints":{"allow":["GET"]}}],"collection":[{"href":"https:\/\/mid-century-design.com\/de\/wp-json\/wp\/v2\/pages"}],"about":[{"href":"https:\/\/mid-century-design.com\/de\/wp-json\/wp\/v2\/types\/page"}],"author":[{"embeddable":true,"href":"https:\/\/mid-century-design.com\/de\/wp-json\/wp\/v2\/users\/1"}],"replies":[{"embeddable":true,"href":"https:\/\/mid-century-design.com\/de\/wp-json\/wp\/v2\/comments?post=2184"}],"version-history":[{"count":1,"href":"https:\/\/mid-century-design.com\/de\/wp-json\/wp\/v2\/pages\/2184\/revisions"}],"predecessor-version":[{"id":2185,"href":"https:\/\/mid-century-design.com\/de\/wp-json\/wp\/v2\/pages\/2184\/revisions\/2185"}],"wp:attachment":[{"href":"https:\/\/mid-century-design.com\/de\/wp-json\/wp\/v2\/media?parent=2184"}],"curies":[{"name":"wp","href":"https:\/\/api.w.org\/{rel}","templated":true}]}}