{"id":2178,"date":"2024-08-30T10:42:39","date_gmt":"2024-08-30T08:42:39","guid":{"rendered":"https:\/\/mid-century-design.com\/karel-kozelka\/"},"modified":"2024-12-28T16:05:43","modified_gmt":"2024-12-28T15:05:43","slug":"karel-kozelka","status":"publish","type":"page","link":"https:\/\/mid-century-design.com\/de\/karel-kozelka\/","title":{"rendered":"Karel Ko\u017eelka (1909-1992)"},"content":{"rendered":"\n<p>Karel Ko\u017eelka war ein tschechischer Architekt, Stadtplaner und Designer.<\/p>\n\n<p>Er studierte an der Akademie der K\u00fcnste, Architektur und Design in Prag (UMPRUM \u2013 Vysok\u00e1 \u0161kola um\u011bleckopr\u016fmyslov\u00e1 v Praze) im Architekturb\u00fcro von Pavel Jan\u00e1k und schloss sein Studium 1933 ab. <br\/>Nach seinem Studium trat er dem Verband tschechoslowakischer Werke (Svaz \u010deskoslovensk\u00e9ho d\u00edla -S\u010cSD) bei, wo er bis 1948 als Kommissar t\u00e4tig war. <br\/>Er widmete sich auch der theoretischen Arbeit und ver\u00f6ffentlichte Artikel zum Thema Wohnm\u00f6bel, insbesondere Sofas.<\/p>\n\n<p>Anschlie\u00dfend wurde er Sekret\u00e4r und danach Leiter der Abteilung f\u00fcr Weiterentwicklung des Zentrums f\u00fcr Volkskunstproduktion (\u00dast\u0159ed\u00ed lidov\u00e9 um\u011bleck\u00e9 v\u00fdroby \u2013 \u00daLUV).<br\/>1955 wurde er Direktor der Genossenschaftsbetriebe (Dru\u017estevn\u00ed pr\u00e1ci).<\/p>\n\n<p>1944 entwarf er zusammen mit Anton\u00edn Krop\u00e1\u010dek ein Set aus zwei Sesseln und einem runden Tisch, das 1946 auf der Mail\u00e4nder Triennale eine Silbermedaille gewann. Das Set wurde 1944 f\u00fcr die Tschechischen Kunstwerkst\u00e4tten (\u010cesk\u00e9 um\u011bleck\u00e9 d\u00edlny) entworfen.<\/p>\n\n<p>Er ist der Autor eines minimalistischen Sommerhauses aus Holz, das dem Verband tschechischer Werke als Modell diente.<br\/>Er entwarf es 1941 in Zusammenarbeit mit dem Architekten Lu\u010fek Kubes.<\/p>\n","protected":false},"excerpt":{"rendered":"<p>Karel Ko\u017eelka war ein tschechischer Architekt, Stadtplaner und Designer. Er studierte an der Akademie der K\u00fcnste, Architektur und Design in Prag (UMPRUM \u2013 Vysok\u00e1 \u0161kola um\u011bleckopr\u016fmyslov\u00e1 v Praze) im Architekturb\u00fcro von Pavel Jan\u00e1k und schloss sein Studium 1933 ab. Nach seinem Studium trat er dem Verband tschechoslowakischer Werke (Svaz \u010deskoslovensk\u00e9ho d\u00edla -S\u010cSD) bei, wo er [&hellip;]<\/p>\n","protected":false},"author":1,"featured_media":0,"parent":0,"menu_order":0,"comment_status":"closed","ping_status":"closed","template":"","meta":{"footnotes":""},"class_list":["post-2178","page","type-page","status-publish","hentry"],"_links":{"self":[{"href":"https:\/\/mid-century-design.com\/de\/wp-json\/wp\/v2\/pages\/2178","targetHints":{"allow":["GET"]}}],"collection":[{"href":"https:\/\/mid-century-design.com\/de\/wp-json\/wp\/v2\/pages"}],"about":[{"href":"https:\/\/mid-century-design.com\/de\/wp-json\/wp\/v2\/types\/page"}],"author":[{"embeddable":true,"href":"https:\/\/mid-century-design.com\/de\/wp-json\/wp\/v2\/users\/1"}],"replies":[{"embeddable":true,"href":"https:\/\/mid-century-design.com\/de\/wp-json\/wp\/v2\/comments?post=2178"}],"version-history":[{"count":1,"href":"https:\/\/mid-century-design.com\/de\/wp-json\/wp\/v2\/pages\/2178\/revisions"}],"predecessor-version":[{"id":2179,"href":"https:\/\/mid-century-design.com\/de\/wp-json\/wp\/v2\/pages\/2178\/revisions\/2179"}],"wp:attachment":[{"href":"https:\/\/mid-century-design.com\/de\/wp-json\/wp\/v2\/media?parent=2178"}],"curies":[{"name":"wp","href":"https:\/\/api.w.org\/{rel}","templated":true}]}}