{"id":2172,"date":"2024-08-15T09:12:05","date_gmt":"2024-08-15T07:12:05","guid":{"rendered":"https:\/\/mid-century-design.com\/ton\/"},"modified":"2024-12-28T15:12:05","modified_gmt":"2024-12-28T14:12:05","slug":"ton","status":"publish","type":"page","link":"https:\/\/mid-century-design.com\/de\/ton\/","title":{"rendered":"TON"},"content":{"rendered":"\n<div class=\"wp-block-group is-layout-flow wp-block-group-is-layout-flow\">\n<p>TON ist ein tschechisches M\u00f6belunternehmen mit Sitz in Byst\u0159ice pod Host\u00fdnem. Es ist ber\u00fchmt f\u00fcr seine manuelle Holzbiegetechnik, die an diesem Standort seit 1861 eingesetzt wird. Der Betrieb der Biegem\u00f6belfabrik wurde 1861 in Byst\u0159ice pod Host\u00fdnem von Michael Thonet aufgenommen. Der urspr\u00fcngliche Name war Gebr\u00fcder Thonet. Dieser Name galt ab 1853.   <\/p>\n\n\n\n<p>Der Erste Weltkrieg brachte jedoch eine Wirtschaftskrise mit sich, die 1924 zu einer Fusion mit der Kohn-Mundus Aktiengesellschaft und einer Umbenennung in Thonet-Mundus f\u00fchrte. Der daraus entstandene internationale Konzern war bis 1940 t\u00e4tig und wurde dann von einem vom Reichsprotektor ernannten Verwalter \u00fcbernommen. Nach dem Zweiten Weltkrieg wurde das Werk verstaatlicht und am 7. M\u00e4rz 1946 wurde Thonet per Dekret des Industrieministeriums zum Nationalunternehmen Thonet (n.p. Thonet).  <\/p>\n\n\n\n<p>Ab 1948 wurden kleinere und mittlere Unternehmen in die Firma Thonet integriert. Diese Zeit war mit vielen Umstrukturierungen verbunden, gleichzeitig aber auch eine Zeit, die nach den beiden Weltkriegen ein erneutes Interesse an Bugholzm\u00f6beln bedeutete. 1953 wurde der Name in TON (Tov\u00e1rna na oh\u00fdban\u00fd n\u00e1b\u011bt\u00edk) ge\u00e4ndert \u2013 Fabrik f\u00fcr Bugholzm\u00f6bel.   <\/p>\n\n\n\n<p>Die Philosophie von TON besteht darin, manuelles Holzbiegen mit den Ideen tschechischer und ausl\u00e4ndischer Designer zu verbinden.<br\/>In den 1950er Jahren entwarf der Designer Anton\u00edn Krop\u00e1\u010dek (1908-1989) einen Lattenstuhl mit gepolsterter Sitzfl\u00e4che und R\u00fcckenlehne, der in Br\u00fcssel mit dem Grand Prix ausgezeichnet wurde. Bedeutende Designer des nationalen Unternehmens TON waren Anton\u00edn \u0160um\u00e1n (1924-1998), Radom\u00edr Hofman (1919-1996) und Ladislav Gatial (1922-2001).<\/p>\n\n\n\n<p>Nach 1989 wurde die Firma zu einem Staatsbetrieb und seit 1994 ist das Werk in Byst\u0159ice pod Host\u00fdnem ein eigenst\u00e4ndiges Unternehmen, TON a.s. und wurde zum \u00e4ltesten und zugleich gr\u00f6\u00dften Hersteller von Bugholzm\u00f6beln der Welt.<\/p>\n<\/div>\n","protected":false},"excerpt":{"rendered":"<p>TON ist ein tschechisches M\u00f6belunternehmen mit Sitz in Byst\u0159ice pod Host\u00fdnem. Es ist ber\u00fchmt f\u00fcr seine manuelle Holzbiegetechnik, die an diesem Standort seit 1861 eingesetzt wird. Der Betrieb der Biegem\u00f6belfabrik wurde 1861 in Byst\u0159ice pod Host\u00fdnem von Michael Thonet aufgenommen. Der urspr\u00fcngliche Name war Gebr\u00fcder Thonet. Dieser Name galt ab 1853. Der Erste Weltkrieg brachte [&hellip;]<\/p>\n","protected":false},"author":1,"featured_media":0,"parent":0,"menu_order":0,"comment_status":"closed","ping_status":"closed","template":"","meta":{"footnotes":""},"class_list":["post-2172","page","type-page","status-publish","hentry"],"_links":{"self":[{"href":"https:\/\/mid-century-design.com\/de\/wp-json\/wp\/v2\/pages\/2172","targetHints":{"allow":["GET"]}}],"collection":[{"href":"https:\/\/mid-century-design.com\/de\/wp-json\/wp\/v2\/pages"}],"about":[{"href":"https:\/\/mid-century-design.com\/de\/wp-json\/wp\/v2\/types\/page"}],"author":[{"embeddable":true,"href":"https:\/\/mid-century-design.com\/de\/wp-json\/wp\/v2\/users\/1"}],"replies":[{"embeddable":true,"href":"https:\/\/mid-century-design.com\/de\/wp-json\/wp\/v2\/comments?post=2172"}],"version-history":[{"count":1,"href":"https:\/\/mid-century-design.com\/de\/wp-json\/wp\/v2\/pages\/2172\/revisions"}],"predecessor-version":[{"id":2173,"href":"https:\/\/mid-century-design.com\/de\/wp-json\/wp\/v2\/pages\/2172\/revisions\/2173"}],"wp:attachment":[{"href":"https:\/\/mid-century-design.com\/de\/wp-json\/wp\/v2\/media?parent=2172"}],"curies":[{"name":"wp","href":"https:\/\/api.w.org\/{rel}","templated":true}]}}