{"id":2168,"date":"2024-08-15T09:15:44","date_gmt":"2024-08-15T07:15:44","guid":{"rendered":"https:\/\/mid-century-design.com\/jan-vanek\/"},"modified":"2024-12-28T13:16:06","modified_gmt":"2024-12-28T12:16:06","slug":"jan-vanek","status":"publish","type":"page","link":"https:\/\/mid-century-design.com\/de\/jan-vanek\/","title":{"rendered":"Jan Van\u011bk (1891 \u2013 1962)"},"content":{"rendered":"\n<div class=\"wp-block-group is-layout-flow wp-block-group-is-layout-flow\">\n<p>Jan Van\u011bk wurde in T\u0159eb\u00ed\u010d (heute Tschechische Republik) in die Familie des Besitzers einer florierenden Tischlerei geboren. Er absolvierte eine Fachschule f\u00fcr Holzverarbeitung in Chrudim (damals B\u00f6hmen) und arbeitete anschlie\u00dfend in M\u00f6belwerkst\u00e4tten in M\u00fcnchen, Stuttgart und Heilbronn. In dieser Zeit lernte er bedeutende Pers\u00f6nlichkeiten der europ\u00e4ischen modernen Architektur kennen, die seine zuk\u00fcnftige Arbeit beeinflussten. In den 1910er Jahren \u00fcbernahm er die Firma seines Vaters in T\u0159eb\u00ed\u010d und benannte sie in \u201eUm\u00e9leckopr\u00fcmyslov\u00fd d\u00edlny\u201c um.   <\/p>\n\n\n\n<p>Van\u011bk arbeitete mit einer Reihe f\u00fchrender tschechischer und ausl\u00e4ndischer Architekten zusammen, darunter Bruno Paul, Jan Kot\u011bra, Rudolf Stockar, Karl Bertschem, Adalbert Niemeyer oder J.M. Olbrich, die f\u00fcr das Unternehmen individuelle und industriell gefertigte M\u00f6bel entwarfen. Da das Unternehmen expandierte, errichtete Van\u011bk in den Jahren 1919\u20131921 einen neuen Betriebskomplex nach dem Entwurf von Josef Go\u010d\u00e1r. Neben der Fabrik befanden sich im Geb\u00e4ude B\u00fcros, Ausstellungsr\u00e4ume und die Wohnung des Eigent\u00fcmers.  <\/p>\n\n\n\n<p>Die Hauptpolitik des Unternehmens bestand darin, allen Bev\u00f6lkerungsschichten modernen und dennoch erschwinglichen Wohnraum zu bieten. Van\u011bk betrachtete N\u00fctzlichkeit, Funktionalit\u00e4t und hygienische Sicherheit als wesentliche Eigenschaften der Wohnungseinrichtung. Serienm\u00f6bel sollten nach seinen Vorstellungen aus hochwertigen Materialien mit hoher Variabilit\u00e4t hergestellt werden, damit sie an die Art der Wohnung oder des Hauses angepasst werden k\u00f6nnen  <\/p>\n\n\n\n<p>Ende 1920 erreichte Van\u011bks Finanzkrise, die ihn w\u00e4hrend seines gesamten Gesch\u00e4ftslebens verfolgte, ihren H\u00f6hepunkt und er war gezwungen, mit der Br\u00fcnner Firma \u201eKarel Slavi\u010dek, um\u011bleck\u00e9 n\u00e1bytkov\u00e9 a stavebn\u00ed stola\u0159stv\u00ed\u201c (Karel Slavi\u010dek, Kunstm\u00f6bel- und Bauschreinerei) zu fusionieren. welches sp\u00e4ter in \u201eSpojen\u00e9 um\u011bleckopr\u016fmyslov\u00e9 z\u00e1vody, a.s.\u201c umbenannt wurde, sp\u00e4ter bekannt als \u201eSpojen\u00e9 U.P. z\u00e1vody, a.s. Brno\u201c \u2013 das gr\u00f6\u00dfte M\u00f6belunternehmen der Tschechoslowakei in der Vorkriegszeit mit 25 Filialen in allen gr\u00f6\u00dferen St\u00e4dten in B\u00f6hmen, M\u00e4hren und der Slowakei sowie Exporten nach Westeuropa. Im Rahmen der Konsolidierung war seit 1923 die Moravsk\u00e1 banka (Bank von M\u00e4hren) als Mehrheitsaktion\u00e4rin an der F\u00fchrung des Unternehmens beteiligt. <\/p>\n\n\n\n<p>Van\u011bk, as general director after the merger of the companies, was dismissed in 1925 due to the poor economic performance of the company. Before he left \u201cU.P. z\u00e1vody\u201d, he began to publish the professional magazine \u201cBytov\u00e1 kultura \u2013 Sborn\u00edk pr\u016fmyslov\u00e9ho um\u011bn\u00ed\u201d.. <\/p>\n\n\n\n<p>Im Jahr 1925 gr\u00fcndete er zusammen mit Stanislav Ku\u010dera und Vil\u00e9m Hrdli\u010dka das Unternehmen \u201eStandart, bytov\u00e1 spole\u010dnost S.B.S.\u201c (Standard Housing Company), die bis 1932 bestand. Der prestigetr\u00e4chtigste Auftrag f\u00fcr Van\u011bks Unternehmen war die Herstellung von M\u00f6beln f\u00fcr die Villa Tugendhat in Br\u00fcnn.<\/p>\n\n\n\n<p>1932 verlie\u00df Van\u011bk Br\u00fcnn und lie\u00df sich in Prag nieder. In Prag besch\u00e4ftigte er sich mit Wohnungsbau und gr\u00fcndete die \u201eModerne Wohnberatung\u201c (PMB), \u201eWorkshops f\u00fcr Haus und Garten\u201c und andere Firmen. Er entwarf und realisierte architektonische L\u00f6sungen f\u00fcr zahlreiche Ausstellungen.  <\/p>\n\n\n\n<p>W\u00e4hrend des Krieges arbeitete er von 1939 bis 1943 als externer Professor an der Bata-Universit\u00e4t in Zl\u00edn im Bereich Arrangement und Ausstellungsmanagement.<\/p>\n\n\n\n<p>Nach dem Zweiten Weltkrieg beteiligte er sich an der Gr\u00fcndung und Leitung des \u201eBlok um\u011bleck\u00e9ho pr\u016fmyslu\u201c (Kunstindustrieblock). 1948 wurde er stellvertretender Vorsitzender des BAPS (Block der fortschrittlichen Architekturverb\u00e4nde). Seit 1948 ist Van\u011bk Generaldirektor der \u201e\u010ceskoslovensk\u00e9 d\u0159evozpracuj\u00edc\u00ed z\u00e1vody\u201c (tschechoslowakische Holzverarbeitungsbetriebe) \u2013 ein Unternehmen, das durch die Verstaatlichung verschiedener Unternehmen entstand, die zu einem einzigen Unternehmen zusammengelegt wurden. 1954 wurde er Direktor der \u201eD\u0159eva\u0159sk\u00fd v\u00fdvoj\u201c (Holzentwicklung).<\/p>\n\n\n\n<p><strong>Referenzen:<\/strong><\/p>\n\n\n\n<ol class=\"wp-block-list\">\n<li>Jind\u0159ich Chatrn\u00fd (ed.). Jan Van\u011bk 1891\u20131962. Civilizovan\u00e9 bydlen\u00ed pro ka\u017ed\u00e9ho(Zivilisiertes Leben f\u00fcr alle), Brno: Muzeum m\u011bsta Brna, 2008. ISBN 978-80-86549-39-2   <\/li>\n\n\n\n<li>Jan Van\u011bk, Bytov\u00e1 kultura, sborn\u00edk pr\u016fmyslov\u00e9ho um\u011bn\u00ed, Brno 1924-1925<\/li>\n<\/ol>\n<\/div>\n","protected":false},"excerpt":{"rendered":"<p>Jan Van\u011bk wurde in T\u0159eb\u00ed\u010d (heute Tschechische Republik) in die Familie des Besitzers einer florierenden Tischlerei geboren. Er absolvierte eine Fachschule f\u00fcr Holzverarbeitung in Chrudim (damals B\u00f6hmen) und arbeitete anschlie\u00dfend in M\u00f6belwerkst\u00e4tten in M\u00fcnchen, Stuttgart und Heilbronn. In dieser Zeit lernte er bedeutende Pers\u00f6nlichkeiten der europ\u00e4ischen modernen Architektur kennen, die seine zuk\u00fcnftige Arbeit beeinflussten. In [&hellip;]<\/p>\n","protected":false},"author":1,"featured_media":0,"parent":0,"menu_order":0,"comment_status":"closed","ping_status":"closed","template":"","meta":{"footnotes":""},"class_list":["post-2168","page","type-page","status-publish","hentry"],"_links":{"self":[{"href":"https:\/\/mid-century-design.com\/de\/wp-json\/wp\/v2\/pages\/2168","targetHints":{"allow":["GET"]}}],"collection":[{"href":"https:\/\/mid-century-design.com\/de\/wp-json\/wp\/v2\/pages"}],"about":[{"href":"https:\/\/mid-century-design.com\/de\/wp-json\/wp\/v2\/types\/page"}],"author":[{"embeddable":true,"href":"https:\/\/mid-century-design.com\/de\/wp-json\/wp\/v2\/users\/1"}],"replies":[{"embeddable":true,"href":"https:\/\/mid-century-design.com\/de\/wp-json\/wp\/v2\/comments?post=2168"}],"version-history":[{"count":1,"href":"https:\/\/mid-century-design.com\/de\/wp-json\/wp\/v2\/pages\/2168\/revisions"}],"predecessor-version":[{"id":2169,"href":"https:\/\/mid-century-design.com\/de\/wp-json\/wp\/v2\/pages\/2168\/revisions\/2169"}],"wp:attachment":[{"href":"https:\/\/mid-century-design.com\/de\/wp-json\/wp\/v2\/media?parent=2168"}],"curies":[{"name":"wp","href":"https:\/\/api.w.org\/{rel}","templated":true}]}}