{"id":2162,"date":"2024-09-07T10:38:32","date_gmt":"2024-09-07T08:38:32","guid":{"rendered":"https:\/\/mid-century-design.com\/antonin-kropacek\/"},"modified":"2024-12-28T10:14:51","modified_gmt":"2024-12-28T09:14:51","slug":"antonin-kropacek","status":"publish","type":"page","link":"https:\/\/mid-century-design.com\/de\/antonin-kropacek\/","title":{"rendered":"Anton\u00edn Krop\u00e1\u010dek (1914 \u2013 1989)"},"content":{"rendered":"\n<div class=\"wp-block-group is-layout-flow wp-block-group-is-layout-flow\">\n<p>Anton\u00edn Krop\u00e1\u010dek war ein bedeutender tschechischer Architekt und Designer, der vor allem f\u00fcr seine Zusammenarbeit mit Karel Ko\u017eelka bekannt war.<\/p>\n\n\n\n<p>Der 1914 geborene K\u00fcnstler war in seiner Karriere stark von den damals popul\u00e4ren modernistischen und funktionalistischen Str\u00f6mungen beeinflusst. Er studierte an der Vysok\u00e1 \u0161kola um\u011bleckopr\u016fmyslov\u00e1 v Praze \u2013 V\u0160UP (Hochschule f\u00fcr angewandte Kunst in Prag), wo er sich auf Architektur und Design konzentrierte. <\/p>\n\n\n\n<p>Gemeinsam entwarfen Krop\u00e1\u010dek und Ko\u017eelka 1944 ein Set aus zwei Sesseln und einem runden Tisch, das 1946 bei der Mail\u00e4nder Triennale eine Silbermedaille gewann. Dieser Erfolg brachte ihnen internationale Anerkennung ein und ihre Arbeit wird noch heute wegen ihrer innovativen \u00c4sthetik und Materialverwendung gesch\u00e4tzt. <\/p>\n\n\n\n<p>Im Laufe seiner Karriere entwarf Krop\u00e1\u010dek auch Inneneinrichtungen und M\u00f6bel, wobei seine Arbeiten oft von klaren Linien und funktionalem Design gepr\u00e4gt waren. Er starb 1989, doch sein Erbe lebt in seinen Entw\u00fcrfen weiter, die noch immer bewundert und studiert werden. <\/p>\n\n\n\n<p>Im Jahr 1946 wurden die Architekten K.Ko\u017eelka und A.Krop\u00e1\u010dek Mitbegr\u00fcnder der \u010cesk\u00e9 um\u011bleck\u00e9 d\u00edlny (Tschechische Kunstwerkstatt).<\/p>\n<\/div>\n","protected":false},"excerpt":{"rendered":"<p>Anton\u00edn Krop\u00e1\u010dek war ein bedeutender tschechischer Architekt und Designer, der vor allem f\u00fcr seine Zusammenarbeit mit Karel Ko\u017eelka bekannt war. Der 1914 geborene K\u00fcnstler war in seiner Karriere stark von den damals popul\u00e4ren modernistischen und funktionalistischen Str\u00f6mungen beeinflusst. Er studierte an der Vysok\u00e1 \u0161kola um\u011bleckopr\u016fmyslov\u00e1 v Praze \u2013 V\u0160UP (Hochschule f\u00fcr angewandte Kunst in Prag), [&hellip;]<\/p>\n","protected":false},"author":1,"featured_media":0,"parent":0,"menu_order":0,"comment_status":"closed","ping_status":"closed","template":"","meta":{"footnotes":""},"class_list":["post-2162","page","type-page","status-publish","hentry"],"_links":{"self":[{"href":"https:\/\/mid-century-design.com\/de\/wp-json\/wp\/v2\/pages\/2162","targetHints":{"allow":["GET"]}}],"collection":[{"href":"https:\/\/mid-century-design.com\/de\/wp-json\/wp\/v2\/pages"}],"about":[{"href":"https:\/\/mid-century-design.com\/de\/wp-json\/wp\/v2\/types\/page"}],"author":[{"embeddable":true,"href":"https:\/\/mid-century-design.com\/de\/wp-json\/wp\/v2\/users\/1"}],"replies":[{"embeddable":true,"href":"https:\/\/mid-century-design.com\/de\/wp-json\/wp\/v2\/comments?post=2162"}],"version-history":[{"count":1,"href":"https:\/\/mid-century-design.com\/de\/wp-json\/wp\/v2\/pages\/2162\/revisions"}],"predecessor-version":[{"id":2163,"href":"https:\/\/mid-century-design.com\/de\/wp-json\/wp\/v2\/pages\/2162\/revisions\/2163"}],"wp:attachment":[{"href":"https:\/\/mid-century-design.com\/de\/wp-json\/wp\/v2\/media?parent=2162"}],"curies":[{"name":"wp","href":"https:\/\/api.w.org\/{rel}","templated":true}]}}