{"id":2156,"date":"2024-08-15T09:14:26","date_gmt":"2024-08-15T07:14:26","guid":{"rendered":"https:\/\/mid-century-design.com\/up-zavody\/"},"modified":"2024-12-27T15:46:34","modified_gmt":"2024-12-27T14:46:34","slug":"up-zavody","status":"publish","type":"page","link":"https:\/\/mid-century-design.com\/de\/up-zavody\/","title":{"rendered":"UP Z\u00e1vody"},"content":{"rendered":"\n<div class=\"wp-block-group is-layout-flow wp-block-group-is-layout-flow\">\n<p>In der Geschichte der tschechoslowakischen Innenarchitektur ist das Ph\u00e4nomen der UP z\u00e1vody (UP-Werke) oder Spojen\u00e9 um\u011bleckopr\u016fmyslov\u00e9 z\u00e1vody (Vereinigte Kunst- und Gewerbefabriken) nicht zu \u00fcbersehen. Die UP z\u00e1vody <strong> <\/strong>geh\u00f6rten zu den gr\u00f6\u00dften M\u00f6belherstellern Europas.<\/p>\n\n\n\n<p>Die UP z\u00e1vody hatten einen bedeutenden Einfluss auf die Innenarchitektur mit ihrer wachsenden Bedeutung zu Beginn der 1920er Jahre.<\/p>\n\n\n\n<p>Die Anf\u00e4nge des Unternehmens liegen in den 1918er Jahren. Gr\u00fcnder war Jan Van\u011bk, Vladim\u00edr Mare\u010dek \u00fcbernahm sp\u00e4ter die Leitung und begann mit der Herstellung einfacher, zweckm\u00e4\u00dfiger und praktischer M\u00f6bel und deren Vermarktung. 1930 trat Jind\u0159ich Halabala, der sp\u00e4tere Direktor und Chefdesigner, in die Gesch\u00e4ftsf\u00fchrung des Unternehmens ein. <\/p>\n\n\n\n<p>Das Unternehmen greift auf die \u00c4sthetik und Funktionalit\u00e4t des Designs der Zwischenkriegszeit zur\u00fcck. Obwohl Biedermeier und Art d\u00e9co kurz nach dem Ersten Weltkrieg noch beliebt waren, forderten Architekten und Theoretiker bereits Ver\u00e4nderungen. Dar\u00fcber hinaus erforderte die Wohnungskrise eine L\u00f6sung f\u00fcr kleinere Wohnungen und billigere Ausstattung, und die L\u00f6sung wurde im funktionalen Design gefunden. <\/p>\n\n\n\n<p>Zum Ideal wurden praktische, funktionale, bequeme, hygienische, lagerf\u00e4hige und maschinell gefertigte M\u00f6bel. Vorbilder waren Adolf Loos aus Wien, das deutsche Bauhaus und der Werkbund, der architektonische Purismus von Corbusier in Frankreich, der Neoplastizismus der De-Stijl-Gruppe in Holland und der Konstruktivismus in Russland. <\/p>\n\n\n\n<p>In der ersten H\u00e4lfte der zwanziger Jahre, nach der Ankunft von Jan Va\u0148ek, produzierten die UP-Werke haupts\u00e4chlich historische M\u00f6bel. Doch Jan Van\u011bk z\u00e4hlte die Forderung nach zweckm\u00e4\u00dfigen, hygienischen Innenr\u00e4umen und funktioneller Ausstattung ohne Verzierungen zu den dringendsten Wohnbed\u00fcrfnissen. Er bef\u00fcrwortete daher die standardisierte Produktion typischer Produkte, die sich nur in Details unterscheiden w\u00fcrden. Nachdem die UP-Werke die industrielle M\u00f6belproduktion eingef\u00fchrt und ausgebaut hatten, ver\u00e4nderten sie die Gestalt der tschechoslowakischen Wohnkultur und der \u00f6ffentlichen Innenr\u00e4ume unwiderruflich.   <\/p>\n\n\n\n<p>Dieses praktische Format erfreute sich sehr schnell gro\u00dfer Beliebtheit beim Publikum. Dies lag an der einfachen und verst\u00e4ndlichen Kombinierbarkeit, der M\u00f6glichkeit einfacher \u00c4nderungen und Erg\u00e4nzungen, der problemlosen Wartung und nat\u00fcrlich am erschwinglichen Preis. Nach Va\u0148eks Vorhersagen und W\u00fcnschen hat die Produktion typischer M\u00f6bel die Auftragsproduktion \u00fcberholt.  <\/p>\n\n\n\n<p>Nach Va\u0148eks Weggang \u00fcbernahm Vladim\u00edr Mare\u010dek die Leitung der vereinigten UP-Fabriken und nach und nach ging das Unternehmen zur Produktion von Standardm\u00f6beln mit glatten Formen \u00fcber. Die Massenproduktion begann 1927 mit der Bestellung von Schrankm\u00f6bel f\u00fcr BUT in Brno. <\/p>\n\n\n\n<p>Jind\u0159ich Halabala wurde 1930 zum Chefdesigner und ver\u00e4nderte w\u00e4hrend seiner Amtszeit zusammen mit Vladim\u00edr Mare\u010dek sowohl die Form der Produkte als auch den Grad ihrer Vermarktung. Sie stellten das M\u00f6belset im Interieur dar, einschlie\u00dflich Accessoires wie Teppiche, Kronleuchter, Gl\u00e4ser und andere Accessoires. Nach und nach kamen weitere Fabriken, S\u00e4gewerke und W\u00e4lder in der Umgebung hinzu, wodurch das Unternehmen weniger von Lieferanten abh\u00e4ngig wurde und sein Angebot um die Herstellung von Parkettb\u00f6den, T\u00fcren und T\u00fcrrahmen erweiterte. UP z\u00e1vody konnte so komplexe Wohnungsbauauftr\u00e4ge realisieren.   <\/p>\n\n\n\n<p>Zu den Neuheiten, die die UP-Werke brachten, geh\u00f6rten Montagem\u00f6bel. Vorbild f\u00fcr die erste Serie von Schr\u00e4nken, die sich problemlos miteinander kombinieren lie\u00dfen, waren ein schmaler Schrank auf einem Sockel und ein Sekret\u00e4r auf Beinen, entworfen von Jan Va\u0148ek. Es wurden auch Tische, Sofas, Sitzgelegenheiten, Beistell- und K\u00fcchenm\u00f6bel hergestellt, deren erfolgreichstes Modell das beliebte K\u00fcchen-Sideboard namens Universa war. Einige der \u00e4lteren Typen, wie das Sofa Model oder der Stuhl \u201eMorris\u201c mit h\u00f6henverstellbarer R\u00fcckenlehne, blieben noch jahrelang in Produktion.   <\/p>\n<\/div>\n","protected":false},"excerpt":{"rendered":"<p>In der Geschichte der tschechoslowakischen Innenarchitektur ist das Ph\u00e4nomen der UP z\u00e1vody (UP-Werke) oder Spojen\u00e9 um\u011bleckopr\u016fmyslov\u00e9 z\u00e1vody (Vereinigte Kunst- und Gewerbefabriken) nicht zu \u00fcbersehen. Die UP z\u00e1vody geh\u00f6rten zu den gr\u00f6\u00dften M\u00f6belherstellern Europas. Die UP z\u00e1vody hatten einen bedeutenden Einfluss auf die Innenarchitektur mit ihrer wachsenden Bedeutung zu Beginn der 1920er Jahre. Die Anf\u00e4nge des [&hellip;]<\/p>\n","protected":false},"author":1,"featured_media":0,"parent":0,"menu_order":0,"comment_status":"closed","ping_status":"closed","template":"","meta":{"footnotes":""},"class_list":["post-2156","page","type-page","status-publish","hentry"],"_links":{"self":[{"href":"https:\/\/mid-century-design.com\/de\/wp-json\/wp\/v2\/pages\/2156","targetHints":{"allow":["GET"]}}],"collection":[{"href":"https:\/\/mid-century-design.com\/de\/wp-json\/wp\/v2\/pages"}],"about":[{"href":"https:\/\/mid-century-design.com\/de\/wp-json\/wp\/v2\/types\/page"}],"author":[{"embeddable":true,"href":"https:\/\/mid-century-design.com\/de\/wp-json\/wp\/v2\/users\/1"}],"replies":[{"embeddable":true,"href":"https:\/\/mid-century-design.com\/de\/wp-json\/wp\/v2\/comments?post=2156"}],"version-history":[{"count":1,"href":"https:\/\/mid-century-design.com\/de\/wp-json\/wp\/v2\/pages\/2156\/revisions"}],"predecessor-version":[{"id":2157,"href":"https:\/\/mid-century-design.com\/de\/wp-json\/wp\/v2\/pages\/2156\/revisions\/2157"}],"wp:attachment":[{"href":"https:\/\/mid-century-design.com\/de\/wp-json\/wp\/v2\/media?parent=2156"}],"curies":[{"name":"wp","href":"https:\/\/api.w.org\/{rel}","templated":true}]}}