{"id":2145,"date":"2024-08-15T09:52:42","date_gmt":"2024-08-15T07:52:42","guid":{"rendered":"https:\/\/mid-century-design.com\/antonin-kybal\/"},"modified":"2024-12-27T10:09:25","modified_gmt":"2024-12-27T09:09:25","slug":"antonin-kybal","status":"publish","type":"page","link":"https:\/\/mid-century-design.com\/de\/antonin-kybal\/","title":{"rendered":"Anton\u00edn Kybal (1901-1971)"},"content":{"rendered":"\n<div class=\"wp-block-group is-layout-flow wp-block-group-is-layout-flow\">\n<p>Anton\u00edn Kybal war eine der bedeutendsten Pers\u00f6nlichkeiten des tschechischen Designs des 20. Jahrhunderts, tschechischer Textilk\u00fcnstler und Lehrer, Gr\u00fcnder der tschechischen Schule der Tapisserie.<\/p>\n\n\n\n<p>Geboren wurde er in Nov\u00e9 M\u011bsto nad Metuj\u00ed (B\u00f6hmen), in der Stadt, in der sich einst eine Industrieweberei seines Vaters befand. Kybal pflegte seit seiner Kindheit eine Beziehung zu Textilien und der Weberei und blieb dieser sein Leben lang treu. Eine Zeit lang lebte die Familie sogar in der Weberei, und Bekannte der Familie und Kybals Freunde waren meist in irgendeiner Weise mit der Weberei oder der Industrie verbunden.  <\/p>\n\n\n\n<p>Er begann seine Karriere mit einem Studium an der Akademie der K\u00fcnste, Architektur und des Designs in Prag (UMPRUM \u2013 Vysok\u00e1 \u0161kola um\u011bleckopr\u016fmyslov\u00e1 v Praze) im Bildhaueratelier von Prof. Josef Ma\u0159atka. Doch schon damals zogen ihn Farben an, weshalb er schlie\u00dflich zu Prof. Arno\u0161t Hofbauer wechselte, wo er Malerei und Aktzeichnen studierte. Au\u00dferdem studierte er P\u00e4dagogik an der Karls-Universit\u00e4t. Gleich nach dem Abschluss begann er zu unterrichten und unterrichtete an Gymnasien, doch erf\u00fcllte dies seine Ambitionen nicht ganz, sodass er den Lehrerberuf bald aufgab. Stattdessen begann er zu reisen und malte auf seinen Reisen die umliegende Landschaft. Dank dieses Hobbys lernte er Volkskunst und Handwerk kennen, darunter auch Textilien, die ihn ansprachen und ihn an die Erinnerungen an seine Kindheit und die Weberei zur\u00fcckbrachten. Er verlie\u00df die Schule und begann seine Karriere als K\u00fcnstler.      <\/p>\n\n\n\n<p>In der Schule lernte er seine sp\u00e4tere Frau und engste Kollegin Ludmila Kybalov\u00e1 kennen. Gemeinsam mit seiner Frau besa\u00df er ein Kunstatelier, in dem er Teppiche, Wandteppiche, Vorh\u00e4nge, Druckmuster und andere Entw\u00fcrfe und Kreationen entwarf. <\/p>\n\n\n\n<p>Kybal wurde zu einer f\u00fchrenden Pers\u00f6nlichkeit und einem Pionier der modernen tschechischen Textilkunst. Nach dem Zweiten Weltkrieg gr\u00fcndete er an der Universit\u00e4t f\u00fcr angewandte Kunst in Prag die \u201eKybal Textilschule\u201c, deren Aktivit\u00e4ten sich auf Wandteppiche und Teppiche konzentrierten.<br\/>Er wurde akademischer Professor und bildete zwei Generationen von Textilk\u00fcnstlern aus. <\/p>\n\n\n\n<p>Er war nicht nur in k\u00fcnstlerischer Hinsicht ein bedeutender Textilk\u00fcnstler, sondern auch in technischer Hinsicht, was auf eine Familientradition zur\u00fcckzuf\u00fchren war (sein Vater besa\u00df eine Textilfabrik).<br\/>Kybals Werkstatt war eine der wenigen, die Textilien herstellte, die an Produktionstechniken angepasst und gleichzeitig dem modernistischen Stil entsprachen. Seine Textilien mit Mustern aus linearen Figuren entsprachen den funktionalistischen Trends der Zeit <\/p>\n\n\n\n<p>Anton\u00edn Kybal war eine der bedeutendsten Pers\u00f6nlichkeiten im Bereich des Designs von Wohntextilien und ein Innovator des Textilschaffens im 20. Jahrhundert. Mit seinem Werk erhob er die Textilproduktion zu einem v\u00f6llig eigenst\u00e4ndigen k\u00fcnstlerischen Ausdrucksmittel, das der Sprache der Moderne entsprach. Kybals Hauptbeitrag war die F\u00e4higkeit, hohe \u00e4sthetische, handwerkliche und materielle Anforderungen in der industriellen Produktion durchzusetzen und sie mit aktuellen \u00e4sthetischen Trends zu verbinden..  <\/p>\n\n\n\n<p><strong>Quellen<\/strong>:<br\/>Anton\u00edn Kybal: Cesty designu a textiln\u00ed tvorby Prager Kunstgewerbemuseums, 2016, ISBN: 9788074372230<\/p>\n<\/div>\n","protected":false},"excerpt":{"rendered":"<p>Anton\u00edn Kybal war eine der bedeutendsten Pers\u00f6nlichkeiten des tschechischen Designs des 20. Jahrhunderts, tschechischer Textilk\u00fcnstler und Lehrer, Gr\u00fcnder der tschechischen Schule der Tapisserie. Geboren wurde er in Nov\u00e9 M\u011bsto nad Metuj\u00ed (B\u00f6hmen), in der Stadt, in der sich einst eine Industrieweberei seines Vaters befand. Kybal pflegte seit seiner Kindheit eine Beziehung zu Textilien und der [&hellip;]<\/p>\n","protected":false},"author":1,"featured_media":0,"parent":0,"menu_order":0,"comment_status":"closed","ping_status":"closed","template":"","meta":{"footnotes":""},"class_list":["post-2145","page","type-page","status-publish","hentry"],"_links":{"self":[{"href":"https:\/\/mid-century-design.com\/de\/wp-json\/wp\/v2\/pages\/2145","targetHints":{"allow":["GET"]}}],"collection":[{"href":"https:\/\/mid-century-design.com\/de\/wp-json\/wp\/v2\/pages"}],"about":[{"href":"https:\/\/mid-century-design.com\/de\/wp-json\/wp\/v2\/types\/page"}],"author":[{"embeddable":true,"href":"https:\/\/mid-century-design.com\/de\/wp-json\/wp\/v2\/users\/1"}],"replies":[{"embeddable":true,"href":"https:\/\/mid-century-design.com\/de\/wp-json\/wp\/v2\/comments?post=2145"}],"version-history":[{"count":1,"href":"https:\/\/mid-century-design.com\/de\/wp-json\/wp\/v2\/pages\/2145\/revisions"}],"predecessor-version":[{"id":2146,"href":"https:\/\/mid-century-design.com\/de\/wp-json\/wp\/v2\/pages\/2145\/revisions\/2146"}],"wp:attachment":[{"href":"https:\/\/mid-century-design.com\/de\/wp-json\/wp\/v2\/media?parent=2145"}],"curies":[{"name":"wp","href":"https:\/\/api.w.org\/{rel}","templated":true}]}}