{"id":2139,"date":"2024-08-15T09:10:38","date_gmt":"2024-08-15T07:10:38","guid":{"rendered":"https:\/\/mid-century-design.com\/heczendorfer-laszlo\/"},"modified":"2024-12-26T17:11:30","modified_gmt":"2024-12-26T16:11:30","slug":"heczendorfer-laszlo","status":"publish","type":"page","link":"https:\/\/mid-century-design.com\/de\/heczendorfer-laszlo\/","title":{"rendered":"Heczendorfer L\u00e1szl\u00f3 (1933 &#8211; 2018)"},"content":{"rendered":"\n<div class=\"wp-block-group is-layout-flow wp-block-group-is-layout-flow\">\n<p>L\u00e1szl\u00f3 Heczendorfer \u2013 Innenarchitekt, M\u00f6beldesigner und Autor \u2013 schloss 1957 sein Studium an der Magyar Iparm\u0171v\u00e9szeti F\u0151iskola (Ungarische Hochschule f\u00fcr Angewandte Kunst) und sp\u00e4ter an der Magyar Iparm\u0171v\u00e9szeti Egyetem (Ungarische Universit\u00e4t f\u00fcr Angewandte Kunst) als Sch\u00fcler von Gyula Kaesz, L\u00e1szl\u00f3 Juh\u00e1sz und L\u00e1szl\u00f3 Hornicsek ab. <br\/>Zwischen 1957 und 1968 arbeitete er bei Faipari Gy\u00e1rt\u00e1stervez\u0151 es Szerkeszt\u0151 lroda (Planungs- und Bearbeitungsb\u00fcro f\u00fcr die Holzproduktion), dem damals gr\u00f6\u00dften Designunternehmen. 1968-69 arbeitete er f\u00fcr LAK\u00d3TERV. Von 1969 bis 1982 arbeitete er bei B\u00fator\u00e9rt\u00e9kes\u00edt\u0151 V\u00e1llalat (M\u00f6belverkaufsunternehmen) und von 1982 bis 1993 bei DOMUS als Leiter der Entwicklungsabteilung.   <br\/>1959 unternahm er eine gro\u00dfe Studienreise nach D\u00e4nemark.<\/p>\n\n\n\n<p>Seine gro\u00dfformatigen M\u00f6belkollektionen, die mit modernem Charakter entworfen und auf Funktionalit\u00e4t und Herstellbarkeit ausgerichtet sind, waren aufgrund ihrer Einfachheit und Qualit\u00e4t sehr beliebt und wurden 40.000 bis 50.000 Mal verkauft.<br\/>Unter anderem war er an der Ausarbeitung verschiedener Wohn-, Schlafzimmer- und Arbeitszimmerprogramme von BUBIV, Cardo in Gy\u0151r, der Kanizsa-M\u00f6belfabrik und der Garzon-M\u00f6belfabrik in Sz\u00e9kesfeh\u00e9rv\u00e1r beteiligt und entwarf mehrere M\u00f6belsets f\u00fcr die Sz\u00e1tmar-M\u00f6belfabrik in M\u00e1t\u00e9szalka. Neben dem M\u00f6beldesign \u00fcbernahm er gelegentlich auch Innen- und Objektdesignaufgaben.  <\/p>\n\n\n\n<p>Er war Mitglied des MKISZ, seit 1957 bekannt als M\u0171v\u00e9szeti Alap (Kunstfonds), und der Wissenschaftlichen Vereinigung der Holzindustrie (beide Ungarn).<\/p>\n\n\n\n<p><strong>Auszeichnungen und berufliche Anerkennungen<\/strong><br\/>1961 Sch\u00f6nstes Produkt des Jahres<br\/>1962 Sch\u00f6nstes Produkt des Jahres<br\/>1965 Hervorragender Arbeiter der Leichtindustrie<br\/>1966 Sch\u00f6nstes Produkt des Jahres<br\/>1968 Munk\u00e1csy-Mih\u00e1ly-Preis<br\/>1975 Hervorragender Arbeiter im Innenhandel<br\/>Zwischen 1958-73 gewann er mit seinen Objekten vier I, drei II und zwei III Preise.<\/p>\n\n\n\n<p><strong>M\u00f6bel<\/strong><\/p>\n\n\n\n<p><strong><strong>M\u00f6beldesign<\/strong><\/strong> &#8211; <strong>Garnituren<\/strong><br\/>1958 Bastion (Hajd\u00faszoboszl\u00f3)<br\/>1966 Module &#8217;69 (BUBIV)<br\/>1968 Domino (Cardo)<br\/>Composite (Tisza, mit Jen\u0151 Horv\u00e1th and J\u00e1nos Horv\u00e1th)<br\/>1972 Kanizsa (Kanizsa)<br\/>1991 Hellas (Cardo)<\/p>\n\n\n\n<p><strong><strong>M\u00f6beldesign<\/strong><\/strong> &#8211;<strong>Wohnzimmer<\/strong><br\/>1962 Star (BUBIV)<br\/>1964 Csob\u00e1nc (Zala)<br\/>1970 Orient (MEFEM Co.)<br\/>1968 R\u00e1ba (Cardo)<br\/>1987 Hajd\u00fas\u00e1g (Debrecen)<br\/>1994 Kapos (Kapos)<\/p>\n\n\n\n<p><strong>Innenarchitektur<\/strong><br\/>1966 COMECON Palace Ungarische Vertretung, Moskau<br\/>1987 AFESZ-Gesch\u00e4ft, Gy\u0151rszentiv\u00e1nyi<br\/>1990 Kaufhaus Domus, Ny\u00edregyh\u00e1za<\/p>\n\n\n\n<p><strong>Gruppenausstellungen<\/strong><br\/>1955 III. Ungarische Ausstellung f\u00fcr angewandte Kunst und Volkskunst, Museum f\u00fcr angewandte Kunst, Budapest<br\/>1965 Innenarchitekturausstellung, Miskolc<br\/>1966 Genehmigte M\u00f6belentw\u00fcrfe, Ausstellungsraum der M\u00f6belindustrie, Budapest<br\/>1967 K\u00fcnstler in der Industrie, Ausstellungsraum der M\u00f6belindustrie, Budapest<br\/>1969 Die Produkte der L\u0151rinci Seating Co., Ausstellungsraum der M\u00f6belindustrie, Budapest<br\/>1970 Ausstellung der Abteilung Innenarchitektur des MKISZ, Ernst-Museum, Budapest<br\/>1974 Innenarchitektur 74, Ausstellungsraum des Stadtrats, Budapest<br\/>1976 K\u00fcnstler in der Industrie, Ausstellungsraum des Rates f\u00fcr angewandte Kunst, Budapest<br\/>1980 Innenarchitektur 1970-1980, Kunsthalle Budapest 1985 Kulturerbe und Umweltkultur in Ungarn 1945-1985, Ernst-Museum, Budapest<\/p>\n<\/div>\n","protected":false},"excerpt":{"rendered":"<p>L\u00e1szl\u00f3 Heczendorfer \u2013 Innenarchitekt, M\u00f6beldesigner und Autor \u2013 schloss 1957 sein Studium an der Magyar Iparm\u0171v\u00e9szeti F\u0151iskola (Ungarische Hochschule f\u00fcr Angewandte Kunst) und sp\u00e4ter an der Magyar Iparm\u0171v\u00e9szeti Egyetem (Ungarische Universit\u00e4t f\u00fcr Angewandte Kunst) als Sch\u00fcler von Gyula Kaesz, L\u00e1szl\u00f3 Juh\u00e1sz und L\u00e1szl\u00f3 Hornicsek ab. Zwischen 1957 und 1968 arbeitete er bei Faipari Gy\u00e1rt\u00e1stervez\u0151 es [&hellip;]<\/p>\n","protected":false},"author":1,"featured_media":0,"parent":0,"menu_order":0,"comment_status":"closed","ping_status":"closed","template":"","meta":{"footnotes":""},"class_list":["post-2139","page","type-page","status-publish","hentry"],"_links":{"self":[{"href":"https:\/\/mid-century-design.com\/de\/wp-json\/wp\/v2\/pages\/2139","targetHints":{"allow":["GET"]}}],"collection":[{"href":"https:\/\/mid-century-design.com\/de\/wp-json\/wp\/v2\/pages"}],"about":[{"href":"https:\/\/mid-century-design.com\/de\/wp-json\/wp\/v2\/types\/page"}],"author":[{"embeddable":true,"href":"https:\/\/mid-century-design.com\/de\/wp-json\/wp\/v2\/users\/1"}],"replies":[{"embeddable":true,"href":"https:\/\/mid-century-design.com\/de\/wp-json\/wp\/v2\/comments?post=2139"}],"version-history":[{"count":1,"href":"https:\/\/mid-century-design.com\/de\/wp-json\/wp\/v2\/pages\/2139\/revisions"}],"predecessor-version":[{"id":2140,"href":"https:\/\/mid-century-design.com\/de\/wp-json\/wp\/v2\/pages\/2139\/revisions\/2140"}],"wp:attachment":[{"href":"https:\/\/mid-century-design.com\/de\/wp-json\/wp\/v2\/media?parent=2139"}],"curies":[{"name":"wp","href":"https:\/\/api.w.org\/{rel}","templated":true}]}}