{"id":2133,"date":"2024-08-15T09:11:09","date_gmt":"2024-08-15T07:11:09","guid":{"rendered":"https:\/\/mid-century-design.com\/jaroslav-smidek\/"},"modified":"2024-12-26T14:50:13","modified_gmt":"2024-12-26T13:50:13","slug":"jaroslav-smidek","status":"publish","type":"page","link":"https:\/\/mid-century-design.com\/de\/jaroslav-smidek\/","title":{"rendered":"Jaroslav \u0160m\u00eddek (1923 &#8211; 2005)"},"content":{"rendered":"\n<div class=\"wp-block-group is-layout-flow wp-block-group-is-layout-flow\">\n<p>Jaroslav \u0160m\u00eddek wurde in die Familie eines Polsterers und M\u00f6belh\u00e4ndlers geboren.<\/p>\n\n\n\n<p>In den 1950er Jahren schloss er sein Studium im Bereich Architektur und Bauwesen an der Vysok\u00e9 u\u010den\u00ed technick\u00e9 v Brn\u011b \u2013 VUT (Technische Universit\u00e4t in Br\u00fcnn \u2013 BUT) ab und leitete anschlie\u00dfend mehrere Jahre lang die Holz- und Naturstoffwerkstatt sowie die Glaswerkstatt am \u00dast\u0159ed\u00ed lidov\u00e9 um\u011bleck\u00e9 v\u00fdroby &#8211; \u00daLUV (Zentrum f\u00fcr Volkskunstproduktion).<\/p>\n\n\n\n<p>In den Jahren 1955\u20131966 arbeitete er als Designer f\u00fcr das V\u00fdvoj n\u00e1bytk\u00e1\u0159sk\u00e9ho pr\u016fmyslu in Brno \u2013 VNP (Entwicklung der M\u00f6belindustrie, sp\u00e4ter Forschungs- und Entwicklungsinstitut f\u00fcr M\u00f6bel \u2013 VV\u00daN), wo die meisten seiner kommerziell erfolgreichen und preisgekr\u00f6nten Modelle herkamen.<\/p>\n\n\n\n<p>Der Bedarf an funktionalen und erschwinglichen Sitzm\u00f6beln f\u00fcr die schrumpfenden R\u00e4ume des Massenwohnungsbaus f\u00fchrte zu einer elegant gestalteten Typenreihe von Sesseln, die sowohl die zeitgen\u00f6ssischen Verbraucherbed\u00fcrfnisse als auch die Anforderungen der Massenproduktion vereinte. Diese zeitlose Sesselserie, die heute ein sehr gefragtes M\u00f6belst\u00fcck ist, wurde urspr\u00fcnglich vor \u00fcber sechzig Jahren, also bereits Ende 1957, f\u00fcr den TON-Sitzm\u00f6belwettbewerb entworfen. Die Entw\u00fcrfe wurden nach und nach weiterentwickelt. <\/p>\n\n\n\n<p>Die aus Einzelteilen zusammengesetzten Sessel waren dank der Schaumlatexpolsterung einfach zu montieren und leicht. Die unterschiedliche Verarbeitung der Armlehnen sorgte f\u00fcr optische Variabilit\u00e4t und gew\u00e4hrleistete ein hohes Potenzial f\u00fcr weitere M\u00f6belentw\u00fcrfe. <\/p>\n<\/div>\n","protected":false},"excerpt":{"rendered":"<p>Jaroslav \u0160m\u00eddek wurde in die Familie eines Polsterers und M\u00f6belh\u00e4ndlers geboren. In den 1950er Jahren schloss er sein Studium im Bereich Architektur und Bauwesen an der Vysok\u00e9 u\u010den\u00ed technick\u00e9 v Brn\u011b \u2013 VUT (Technische Universit\u00e4t in Br\u00fcnn \u2013 BUT) ab und leitete anschlie\u00dfend mehrere Jahre lang die Holz- und Naturstoffwerkstatt sowie die Glaswerkstatt am \u00dast\u0159ed\u00ed [&hellip;]<\/p>\n","protected":false},"author":1,"featured_media":0,"parent":0,"menu_order":0,"comment_status":"closed","ping_status":"closed","template":"","meta":{"footnotes":""},"class_list":["post-2133","page","type-page","status-publish","hentry"],"_links":{"self":[{"href":"https:\/\/mid-century-design.com\/de\/wp-json\/wp\/v2\/pages\/2133","targetHints":{"allow":["GET"]}}],"collection":[{"href":"https:\/\/mid-century-design.com\/de\/wp-json\/wp\/v2\/pages"}],"about":[{"href":"https:\/\/mid-century-design.com\/de\/wp-json\/wp\/v2\/types\/page"}],"author":[{"embeddable":true,"href":"https:\/\/mid-century-design.com\/de\/wp-json\/wp\/v2\/users\/1"}],"replies":[{"embeddable":true,"href":"https:\/\/mid-century-design.com\/de\/wp-json\/wp\/v2\/comments?post=2133"}],"version-history":[{"count":1,"href":"https:\/\/mid-century-design.com\/de\/wp-json\/wp\/v2\/pages\/2133\/revisions"}],"predecessor-version":[{"id":2134,"href":"https:\/\/mid-century-design.com\/de\/wp-json\/wp\/v2\/pages\/2133\/revisions\/2134"}],"wp:attachment":[{"href":"https:\/\/mid-century-design.com\/de\/wp-json\/wp\/v2\/media?parent=2133"}],"curies":[{"name":"wp","href":"https:\/\/api.w.org\/{rel}","templated":true}]}}