{"id":2113,"date":"2024-07-16T16:06:18","date_gmt":"2024-07-16T14:06:18","guid":{"rendered":"https:\/\/mid-century-design.com\/jindrich-halabala\/"},"modified":"2024-12-26T13:10:30","modified_gmt":"2024-12-26T12:10:30","slug":"jindrich-halabala","status":"publish","type":"page","link":"https:\/\/mid-century-design.com\/de\/jindrich-halabala\/","title":{"rendered":"Jind\u0159ich Halabala (1903 &#8211; 1978)"},"content":{"rendered":"\n<div class=\"wp-block-group is-layout-flow wp-block-group-is-layout-flow\">\n<p>Jind\u0159ich Halabala wurde in Kory\u010dany in eine Tischlerfamilie hineingeboren und erlernte in den Jahren 1918-1920 das Tischlerhandwerk bei seinem Vater im Familienbetrieb.<\/p>\n\n\n\n<p>Nach der Holzverarbeitungsschule in Vala\u0161sk\u00e9 Mezi\u0159\u00ed\u010d\u00ed ging er nach Prag, um an der Hochschule f\u00fcr angewandte Kunst M\u00f6bel und Innenarchitektur zu studieren. Nach der Hochschule begann er ein Praktikum bei den Spojen\u00e9 um\u011bleckopr\u016fmyslov\u00e9 z\u00e1vody (UP z\u00e1vody) in Br\u00fcnn, wo er deren Gr\u00fcnder Jan Va\u0148ek kennenlernte. Im selben Jahr 1922 begann er ein Architekturstudium an der Kunstgewerbeschule in Prag, wo er sich bei Prof. Pavel Jan\u00e1k auf M\u00f6bel und Innenarchitektur spezialisierte.  <\/p>\n\n\n\n<p>In den Jahren 1925 &#8211; 1955 war er der Designer bei UP z\u00e1vody. Im Jahr 1928 wurde er Leiter des UP z\u00e1vody-Gesch\u00e4fts im Lucerna-Palast in Prag und zwei Jahre sp\u00e4ter zog er als Leiter des Designstudios am Hauptsitz des Unternehmens nach Br\u00fcnn. Hier hatte er bis 1946 verschiedene Positionen inne und seine Rolle bei der Entwicklung von UP z\u00e1vody war au\u00dfergew\u00f6hnlich. Jind\u0159ich Halabala wurde der engste Partner des Generaldirektors Vladim\u00edr Mare\u010dek, war f\u00fcr die Produktion verantwortlich, verfasste viele M\u00f6belentw\u00fcrfe und k\u00fcmmerte sich auch um die Werbung. Im Jahr 1931 entwarf er f\u00fcr UP eine Reihe von Sesseln mit Seiten aus gebogenem Holz, in die f\u00fcnf verschiedene Sitze und R\u00fcckenlehnen eingebaut wurden.    <\/p>\n\n\n\n<p>Bis 1946 war er der Direktor f\u00fcr Entwicklung. UP z\u00e1vody war ein unabh\u00e4ngiges Unternehmen &#8211; unabh\u00e4ngig von Zulieferern &#8211; da sie alles selbst herstellten, von der Holzverarbeitung bis zum Textilstoff. Dies erm\u00f6glichte die Entwicklung von M\u00f6belsets, mit denen man sowohl Zimmer als auch ganze Wohnungen oder Innenr\u00e4ume einrichten konnte. Diese Produkte konnten auf unterschiedliche Weise zusammengesetzt werden und einen Wohnraum nach eigenen Vorstellungen und Anforderungen schaffen. Zum Zeitpunkt des Kaufs stand ein Architekt zur Verf\u00fcgung, der L\u00f6sungen und Optionen f\u00fcr die Zusammenstellung dieser M\u00f6belelemente anbot.    <\/p>\n\n\n\n<p>Halabalas Entw\u00fcrfe dienten als Grundlage f\u00fcr viele verschiedene Arten von M\u00f6beln und Accessoires, nicht nur f\u00fcr die gebogenen Sessel, die zu den besten europ\u00e4ischen Designobjekten geh\u00f6rten.<\/p>\n\n\n\n<p>Halabalas Werk gilt als Bindeglied zwischen dem innovativen tschechischen Kubismus von 1910, dem Art D\u00e9co der fr\u00fchen 1920er Jahre und der europ\u00e4ischen modernen Kunst nach dem Zweiten Weltkrieg. Seine kommerziell erfolgreichen Entw\u00fcrfe waren stark an das Bauhaus-Design angelehnt. <\/p>\n\n\n\n<p>Sp\u00e4ter setzte er seine akademischen Aktivit\u00e4ten fort, indem er seine Erfahrung und sein Wissen im Bereich der Innenarchitektur als Universit\u00e4tsprofessor einbrachte und Fachb\u00fccher und Artikel \u00fcber Design ver\u00f6ffentlichte.<\/p>\n\n\n\n<p>Der Designer Jind\u0159ich Halabala ist einer der wichtigsten Vertreter des tschechischen Funktionalismus, dessen Arbeit im Bereich der M\u00f6bel weltweit bekannt geworden ist. Halabalas M\u00f6bel sind aus vielen Gr\u00fcnden einzigartig, die sowohl ihr Design als auch ihre innovativen Konstruktionsprinzipien betreffen. <\/p>\n\n\n\n<p>Einer der Schl\u00fcsselfaktoren, die Halabalas M\u00f6bel auszeichnen, ist die Integration von industrieller Produktion mit den \u00e4sthetischen Prinzipien des Funktionalismus. Seine Entw\u00fcrfe waren nicht nur optisch ansprechend, sondern auch so konzipiert, dass sie effizient in Massenproduktion hergestellt werden konnten, so dass ein breites Publikum Zugang zu modernen, hochwertigen M\u00f6beln hatte. <\/p>\n\n\n\n<p>Sein Werk ist ein Beweis f\u00fcr innovatives und fortschrittliches Denken, das die tschechoslowakische und europ\u00e4ische Designszene nachhaltig beeinflusst hat. Sein einzigartiger Ansatz, \u00c4sthetik, Funktionalit\u00e4t und industrielle Produktion zu verbinden, sicherte ihm einen Platz unter den wichtigsten Designern des 20. Jahrhunderts. <\/p>\n<\/div>\n","protected":false},"excerpt":{"rendered":"<p>Jind\u0159ich Halabala wurde in Kory\u010dany in eine Tischlerfamilie hineingeboren und erlernte in den Jahren 1918-1920 das Tischlerhandwerk bei seinem Vater im Familienbetrieb. Nach der Holzverarbeitungsschule in Vala\u0161sk\u00e9 Mezi\u0159\u00ed\u010d\u00ed ging er nach Prag, um an der Hochschule f\u00fcr angewandte Kunst M\u00f6bel und Innenarchitektur zu studieren. Nach der Hochschule begann er ein Praktikum bei den Spojen\u00e9 um\u011bleckopr\u016fmyslov\u00e9 [&hellip;]<\/p>\n","protected":false},"author":1,"featured_media":0,"parent":0,"menu_order":0,"comment_status":"closed","ping_status":"closed","template":"","meta":{"footnotes":""},"class_list":["post-2113","page","type-page","status-publish","hentry"],"_links":{"self":[{"href":"https:\/\/mid-century-design.com\/de\/wp-json\/wp\/v2\/pages\/2113","targetHints":{"allow":["GET"]}}],"collection":[{"href":"https:\/\/mid-century-design.com\/de\/wp-json\/wp\/v2\/pages"}],"about":[{"href":"https:\/\/mid-century-design.com\/de\/wp-json\/wp\/v2\/types\/page"}],"author":[{"embeddable":true,"href":"https:\/\/mid-century-design.com\/de\/wp-json\/wp\/v2\/users\/1"}],"replies":[{"embeddable":true,"href":"https:\/\/mid-century-design.com\/de\/wp-json\/wp\/v2\/comments?post=2113"}],"version-history":[{"count":6,"href":"https:\/\/mid-century-design.com\/de\/wp-json\/wp\/v2\/pages\/2113\/revisions"}],"predecessor-version":[{"id":2122,"href":"https:\/\/mid-century-design.com\/de\/wp-json\/wp\/v2\/pages\/2113\/revisions\/2122"}],"wp:attachment":[{"href":"https:\/\/mid-century-design.com\/de\/wp-json\/wp\/v2\/media?parent=2113"}],"curies":[{"name":"wp","href":"https:\/\/api.w.org\/{rel}","templated":true}]}}