{"id":2095,"date":"2024-07-16T13:57:21","date_gmt":"2024-07-16T11:57:21","guid":{"rendered":"https:\/\/mid-century-design.com\/design-objects\/"},"modified":"2026-03-04T14:57:26","modified_gmt":"2026-03-04T13:57:26","slug":"design-objekte","status":"publish","type":"page","link":"https:\/\/mid-century-design.com\/de\/design-objekte\/","title":{"rendered":"Design-Objekte"},"content":{"rendered":"\n<div class=\"wp-block-group alignwide has-global-padding is-layout-constrained wp-container-core-group-is-layout-b25ccd55 wp-block-group-is-layout-constrained\" style=\"margin-top:0;margin-bottom:0;padding-top:var(--wp--preset--spacing--50);padding-right:var(--wp--preset--spacing--50);padding-bottom:var(--wp--preset--spacing--50);padding-left:var(--wp--preset--spacing--50)\">\n<div class=\"wp-block-columns alignwide is-layout-flex wp-container-core-columns-is-layout-ff4b9c61 wp-block-columns-is-layout-flex\" style=\"margin-top:0;margin-bottom:0\">\n<div class=\"wp-block-column is-layout-flow wp-container-core-column-is-layout-8a368f38 wp-block-column-is-layout-flow\">\n<figure class=\"wp-block-image size-large is-resized\"><a href=\"https:\/\/mid-century-design.com\/de\/jindrich-halabala-cocktailsessel-c-1\/\"><img loading=\"lazy\" decoding=\"async\" width=\"480\" height=\"640\" src=\"https:\/\/mid-century-design.com\/wp-content\/uploads\/2024\/07\/C.1.Left45-rotated.jpg\" alt=\"J. Halabala, Cocktailsessel &#x201E;C&#x201C; - Hauptansicht\" class=\"wp-image-254\" style=\"width:274px;height:auto\" srcset=\"https:\/\/mid-century-design.com\/wp-content\/uploads\/2024\/07\/C.1.Left45-rotated.jpg 480w, https:\/\/mid-century-design.com\/wp-content\/uploads\/2024\/07\/C.1.Left45-225x300.jpg 225w\" sizes=\"auto, (max-width: 480px) 100vw, 480px\" \/><\/a><figcaption class=\"wp-element-caption\"><strong><mark style=\"background-color:rgba(0, 0, 0, 0)\" class=\"has-inline-color has-contrast-color\">Jind\u0159ich Halabala, Coctail Sessel C, 1935s. Preis: 590 \u20ac<\/mark><\/strong><\/figcaption><\/figure>\n\n\n\n<div style=\"height:var(--wp--preset--spacing--50)\" aria-hidden=\"true\" class=\"wp-block-spacer\"><\/div>\n\n\n\n<figure class=\"wp-block-image size-full is-resized\"><a href=\"https:\/\/mid-century-design.com\/de\/mucke-melder-freischwinger-fn21-famos-d-variante-no1\/\"><img loading=\"lazy\" decoding=\"async\" width=\"480\" height=\"640\" src=\"https:\/\/mid-century-design.com\/wp-content\/uploads\/2025\/07\/Mucke-Melder-cantilever-armchair-FN21-No.1-main-view-rotated.jpg\" alt=\"M&#xFC;cke-Melder Freischwinger-Sessel FN21 No.1 - Hauptansicht\" class=\"wp-image-2861\" style=\"width:272px;height:auto\" srcset=\"https:\/\/mid-century-design.com\/wp-content\/uploads\/2025\/07\/Mucke-Melder-cantilever-armchair-FN21-No.1-main-view-rotated.jpg 480w, https:\/\/mid-century-design.com\/wp-content\/uploads\/2025\/07\/Mucke-Melder-cantilever-armchair-FN21-No.1-main-view-225x300.jpg 225w\" sizes=\"auto, (max-width: 480px) 100vw, 480px\" \/><\/a><figcaption class=\"wp-element-caption\"><strong><mark style=\"background-color:rgba(0, 0, 0, 0)\" class=\"has-inline-color has-contrast-color\">M\u00fccke-Melder Freischwinger-Sessel FN21 Famos (D-Variante), 1930er Jahre. Preis: 1600 \u20ac <\/mark><\/strong><\/figcaption><\/figure>\n\n\n\n<div style=\"height:var(--wp--preset--spacing--50)\" aria-hidden=\"true\" class=\"wp-block-spacer\"><\/div>\n\n\n\n<figure class=\"wp-block-image size-full\"><a href=\"https:\/\/mid-century-design.com\/de\/hynek-gottwald-freischwinger-sessel-ek34-pair1\/\"><img loading=\"lazy\" decoding=\"async\" width=\"480\" height=\"640\" src=\"https:\/\/mid-century-design.com\/wp-content\/uploads\/2025\/07\/Hynek-Gottwald-cantilever-armchair-EK34-Pair.1-main-view-rotated.jpg\" alt=\"Hynek Gottwald Freischwinger Sessel EK34 Pair.1 - Hauptansicht\" class=\"wp-image-2969\" srcset=\"https:\/\/mid-century-design.com\/wp-content\/uploads\/2025\/07\/Hynek-Gottwald-cantilever-armchair-EK34-Pair.1-main-view-rotated.jpg 480w, https:\/\/mid-century-design.com\/wp-content\/uploads\/2025\/07\/Hynek-Gottwald-cantilever-armchair-EK34-Pair.1-main-view-225x300.jpg 225w\" sizes=\"auto, (max-width: 480px) 100vw, 480px\" \/><\/a><figcaption class=\"wp-element-caption\"><strong><mark style=\"background-color:rgba(0, 0, 0, 0)\" class=\"has-inline-color has-contrast-color\">Hynek Gottwald, Paar freitragende Stahlrohrsessel EK34, 1930er Jahre. Preis: 1600 \u20ac pro St\u00fcck <\/mark><\/strong><\/figcaption><\/figure>\n\n\n\n<div style=\"height:var(--wp--preset--spacing--50)\" aria-hidden=\"true\" class=\"wp-block-spacer\"><\/div>\n\n\n\n<figure class=\"wp-block-image size-full is-resized is-style-default\"><a href=\"https:\/\/mid-century-design.com\/de\/jozsef-peresztegi-stahlrohr-sessel-paar1\/\"><img loading=\"lazy\" decoding=\"async\" width=\"640\" height=\"480\" src=\"https:\/\/mid-century-design.com\/wp-content\/uploads\/2024\/08\/Peresztegi.Pair1_.Front2_.jpg\" alt=\"J. Peresztegi, Paar Armlehnst&#xFC;hle aus Stahlrohr, 1960er Jahre - Hauptansicht\" class=\"wp-image-619\" style=\"width:272px;height:auto\" srcset=\"https:\/\/mid-century-design.com\/wp-content\/uploads\/2024\/08\/Peresztegi.Pair1_.Front2_.jpg 640w, https:\/\/mid-century-design.com\/wp-content\/uploads\/2024\/08\/Peresztegi.Pair1_.Front2_-300x225.jpg 300w\" sizes=\"auto, (max-width: 640px) 100vw, 640px\" \/><\/a><figcaption class=\"wp-element-caption\"><strong><mark style=\"background-color:rgba(0, 0, 0, 0)\" class=\"has-inline-color has-contrast-color\">J\u00f3zsef Peresztegi, Sessel aus Stahlrohr, 1960er Jahre. Preis: 490 \u20ac<\/mark><\/strong><\/figcaption><\/figure>\n\n\n\n<div style=\"height:var(--wp--preset--spacing--50)\" aria-hidden=\"true\" class=\"wp-block-spacer\"><\/div>\n\n\n\n<figure class=\"wp-block-image size-full\"><a href=\"https:\/\/mid-century-design.com\/de\/mucke-melder-freischwinger-fn21-famos-paar1\/\"><img loading=\"lazy\" decoding=\"async\" width=\"480\" height=\"640\" src=\"https:\/\/mid-century-design.com\/wp-content\/uploads\/2025\/11\/Mucke-Melder-Cantilever-Armchairs-FN21-Famos-Pair1-main-view-rotated.jpg\" alt=\"M&#xFC;cke-Melder Freischwinger-Sessel FN21 Famos Paar1 - Hauptansicht\" class=\"wp-image-3304\" srcset=\"https:\/\/mid-century-design.com\/wp-content\/uploads\/2025\/11\/Mucke-Melder-Cantilever-Armchairs-FN21-Famos-Pair1-main-view-rotated.jpg 480w, https:\/\/mid-century-design.com\/wp-content\/uploads\/2025\/11\/Mucke-Melder-Cantilever-Armchairs-FN21-Famos-Pair1-main-view-225x300.jpg 225w\" sizes=\"auto, (max-width: 480px) 100vw, 480px\" \/><\/a><figcaption class=\"wp-element-caption\"><strong><mark style=\"background-color:rgba(0, 0, 0, 0)\" class=\"has-inline-color has-contrast-color\">Paar M\u00fccke-Melder Freischwingersessel FN21 Famos, 1940er Jahre. Preis: 1600 \u20ac pro St\u00fcck <\/mark><\/strong><\/figcaption><\/figure>\n<\/div>\n\n\n\n<div class=\"wp-block-column is-layout-flow wp-container-core-column-is-layout-a77db08e wp-block-column-is-layout-flow\">\n<figure class=\"wp-block-image size-full is-resized\"><a href=\"https:\/\/mid-century-design.com\/de\/couchtisch-b604-1\/\"><img loading=\"lazy\" decoding=\"async\" width=\"480\" height=\"640\" src=\"https:\/\/mid-century-design.com\/wp-content\/uploads\/2024\/08\/B604.Left45-rotated.jpg\" alt=\"Tschechischer Mid-century Couchtisch B604 &#x2013; Hauptansicht\" class=\"wp-image-309\" style=\"width:272px;height:auto\" srcset=\"https:\/\/mid-century-design.com\/wp-content\/uploads\/2024\/08\/B604.Left45-rotated.jpg 480w, https:\/\/mid-century-design.com\/wp-content\/uploads\/2024\/08\/B604.Left45-225x300.jpg 225w\" sizes=\"auto, (max-width: 480px) 100vw, 480px\" \/><\/a><figcaption class=\"wp-element-caption\"><strong><mark style=\"background-color:rgba(0, 0, 0, 0)\" class=\"has-inline-color has-contrast-color\">Couchtisch B-604 von Univerzal Factory, 1950er Jahre. Preis: 390 \u20ac<\/mark><\/strong><\/figcaption><\/figure>\n\n\n\n<div style=\"height:var(--wp--preset--spacing--50)\" aria-hidden=\"true\" class=\"wp-block-spacer\"><\/div>\n\n\n\n<figure class=\"wp-block-image size-full\"><a href=\"https:\/\/mid-century-design.com\/de\/mucke-melder-club-tisch-tn58-no1\/\"><img loading=\"lazy\" decoding=\"async\" width=\"480\" height=\"640\" src=\"https:\/\/mid-century-design.com\/wp-content\/uploads\/2025\/07\/Mucke-Melder-club-table-TN58-No1-front1-rotated.jpg\" alt=\"M&#xFC;cke-Melder Clubtisch TN58 - Hauptansicht\" class=\"wp-image-2639\" srcset=\"https:\/\/mid-century-design.com\/wp-content\/uploads\/2025\/07\/Mucke-Melder-club-table-TN58-No1-front1-rotated.jpg 480w, https:\/\/mid-century-design.com\/wp-content\/uploads\/2025\/07\/Mucke-Melder-club-table-TN58-No1-front1-225x300.jpg 225w\" sizes=\"auto, (max-width: 480px) 100vw, 480px\" \/><\/a><figcaption class=\"wp-element-caption\"><strong><mark style=\"background-color:rgba(0, 0, 0, 0)\" class=\"has-inline-color has-contrast-color\">M\u00fccke-Melder Funktionalistischer Clubtisch TN58, 1930-40er Jahre. Preis: 600 \u20ac <\/mark><\/strong><\/figcaption><\/figure>\n\n\n\n<div style=\"height:var(--wp--preset--spacing--50)\" aria-hidden=\"true\" class=\"wp-block-spacer\"><\/div>\n\n\n\n<figure class=\"wp-block-image size-full\"><a href=\"https:\/\/mid-century-design.com\/de\/napako-tischlampe-mod-8239-no1\/\"><img loading=\"lazy\" decoding=\"async\" width=\"480\" height=\"640\" src=\"https:\/\/mid-century-design.com\/wp-content\/uploads\/2025\/07\/Napako-table-lamp-Mod.-8239-No.1-main-view-rotated.jpg\" alt=\"Napako Tischleuchte Mod. 8239 Nr.1 - Hauptansicht \" class=\"wp-image-2746\" srcset=\"https:\/\/mid-century-design.com\/wp-content\/uploads\/2025\/07\/Napako-table-lamp-Mod.-8239-No.1-main-view-rotated.jpg 480w, https:\/\/mid-century-design.com\/wp-content\/uploads\/2025\/07\/Napako-table-lamp-Mod.-8239-No.1-main-view-225x300.jpg 225w\" sizes=\"auto, (max-width: 480px) 100vw, 480px\" \/><\/a><figcaption class=\"wp-element-caption\"><strong><mark style=\"background-color:rgba(0, 0, 0, 0)\" class=\"has-inline-color has-contrast-color\">Napako Funktionalistische Tischlampe Mod. 8239, 1930er-40er Jahre. Preis: 300 \u20ac <\/mark><\/strong><\/figcaption><\/figure>\n\n\n\n<div style=\"height:var(--wp--preset--spacing--50)\" aria-hidden=\"true\" class=\"wp-block-spacer\"><\/div>\n\n\n\n<figure class=\"wp-block-image size-large\"><a href=\"https:\/\/mid-century-design.com\/de\/laszlo-heczendorfer-triplet1\/\"><img loading=\"lazy\" decoding=\"async\" width=\"640\" height=\"480\" src=\"https:\/\/mid-century-design.com\/wp-content\/uploads\/2024\/08\/Heczendorfer.Triplet1.Right315-rotated.jpg\" alt=\"L. Heczendorfer, Set aus 2 Sesseln und einem Fu&#xDF;hocker, 1970er Jahre - Hauptansicht\" class=\"wp-image-436\" srcset=\"https:\/\/mid-century-design.com\/wp-content\/uploads\/2024\/08\/Heczendorfer.Triplet1.Right315-rotated.jpg 640w, https:\/\/mid-century-design.com\/wp-content\/uploads\/2024\/08\/Heczendorfer.Triplet1.Right315-300x225.jpg 300w\" sizes=\"auto, (max-width: 640px) 100vw, 640px\" \/><\/a><figcaption class=\"wp-element-caption\"><strong><mark style=\"background-color:rgba(0, 0, 0, 0)\" class=\"has-inline-color has-contrast-color\">L\u00e1szl\u00f3 Heczendorfer, &#8222;Kanizsa&#8220; Set aus 2 Sesseln und einem Fu\u00dfhocker, 1970er Jahre. Preis: <\/mark>&#8211;<\/strong><\/figcaption><\/figure>\n\n\n\n<div style=\"height:var(--wp--preset--spacing--50)\" aria-hidden=\"true\" class=\"wp-block-spacer\"><\/div>\n\n\n\n<figure class=\"wp-block-image size-full\"><a href=\"https:\/\/mid-century-design.com\/de\/jaroslav-smidek-paar-sessel-6951-1\/\"><img loading=\"lazy\" decoding=\"async\" width=\"640\" height=\"480\" src=\"https:\/\/mid-century-design.com\/wp-content\/uploads\/2024\/08\/Smidek.6951.Pair1_.Left45-rotated.jpg\" alt=\"J. &#x160;m&#xED;dek, Sesselpaar 6951, 1957 - Hauptansicht\" class=\"wp-image-351\" srcset=\"https:\/\/mid-century-design.com\/wp-content\/uploads\/2024\/08\/Smidek.6951.Pair1_.Left45-rotated.jpg 640w, https:\/\/mid-century-design.com\/wp-content\/uploads\/2024\/08\/Smidek.6951.Pair1_.Left45-300x225.jpg 300w\" sizes=\"auto, (max-width: 640px) 100vw, 640px\" \/><\/a><figcaption class=\"wp-element-caption\"><strong><mark style=\"background-color:rgba(0, 0, 0, 0)\" class=\"has-inline-color has-contrast-color\">Jaroslav \u0160m\u00eddek, Paar Sessel 6951, 1957. Preis: &#8211; <\/mark><\/strong><\/figcaption><\/figure>\n<\/div>\n\n\n\n<div class=\"wp-block-column is-layout-flow wp-container-core-column-is-layout-8a368f38 wp-block-column-is-layout-flow\">\n<figure class=\"wp-block-image size-large is-resized\"><a href=\"https:\/\/mid-century-design.com\/de\/thonet-lehnsessel1\/\"><img loading=\"lazy\" decoding=\"async\" width=\"480\" height=\"640\" src=\"https:\/\/mid-century-design.com\/wp-content\/uploads\/2024\/08\/Thonet.RecliningChair1.Right335Middle-rotated.jpg\" alt=\"Thonet PR15 Lehnsessel, 1930er Jahre - Hauptansicht\" class=\"wp-image-455\" style=\"width:277px;height:auto\" srcset=\"https:\/\/mid-century-design.com\/wp-content\/uploads\/2024\/08\/Thonet.RecliningChair1.Right335Middle-rotated.jpg 480w, https:\/\/mid-century-design.com\/wp-content\/uploads\/2024\/08\/Thonet.RecliningChair1.Right335Middle-225x300.jpg 225w\" sizes=\"auto, (max-width: 480px) 100vw, 480px\" \/><\/a><figcaption class=\"wp-element-caption\"><strong><mark style=\"background-color:rgba(0, 0, 0, 0)\" class=\"has-inline-color has-contrast-color\">Thonet PR15 Liegesessel, 1930er Jahre. Preis: 1050 \u20ac<\/mark><\/strong><\/figcaption><\/figure>\n\n\n\n<div style=\"height:var(--wp--preset--spacing--50)\" aria-hidden=\"true\" class=\"wp-block-spacer\"><\/div>\n\n\n\n<figure class=\"wp-block-image size-full\"><a href=\"https:\/\/mid-century-design.com\/de\/mucke-melder-freischwinger-fn24-no1\/\"><img loading=\"lazy\" decoding=\"async\" width=\"480\" height=\"640\" src=\"https:\/\/mid-century-design.com\/wp-content\/uploads\/2025\/07\/Mucke-Melder-cantilever-armchair-FN24-No.1-right-profile--rotated.jpg\" alt=\"M&#xFC;cke-Melder Freischwinger-Sessel FN24 No.1 - rechtes Profil\" class=\"wp-image-2822\" srcset=\"https:\/\/mid-century-design.com\/wp-content\/uploads\/2025\/07\/Mucke-Melder-cantilever-armchair-FN24-No.1-right-profile--rotated.jpg 480w, https:\/\/mid-century-design.com\/wp-content\/uploads\/2025\/07\/Mucke-Melder-cantilever-armchair-FN24-No.1-right-profile--225x300.jpg 225w\" sizes=\"auto, (max-width: 480px) 100vw, 480px\" \/><\/a><figcaption class=\"wp-element-caption\"><strong><mark style=\"background-color:rgba(0, 0, 0, 0)\" class=\"has-inline-color has-contrast-color\">Freischwingender Stahlrohrsessel FN24 von M\u00fccke-Melder, 1940-50er Jahre. Preis: 1200 \u20ac <\/mark><\/strong><\/figcaption><\/figure>\n\n\n\n<div style=\"height:var(--wp--preset--spacing--50)\" aria-hidden=\"true\" class=\"wp-block-spacer\"><\/div>\n\n\n\n<figure class=\"wp-block-image size-full\"><a href=\"https:\/\/mid-century-design.com\/de\/robert-slezak-functionalistischer-tisch-st44-no1\/\"><img loading=\"lazy\" decoding=\"async\" width=\"480\" height=\"640\" src=\"https:\/\/mid-century-design.com\/wp-content\/uploads\/2025\/07\/Robert-Slezak-table-ST44-No.-1-main-view-rotated.jpg\" alt=\"Robert Slez&#xE1;k Tisch ST44 (Nr. 1) - Hauptansicht\" class=\"wp-image-2695\" srcset=\"https:\/\/mid-century-design.com\/wp-content\/uploads\/2025\/07\/Robert-Slezak-table-ST44-No.-1-main-view-rotated.jpg 480w, https:\/\/mid-century-design.com\/wp-content\/uploads\/2025\/07\/Robert-Slezak-table-ST44-No.-1-main-view-225x300.jpg 225w\" sizes=\"auto, (max-width: 480px) 100vw, 480px\" \/><\/a><figcaption class=\"wp-element-caption\"><strong><mark style=\"background-color:rgba(0, 0, 0, 0)\" class=\"has-inline-color has-contrast-color\">Funktionalistischer Tisch ST44 von Robert Slez\u00e1k, 1930-40er Jahre. Preis: 900 \u20ac <\/mark><\/strong><\/figcaption><\/figure>\n\n\n\n<div style=\"height:var(--wp--preset--spacing--50)\" aria-hidden=\"true\" class=\"wp-block-spacer\"><\/div>\n\n\n\n<figure class=\"wp-block-image size-full\"><a href=\"https:\/\/mid-century-design.com\/de\/jindrich-halabala-paar-cocktailsessel-c-3\/\"><img loading=\"lazy\" decoding=\"async\" width=\"640\" height=\"480\" src=\"https:\/\/mid-century-design.com\/wp-content\/uploads\/2024\/08\/C.Pair3_.Left45-rotated.jpg\" alt=\"J. Halabala, Paar Cocktail-Sessel &#x201E;C&#x201C;, 1935 - Hauptansicht\" class=\"wp-image-481\" srcset=\"https:\/\/mid-century-design.com\/wp-content\/uploads\/2024\/08\/C.Pair3_.Left45-rotated.jpg 640w, https:\/\/mid-century-design.com\/wp-content\/uploads\/2024\/08\/C.Pair3_.Left45-300x225.jpg 300w\" sizes=\"auto, (max-width: 640px) 100vw, 640px\" \/><\/a><figcaption class=\"wp-element-caption\"><strong><mark style=\"background-color:rgba(0, 0, 0, 0)\" class=\"has-inline-color has-contrast-color\">Jind\u0159ich Halabala, Paar Cocktailsessel C, 1935er Jahre. Preis: -. <\/mark><\/strong><\/figcaption><\/figure>\n\n\n\n<div style=\"height:var(--wp--preset--spacing--50)\" aria-hidden=\"true\" class=\"wp-block-spacer\"><\/div>\n\n\n\n<figure class=\"wp-block-image size-full is-style-default\"><a href=\"https:\/\/mid-century-design.com\/de\/napako-tischlampe-mod-1160-no1\/\"><img loading=\"lazy\" decoding=\"async\" width=\"480\" height=\"640\" src=\"https:\/\/mid-century-design.com\/wp-content\/uploads\/2025\/11\/Napako-table-lamp-Mod.-1160-No.1-main-view-rotated.jpg\" alt=\"Napako Tischleuchte Mod. 1160 Nr.1 - Hauptansicht \" class=\"wp-image-3368\" srcset=\"https:\/\/mid-century-design.com\/wp-content\/uploads\/2025\/11\/Napako-table-lamp-Mod.-1160-No.1-main-view-rotated.jpg 480w, https:\/\/mid-century-design.com\/wp-content\/uploads\/2025\/11\/Napako-table-lamp-Mod.-1160-No.1-main-view-225x300.jpg 225w\" sizes=\"auto, (max-width: 480px) 100vw, 480px\" \/><\/a><figcaption class=\"wp-element-caption\"><strong><mark style=\"background-color:rgba(0, 0, 0, 0)\" class=\"has-inline-color has-contrast-color\">Funktionalistische Tischleuchte Napako Mod. 1160. Preis: 200 \u20ac<\/mark><\/strong><\/figcaption><\/figure>\n<\/div>\n\n\n\n<div class=\"wp-block-column is-layout-flow wp-container-core-column-is-layout-8a368f38 wp-block-column-is-layout-flow\">\n<figure class=\"wp-block-image size-full\"><a href=\"https:\/\/mid-century-design.com\/de\/jindrich-halabala-sessel-h410-1\/\"><img loading=\"lazy\" decoding=\"async\" width=\"480\" height=\"640\" src=\"https:\/\/mid-century-design.com\/wp-content\/uploads\/2024\/07\/H410.1.Right315-rotated.jpg\" alt=\"J. Halabala, Sessel H-410, 1930er Jahre - Hauptansicht\" class=\"wp-image-265\" srcset=\"https:\/\/mid-century-design.com\/wp-content\/uploads\/2024\/07\/H410.1.Right315-rotated.jpg 480w, https:\/\/mid-century-design.com\/wp-content\/uploads\/2024\/07\/H410.1.Right315-225x300.jpg 225w\" sizes=\"auto, (max-width: 480px) 100vw, 480px\" \/><\/a><figcaption class=\"wp-element-caption\"><strong><mark style=\"background-color:rgba(0, 0, 0, 0)\" class=\"has-inline-color has-contrast-color\">Jind\u0159ich Halabala, Sessel H-410, 1930er Jahre. Preis: -. <\/mark><\/strong><\/figcaption><\/figure>\n\n\n\n<div style=\"height:var(--wp--preset--spacing--50)\" aria-hidden=\"true\" class=\"wp-block-spacer\"><\/div>\n\n\n\n<figure class=\"wp-block-image size-full is-resized\"><a href=\"https:\/\/mid-century-design.com\/de\/kovona-freischwinger-sessel-k108-paar1\/\"><img loading=\"lazy\" decoding=\"async\" width=\"447\" height=\"557\" src=\"https:\/\/mid-century-design.com\/wp-content\/uploads\/2025\/11\/Kovona-Cantilever-Armchairs-K108-Pair1-main-view1.jpg\" alt=\"Kovona Freischwinger-Sessel K108 Paar1 - Hauptansicht1\" class=\"wp-image-3569\" style=\"width:279px;height:auto\" srcset=\"https:\/\/mid-century-design.com\/wp-content\/uploads\/2025\/11\/Kovona-Cantilever-Armchairs-K108-Pair1-main-view1.jpg 447w, https:\/\/mid-century-design.com\/wp-content\/uploads\/2025\/11\/Kovona-Cantilever-Armchairs-K108-Pair1-main-view1-241x300.jpg 241w\" sizes=\"auto, (max-width: 447px) 100vw, 447px\" \/><\/a><figcaption class=\"wp-element-caption\"><strong><mark style=\"background-color:rgba(0, 0, 0, 0)\" class=\"has-inline-color has-contrast-color\">Freischwinger Stahlsessel K108 (S411) von Kovona, 1940-50er Jahre. Preis: 1200 \u20ac pro St\u00fcck<\/mark><\/strong><\/figcaption><\/figure>\n\n\n\n<div style=\"height:var(--wp--preset--spacing--50)\" aria-hidden=\"true\" class=\"wp-block-spacer\"><\/div>\n\n\n\n<div style=\"height:100px\" aria-hidden=\"true\" class=\"wp-block-spacer\"><\/div>\n\n\n\n<figure class=\"wp-block-image size-full\"><img loading=\"lazy\" decoding=\"async\" width=\"556\" height=\"521\" src=\"https:\/\/mid-century-design.com\/wp-content\/uploads\/2024\/08\/ComingSoon-mini556.jpg\" alt=\"\" class=\"wp-image-707\" srcset=\"https:\/\/mid-century-design.com\/wp-content\/uploads\/2024\/08\/ComingSoon-mini556.jpg 556w, https:\/\/mid-century-design.com\/wp-content\/uploads\/2024\/08\/ComingSoon-mini556-300x281.jpg 300w\" sizes=\"auto, (max-width: 556px) 100vw, 556px\" \/><figcaption class=\"wp-element-caption\"><br\/>                <\/figcaption><\/figure>\n\n\n\n<div style=\"height:var(--wp--preset--spacing--50)\" aria-hidden=\"true\" class=\"wp-block-spacer\"><\/div>\n\n\n\n<div style=\"height:47px\" aria-hidden=\"true\" class=\"wp-block-spacer\"><\/div>\n\n\n\n<figure class=\"wp-block-image size-full is-resized is-style-default\"><a href=\"https:\/\/mid-century-design.com\/de\/jozsef-peresztegi-ikonische-stahlrohr-sessel-paar2\/\"><img loading=\"lazy\" decoding=\"async\" width=\"640\" height=\"480\" src=\"https:\/\/mid-century-design.com\/wp-content\/uploads\/2024\/08\/Peresztegi.Pair2_.Front2_.jpg\" alt=\"J. Peresztegi, Paar ikonische Armlehnst&#xFC;hle aus Stahlrohr, 1956 - Hauptansicht\" class=\"wp-image-633\" style=\"width:272px;height:auto\" srcset=\"https:\/\/mid-century-design.com\/wp-content\/uploads\/2024\/08\/Peresztegi.Pair2_.Front2_.jpg 640w, https:\/\/mid-century-design.com\/wp-content\/uploads\/2024\/08\/Peresztegi.Pair2_.Front2_-300x225.jpg 300w\" sizes=\"auto, (max-width: 640px) 100vw, 640px\" \/><\/a><figcaption class=\"wp-element-caption\"><strong><mark style=\"background-color:rgba(0, 0, 0, 0)\" class=\"has-inline-color has-contrast-color\">J\u00f3zsef Peresztegi, Ikonische Sessel aus Stahlrohr, 1956. Preis: 590 \u20ac<\/mark><\/strong><\/figcaption><\/figure>\n\n\n\n<div style=\"height:var(--wp--preset--spacing--50)\" aria-hidden=\"true\" class=\"wp-block-spacer\"><\/div>\n\n\n<\/div>\n<\/div>\n<\/div>\n\n<p><\/p>\n","protected":false},"excerpt":{"rendered":"","protected":false},"author":1,"featured_media":0,"parent":0,"menu_order":10,"comment_status":"closed","ping_status":"closed","template":"","meta":{"footnotes":""},"class_list":["post-2095","page","type-page","status-publish","hentry"],"_links":{"self":[{"href":"https:\/\/mid-century-design.com\/de\/wp-json\/wp\/v2\/pages\/2095","targetHints":{"allow":["GET"]}}],"collection":[{"href":"https:\/\/mid-century-design.com\/de\/wp-json\/wp\/v2\/pages"}],"about":[{"href":"https:\/\/mid-century-design.com\/de\/wp-json\/wp\/v2\/types\/page"}],"author":[{"embeddable":true,"href":"https:\/\/mid-century-design.com\/de\/wp-json\/wp\/v2\/users\/1"}],"replies":[{"embeddable":true,"href":"https:\/\/mid-century-design.com\/de\/wp-json\/wp\/v2\/comments?post=2095"}],"version-history":[{"count":26,"href":"https:\/\/mid-century-design.com\/de\/wp-json\/wp\/v2\/pages\/2095\/revisions"}],"predecessor-version":[{"id":4075,"href":"https:\/\/mid-century-design.com\/de\/wp-json\/wp\/v2\/pages\/2095\/revisions\/4075"}],"wp:attachment":[{"href":"https:\/\/mid-century-design.com\/de\/wp-json\/wp\/v2\/media?parent=2095"}],"curies":[{"name":"wp","href":"https:\/\/api.w.org\/{rel}","templated":true}]}}