{"id":1955,"date":"2024-07-16T14:15:52","date_gmt":"2024-07-16T12:15:52","guid":{"rendered":"https:\/\/mid-century-design.com\/jindrich-halabala-cocktail-armchair-c-1\/"},"modified":"2026-02-09T13:15:25","modified_gmt":"2026-02-09T12:15:25","slug":"jindrich-halabala-cocktailsessel-c-1","status":"publish","type":"page","link":"https:\/\/mid-century-design.com\/de\/jindrich-halabala-cocktailsessel-c-1\/","title":{"rendered":"Jind\u0159ich Halabala, Cocktailsessel &#8222;C&#8220;, 1935er"},"content":{"rendered":"\n<h2 class=\"wp-block-heading\">Cocktailsessel Modell \u201eC\u201c, entworfen von dem gro\u00dfen tschechischen Designer <a href=\"https:\/\/mid-century-design.com\/de\/jindrich-halabala\/\" title=\"Jind&#x159;ich Halabala (1903 - 1978)\">Jind\u0159ich Halabala<\/a>.<\/h2>\n\n<p class=\"has-text-align-left has-large-font-size\">Charakteristische C-f\u00f6rmige Armlehnen aus Bugholz. <br\/>Leicht und bequem. <\/p>\n<div><style id=\"wp_carousel_dynamic_css492\">#sp-wp-carousel-free-id-492 .wpcp-swiper-dots {margin: 40px 0px 0px 0px;}.wpcp-wrapper-492 .swiper-wrapper .swiper-slide-kenburn, .wpcp-wrapper-492 .swiper-wrapper, .wpcp-wrapper-492 .wpcpro-row{align-items: center;}#sp-wp-carousel-free-id-492 .wpcp-single-item {box-shadow: 0px 0px 0px 0px #dddddd;transition: all .3s;margin: 0px;}#sp-wp-carousel-free-id-492.swiper-flip .wpcp-single-item{margin: 0!important;}#sp-wp-carousel-free-id-492 .wpcp-single-item:hover {box-shadow: 0px 0px 0px 0px #dddddd;}#sp-wp-carousel-free-id-492.sp-wpcp-492 .wpcp-single-item {border: 1px solid #dddddd;}#sp-wp-carousel-free-id-492.sp-wpcp-492 .swiper-button-prev,#sp-wp-carousel-free-id-492.sp-wpcp-492 .swiper-button-next,#sp-wp-carousel-free-id-492.sp-wpcp-492 .swiper-button-prev:hover,#sp-wp-carousel-free-id-492.sp-wpcp-492 .swiper-button-next:hover {background: none;border: none;font-size: 30px;}#sp-wp-carousel-free-id-492.sp-wpcp-492 .swiper-button-prev i,#sp-wp-carousel-free-id-492.sp-wpcp-492 .swiper-button-next i {color: #aaa;}#sp-wp-carousel-free-id-492.sp-wpcp-492 .swiper-button-prev i:hover,#sp-wp-carousel-free-id-492.sp-wpcp-492 .swiper-button-next i:hover {color: #178087;}#sp-wp-carousel-free-id-492.sp-wpcp-492 .wpcp-swiper-dots .swiper-pagination-bullet {background-color: #cccccc;}#sp-wp-carousel-free-id-492.sp-wpcp-492 .wpcp-swiper-dots .swiper-pagination-bullet.swiper-pagination-bullet-active {background-color: #178087;}#sp-wp-carousel-free-id-492 .wpcpro-row>[class*=\"wpcpro-col-\"] { padding: 0 10px; padding-bottom: 20px;} #sp-wp-carousel-free-id-492 .swiper-slide .single-item-fade:not(:last-child) { margin-right: 20px;}@media (min-width: 480px) { .wpcpro-row .wpcpro-col-sm-1 { flex: 0 0 100%; max-width: 100%; } .wpcpro-row .wpcpro-col-sm-2 { flex: 0 0 50%; max-width: 50%; } .wpcpro-row .wpcpro-col-sm-2-5 { flex: 0 0 75%; max-width: 75%; } .wpcpro-row .wpcpro-col-sm-3 { flex: 0 0 33.333%; max-width: 33.333%; } .wpcpro-row .wpcpro-col-sm-4 { flex: 0 0 25%; max-width: 25%; } .wpcpro-row .wpcpro-col-sm-5 { flex: 0 0 20%; max-width: 20%; } .wpcpro-row .wpcpro-col-sm-6 { flex: 0 0 16.66666666666667%; max-width: 16.66666666666667%; } .wpcpro-row .wpcpro-col-sm-7 { flex: 0 0 14.28571428%; max-width: 14.28571428%; } .wpcpro-row .wpcpro-col-sm-8 { flex: 0 0 12.5%; max-width: 12.5%; } } @media (max-width: 480px) { .wpcpro-row .wpcpro-col-xs-1 { flex: 0 0 100%; max-width: 100%; } .wpcpro-row .wpcpro-col-xs-2 { flex: 0 0 50%; max-width: 50%; } .wpcpro-row .wpcpro-col-xs-3 { flex: 0 0 33.222%; max-width: 33.222%; } .wpcpro-row .wpcpro-col-xs-4 { flex: 0 0 25%; max-width: 25%; } .wpcpro-row .wpcpro-col-xs-5 { flex: 0 0 20%; max-width: 20%; } .wpcpro-row .wpcpro-col-xs-6 { flex: 0 0 16.6667%; max-width: 16.6667%; } .wpcpro-row .wpcpro-col-xs-7 { flex: 0 0 14.28571428%; max-width: 14.28571428%; } .wpcpro-row .wpcpro-col-xs-8 { flex: 0 0 12.5%; max-width: 12.5%; } } @media (min-width: 736px) { .wpcpro-row .wpcpro-col-md-1 { flex: 0 0 100%; max-width: 100%; } .wpcpro-row .wpcpro-col-md-2 { flex: 0 0 50%; max-width: 50%; } .wpcpro-row .wpcpro-col-md-2-5 { flex: 0 0 75%; max-width: 75%; } .wpcpro-row .wpcpro-col-md-3 { flex: 0 0 33.333%; max-width: 33.333%; } .wpcpro-row .wpcpro-col-md-4 { flex: 0 0 25%; max-width: 25%; } .wpcpro-row .wpcpro-col-md-5 { flex: 0 0 20%; max-width: 20%; } .wpcpro-row .wpcpro-col-md-6 { flex: 0 0 16.66666666666667%; max-width: 16.66666666666667%; } .wpcpro-row .wpcpro-col-md-7 { flex: 0 0 14.28571428%; max-width: 14.28571428%; } .wpcpro-row .wpcpro-col-md-8 { flex: 0 0 12.5%; max-width: 12.5%; } } @media (min-width: 980px) { .wpcpro-row .wpcpro-col-lg-1 { flex: 0 0 100%; max-width: 100%; } .wpcpro-row .wpcpro-col-lg-2 { flex: 0 0 50%; max-width: 50%; } .wpcpro-row .wpcpro-col-lg-3 { flex: 0 0 33.222%; max-width: 33.222%; } .wpcpro-row .wpcpro-col-lg-4 { flex: 0 0 25%; max-width: 25%; } .wpcpro-row .wpcpro-col-lg-5 { flex: 0 0 20%; max-width: 20%; } .wpcpro-row .wpcpro-col-lg-6 { flex: 0 0 16.6667%; max-width: 16.6667%; } .wpcpro-row .wpcpro-col-lg-7 { flex: 0 0 14.28571428%; max-width: 14.28571428%; } .wpcpro-row .wpcpro-col-lg-8 { flex: 0 0 12.5%; max-width: 12.5%; } } @media (min-width: 1200px) { .wpcpro-row .wpcpro-col-xl-1 { flex: 0 0 100%; max-width: 100%; } .wpcpro-row .wpcpro-col-xl-2 { flex: 0 0 50%; max-width: 50%; } .wpcpro-row .wpcpro-col-xl-3 { flex: 0 0 33.22222222%; max-width: 33.22222222%; } .wpcpro-row .wpcpro-col-xl-4 { flex: 0 0 25%; max-width: 25%; } .wpcpro-row .wpcpro-col-xl-5 { flex: 0 0 20%; max-width: 20%; } .wpcpro-row .wpcpro-col-xl-6 { flex: 0 0 16.66667%; max-width: 16.66667%; } .wpcpro-row .wpcpro-col-xl-7 { flex: 0 0 14.28571428%; max-width: 14.28571428%; } .wpcpro-row .wpcpro-col-xl-8 { flex: 0 0 12.5%; max-width: 12.5%; } }<\/style><div class=\"wpcp-carousel-wrapper wpcp-wrapper-492\">\n\t<div id=\"wpcp-preloader-492\" class=\"wpcp-carousel-preloader\"><img decoding=\"async\" src=\"https:\/\/mid-century-design.com\/wp-content\/plugins\/wp-carousel-free\/public\/css\/spinner.svg\" alt=\"Preloader Image\" \/><\/div>\t<div class=\"wpcp-carousel-content-wrapper\">\n\t<div id=\"sp-wp-carousel-free-id-492\" class=\"wpcp-carousel-section sp-wpcp-492  nav-vertical-center wpcp-image-carousel wpcp-preloader wpcp-standard\" data-swiper='{ &quot;accessibility&quot;:true, &quot;spaceBetween&quot;:20, &quot;arrows&quot;:true, &quot;freeMode&quot;: false, &quot;autoplay&quot;:true, &quot;effect&quot;: &quot;&quot;, &quot;centerMode&quot;: false, &quot;autoplaySpeed&quot;:3000, &quot;dots&quot;:true, &quot;infinite&quot;:true, &quot;speed&quot;:600, &quot;pauseOnHover&quot;:true,\n\t\t\t&quot;slidesToShow&quot;:{&quot;lg_desktop&quot;:5, &quot;desktop&quot;: 4, &quot;laptop&quot;: 3, &quot;tablet&quot;: 2, &quot;mobile&quot;: 1}, &quot;responsive&quot;:{&quot;desktop&quot;:1200, &quot;laptop&quot;: 980, &quot;tablet&quot;: 736, &quot;mobile&quot;: 480}, &quot;rtl&quot;:false, &quot;lazyLoad&quot;: &quot;false&quot;, &quot;swipe&quot;: true, &quot;draggable&quot;: true, &quot;swipeToSlide&quot;:false }' dir=\"ltr\">\n\t\t<div class=\"swiper-wrapper\">\n\t\t<div class=\"swiper-slide\">\n\t<div class=\"wpcp-single-item\">\n\t\t\t<a class=\"wcp-light-box\" data-buttons='[\"close\"]' data-wpc_url='https:\/\/mid-century-design.com\/wp-content\/uploads\/2024\/07\/C.1.Left45-rotated.jpg' href=\"https:\/\/mid-century-design.com\/wp-content\/uploads\/2024\/07\/C.1.Left45-rotated.jpg\" data-fancybox=\"wpcp_view\">\n\t\t<figure>\n\t\t\t<img loading=\"lazy\" decoding=\"async\" class=\"skip-lazy\" src=\"https:\/\/mid-century-design.com\/wp-content\/uploads\/2024\/07\/C.1.Left45-rotated.jpg\" alt=\"J. Halabala, Cocktailsessel \u201eC\u201c - Hauptansicht\" width=\"480\" height=\"640\">\t\t<\/figure>\n\t<\/a>\n\t\t<\/div>\n<\/div>\n\t<div class=\"swiper-slide\">\n\t<div class=\"wpcp-single-item\">\n\t\t\t<a class=\"wcp-light-box\" data-buttons='[\"close\"]' data-wpc_url='https:\/\/mid-century-design.com\/wp-content\/uploads\/2024\/07\/C.1.Front_-rotated.jpg' href=\"https:\/\/mid-century-design.com\/wp-content\/uploads\/2024\/07\/C.1.Front_-rotated.jpg\" data-fancybox=\"wpcp_view\">\n\t\t<figure>\n\t\t\t<img loading=\"lazy\" decoding=\"async\" class=\"skip-lazy\" src=\"https:\/\/mid-century-design.com\/wp-content\/uploads\/2024\/07\/C.1.Front_-rotated.jpg\" alt=\"J. Halabala, Cocktailsessel \u201eC\u201c - Bild 5\" width=\"480\" height=\"640\">\t\t<\/figure>\n\t<\/a>\n\t\t<\/div>\n<\/div>\n\t<div class=\"swiper-slide\">\n\t<div class=\"wpcp-single-item\">\n\t\t\t<a class=\"wcp-light-box\" data-buttons='[\"close\"]' data-wpc_url='https:\/\/mid-century-design.com\/wp-content\/uploads\/2024\/07\/C.1.Left_-rotated.jpg' href=\"https:\/\/mid-century-design.com\/wp-content\/uploads\/2024\/07\/C.1.Left_-rotated.jpg\" data-fancybox=\"wpcp_view\">\n\t\t<figure>\n\t\t\t<img loading=\"lazy\" decoding=\"async\" class=\"skip-lazy\" src=\"https:\/\/mid-century-design.com\/wp-content\/uploads\/2024\/07\/C.1.Left_-rotated.jpg\" alt=\"J. Halabala, Cocktailsessel \u201eC\u201c - Bild 6\" width=\"480\" height=\"640\">\t\t<\/figure>\n\t<\/a>\n\t\t<\/div>\n<\/div>\n\t<div class=\"swiper-slide\">\n\t<div class=\"wpcp-single-item\">\n\t\t\t<a class=\"wcp-light-box\" data-buttons='[\"close\"]' data-wpc_url='https:\/\/mid-century-design.com\/wp-content\/uploads\/2024\/07\/C.1.Left135-rotated.jpg' href=\"https:\/\/mid-century-design.com\/wp-content\/uploads\/2024\/07\/C.1.Left135-rotated.jpg\" data-fancybox=\"wpcp_view\">\n\t\t<figure>\n\t\t\t<img loading=\"lazy\" decoding=\"async\" class=\"skip-lazy\" src=\"https:\/\/mid-century-design.com\/wp-content\/uploads\/2024\/07\/C.1.Left135-rotated.jpg\" alt=\"J. Halabala, Cocktailsessel \u201eC\u201c - Bild 7\" width=\"480\" height=\"640\">\t\t<\/figure>\n\t<\/a>\n\t\t<\/div>\n<\/div>\n\t<div class=\"swiper-slide\">\n\t<div class=\"wpcp-single-item\">\n\t\t\t<a class=\"wcp-light-box\" data-buttons='[\"close\"]' data-wpc_url='https:\/\/mid-century-design.com\/wp-content\/uploads\/Halabala\/C\/1\/C.1.Right225-rotated.jpg' href=\"https:\/\/mid-century-design.com\/wp-content\/uploads\/Halabala\/C\/1\/C.1.Right225-rotated.jpg\" data-fancybox=\"wpcp_view\">\n\t\t<figure>\n\t\t\t<img loading=\"lazy\" decoding=\"async\" class=\"skip-lazy\" src=\"https:\/\/mid-century-design.com\/wp-content\/uploads\/Halabala\/C\/1\/C.1.Right225-rotated.jpg\" alt=\"J. Halabala, Cocktailsessel \u201eC\u201c - R\u00fcck- und Seitenansicht\" width=\"480\" height=\"640\">\t\t<\/figure>\n\t<\/a>\n\t\t<\/div>\n<\/div>\n\t<div class=\"swiper-slide\">\n\t<div class=\"wpcp-single-item\">\n\t\t\t<a class=\"wcp-light-box\" data-buttons='[\"close\"]' data-wpc_url='https:\/\/mid-century-design.com\/wp-content\/uploads\/2024\/07\/C.1.Back_-rotated.jpg' href=\"https:\/\/mid-century-design.com\/wp-content\/uploads\/2024\/07\/C.1.Back_-rotated.jpg\" data-fancybox=\"wpcp_view\">\n\t\t<figure>\n\t\t\t<img loading=\"lazy\" decoding=\"async\" class=\"skip-lazy\" src=\"https:\/\/mid-century-design.com\/wp-content\/uploads\/2024\/07\/C.1.Back_-rotated.jpg\" alt=\"J. Halabala, Cocktailsessel \u201eC\u201c - Bild 4\" width=\"480\" height=\"640\">\t\t<\/figure>\n\t<\/a>\n\t\t<\/div>\n<\/div>\n\t<div class=\"swiper-slide\">\n\t<div class=\"wpcp-single-item\">\n\t\t\t<a class=\"wcp-light-box\" data-buttons='[\"close\"]' data-wpc_url='https:\/\/mid-century-design.com\/wp-content\/uploads\/Halabala\/C\/1\/C.1.Right_-rotated.jpg' href=\"https:\/\/mid-century-design.com\/wp-content\/uploads\/Halabala\/C\/1\/C.1.Right_-rotated.jpg\" data-fancybox=\"wpcp_view\">\n\t\t<figure>\n\t\t\t<img loading=\"lazy\" decoding=\"async\" class=\"skip-lazy\" src=\"https:\/\/mid-century-design.com\/wp-content\/uploads\/Halabala\/C\/1\/C.1.Right_-rotated.jpg\" alt=\"J. Halabala, Cocktailsessel \u201eC\u201c - Profilansicht\" width=\"480\" height=\"640\">\t\t<\/figure>\n\t<\/a>\n\t\t<\/div>\n<\/div>\n\t<div class=\"swiper-slide\">\n\t<div class=\"wpcp-single-item\">\n\t\t\t<a class=\"wcp-light-box\" data-buttons='[\"close\"]' data-wpc_url='https:\/\/mid-century-design.com\/wp-content\/uploads\/Halabala\/C\/1\/C.1.Right315-rotated.jpg' href=\"https:\/\/mid-century-design.com\/wp-content\/uploads\/Halabala\/C\/1\/C.1.Right315-rotated.jpg\" data-fancybox=\"wpcp_view\">\n\t\t<figure>\n\t\t\t<img loading=\"lazy\" decoding=\"async\" class=\"skip-lazy\" src=\"https:\/\/mid-century-design.com\/wp-content\/uploads\/Halabala\/C\/1\/C.1.Right315-rotated.jpg\" alt=\"J. Halabala, Cocktailsessel \u201eC\u201c - Bild 8\" width=\"480\" height=\"640\">\t\t<\/figure>\n\t<\/a>\n\t\t<\/div>\n<\/div>\n\t\t\t<\/div>\n\t\t\t\t\t<div class=\"wpcp-swiper-dots swiper-pagination\"><\/div>\n\t\t\t\t<!-- If we need navigation buttons -->\n\t\t\t\t\t<div class=\"wpcp-prev-button swiper-button-prev\"><i class=\"fa fa-angle-left\"><\/i><\/div>\n\t\t\t<div class=\"wpcp-next-button swiper-button-next\"><i class=\"fa fa-angle-right\"><\/i><\/div>\n\t\t\t<\/div>\n\t<\/div>\n<\/div>\n<\/div>\n<p class=\"has-text-align-left has-large-font-size\"><strong>Preis<\/strong>: 590 \u20ac<\/p>\n\n<p class=\"has-text-align-left has-large-font-size\"><strong>Abmessungen &#8211; H\u00f6he <\/strong>x<strong> Breite <\/strong>x<strong> Tiefe (cm)<\/strong>: 80 x 66 x 80<\/p>\n\n<p class=\"has-text-align-left has-large-font-size\"><strong>Sitzh\u00f6he(cm): <\/strong>43<\/p>\n\n<p class=\"has-large-font-size\"><strong>Gewicht (kg)<\/strong>: 12<\/p>\n\n<p class=\"has-large-font-size\"><strong>Material\/Farbe:<\/strong> Bugholz\/Rotbraun<\/p>\n\n<p class=\"has-text-align-left has-large-font-size\"><strong>Stoff:<\/strong> Rot\/Gelb nach einem Entwurf von <a href=\"https:\/\/mid-century-design.com\/de\/antonin-kybal\/\" title=\"Anton&#xED;n Kybal (1901 - 1971)\">Anton\u00edn Kybal<\/a>, s. unten <\/p>\n\n<p class=\"has-large-font-size\"><strong>Zustand:<\/strong> Authentisch und professionell restauriert. <br\/>Holz gereinigt, lackiert. <br\/>Die Sitze wurden aufgearbeitet und mit der Design-Polsterung von Kolovrat bezogen.<\/p>\n\n<div class=\"wp-block-group is-nowrap is-layout-flex wp-container-core-group-is-layout-6c531013 wp-block-group-is-layout-flex\">\n<p class=\"product woocommerce add_to_cart_inline \" style=\"border:4px solid #ccc; padding: 12px;\"><a href=\"\/de\/wp-json\/wp\/v2\/pages\/1955?add-to-cart=3704\" aria-describedby=\"woocommerce_loop_add_to_cart_link_describedby_3704\" data-quantity=\"1\" class=\"button wp-element-button product_type_simple add_to_cart_button ajax_add_to_cart\" data-product_id=\"3704\" data-product_sku=\"\" aria-label=\"In den Warenkorb legen: \u201eJind\u0159ich Halabala Cocktail Armchair C (short description)\u201c\" rel=\"nofollow\" data-success_message=\"\u201eJind\u0159ich Halabala Cocktail Armchair C (short description)\u201c wurde deinem Warenkorb hinzugef\u00fcgt\">In den Warenkorb<\/a>\t<span id=\"woocommerce_loop_add_to_cart_link_describedby_3704\" class=\"screen-reader-text\">\n\t\t\t<\/span>\n<\/p>\n<\/div>\n\n<p><\/p>\n\n<p class=\"has-large-font-size\"><strong>Lieferm\u00f6glichkeiten:<\/strong><\/p>\n\n<ol class=\"wp-block-list\">\n<li class=\"has-medium-font-size\">Ab Wien &#8211; geb\u00fchrenfrei<\/li>\n\n\n\n<li class=\"has-medium-font-size\">Bordsteinkante weltweit &#8211; Netto-Liefergeb\u00fchr.<\/li>\n<\/ol>\n\n<p class=\"has-large-font-size\">Die Lieferung erfolgt durch ein f\u00fchrendes europ\u00e4isches Logistikunternehmen, das die qualitativ hochwertige Lieferung des Designobjekts sicherstellt.<\/p>\n\n<h3 class=\"wp-block-heading\"><strong>Referenzen: <\/strong><\/h3>\n\n<p>Anton\u00edn Kybal: Cesty designu a textiln\u00ed tvorby Prager Kunstgewerbemuseums, 2016, ISBN: 9788074372230<\/p>\n\n<figure class=\"wp-block-image size-full\"><img loading=\"lazy\" decoding=\"async\" width=\"666\" height=\"459\" src=\"https:\/\/mid-century-design.com\/wp-content\/uploads\/2024\/07\/KybalTitleP45.png\" alt=\"\" class=\"wp-image-244\" srcset=\"https:\/\/mid-century-design.com\/wp-content\/uploads\/2024\/07\/KybalTitleP45.png 666w, https:\/\/mid-century-design.com\/wp-content\/uploads\/2024\/07\/KybalTitleP45-300x207.png 300w\" sizes=\"auto, (max-width: 666px) 100vw, 666px\" \/><\/figure>\n","protected":false},"excerpt":{"rendered":"<p>Cocktailsessel Modell \u201eC\u201c, entworfen von dem gro\u00dfen tschechischen Designer Jind\u0159ich Halabala. Charakteristische C-f\u00f6rmige Armlehnen aus Bugholz. Leicht und bequem. Preis: 590 \u20ac Abmessungen &#8211; H\u00f6he x Breite x Tiefe (cm): 80 x 66 x 80 Sitzh\u00f6he(cm): 43 Gewicht (kg): 12 Material\/Farbe: Bugholz\/Rotbraun Stoff: Rot\/Gelb nach einem Entwurf von Anton\u00edn Kybal, s. unten Zustand: Authentisch und [&hellip;]<\/p>\n","protected":false},"author":1,"featured_media":0,"parent":0,"menu_order":0,"comment_status":"closed","ping_status":"closed","template":"","meta":{"footnotes":""},"class_list":["post-1955","page","type-page","status-publish","hentry"],"_links":{"self":[{"href":"https:\/\/mid-century-design.com\/de\/wp-json\/wp\/v2\/pages\/1955","targetHints":{"allow":["GET"]}}],"collection":[{"href":"https:\/\/mid-century-design.com\/de\/wp-json\/wp\/v2\/pages"}],"about":[{"href":"https:\/\/mid-century-design.com\/de\/wp-json\/wp\/v2\/types\/page"}],"author":[{"embeddable":true,"href":"https:\/\/mid-century-design.com\/de\/wp-json\/wp\/v2\/users\/1"}],"replies":[{"embeddable":true,"href":"https:\/\/mid-century-design.com\/de\/wp-json\/wp\/v2\/comments?post=1955"}],"version-history":[{"count":11,"href":"https:\/\/mid-century-design.com\/de\/wp-json\/wp\/v2\/pages\/1955\/revisions"}],"predecessor-version":[{"id":3810,"href":"https:\/\/mid-century-design.com\/de\/wp-json\/wp\/v2\/pages\/1955\/revisions\/3810"}],"wp:attachment":[{"href":"https:\/\/mid-century-design.com\/de\/wp-json\/wp\/v2\/media?parent=1955"}],"curies":[{"name":"wp","href":"https:\/\/api.w.org\/{rel}","templated":true}]}}