{"id":1821,"date":"2024-08-15T09:11:36","date_gmt":"2024-08-15T07:11:36","guid":{"rendered":"https:\/\/mid-century-design.com\/thonet\/"},"modified":"2024-12-18T16:48:09","modified_gmt":"2024-12-18T15:48:09","slug":"thonet","status":"publish","type":"page","link":"https:\/\/mid-century-design.com\/de\/thonet\/","title":{"rendered":"Thonet in den 1920-1940er Jahren"},"content":{"rendered":"\n<h4 class=\"wp-block-heading\">Das Unternehmen Thonet, das f\u00fcr seine innovativen gebogenen M\u00f6bel bekannt ist, erlebte zwischen 1920 und 1940 mehrere bedeutende Ver\u00e4nderungen und Herausforderungen.<\/h4>\n\n<h4 class=\"wp-block-heading\">1920 &#8211; 1930<\/h4>\n\n<p>Nach dem Ersten Weltkrieg fusionierte die Firma Thonet mit ehemaligen Konkurrenten und 1924 wurde das gemeinsame Unternehmen Thonet-Mundus gegr\u00fcndet. Dieser Zusammenschluss sollte helfen, wirtschaftliche Schwierigkeiten zu \u00fcberwinden und die Marktposition zu st\u00e4rken. In dieser Zeit konzentrierte sich das Unternehmen auf die Modernisierung der Produktion und die Erweiterung des Sortiments, wozu auch die Zusammenarbeit mit wichtigen Designern der damaligen Zeit geh\u00f6rte.  <\/p>\n\n<p>Obwohl Thonet nicht der Pionier der Stahlrohrm\u00f6bel war, gelang es ihm, durch geschickte Aufk\u00e4ufe anderer kleinerer Unternehmen eine f\u00fchrende Position in diesem Bereich zu erreichen, z.B. Standard M\u00f6bel in Berlin von Kalman und Breuer, die 1929 von Marcel Breuer entworfene Modelle produzierten, und Desta in den 1930er Jahren von Breuers Partner Anton Lorenz.<\/p>\n\n<h4 class=\"wp-block-heading\">1930 &#8211; 1940<\/h4>\n\n<p>In den 1930er Jahren entwickelte sich Thonet weiter, sah sich aber auch neuen Herausforderungen gegen\u00fcber, die mit den politischen und wirtschaftlichen Ver\u00e4nderungen in Europa verbunden waren. W\u00e4hrend des Zweiten Weltkriegs wurde die Produktion durch die Kriegsereignisse beeintr\u00e4chtigt, was zu Produktionsk\u00fcrzungen und Ver\u00e4nderungen in der Unternehmensf\u00fchrung f\u00fchrte. Dennoch behielt Thonet seinen Ruf als Qualit\u00e4tsm\u00f6belhersteller bei und seine Produkte waren weiterhin gefragt.  <\/p>\n\n<p>In den 1930er Jahren \u00fcberholte Thonet den f\u00fchrenden Hersteller von Rohrm\u00f6beln L. &amp; C. Arnold in Schorndorf bei Stuttgart und wurde Marktf\u00fchrer.<\/p>\n\n<p>In dieser Zeit versuchte Thonet, seinen innovativen Charakter zu bewahren und sich an die ver\u00e4nderten Marktbedingungen anzupassen. Ihre gebogenen M\u00f6bel blieben beliebt und das Unternehmen versuchte, mit der Moderne Schritt zu halten. <\/p>\n","protected":false},"excerpt":{"rendered":"<p>Das Unternehmen Thonet, das f\u00fcr seine innovativen gebogenen M\u00f6bel bekannt ist, erlebte zwischen 1920 und 1940 mehrere bedeutende Ver\u00e4nderungen und Herausforderungen. 1920 &#8211; 1930 Nach dem Ersten Weltkrieg fusionierte die Firma Thonet mit ehemaligen Konkurrenten und 1924 wurde das gemeinsame Unternehmen Thonet-Mundus gegr\u00fcndet. Dieser Zusammenschluss sollte helfen, wirtschaftliche Schwierigkeiten zu \u00fcberwinden und die Marktposition zu [&hellip;]<\/p>\n","protected":false},"author":1,"featured_media":0,"parent":0,"menu_order":0,"comment_status":"closed","ping_status":"closed","template":"","meta":{"footnotes":""},"class_list":["post-1821","page","type-page","status-publish","hentry"],"_links":{"self":[{"href":"https:\/\/mid-century-design.com\/de\/wp-json\/wp\/v2\/pages\/1821","targetHints":{"allow":["GET"]}}],"collection":[{"href":"https:\/\/mid-century-design.com\/de\/wp-json\/wp\/v2\/pages"}],"about":[{"href":"https:\/\/mid-century-design.com\/de\/wp-json\/wp\/v2\/types\/page"}],"author":[{"embeddable":true,"href":"https:\/\/mid-century-design.com\/de\/wp-json\/wp\/v2\/users\/1"}],"replies":[{"embeddable":true,"href":"https:\/\/mid-century-design.com\/de\/wp-json\/wp\/v2\/comments?post=1821"}],"version-history":[{"count":5,"href":"https:\/\/mid-century-design.com\/de\/wp-json\/wp\/v2\/pages\/1821\/revisions"}],"predecessor-version":[{"id":1872,"href":"https:\/\/mid-century-design.com\/de\/wp-json\/wp\/v2\/pages\/1821\/revisions\/1872"}],"wp:attachment":[{"href":"https:\/\/mid-century-design.com\/de\/wp-json\/wp\/v2\/media?parent=1821"}],"curies":[{"name":"wp","href":"https:\/\/api.w.org\/{rel}","templated":true}]}}