{"id":1773,"date":"2024-09-08T15:19:20","date_gmt":"2024-09-08T13:19:20","guid":{"rendered":"https:\/\/mid-century-design.com\/univerzal-prostejov-2\/"},"modified":"2024-12-10T15:53:59","modified_gmt":"2024-12-10T14:53:59","slug":"univerzal-prostejov-2","status":"publish","type":"page","link":"https:\/\/mid-century-design.com\/de\/univerzal-prostejov-2\/","title":{"rendered":"Univerzal Prost\u011bjov"},"content":{"rendered":"\n<div class=\"wp-block-group is-layout-flow wp-block-group-is-layout-flow\">\n<p>Vor dem Ersten Weltkrieg wurden die Wohnungen mit M\u00f6beln eingerichtet, die integrierte M\u00f6belensembles bildeten. Sie waren so spezifisch, dass einzelne St\u00fccke nicht mit M\u00f6beln aus anderen Kollektionen kombiniert werden konnten. Da viele St\u00fccke sehr gro\u00df waren, war diese Art von M\u00f6beln nicht wirklich praktisch.  <\/p>\n\n\n\n<p>Nach dem Krieg haben die Wohnungskrise und der Mangel an M\u00f6beln f\u00fcr Wohnungen unterschiedlicher Gr\u00f6\u00dfe die modernen architektonischen Trends bestimmt. Der Funktionalismus, der die Funktion \u00fcber die \u00c4sthetik stellt, wurde zu einem vorherrschenden Ansatz in den Vorschl\u00e4gen von Wohnarchitekten und M\u00f6beldesignern. Die ersten Versuche in der Modularit\u00e4t der M\u00f6bel haben stattgefunden.  <\/p>\n\n\n\n<p>Nach dem Zweiten Weltkrieg, als \u00e4hnliche Probleme wie nach dem Ende des Ersten Weltkriegs auftraten, wurden die Wohnungskrise und der Mangel an M\u00f6beln erneut angegangen. Auf der Grundlage der Vorkriegsentwicklung und in deren Fortsetzung wurde das modulare Design eine L\u00f6sung f\u00fcr kleine, mittlere und gro\u00dfe Wohnungen. <\/p>\n\n\n\n<p>Modulare M\u00f6bel, hergestellt von Univerzal, waren Teil der Nachkriegsanstrengungen, die Wohnungskrise und den Mangel an M\u00f6beln zu l\u00f6sen. Ihre Sektionsm\u00f6bel wurden so konzipiert, dass sie praktisch und modular sind, so dass sie leicht an verschiedene R\u00e4ume und Bed\u00fcrfnisse angepasst werden k\u00f6nnen. <\/p>\n\n\n\n<p>Die von dem Unternehmen hergestellten M\u00f6bel waren bekannt f\u00fcr ihr schlichtes und funktionales Design und hochwertiges Massivholz, oft Eiche oder Buche. Diese Materialien waren wegen ihrer St\u00e4rke und Haltbarkeit beliebt, was die Langlebigkeit der M\u00f6bel sicherstellte. <\/p>\n\n\n\n<p>Das Design basierte auf klaren Linien und einem minimalistischen Look, der im Einklang mit den modernistischen Trends der damaligen Zeit stand.<\/p>\n<\/div>\n","protected":false},"excerpt":{"rendered":"<p>Vor dem Ersten Weltkrieg wurden die Wohnungen mit M\u00f6beln eingerichtet, die integrierte M\u00f6belensembles bildeten. Sie waren so spezifisch, dass einzelne St\u00fccke nicht mit M\u00f6beln aus anderen Kollektionen kombiniert werden konnten. Da viele St\u00fccke sehr gro\u00df waren, war diese Art von M\u00f6beln nicht wirklich praktisch. Nach dem Krieg haben die Wohnungskrise und der Mangel an M\u00f6beln [&hellip;]<\/p>\n","protected":false},"author":1,"featured_media":0,"parent":0,"menu_order":0,"comment_status":"closed","ping_status":"closed","template":"","meta":{"footnotes":""},"class_list":["post-1773","page","type-page","status-publish","hentry"],"_links":{"self":[{"href":"https:\/\/mid-century-design.com\/de\/wp-json\/wp\/v2\/pages\/1773","targetHints":{"allow":["GET"]}}],"collection":[{"href":"https:\/\/mid-century-design.com\/de\/wp-json\/wp\/v2\/pages"}],"about":[{"href":"https:\/\/mid-century-design.com\/de\/wp-json\/wp\/v2\/types\/page"}],"author":[{"embeddable":true,"href":"https:\/\/mid-century-design.com\/de\/wp-json\/wp\/v2\/users\/1"}],"replies":[{"embeddable":true,"href":"https:\/\/mid-century-design.com\/de\/wp-json\/wp\/v2\/comments?post=1773"}],"version-history":[{"count":4,"href":"https:\/\/mid-century-design.com\/de\/wp-json\/wp\/v2\/pages\/1773\/revisions"}],"predecessor-version":[{"id":1780,"href":"https:\/\/mid-century-design.com\/de\/wp-json\/wp\/v2\/pages\/1773\/revisions\/1780"}],"wp:attachment":[{"href":"https:\/\/mid-century-design.com\/de\/wp-json\/wp\/v2\/media?parent=1773"}],"curies":[{"name":"wp","href":"https:\/\/api.w.org\/{rel}","templated":true}]}}