{"id":1690,"date":"2024-06-08T14:43:36","date_gmt":"2024-06-08T12:43:36","guid":{"rendered":"https:\/\/mid-century-design.com\/beispiel-seite\/"},"modified":"2025-02-28T16:50:58","modified_gmt":"2025-02-28T15:50:58","slug":"beispiel-seite","status":"publish","type":"page","link":"https:\/\/mid-century-design.com\/de\/","title":{"rendered":"Mid-Century Design M\u00f6bel aus Mitteleuropa"},"content":{"rendered":"\n<h2 class=\"wp-block-heading\"><strong>Warum Mid-Century?<\/strong><\/h2>\n\n<p>Die M\u00f6bel aus der Mitte des Jahrhunderts &#8211; der &#8222;goldenen \u00c4ra&#8220; des Wohndesigns &#8211; sind einfach im Design, aber von gro\u00dfer Wirkung, und genau deshalb sind sie wieder so beliebt.<br\/>Die zeitlose Anziehungskraft der M\u00f6bel aus der Mitte des Jahrhunderts hat sie zu einem begehrten Sammlerst\u00fcck gemacht. Ihre schlichte Sch\u00f6nheit, die einfachen Linien und die Stromlinien Formen erlauben es, sie erfolgreich mit Design-St\u00fccken aus anderen Epochen zu kombinieren.<\/p>\n\n<h2 class=\"wp-block-heading\"><strong>Die Fundamente<\/strong><\/h2>\n\n<p>Die historischen Entw\u00fcrfe der 1920-30er Jahre &#8211; der minimalistische Look der Stahlrohr- und Lederm\u00f6bel von Mies van der Rohe, die ikonischen Sessel mit Metallrahmen von Corbusier, die Art-D\u00e9co Auspr\u00e4gung der Wiener Sezession von Josef Hoffmann, die Funktionalit\u00e4t des Bauhauses &#8211; erschienen wieder auffallend modern.<br\/>All diese Einfl\u00fcsse hatten den unverwechselbaren Stil der 1950er Jahre aktiv gepr\u00e4gt, angetrieben von der Nachfrage nach Objekten, deren \u00e4sthetische Qualit\u00e4ten mit ihren funktionalen Eigenschaften einhergingen.<br\/>Auch die &#8222;Understatement&#8220;-\u00c4sthetik des skandinavischen Designs mit seinen nat\u00fcrlichen und klaren Linien, seinem Funktionalismus und seinen vereinfachten Formen erlebte eine Renaissance.<\/p>\n\n<h2 class=\"wp-block-heading\"><strong>Die Entwicklung<\/strong><\/h2>\n\n<p>Der Mid-Century-Stil entstand durch die Verschmelzung von Form und Funktion &#8211; er befriedigte den zeitgen\u00f6ssischen Geschmack und war wirtschaftlich erschwinglich.<br\/>Obwohl in Frankreich das \u00fcppige Dekor, das in den 1920er und 30er Jahren entstanden war und durch den Preis Beaut\u00e9 de France gef\u00f6rdert wurde, in den 1950er Jahren seine Fortsetzung fand (mit Ausnahme von Perriand, Prouv\u00e9 und Herbst), setzten sich die modernistischen Entw\u00fcrfe durch und die Ikonen dieser \u00c4ra sind auf diesen Mainstream-Modernismus zur\u00fcckzuf\u00fchren.<\/p>\n\n<p>Heute erleben die Klassiker aus der Mitte des Jahrhunderts, die die Kultur der Moderne symbolisieren, ein Revival und viele von ihnen wurden in der heutigen Inneneinrichtung zu Kulturg\u00fctern erhoben.<\/p>\n\n<h2 class=\"wp-block-heading\"><strong>Wie sieht es mit dem Stil aus?<\/strong><\/h2>\n\n<p>Wenn es um Stile geht &#8211; und das gilt vor allem f\u00fcr die Mitte des Jahrhunderts &#8211; wird er oft durch die Zeitspanne definiert. Das Design der Objekte unterliegt jedoch dem Wandel und der Ver\u00e4nderung des vorangegangenen Trends, so dass es schwierig ist, die Entwicklungsstufen nachzuvollziehen &#8211; ein Sessel kann Art Deco sein, ein anderer zehn Jahre sp\u00e4ter bereits Mid-Century, und wieder ein anderer kombiniert Merkmale beider.<\/p>\n\n<p>Deshalb pr\u00e4sentieren wir Objekte aus der Mitte des Jahrhunderts sowie aus der Zeit davor und danach, d.h. aus den 1930er und 1970er Jahren, also eine kontinuierliche Skala modernistischen Designs.<\/p>\n\n<h2 class=\"wp-block-heading\"><strong>Warum Mitteleuropa?<\/strong><\/h2>\n\n<p>Neben den Klassikern der Moderne wie Breuer, Corbusier, Stam, Bauhaus, Thonet usw. sind in Mitteleuropa weitere wichtige Design- und Produktionsst\u00e4tten entstanden, die nicht nur den bestehenden Vorgaben folgten, sondern sie mit neuen Ideen und Interpretationen der klassischen Trends bereicherten.<br\/>Zu nennen sind hier nur die Designer Jind\u0159ich Halabala, J\u00f3zsef Peresztegi, Jaroslav \u0160m\u00eddek, Jan Van\u011bk, sowie die Hersteller TON und UP Z\u00e1vody.<\/p>\n\n<p>Bei der Auswahl der Designobjekte haben wir uns aufgrund unseres Fachwissens und unserer Herkunft auf Mitteleuropa (\u00d6sterreich, Tschechoslowakei, Ungarn) konzentriert und in erster Linie ihre k\u00fcnstlerische Qualit\u00e4t und nicht zuletzt ihre Attraktivit\u00e4t als Teil einer modernen Inneneinrichtung ber\u00fccksichtigt.<\/p>\n\n<h2 class=\"wp-block-heading\"><strong>Vielen Dank und viel Spa\u00df!<\/strong><\/h2>\n","protected":false},"excerpt":{"rendered":"<p>Warum Mid-Century? Die M\u00f6bel aus der Mitte des Jahrhunderts &#8211; der &#8222;goldenen \u00c4ra&#8220; des Wohndesigns &#8211; sind einfach im Design, aber von gro\u00dfer Wirkung, und genau deshalb sind sie wieder so beliebt.Die zeitlose Anziehungskraft der M\u00f6bel aus der Mitte des Jahrhunderts hat sie zu einem begehrten Sammlerst\u00fcck gemacht. Ihre schlichte Sch\u00f6nheit, die einfachen Linien und [&hellip;]<\/p>\n","protected":false},"author":1,"featured_media":0,"parent":0,"menu_order":0,"comment_status":"closed","ping_status":"open","template":"","meta":{"footnotes":""},"class_list":["post-1690","page","type-page","status-publish","hentry"],"_links":{"self":[{"href":"https:\/\/mid-century-design.com\/de\/wp-json\/wp\/v2\/pages\/1690","targetHints":{"allow":["GET"]}}],"collection":[{"href":"https:\/\/mid-century-design.com\/de\/wp-json\/wp\/v2\/pages"}],"about":[{"href":"https:\/\/mid-century-design.com\/de\/wp-json\/wp\/v2\/types\/page"}],"author":[{"embeddable":true,"href":"https:\/\/mid-century-design.com\/de\/wp-json\/wp\/v2\/users\/1"}],"replies":[{"embeddable":true,"href":"https:\/\/mid-century-design.com\/de\/wp-json\/wp\/v2\/comments?post=1690"}],"version-history":[{"count":12,"href":"https:\/\/mid-century-design.com\/de\/wp-json\/wp\/v2\/pages\/1690\/revisions"}],"predecessor-version":[{"id":2006,"href":"https:\/\/mid-century-design.com\/de\/wp-json\/wp\/v2\/pages\/1690\/revisions\/2006"}],"wp:attachment":[{"href":"https:\/\/mid-century-design.com\/de\/wp-json\/wp\/v2\/media?parent=1690"}],"curies":[{"name":"wp","href":"https:\/\/api.w.org\/{rel}","templated":true}]}}