{"id":4004,"date":"2026-02-10T18:54:01","date_gmt":"2026-02-10T17:54:01","guid":{"rendered":"https:\/\/mid-century-design.com\/renovace-pred-a-po\/"},"modified":"2026-02-14T17:40:47","modified_gmt":"2026-02-14T16:40:47","slug":"renovace-pred-a-po","status":"publish","type":"page","link":"https:\/\/mid-century-design.com\/cs\/renovace-pred-a-po\/","title":{"rendered":"Renovace: p\u0159ed a po"},"content":{"rendered":"\n<p>Pro p\u0159edstavu o v\u00fdsledc\u00edch renovace zde uv\u00e1d\u00edme n\u011bkter\u00e9 kusy ve stavu p\u0159ed renovac\u00ed a po n\u00ed.<\/p>\n\n<h2 class=\"wp-block-heading\">Konzolov\u00e9 ocelov\u00e9 k\u0159eslo FN24 od firmy M\u00fccke-Melder<\/h2>\n\n<div class=\"wp-block-group is-nowrap is-layout-flex wp-container-core-group-is-layout-6c531013 wp-block-group-is-layout-flex\">\n<figure class=\"wp-block-image size-large\"><img loading=\"lazy\" decoding=\"async\" width=\"480\" height=\"632\" src=\"https:\/\/mid-century-design.com\/wp-content\/uploads\/2026\/02\/Mucke-Melder.FN24-No.1.Pre_.jpg\" alt=\"\" class=\"wp-image-3926\" srcset=\"https:\/\/mid-century-design.com\/wp-content\/uploads\/2026\/02\/Mucke-Melder.FN24-No.1.Pre_.jpg 480w, https:\/\/mid-century-design.com\/wp-content\/uploads\/2026\/02\/Mucke-Melder.FN24-No.1.Pre_-228x300.jpg 228w\" sizes=\"auto, (max-width: 480px) 100vw, 480px\" \/><figcaption class=\"wp-element-caption\"><strong><mark style=\"background-color:rgba(0, 0, 0, 0)\" class=\"has-inline-color has-contrast-color\">p\u0159ed<\/mark><\/strong><\/figcaption><\/figure>\n\n\n\n<figure class=\"wp-block-image size-full\"><img loading=\"lazy\" decoding=\"async\" width=\"480\" height=\"640\" src=\"https:\/\/mid-century-design.com\/wp-content\/uploads\/2025\/07\/Mucke-Melder-cantilever-armchair-FN24-No.1-main-view-rotated.jpg\" alt=\"Konzolov&#xE9; k&#x159;eslo M&#xFC;cke-Melder FN24 &#x10D;. 1 - hlavn&#xED; pohled\" class=\"wp-image-2818\" srcset=\"https:\/\/mid-century-design.com\/wp-content\/uploads\/2025\/07\/Mucke-Melder-cantilever-armchair-FN24-No.1-main-view-rotated.jpg 480w, https:\/\/mid-century-design.com\/wp-content\/uploads\/2025\/07\/Mucke-Melder-cantilever-armchair-FN24-No.1-main-view-225x300.jpg 225w\" sizes=\"auto, (max-width: 480px) 100vw, 480px\" \/><figcaption class=\"wp-element-caption\"><strong><mark style=\"background-color:rgba(0, 0, 0, 0)\" class=\"has-inline-color has-contrast-color\">po<\/mark><\/strong><\/figcaption><\/figure>\n<\/div>\n\n<h2 class=\"wp-block-heading\">Konzolov\u00e9 k\u0159eslo M\u00fccke-Melder FN21 Famos (varianta D)<\/h2>\n\n<div class=\"wp-block-group is-nowrap is-layout-flex wp-container-core-group-is-layout-6c531013 wp-block-group-is-layout-flex\">\n<figure class=\"wp-block-image size-large\"><img loading=\"lazy\" decoding=\"async\" width=\"480\" height=\"446\" src=\"https:\/\/mid-century-design.com\/wp-content\/uploads\/2026\/02\/Mucke-Melder.FN21-No.1.Pre_.Gestell.jpg\" alt=\"\" class=\"wp-image-3948\" srcset=\"https:\/\/mid-century-design.com\/wp-content\/uploads\/2026\/02\/Mucke-Melder.FN21-No.1.Pre_.Gestell.jpg 480w, https:\/\/mid-century-design.com\/wp-content\/uploads\/2026\/02\/Mucke-Melder.FN21-No.1.Pre_.Gestell-300x279.jpg 300w\" sizes=\"auto, (max-width: 480px) 100vw, 480px\" \/><figcaption class=\"wp-element-caption\"><strong><mark style=\"background-color:rgba(0, 0, 0, 0)\" class=\"has-inline-color has-contrast-color\">p\u0159ed<\/mark><\/strong><\/figcaption><\/figure>\n\n\n\n<figure class=\"wp-block-image size-large\"><img loading=\"lazy\" decoding=\"async\" width=\"480\" height=\"422\" src=\"https:\/\/mid-century-design.com\/wp-content\/uploads\/2026\/02\/MuckeMelder.FN21-No.1.Pre_.Sitz_.jpg\" alt=\"\" class=\"wp-image-3952\" srcset=\"https:\/\/mid-century-design.com\/wp-content\/uploads\/2026\/02\/MuckeMelder.FN21-No.1.Pre_.Sitz_.jpg 480w, https:\/\/mid-century-design.com\/wp-content\/uploads\/2026\/02\/MuckeMelder.FN21-No.1.Pre_.Sitz_-300x264.jpg 300w\" sizes=\"auto, (max-width: 480px) 100vw, 480px\" \/><figcaption class=\"wp-element-caption\"><strong><mark style=\"background-color:rgba(0, 0, 0, 0)\" class=\"has-inline-color has-contrast-color\">p\u0159ed<\/mark><\/strong><\/figcaption><\/figure>\n\n\n\n<figure class=\"wp-block-image size-large\"><img loading=\"lazy\" decoding=\"async\" width=\"480\" height=\"640\" src=\"https:\/\/mid-century-design.com\/wp-content\/uploads\/2025\/07\/Mucke-Melder-cantilever-armchair-FN21-No.1-main-view-rotated.jpg\" alt=\"Konzolov&#xE9; k&#x159;eslo M&#xFC;cke-Melder FN21 &#x10D;. 1 - hlavn&#xED; pohled\" class=\"wp-image-2861\" srcset=\"https:\/\/mid-century-design.com\/wp-content\/uploads\/2025\/07\/Mucke-Melder-cantilever-armchair-FN21-No.1-main-view-rotated.jpg 480w, https:\/\/mid-century-design.com\/wp-content\/uploads\/2025\/07\/Mucke-Melder-cantilever-armchair-FN21-No.1-main-view-225x300.jpg 225w\" sizes=\"auto, (max-width: 480px) 100vw, 480px\" \/><figcaption class=\"wp-element-caption\"><strong><mark style=\"background-color:rgba(0, 0, 0, 0)\" class=\"has-inline-color has-contrast-color\">po<\/mark><\/strong><\/figcaption><\/figure>\n<\/div>\n\n<h2 class=\"wp-block-heading\">P\u00e1r konzolov\u00fdch k\u0159esel M\u00fccke-Melder FN21 Famos<\/h2>\n\n<div class=\"wp-block-group is-nowrap is-layout-flex wp-container-core-group-is-layout-6c531013 wp-block-group-is-layout-flex\">\n<figure class=\"wp-block-image size-large\"><img loading=\"lazy\" decoding=\"async\" width=\"988\" height=\"510\" src=\"https:\/\/mid-century-design.com\/wp-content\/uploads\/2026\/02\/Mucke-Melder.FN21.Pair1_.Pre_.jpg\" alt=\"\" class=\"wp-image-3956\" srcset=\"https:\/\/mid-century-design.com\/wp-content\/uploads\/2026\/02\/Mucke-Melder.FN21.Pair1_.Pre_.jpg 988w, https:\/\/mid-century-design.com\/wp-content\/uploads\/2026\/02\/Mucke-Melder.FN21.Pair1_.Pre_-300x155.jpg 300w, https:\/\/mid-century-design.com\/wp-content\/uploads\/2026\/02\/Mucke-Melder.FN21.Pair1_.Pre_-768x396.jpg 768w, https:\/\/mid-century-design.com\/wp-content\/uploads\/2026\/02\/Mucke-Melder.FN21.Pair1_.Pre_-600x310.jpg 600w\" sizes=\"auto, (max-width: 988px) 100vw, 988px\" \/><figcaption class=\"wp-element-caption\"><strong><mark style=\"background-color:rgba(0, 0, 0, 0)\" class=\"has-inline-color has-contrast-color\">p\u0159ed<\/mark><\/strong><\/figcaption><\/figure>\n\n\n\n<figure class=\"wp-block-image size-full\"><img loading=\"lazy\" decoding=\"async\" width=\"480\" height=\"640\" src=\"https:\/\/mid-century-design.com\/wp-content\/uploads\/2025\/11\/Mucke-Melder-Cantilever-Armchairs-FN21-Famos-Pair1-main-view-rotated.jpg\" alt=\"Konzolov&#xE1; k&#x159;esla M&#xFC;cke-Melder FN21 Famos Pair1 - hlavn&#xED; pohled\" class=\"wp-image-3304\" srcset=\"https:\/\/mid-century-design.com\/wp-content\/uploads\/2025\/11\/Mucke-Melder-Cantilever-Armchairs-FN21-Famos-Pair1-main-view-rotated.jpg 480w, https:\/\/mid-century-design.com\/wp-content\/uploads\/2025\/11\/Mucke-Melder-Cantilever-Armchairs-FN21-Famos-Pair1-main-view-225x300.jpg 225w\" sizes=\"auto, (max-width: 480px) 100vw, 480px\" \/><figcaption class=\"wp-element-caption\"><strong><mark style=\"background-color:rgba(0, 0, 0, 0)\" class=\"has-inline-color has-contrast-color\">po<\/mark><\/strong><\/figcaption><\/figure>\n<\/div>\n\n<h2 class=\"wp-block-heading\">Polohovac\u00ed k\u0159esloThonet PR15<\/h2>\n\n<div class=\"wp-block-group is-nowrap is-layout-flex wp-container-core-group-is-layout-6c531013 wp-block-group-is-layout-flex\">\n<figure class=\"wp-block-image size-large\"><img loading=\"lazy\" decoding=\"async\" width=\"768\" height=\"705\" src=\"https:\/\/mid-century-design.com\/wp-content\/uploads\/2026\/02\/Thonet.PR15.Pre1_.jpg\" alt=\"\" class=\"wp-image-3972\" style=\"object-fit:cover\" srcset=\"https:\/\/mid-century-design.com\/wp-content\/uploads\/2026\/02\/Thonet.PR15.Pre1_.jpg 768w, https:\/\/mid-century-design.com\/wp-content\/uploads\/2026\/02\/Thonet.PR15.Pre1_-300x275.jpg 300w, https:\/\/mid-century-design.com\/wp-content\/uploads\/2026\/02\/Thonet.PR15.Pre1_-600x551.jpg 600w\" sizes=\"auto, (max-width: 768px) 100vw, 768px\" \/><figcaption class=\"wp-element-caption\"><strong><mark style=\"background-color:rgba(0, 0, 0, 0)\" class=\"has-inline-color has-contrast-color\">p\u0159ed<\/mark><\/strong><\/figcaption><\/figure>\n\n\n\n<figure class=\"wp-block-image size-large\"><img loading=\"lazy\" decoding=\"async\" width=\"477\" height=\"333\" src=\"https:\/\/mid-century-design.com\/wp-content\/uploads\/2026\/02\/Thonet.PR15.Pre2_.jpg\" alt=\"\" class=\"wp-image-3976\" srcset=\"https:\/\/mid-century-design.com\/wp-content\/uploads\/2026\/02\/Thonet.PR15.Pre2_.jpg 477w, https:\/\/mid-century-design.com\/wp-content\/uploads\/2026\/02\/Thonet.PR15.Pre2_-300x209.jpg 300w\" sizes=\"auto, (max-width: 477px) 100vw, 477px\" \/><figcaption class=\"wp-element-caption\"><strong><mark style=\"background-color:rgba(0, 0, 0, 0)\" class=\"has-inline-color has-contrast-color\">p\u0159ed<\/mark><\/strong><\/figcaption><\/figure>\n\n\n\n<figure class=\"wp-block-image size-large\"><img loading=\"lazy\" decoding=\"async\" width=\"480\" height=\"640\" src=\"https:\/\/mid-century-design.com\/wp-content\/uploads\/2026\/02\/Thonet.PR15.Pre3_-rotated.jpg\" alt=\"\" class=\"wp-image-3980\" srcset=\"https:\/\/mid-century-design.com\/wp-content\/uploads\/2026\/02\/Thonet.PR15.Pre3_-rotated.jpg 480w, https:\/\/mid-century-design.com\/wp-content\/uploads\/2026\/02\/Thonet.PR15.Pre3_-225x300.jpg 225w\" sizes=\"auto, (max-width: 480px) 100vw, 480px\" \/><figcaption class=\"wp-element-caption\"><strong><mark style=\"background-color:rgba(0, 0, 0, 0)\" class=\"has-inline-color has-contrast-color\">p\u0159ed<\/mark><\/strong><\/figcaption><\/figure>\n\n\n\n<figure class=\"wp-block-image size-large\"><img loading=\"lazy\" decoding=\"async\" width=\"480\" height=\"640\" src=\"https:\/\/mid-century-design.com\/wp-content\/uploads\/2024\/08\/Thonet.RecliningChair1.Right335-rotated.jpg\" alt=\"Thonet PR15 polohovac&#xED; k&#x159;eslo, 30. l&#xE9;ta 20. stolet&#xED; - Obr&#xE1;zek 13\" class=\"wp-image-453\" style=\"aspect-ratio:0.6666666666666666;object-fit:cover\" srcset=\"https:\/\/mid-century-design.com\/wp-content\/uploads\/2024\/08\/Thonet.RecliningChair1.Right335-rotated.jpg 480w, https:\/\/mid-century-design.com\/wp-content\/uploads\/2024\/08\/Thonet.RecliningChair1.Right335-225x300.jpg 225w\" sizes=\"auto, (max-width: 480px) 100vw, 480px\" \/><figcaption class=\"wp-element-caption\"><strong><mark style=\"background-color:rgba(0, 0, 0, 0)\" class=\"has-inline-color has-contrast-color\">po<\/mark><\/strong><\/figcaption><\/figure>\n<\/div>\n\n<h2 class=\"wp-block-heading\">Jind\u0159ich Halabala, koktejlov\u00e9 k\u0159eslo C<\/h2>\n\n<div class=\"wp-block-group is-nowrap is-layout-flex wp-container-core-group-is-layout-6c531013 wp-block-group-is-layout-flex\">\n<figure class=\"wp-block-image size-large\"><img loading=\"lazy\" decoding=\"async\" width=\"907\" height=\"605\" src=\"https:\/\/mid-century-design.com\/wp-content\/uploads\/2026\/02\/Halabala.C.Pre_.jpg\" alt=\"\" class=\"wp-image-3936\" srcset=\"https:\/\/mid-century-design.com\/wp-content\/uploads\/2026\/02\/Halabala.C.Pre_.jpg 907w, https:\/\/mid-century-design.com\/wp-content\/uploads\/2026\/02\/Halabala.C.Pre_-300x200.jpg 300w, https:\/\/mid-century-design.com\/wp-content\/uploads\/2026\/02\/Halabala.C.Pre_-768x512.jpg 768w, https:\/\/mid-century-design.com\/wp-content\/uploads\/2026\/02\/Halabala.C.Pre_-600x400.jpg 600w\" sizes=\"auto, (max-width: 907px) 100vw, 907px\" \/><figcaption class=\"wp-element-caption\"><strong><mark style=\"background-color:rgba(0, 0, 0, 0)\" class=\"has-inline-color has-contrast-color\">p\u0159ed<\/mark><\/strong><\/figcaption><\/figure>\n\n\n\n<figure class=\"wp-block-image size-large\"><img loading=\"lazy\" decoding=\"async\" width=\"480\" height=\"640\" src=\"https:\/\/mid-century-design.com\/wp-content\/uploads\/2024\/07\/C.1.Left45-rotated.jpg\" alt=\"J. Halabala, koktejlov&#xE9; k&#x159;eslo &#x201C;C&#x201D; - hlavn&#xED; pohled\" class=\"wp-image-254\" srcset=\"https:\/\/mid-century-design.com\/wp-content\/uploads\/2024\/07\/C.1.Left45-rotated.jpg 480w, https:\/\/mid-century-design.com\/wp-content\/uploads\/2024\/07\/C.1.Left45-225x300.jpg 225w\" sizes=\"auto, (max-width: 480px) 100vw, 480px\" \/><figcaption class=\"wp-element-caption\"><strong><mark style=\"background-color:rgba(0, 0, 0, 0)\" class=\"has-inline-color has-contrast-color\">po<\/mark><\/strong><\/figcaption><\/figure>\n<\/div>\n\n<h2 class=\"wp-block-heading\">Konzolov\u00e1 ocelov\u00e1 k\u0159esla K108 (S411) od firmy Kovona<\/h2>\n\n<div class=\"wp-block-group is-nowrap is-layout-flex wp-container-core-group-is-layout-6c531013 wp-block-group-is-layout-flex\">\n<figure class=\"wp-block-image size-large is-resized\"><img loading=\"lazy\" decoding=\"async\" width=\"640\" height=\"370\" src=\"https:\/\/mid-century-design.com\/wp-content\/uploads\/2026\/02\/Kovona.K108.Pre_-e1770748087566.jpg\" alt=\"\" class=\"wp-image-3944\" style=\"width:692px;height:auto\"\/><figcaption class=\"wp-element-caption\"><strong><mark style=\"background-color:rgba(0, 0, 0, 0)\" class=\"has-inline-color has-contrast-color\">p\u0159ed<\/mark><\/strong><\/figcaption><\/figure>\n\n\n\n<figure class=\"wp-block-image size-large is-resized\"><img loading=\"lazy\" decoding=\"async\" width=\"447\" height=\"335\" src=\"https:\/\/mid-century-design.com\/wp-content\/uploads\/2026\/02\/Kovona-Cantilever-Armchairs-K108-Pair1-main-view1-edited.jpg\" alt=\"Kovona konzolov&#xE1; k&#x159;esla K108 p&#xE1;r1 - hlavn&#xED; pohled1\" class=\"wp-image-3989\" style=\"width:534px;height:auto\" srcset=\"https:\/\/mid-century-design.com\/wp-content\/uploads\/2026\/02\/Kovona-Cantilever-Armchairs-K108-Pair1-main-view1-edited.jpg 447w, https:\/\/mid-century-design.com\/wp-content\/uploads\/2026\/02\/Kovona-Cantilever-Armchairs-K108-Pair1-main-view1-edited-300x225.jpg 300w\" sizes=\"auto, (max-width: 447px) 100vw, 447px\" \/><figcaption class=\"wp-element-caption\"><strong><mark style=\"background-color:rgba(0, 0, 0, 0)\" class=\"has-inline-color has-contrast-color\">po<\/mark><\/strong><\/figcaption><\/figure>\n<\/div>\n\n<h2 class=\"wp-block-heading\">Funkcionalistick\u00fd st\u016fl ST44 od Roberta Slez\u00e1ka<\/h2>\n\n<div class=\"wp-block-group is-nowrap is-layout-flex wp-container-core-group-is-layout-6c531013 wp-block-group-is-layout-flex\">\n<figure class=\"wp-block-image size-large is-resized\"><img loading=\"lazy\" decoding=\"async\" width=\"739\" height=\"723\" src=\"https:\/\/mid-century-design.com\/wp-content\/uploads\/2026\/02\/Slezak.ST44.Pre_.jpg\" alt=\"\" class=\"wp-image-3968\" style=\"width:651px;height:auto\" srcset=\"https:\/\/mid-century-design.com\/wp-content\/uploads\/2026\/02\/Slezak.ST44.Pre_.jpg 739w, https:\/\/mid-century-design.com\/wp-content\/uploads\/2026\/02\/Slezak.ST44.Pre_-300x294.jpg 300w, https:\/\/mid-century-design.com\/wp-content\/uploads\/2026\/02\/Slezak.ST44.Pre_-600x587.jpg 600w\" sizes=\"auto, (max-width: 739px) 100vw, 739px\" \/><figcaption class=\"wp-element-caption\"><strong><mark style=\"background-color:rgba(0, 0, 0, 0)\" class=\"has-inline-color has-contrast-color\">p\u0159ed<\/mark><\/strong><\/figcaption><\/figure>\n\n\n\n<figure class=\"wp-block-image size-large is-resized\"><img loading=\"lazy\" decoding=\"async\" width=\"480\" height=\"640\" src=\"https:\/\/mid-century-design.com\/wp-content\/uploads\/2025\/07\/Robert-Slezak-table-ST44-No.-1-top-down-view-rotated.jpg\" alt=\"Robert Slez&#xE1;k st&#x16F;l ST44 (&#x10D;. 1) - pohled shora dol&#x16F;\" class=\"wp-image-2703\" style=\"width:480px;height:auto\" srcset=\"https:\/\/mid-century-design.com\/wp-content\/uploads\/2025\/07\/Robert-Slezak-table-ST44-No.-1-top-down-view-rotated.jpg 480w, https:\/\/mid-century-design.com\/wp-content\/uploads\/2025\/07\/Robert-Slezak-table-ST44-No.-1-top-down-view-225x300.jpg 225w\" sizes=\"auto, (max-width: 480px) 100vw, 480px\" \/><figcaption class=\"wp-element-caption\"><strong><mark style=\"background-color:rgba(0, 0, 0, 0)\" class=\"has-inline-color has-contrast-color\">po<\/mark><\/strong><\/figcaption><\/figure>\n<\/div>\n\n<h2 class=\"wp-block-heading\">Hynek Gottwald, p\u00e1r konzolov\u00fdch ocelov\u00fdch k\u0159esel EK34<\/h2>\n\n<div class=\"wp-block-group is-nowrap is-layout-flex wp-container-core-group-is-layout-6c531013 wp-block-group-is-layout-flex\">\n<figure class=\"wp-block-image size-large\"><img loading=\"lazy\" decoding=\"async\" width=\"748\" height=\"421\" src=\"https:\/\/mid-century-design.com\/wp-content\/uploads\/2026\/02\/HynekGottwald.EK34.Pair1_.Pre_-edited.jpg\" alt=\"\" class=\"wp-image-3993\" srcset=\"https:\/\/mid-century-design.com\/wp-content\/uploads\/2026\/02\/HynekGottwald.EK34.Pair1_.Pre_-edited.jpg 748w, https:\/\/mid-century-design.com\/wp-content\/uploads\/2026\/02\/HynekGottwald.EK34.Pair1_.Pre_-edited-300x169.jpg 300w, https:\/\/mid-century-design.com\/wp-content\/uploads\/2026\/02\/HynekGottwald.EK34.Pair1_.Pre_-edited-600x338.jpg 600w\" sizes=\"auto, (max-width: 748px) 100vw, 748px\" \/><figcaption class=\"wp-element-caption\"><strong><mark style=\"background-color:rgba(0, 0, 0, 0)\" class=\"has-inline-color has-contrast-color\">p\u0159ed<\/mark><\/strong><\/figcaption><\/figure>\n\n\n\n<figure class=\"wp-block-image size-large is-resized\"><img loading=\"lazy\" decoding=\"async\" width=\"480\" height=\"640\" src=\"https:\/\/mid-century-design.com\/wp-content\/uploads\/2025\/07\/Hynek-Gottwald-cantilever-armchair-EK34-Pair.1-profile-view-rotated.jpg\" alt=\"Konzolov&#xE9; k&#x159;eslo Hynek Gottwald EK34 Pair.1 - pohled z profilu\" class=\"wp-image-2973\" style=\"width:479px;height:auto\" srcset=\"https:\/\/mid-century-design.com\/wp-content\/uploads\/2025\/07\/Hynek-Gottwald-cantilever-armchair-EK34-Pair.1-profile-view-rotated.jpg 480w, https:\/\/mid-century-design.com\/wp-content\/uploads\/2025\/07\/Hynek-Gottwald-cantilever-armchair-EK34-Pair.1-profile-view-225x300.jpg 225w\" sizes=\"auto, (max-width: 480px) 100vw, 480px\" \/><figcaption class=\"wp-element-caption\"><strong><mark style=\"background-color:rgba(0, 0, 0, 0)\" class=\"has-inline-color has-contrast-color\">po<\/mark><\/strong><\/figcaption><\/figure>\n<\/div>\n\n<h2 class=\"wp-block-heading\">Funkcionalistick\u00fd klubov\u00fd st\u016fl M\u00fccke-Melder TN58<\/h2>\n\n<div class=\"wp-block-group is-nowrap is-layout-flex wp-container-core-group-is-layout-6c531013 wp-block-group-is-layout-flex\">\n<figure class=\"wp-block-image size-large\"><img loading=\"lazy\" decoding=\"async\" width=\"480\" height=\"468\" src=\"https:\/\/mid-century-design.com\/wp-content\/uploads\/2026\/02\/Mucke-Melder.TN58-No.1.Pre_.Platte.jpg\" alt=\"\" class=\"wp-image-3964\" srcset=\"https:\/\/mid-century-design.com\/wp-content\/uploads\/2026\/02\/Mucke-Melder.TN58-No.1.Pre_.Platte.jpg 480w, https:\/\/mid-century-design.com\/wp-content\/uploads\/2026\/02\/Mucke-Melder.TN58-No.1.Pre_.Platte-300x293.jpg 300w\" sizes=\"auto, (max-width: 480px) 100vw, 480px\" \/><figcaption class=\"wp-element-caption\"><strong><mark style=\"background-color:rgba(0, 0, 0, 0)\" class=\"has-inline-color has-contrast-color\">p\u0159ed<\/mark><\/strong><\/figcaption><\/figure>\n\n\n\n<figure class=\"wp-block-image size-large is-resized\"><img loading=\"lazy\" decoding=\"async\" width=\"480\" height=\"503\" src=\"https:\/\/mid-century-design.com\/wp-content\/uploads\/2026\/02\/Mucke-Melder.TN58-No.1.Pre_.Gestell.jpg\" alt=\"\" class=\"wp-image-3960\" style=\"width:393px;height:auto\" srcset=\"https:\/\/mid-century-design.com\/wp-content\/uploads\/2026\/02\/Mucke-Melder.TN58-No.1.Pre_.Gestell.jpg 480w, https:\/\/mid-century-design.com\/wp-content\/uploads\/2026\/02\/Mucke-Melder.TN58-No.1.Pre_.Gestell-286x300.jpg 286w\" sizes=\"auto, (max-width: 480px) 100vw, 480px\" \/><figcaption class=\"wp-element-caption\"><strong><mark style=\"background-color:rgba(0, 0, 0, 0)\" class=\"has-inline-color has-contrast-color\">p\u0159ed<\/mark><\/strong><\/figcaption><\/figure>\n\n\n\n<figure class=\"wp-block-image size-large\"><img loading=\"lazy\" decoding=\"async\" width=\"480\" height=\"640\" src=\"https:\/\/mid-century-design.com\/wp-content\/uploads\/2025\/07\/Mucke-Melder-club-table-TN58-No1-top-down-rotated.jpg\" alt=\"Klubov&#xFD; st&#x16F;l M&#xFC;cke-Melder TN58 - pohled shora dol&#x16F;\" class=\"wp-image-2651\" srcset=\"https:\/\/mid-century-design.com\/wp-content\/uploads\/2025\/07\/Mucke-Melder-club-table-TN58-No1-top-down-rotated.jpg 480w, https:\/\/mid-century-design.com\/wp-content\/uploads\/2025\/07\/Mucke-Melder-club-table-TN58-No1-top-down-225x300.jpg 225w\" sizes=\"auto, (max-width: 480px) 100vw, 480px\" \/><figcaption class=\"wp-element-caption\"><strong><mark style=\"background-color:rgba(0, 0, 0, 0)\" class=\"has-inline-color has-contrast-color\">po<\/mark><\/strong><\/figcaption><\/figure>\n<\/div>\n","protected":false},"excerpt":{"rendered":"<p>Pro p\u0159edstavu o v\u00fdsledc\u00edch renovace zde uv\u00e1d\u00edme n\u011bkter\u00e9 kusy ve stavu p\u0159ed renovac\u00ed a po n\u00ed. Konzolov\u00e9 ocelov\u00e9 k\u0159eslo FN24 od firmy M\u00fccke-Melder Konzolov\u00e9 k\u0159eslo M\u00fccke-Melder FN21 Famos (varianta D) P\u00e1r konzolov\u00fdch k\u0159esel M\u00fccke-Melder FN21 Famos Polohovac\u00ed k\u0159esloThonet PR15 Jind\u0159ich Halabala, koktejlov\u00e9 k\u0159eslo C Konzolov\u00e1 ocelov\u00e1 k\u0159esla K108 (S411) od firmy Kovona Funkcionalistick\u00fd st\u016fl ST44 [&hellip;]<\/p>\n","protected":false},"author":1,"featured_media":0,"parent":0,"menu_order":0,"comment_status":"closed","ping_status":"closed","template":"","meta":{"footnotes":""},"class_list":["post-4004","page","type-page","status-publish","hentry"],"_links":{"self":[{"href":"https:\/\/mid-century-design.com\/cs\/wp-json\/wp\/v2\/pages\/4004","targetHints":{"allow":["GET"]}}],"collection":[{"href":"https:\/\/mid-century-design.com\/cs\/wp-json\/wp\/v2\/pages"}],"about":[{"href":"https:\/\/mid-century-design.com\/cs\/wp-json\/wp\/v2\/types\/page"}],"author":[{"embeddable":true,"href":"https:\/\/mid-century-design.com\/cs\/wp-json\/wp\/v2\/users\/1"}],"replies":[{"embeddable":true,"href":"https:\/\/mid-century-design.com\/cs\/wp-json\/wp\/v2\/comments?post=4004"}],"version-history":[{"count":3,"href":"https:\/\/mid-century-design.com\/cs\/wp-json\/wp\/v2\/pages\/4004\/revisions"}],"predecessor-version":[{"id":4025,"href":"https:\/\/mid-century-design.com\/cs\/wp-json\/wp\/v2\/pages\/4004\/revisions\/4025"}],"wp:attachment":[{"href":"https:\/\/mid-century-design.com\/cs\/wp-json\/wp\/v2\/media?parent=4004"}],"curies":[{"name":"wp","href":"https:\/\/api.w.org\/{rel}","templated":true}]}}