{"id":2843,"date":"2025-07-24T14:43:10","date_gmt":"2025-07-24T12:43:10","guid":{"rendered":"https:\/\/mid-century-design.com\/mucke-melder-konzolove-kreslo-fn24-no1\/"},"modified":"2026-03-04T12:09:12","modified_gmt":"2026-03-04T11:09:12","slug":"mucke-melder-konzolove-kreslo-fn24-no1","status":"publish","type":"page","link":"https:\/\/mid-century-design.com\/cs\/mucke-melder-konzolove-kreslo-fn24-no1\/","title":{"rendered":"Konzolov\u00e9 ocelov\u00e9 k\u0159eslo FN24 od firmy M\u00fccke-Melder, 40.-50. l\u00e9ta 20. stolet\u00ed"},"content":{"rendered":"\n<h2 class=\"wp-block-heading\">Verze obl\u00edben\u00e9ho modelu S411 od spole\u010dnosti Thonet od spole\u010dnosti M\u00fccke-Melder<\/h2>\n\n<p>Funkcionalistick\u00fd model FN24 od firmy M\u00fccke-Melder vyr\u00e1b\u011blo v licenci Thonet n\u011bkolik firem, nap\u0159\u00edklad Hynek Gottwald &#8211; model EK34 a Robert Slez\u00e1k &#8211; model K29.<\/p>\n\n<p>Po druh\u00e9 sv\u011btov\u00e9 v\u00e1lce byly tyto podniky zn\u00e1rodn\u011bny a v roce 1948 za\u010dlen\u011bny do NP Kovona (\u010ceskoslovensko).<\/p>\n\n<p>Toto \u010daloun\u011bn\u00e9 k\u0159eslo vych\u00e1z\u00ed z p\u016fvodn\u00edho n\u00e1vrhu k\u0159esla Spring Chair od Marcela Breuera, pro kter\u00e9 Willem Hendrik Gispen navrhl \u010daloun\u011bn\u00ed sed\u00e1ku a op\u011bradla.<\/p>\n\n<p>Ve 30. letech 20. stolet\u00ed se trubkov\u00fd n\u00e1bytek za\u010dal p\u0159izp\u016fsobovat po\u017eadavk\u016fm z\u00e1kazn\u00edk\u016f, kte\u0159\u00ed d\u00e1vali p\u0159ednost \u010daloun\u011bn\u00e9mu n\u00e1bytku, tak\u017ee \u010daloun\u011bn\u00ed v\u00fdznamn\u011b p\u0159isp\u011blo k \u00fasp\u011bchu tohoto typu k\u0159esel. Holan\u010fan WH Gispen v\u017edy v\u011b\u0159il, \u017ee \u017eidle mus\u00ed jednodu\u0161e plnit funkci sezen\u00ed. Proto Gispen d\u016fsledn\u011b navrhoval sv\u016fj n\u00e1bytek s ohledem na pohodln\u00e9 sezen\u00ed.  <\/p>\n\n<p>Licencovan\u00e9 modely pro S411 se v n\u011b\u010dem li\u0161\u00ed od origin\u00e1lu a p\u0159i zachov\u00e1n\u00ed celkov\u00e9ho dojmu poskytuj\u00ed nov\u00fd vzhled tohoto mimo\u0159\u00e1dn\u011b obl\u00edben\u00e9ho kusu n\u00e1bytku.<br\/>Zejm\u00e9na model FN24 m\u00e1 &#8222;sportovn\u00ed&#8220; design, kter\u00fd je na jedn\u00e9 stran\u011b o 8 cm vy\u0161\u0161\u00ed a na druh\u00e9 stran\u011b m\u00e1 o n\u011bco ni\u017e\u0161\u00ed hloubku a u\u017e\u0161\u00ed \u0161\u00ed\u0159ku.<\/p>\n<div><style id=\"wp_carousel_dynamic_css2833\">#sp-wp-carousel-free-id-2833 .wpcp-swiper-dots {margin: 40px 0px 0px 0px;}.wpcp-wrapper-2833 .swiper-wrapper .swiper-slide-kenburn, .wpcp-wrapper-2833 .swiper-wrapper, .wpcp-wrapper-2833 .wpcpro-row{align-items: center;}#sp-wp-carousel-free-id-2833 .wpcp-single-item {box-shadow: 0px 0px 0px 0px #dddddd;transition: all .3s;margin: 0px;}#sp-wp-carousel-free-id-2833.swiper-flip .wpcp-single-item{margin: 0!important;}#sp-wp-carousel-free-id-2833 .wpcp-single-item:hover {box-shadow: 0px 0px 0px 0px #dddddd;}#sp-wp-carousel-free-id-2833.sp-wpcp-2833 .wpcp-single-item {border: 1px solid #dddddd;}#sp-wp-carousel-free-id-2833.sp-wpcp-2833 .swiper-button-prev,#sp-wp-carousel-free-id-2833.sp-wpcp-2833 .swiper-button-next,#sp-wp-carousel-free-id-2833.sp-wpcp-2833 .swiper-button-prev:hover,#sp-wp-carousel-free-id-2833.sp-wpcp-2833 .swiper-button-next:hover {background: none;border: none;font-size: 30px;}#sp-wp-carousel-free-id-2833.sp-wpcp-2833 .swiper-button-prev i,#sp-wp-carousel-free-id-2833.sp-wpcp-2833 .swiper-button-next i {color: #aaa;}#sp-wp-carousel-free-id-2833.sp-wpcp-2833 .swiper-button-prev i:hover,#sp-wp-carousel-free-id-2833.sp-wpcp-2833 .swiper-button-next i:hover {color: #178087;}#sp-wp-carousel-free-id-2833.sp-wpcp-2833 .wpcp-swiper-dots .swiper-pagination-bullet {background-color: #cccccc;}#sp-wp-carousel-free-id-2833.sp-wpcp-2833 .wpcp-swiper-dots .swiper-pagination-bullet.swiper-pagination-bullet-active {background-color: #178087;} #sp-wp-carousel-free-id-2833.sp-wpcp-2833.wpcp-image-carousel .wpcp-single-item:hover img, #sp-wp-carousel-free-id-2833.sp-wpcp-2833.wpcp-post-carousel .wpcp-single-item:hover img, #sp-wp-carousel-free-id-2833.sp-wpcp-2833.wpcp-product-carousel .wpcp-single-item:hover img{-webkit-transform: scale(1.2);-moz-transform: scale(1.2);transform: scale(1.2);}#sp-wp-carousel-free-id-2833 .wpcpro-row>[class*=\"wpcpro-col-\"] { padding: 0 10px; padding-bottom: 20px;} #sp-wp-carousel-free-id-2833 .swiper-slide .single-item-fade:not(:last-child) { margin-right: 20px;}@media (min-width: 480px) { .wpcpro-row .wpcpro-col-sm-1 { flex: 0 0 100%; max-width: 100%; } .wpcpro-row .wpcpro-col-sm-2 { flex: 0 0 50%; max-width: 50%; } .wpcpro-row .wpcpro-col-sm-2-5 { flex: 0 0 75%; max-width: 75%; } .wpcpro-row .wpcpro-col-sm-3 { flex: 0 0 33.333%; max-width: 33.333%; } .wpcpro-row .wpcpro-col-sm-4 { flex: 0 0 25%; max-width: 25%; } .wpcpro-row .wpcpro-col-sm-5 { flex: 0 0 20%; max-width: 20%; } .wpcpro-row .wpcpro-col-sm-6 { flex: 0 0 16.66666666666667%; max-width: 16.66666666666667%; } .wpcpro-row .wpcpro-col-sm-7 { flex: 0 0 14.28571428%; max-width: 14.28571428%; } .wpcpro-row .wpcpro-col-sm-8 { flex: 0 0 12.5%; max-width: 12.5%; } } @media (max-width: 480px) { .wpcpro-row .wpcpro-col-xs-1 { flex: 0 0 100%; max-width: 100%; } .wpcpro-row .wpcpro-col-xs-2 { flex: 0 0 50%; max-width: 50%; } .wpcpro-row .wpcpro-col-xs-3 { flex: 0 0 33.222%; max-width: 33.222%; } .wpcpro-row .wpcpro-col-xs-4 { flex: 0 0 25%; max-width: 25%; } .wpcpro-row .wpcpro-col-xs-5 { flex: 0 0 20%; max-width: 20%; } .wpcpro-row .wpcpro-col-xs-6 { flex: 0 0 16.6667%; max-width: 16.6667%; } .wpcpro-row .wpcpro-col-xs-7 { flex: 0 0 14.28571428%; max-width: 14.28571428%; } .wpcpro-row .wpcpro-col-xs-8 { flex: 0 0 12.5%; max-width: 12.5%; } } @media (min-width: 736px) { .wpcpro-row .wpcpro-col-md-1 { flex: 0 0 100%; max-width: 100%; } .wpcpro-row .wpcpro-col-md-2 { flex: 0 0 50%; max-width: 50%; } .wpcpro-row .wpcpro-col-md-2-5 { flex: 0 0 75%; max-width: 75%; } .wpcpro-row .wpcpro-col-md-3 { flex: 0 0 33.333%; max-width: 33.333%; } .wpcpro-row .wpcpro-col-md-4 { flex: 0 0 25%; max-width: 25%; } .wpcpro-row .wpcpro-col-md-5 { flex: 0 0 20%; max-width: 20%; } .wpcpro-row .wpcpro-col-md-6 { flex: 0 0 16.66666666666667%; max-width: 16.66666666666667%; } .wpcpro-row .wpcpro-col-md-7 { flex: 0 0 14.28571428%; max-width: 14.28571428%; } .wpcpro-row .wpcpro-col-md-8 { flex: 0 0 12.5%; max-width: 12.5%; } } @media (min-width: 980px) { .wpcpro-row .wpcpro-col-lg-1 { flex: 0 0 100%; max-width: 100%; } .wpcpro-row .wpcpro-col-lg-2 { flex: 0 0 50%; max-width: 50%; } .wpcpro-row .wpcpro-col-lg-3 { flex: 0 0 33.222%; max-width: 33.222%; } .wpcpro-row .wpcpro-col-lg-4 { flex: 0 0 25%; max-width: 25%; } .wpcpro-row .wpcpro-col-lg-5 { flex: 0 0 20%; max-width: 20%; } .wpcpro-row .wpcpro-col-lg-6 { flex: 0 0 16.6667%; max-width: 16.6667%; } .wpcpro-row .wpcpro-col-lg-7 { flex: 0 0 14.28571428%; max-width: 14.28571428%; } .wpcpro-row .wpcpro-col-lg-8 { flex: 0 0 12.5%; max-width: 12.5%; } } @media (min-width: 1200px) { .wpcpro-row .wpcpro-col-xl-1 { flex: 0 0 100%; max-width: 100%; } .wpcpro-row .wpcpro-col-xl-2 { flex: 0 0 50%; max-width: 50%; } .wpcpro-row .wpcpro-col-xl-3 { flex: 0 0 33.22222222%; max-width: 33.22222222%; } .wpcpro-row .wpcpro-col-xl-4 { flex: 0 0 25%; max-width: 25%; } .wpcpro-row .wpcpro-col-xl-5 { flex: 0 0 20%; max-width: 20%; } .wpcpro-row .wpcpro-col-xl-6 { flex: 0 0 16.66667%; max-width: 16.66667%; } .wpcpro-row .wpcpro-col-xl-7 { flex: 0 0 14.28571428%; max-width: 14.28571428%; } .wpcpro-row .wpcpro-col-xl-8 { flex: 0 0 12.5%; max-width: 12.5%; } }<\/style><div class=\"wpcp-carousel-wrapper wpcp-wrapper-2833\">\n\t<div id=\"wpcp-preloader-2833\" class=\"wpcp-carousel-preloader\"><img decoding=\"async\" src=\"https:\/\/mid-century-design.com\/wp-content\/plugins\/wp-carousel-free\/public\/css\/spinner.svg\" alt=\"Preloader Image\" \/><\/div>\t<div class=\"wpcp-carousel-content-wrapper\">\n\t<div id=\"sp-wp-carousel-free-id-2833\" class=\"wpcp-carousel-section sp-wpcp-2833  nav-vertical-center wpcp-image-carousel wpcp-preloader wpcp-standard\" data-swiper='{ &quot;accessibility&quot;:true, &quot;spaceBetween&quot;:20, &quot;arrows&quot;:true, &quot;freeMode&quot;: false, &quot;autoplay&quot;:true, &quot;effect&quot;: &quot;&quot;, &quot;centerMode&quot;: false, &quot;autoplaySpeed&quot;:3000, &quot;dots&quot;:true, &quot;infinite&quot;:true, &quot;speed&quot;:600, &quot;pauseOnHover&quot;:true,\n\t\t\t&quot;slidesToShow&quot;:{&quot;lg_desktop&quot;:5, &quot;desktop&quot;: 4, &quot;laptop&quot;: 3, &quot;tablet&quot;: 2, &quot;mobile&quot;: 1}, &quot;responsive&quot;:{&quot;desktop&quot;:1200, &quot;laptop&quot;: 980, &quot;tablet&quot;: 736, &quot;mobile&quot;: 480}, &quot;rtl&quot;:false, &quot;lazyLoad&quot;: &quot;false&quot;, &quot;swipe&quot;: true, &quot;draggable&quot;: true, &quot;swipeToSlide&quot;:false }' dir=\"ltr\">\n\t\t<div class=\"swiper-wrapper\">\n\t\t<div class=\"swiper-slide\">\n\t<div class=\"wpcp-single-item\">\n\t\t\t<a class=\"wcp-light-box\" data-buttons='[\"close\"]' data-wpc_url='https:\/\/mid-century-design.com\/wp-content\/uploads\/2025\/07\/Mucke-Melder-cantilever-armchair-FN24-No.1-main-view-rotated.jpg' href=\"https:\/\/mid-century-design.com\/wp-content\/uploads\/2025\/07\/Mucke-Melder-cantilever-armchair-FN24-No.1-main-view-rotated.jpg\" data-fancybox=\"wpcp_view\">\n\t\t<figure>\n\t\t\t<img loading=\"lazy\" decoding=\"async\" class=\"skip-lazy\" src=\"https:\/\/mid-century-design.com\/wp-content\/uploads\/2025\/07\/Mucke-Melder-cantilever-armchair-FN24-No.1-main-view-rotated.jpg\" alt=\"Konzolov\u00e9 k\u0159eslo M\u00fccke-Melder FN24 \u010d.1 - hlavn\u00ed pohled\" width=\"480\" height=\"640\">\t\t<\/figure>\n\t<\/a>\n\t\t<\/div>\n<\/div>\n\t<div class=\"swiper-slide\">\n\t<div class=\"wpcp-single-item\">\n\t\t\t<a class=\"wcp-light-box\" data-buttons='[\"close\"]' data-wpc_url='https:\/\/mid-century-design.com\/wp-content\/uploads\/2025\/07\/Mucke-Melder-cantilever-armchair-FN24-No.1-left-profile-rotated.jpg' href=\"https:\/\/mid-century-design.com\/wp-content\/uploads\/2025\/07\/Mucke-Melder-cantilever-armchair-FN24-No.1-left-profile-rotated.jpg\" data-fancybox=\"wpcp_view\">\n\t\t<figure>\n\t\t\t<img loading=\"lazy\" decoding=\"async\" class=\"skip-lazy\" src=\"https:\/\/mid-century-design.com\/wp-content\/uploads\/2025\/07\/Mucke-Melder-cantilever-armchair-FN24-No.1-left-profile-rotated.jpg\" alt=\"Konzolov\u00e9 k\u0159eslo M\u00fccke-Melder FN24 \u010d.1 - lev\u00fd profil\" width=\"480\" height=\"640\">\t\t<\/figure>\n\t<\/a>\n\t\t<\/div>\n<\/div>\n\t<div class=\"swiper-slide\">\n\t<div class=\"wpcp-single-item\">\n\t\t\t<a class=\"wcp-light-box\" data-buttons='[\"close\"]' data-wpc_url='https:\/\/mid-century-design.com\/wp-content\/uploads\/2025\/07\/Mucke-Melder-cantilever-armchair-FN24-No.1-left135-view-rotated.jpg' href=\"https:\/\/mid-century-design.com\/wp-content\/uploads\/2025\/07\/Mucke-Melder-cantilever-armchair-FN24-No.1-left135-view-rotated.jpg\" data-fancybox=\"wpcp_view\">\n\t\t<figure>\n\t\t\t<img loading=\"lazy\" decoding=\"async\" class=\"skip-lazy\" src=\"https:\/\/mid-century-design.com\/wp-content\/uploads\/2025\/07\/Mucke-Melder-cantilever-armchair-FN24-No.1-left135-view-rotated.jpg\" alt=\"Konzolov\u00e9 k\u0159eslo M\u00fccke-Melder FN24 \u010d.1 - vlevo135 pohled\" width=\"480\" height=\"640\">\t\t<\/figure>\n\t<\/a>\n\t\t<\/div>\n<\/div>\n\t<div class=\"swiper-slide\">\n\t<div class=\"wpcp-single-item\">\n\t\t\t<a class=\"wcp-light-box\" data-buttons='[\"close\"]' data-wpc_url='https:\/\/mid-century-design.com\/wp-content\/uploads\/2025\/07\/Mucke-Melder-cantilever-armchair-FN24-No.1-back-view-rotated.jpg' href=\"https:\/\/mid-century-design.com\/wp-content\/uploads\/2025\/07\/Mucke-Melder-cantilever-armchair-FN24-No.1-back-view-rotated.jpg\" data-fancybox=\"wpcp_view\">\n\t\t<figure>\n\t\t\t<img loading=\"lazy\" decoding=\"async\" class=\"skip-lazy\" src=\"https:\/\/mid-century-design.com\/wp-content\/uploads\/2025\/07\/Mucke-Melder-cantilever-armchair-FN24-No.1-back-view-rotated.jpg\" alt=\"Konzolov\u00e9 k\u0159eslo M\u00fccke-Melder FN24 \u010d.1 - zadn\u00ed pohled\" width=\"480\" height=\"640\">\t\t<\/figure>\n\t<\/a>\n\t\t<\/div>\n<\/div>\n\t<div class=\"swiper-slide\">\n\t<div class=\"wpcp-single-item\">\n\t\t\t<a class=\"wcp-light-box\" data-buttons='[\"close\"]' data-wpc_url='https:\/\/mid-century-design.com\/wp-content\/uploads\/2025\/07\/Mucke-Melder-cantilever-armchair-FN24-No.1-right225-view-rotated.jpg' href=\"https:\/\/mid-century-design.com\/wp-content\/uploads\/2025\/07\/Mucke-Melder-cantilever-armchair-FN24-No.1-right225-view-rotated.jpg\" data-fancybox=\"wpcp_view\">\n\t\t<figure>\n\t\t\t<img loading=\"lazy\" decoding=\"async\" class=\"skip-lazy\" src=\"https:\/\/mid-century-design.com\/wp-content\/uploads\/2025\/07\/Mucke-Melder-cantilever-armchair-FN24-No.1-right225-view-rotated.jpg\" alt=\"Konzolov\u00e9 k\u0159eslo M\u00fccke-Melder FN24 \u010d.1 - vpravo225 pohled\" width=\"480\" height=\"640\">\t\t<\/figure>\n\t<\/a>\n\t\t<\/div>\n<\/div>\n\t<div class=\"swiper-slide\">\n\t<div class=\"wpcp-single-item\">\n\t\t\t<a class=\"wcp-light-box\" data-buttons='[\"close\"]' data-wpc_url='https:\/\/mid-century-design.com\/wp-content\/uploads\/2025\/07\/Mucke-Melder-cantilever-armchair-FN24-No.1-right-profile--rotated.jpg' href=\"https:\/\/mid-century-design.com\/wp-content\/uploads\/2025\/07\/Mucke-Melder-cantilever-armchair-FN24-No.1-right-profile--rotated.jpg\" data-fancybox=\"wpcp_view\">\n\t\t<figure>\n\t\t\t<img loading=\"lazy\" decoding=\"async\" class=\"skip-lazy\" src=\"https:\/\/mid-century-design.com\/wp-content\/uploads\/2025\/07\/Mucke-Melder-cantilever-armchair-FN24-No.1-right-profile--rotated.jpg\" alt=\"Konzolov\u00e9 k\u0159eslo M\u00fccke-Melder FN24 \u010d.1 - prav\u00fd profil\" width=\"480\" height=\"640\">\t\t<\/figure>\n\t<\/a>\n\t\t<\/div>\n<\/div>\n\t<div class=\"swiper-slide\">\n\t<div class=\"wpcp-single-item\">\n\t\t\t<a class=\"wcp-light-box\" data-buttons='[\"close\"]' data-wpc_url='https:\/\/mid-century-design.com\/wp-content\/uploads\/2025\/07\/Mucke-Melder-cantilever-armchair-FN24-No.1-right315-view-rotated.jpg' href=\"https:\/\/mid-century-design.com\/wp-content\/uploads\/2025\/07\/Mucke-Melder-cantilever-armchair-FN24-No.1-right315-view-rotated.jpg\" data-fancybox=\"wpcp_view\">\n\t\t<figure>\n\t\t\t<img loading=\"lazy\" decoding=\"async\" class=\"skip-lazy\" src=\"https:\/\/mid-century-design.com\/wp-content\/uploads\/2025\/07\/Mucke-Melder-cantilever-armchair-FN24-No.1-right315-view-rotated.jpg\" alt=\"Konzolov\u00e9 k\u0159eslo M\u00fccke-Melder FN24 \u010d.1 - prav\u00fd315 pohled\" width=\"480\" height=\"640\">\t\t<\/figure>\n\t<\/a>\n\t\t<\/div>\n<\/div>\n\t<div class=\"swiper-slide\">\n\t<div class=\"wpcp-single-item\">\n\t\t\t<a class=\"wcp-light-box\" data-buttons='[\"close\"]' data-wpc_url='https:\/\/mid-century-design.com\/wp-content\/uploads\/2025\/07\/Mucke-Melder-cantilever-armchair-FN24-No.1-front-view-rotated.jpg' href=\"https:\/\/mid-century-design.com\/wp-content\/uploads\/2025\/07\/Mucke-Melder-cantilever-armchair-FN24-No.1-front-view-rotated.jpg\" data-fancybox=\"wpcp_view\">\n\t\t<figure>\n\t\t\t<img loading=\"lazy\" decoding=\"async\" class=\"skip-lazy\" src=\"https:\/\/mid-century-design.com\/wp-content\/uploads\/2025\/07\/Mucke-Melder-cantilever-armchair-FN24-No.1-front-view-rotated.jpg\" alt=\"Konzolov\u00e9 k\u0159eslo M\u00fccke-Melder FN24 \u010d.1 - \u010deln\u00ed pohled\" width=\"480\" height=\"640\">\t\t<\/figure>\n\t<\/a>\n\t\t<\/div>\n<\/div>\n\t\t\t<\/div>\n\t\t\t\t\t<div class=\"wpcp-swiper-dots swiper-pagination\"><\/div>\n\t\t\t\t<!-- If we need navigation buttons -->\n\t\t\t\t\t<div class=\"wpcp-prev-button swiper-button-prev\"><i class=\"fa fa-angle-left\"><\/i><\/div>\n\t\t\t<div class=\"wpcp-next-button swiper-button-next\"><i class=\"fa fa-angle-right\"><\/i><\/div>\n\t\t\t<\/div>\n\t<\/div>\n<\/div>\n<\/div>\n<p><strong>Cena \u20ac:<\/strong> 1200<\/p>\n\n<p><strong>Rozm\u011bry &#8211; v\u00fd\u0161ka x \u0161\u00ed\u0159ka x hloubka (cm):<\/strong> 87 x 57 x 76<\/p>\n\n<p><strong>V\u00fd\u0161ka sedadla (cm): <\/strong>40<\/p>\n\n<p><strong>Hmotnost (kg):<\/strong> 15<\/p>\n\n<p><strong>Materi\u00e1l\/barva:<\/strong> Trubkov\u00e1 chromovan\u00e1 ocel, d\u0159ev\u011bn\u00e9 podru\u010dky.<\/p>\n\n<p><strong>Tkanina: <\/strong>\u010cerven\u00e1\/\u017elut\u00e1 podle n\u00e1vrhu Anton\u00edna Kybala, viz. n\u00ed\u017ee.<\/p>\n\n<p><strong>Stav:<\/strong><br\/>D\u0159ev\u011bn\u00fd r\u00e1m je zachov\u00e1n v p\u016fvodn\u00edm stavu, pru\u017einov\u00e9 j\u00e1dro sed\u00e1ku je zcela nov\u00e9.<br\/>Trubkov\u00fd ocelov\u00fd r\u00e1m byl o\u010di\u0161t\u011bn a nov\u011b pochromov\u00e1n.<br\/>S m\u00edrn\u00fdmi stopami patiny bylo zach\u00e1zeno opatrn\u011b, tak\u017ee z\u016fstaly viditeln\u00e9 i pod nov\u00fdm chromov\u00e1n\u00edm, ale povrch se stal hladk\u00fdm a leskl\u00fdm &#8211; v\u00fdsledkem je jedine\u010dn\u00e1 kombinace kouzla \u010dasu a dokonal\u00e9 funk\u010dnosti.<br\/>D\u0159evo o\u010di\u0161t\u011bno, nalakov\u00e1no. Sedac\u00ed \u010d\u00e1st renovov\u00e1na a pota\u017eena designov\u00fdm \u010daloun\u011bn\u00edm od firmy Kolovrat. <\/p>\n\n<div class=\"wp-block-group is-nowrap is-layout-flex wp-container-core-group-is-layout-6c531013 wp-block-group-is-layout-flex\">\n<p class=\"product woocommerce add_to_cart_inline \" style=\"border:4px solid #ccc; padding: 12px;\"><a href=\"\/cs\/wp-json\/wp\/v2\/pages\/2843?add-to-cart=3697\" aria-describedby=\"woocommerce_loop_add_to_cart_link_describedby_3697\" data-quantity=\"1\" class=\"button wp-element-button product_type_simple add_to_cart_button ajax_add_to_cart\" data-product_id=\"3697\" data-product_sku=\"\" aria-label=\"P\u0159idat do ko\u0161\u00edku: &ldquo;FN24 by M\u00fccke-Melder No.1 (short description)&rdquo;\" rel=\"nofollow\" data-success_message=\"&ldquo;FN24 by M\u00fccke-Melder No.1 (short description)&rdquo; byl p\u0159id\u00e1n do ko\u0161\u00edku\">P\u0159idat do ko\u0161\u00edku<\/a>\t<span id=\"woocommerce_loop_add_to_cart_link_describedby_3697\" class=\"screen-reader-text\">\n\t\t\t<\/span>\n<\/p>\n<\/div>\n\n<p><strong>Odkazy:<\/strong> Anton\u00edn Kybal: Cesty designu a textiln\u00ed tvorby, Prager Kunstgewerbemuseums , 2016, ISBN: 9788074372230<\/p>\n\n<figure class=\"wp-block-image size-full\"><img loading=\"lazy\" decoding=\"async\" width=\"666\" height=\"459\" src=\"https:\/\/mid-century-design.com\/wp-content\/uploads\/2024\/07\/KybalTitleP45.png\" alt=\"\" class=\"wp-image-244\" srcset=\"https:\/\/mid-century-design.com\/wp-content\/uploads\/2024\/07\/KybalTitleP45.png 666w, https:\/\/mid-century-design.com\/wp-content\/uploads\/2024\/07\/KybalTitleP45-300x207.png 300w\" sizes=\"auto, (max-width: 666px) 100vw, 666px\" \/><\/figure>\n\n<p><strong>Mo\u017enosti dod\u00e1n\u00ed:<\/strong><\/p>\n\n<ol class=\"wp-block-list\">\n<li>Ex V\u00edde\u0148 &#8211; zdarma<\/li>\n\n\n\n<li>Dod\u00e1n\u00ed k obrubn\u00edku po cel\u00e9m sv\u011bt\u011b &#8211; netto poplatek za doru\u010den\u00ed.<\/li>\n<\/ol>\n\n<p>Dod\u00e1vku prov\u00e1d\u00ed p\u0159edn\u00ed evropsk\u00e1 logistick\u00e1 spole\u010dnost, kter\u00e1 zaji\u0161\u0165uje kvalitn\u00ed dod\u00e1n\u00ed designov\u00e9ho p\u0159edm\u011btu.<\/p>\n","protected":false},"excerpt":{"rendered":"<p>Verze obl\u00edben\u00e9ho modelu S411 od spole\u010dnosti Thonet od spole\u010dnosti M\u00fccke-Melder Funkcionalistick\u00fd model FN24 od firmy M\u00fccke-Melder vyr\u00e1b\u011blo v licenci Thonet n\u011bkolik firem, nap\u0159\u00edklad Hynek Gottwald &#8211; model EK34 a Robert Slez\u00e1k &#8211; model K29. Po druh\u00e9 sv\u011btov\u00e9 v\u00e1lce byly tyto podniky zn\u00e1rodn\u011bny a v roce 1948 za\u010dlen\u011bny do NP Kovona (\u010ceskoslovensko). Toto \u010daloun\u011bn\u00e9 k\u0159eslo vych\u00e1z\u00ed [&hellip;]<\/p>\n","protected":false},"author":1,"featured_media":0,"parent":0,"menu_order":0,"comment_status":"closed","ping_status":"closed","template":"","meta":{"footnotes":""},"class_list":["post-2843","page","type-page","status-publish","hentry"],"_links":{"self":[{"href":"https:\/\/mid-century-design.com\/cs\/wp-json\/wp\/v2\/pages\/2843","targetHints":{"allow":["GET"]}}],"collection":[{"href":"https:\/\/mid-century-design.com\/cs\/wp-json\/wp\/v2\/pages"}],"about":[{"href":"https:\/\/mid-century-design.com\/cs\/wp-json\/wp\/v2\/types\/page"}],"author":[{"embeddable":true,"href":"https:\/\/mid-century-design.com\/cs\/wp-json\/wp\/v2\/users\/1"}],"replies":[{"embeddable":true,"href":"https:\/\/mid-century-design.com\/cs\/wp-json\/wp\/v2\/comments?post=2843"}],"version-history":[{"count":2,"href":"https:\/\/mid-century-design.com\/cs\/wp-json\/wp\/v2\/pages\/2843\/revisions"}],"predecessor-version":[{"id":4047,"href":"https:\/\/mid-century-design.com\/cs\/wp-json\/wp\/v2\/pages\/2843\/revisions\/4047"}],"wp:attachment":[{"href":"https:\/\/mid-century-design.com\/cs\/wp-json\/wp\/v2\/media?parent=2843"}],"curies":[{"name":"wp","href":"https:\/\/api.w.org\/{rel}","templated":true}]}}