{"id":2441,"date":"2025-03-11T14:31:02","date_gmt":"2025-03-11T13:31:02","guid":{"rendered":"https:\/\/mid-century-design.com\/vintage-dreveny-nabytek-hlavni-rysy\/"},"modified":"2026-02-18T05:38:18","modified_gmt":"2026-02-18T04:38:18","slug":"vintage-dreveny-nabytek-hlavni-rysy","status":"publish","type":"page","link":"https:\/\/mid-century-design.com\/cs\/vintage-dreveny-nabytek-hlavni-rysy\/","title":{"rendered":"Vintage d\u0159ev\u011bn\u00fd n\u00e1bytek \u2013 hlavn\u00ed rysy"},"content":{"rendered":"\n<p>Mid-century vintage k\u0159esla se vyzna\u010duj\u00ed svou ergonomi\u00ed a pohodl\u00edm \u2013 jednoduch\u00fd design, ale velk\u00fd dopad!<\/p>\n\n<p>Vzhledem k tomu, \u017ee nab\u00edz\u00edme (a\u017e na v\u00fdjimky) pouze kompletn\u011b zrestaurovan\u00fd n\u00e1bytek \u2013 nov\u00e9 molitany a \u010daloun\u011bn\u00ed, nov\u00e9 pru\u017einov\u00e9 j\u00e1dro, d\u0159evo brou\u0161en\u00e9 a lakovan\u00e9 \u2013 kupujete si vintage k\u0159eslo, kter\u00e9 je skoro jako nov\u00e9, ale s kouzlem patiny \u010dasu, kter\u00e9 dok\u00e1\u017eou d\u00e1t kusu n\u00e1bytku jen l\u00e9ta.<\/p>\n\n<p>Vintage k\u0159eslo je nejen estetick\u00fdm po\u017eitkem, ale tak\u00e9 v\u00fdbornou investic\u00ed \u2013 i kdy\u017e cena m\u016f\u017ee kol\u00edsat v z\u00e1vislosti na aktu\u00e1ln\u00edch trendech, nikdy nevyjde z m\u00f3dy, tak\u017ee z dlouhodob\u00e9ho hlediska je tato investice u\u017eite\u010dn\u00e1 a v\u00fdnosn\u00e1.<\/p>\n\n<p>U mid-century n\u00e1bytku, kter\u00fd m\u00e1 za sebou 50 a\u017e 100 let, byste mohli p\u0159edpokl\u00e1dat, \u017ee k\u0159eslo, kter\u00e9 ji\u017e vydr\u017eelo pades\u00e1t nebo sto let, vydr\u017e\u00ed dal\u0161\u00edch pades\u00e1t nebo sto \u2013 tak\u017ee takov\u00fd kus n\u00e1bytku je dlouhodob\u00fd n\u00e1kup.<\/p>\n\n<p>Trvanlivost kvalitn\u00edho mid-century n\u00e1bytku zaru\u010duje design i v\u00fdroba.<br\/>P\u0159i v\u00fdb\u011bru mid-century n\u00e1bytku byste proto m\u011bli db\u00e1t na kvalitu.<br\/>Zejm\u00e9na u k\u0159esel a pohovek \u2013 t\u011bch kvalitn\u011bj\u0161\u00edch \u2013 jsou \u0161rouby (nebo jejich kryty), kter\u00e9 dr\u017e\u00ed n\u00e1bytek pohromad\u011b, vid\u011bt jen z\u0159\u00eddka.<br\/>U n\u00e1bytku s d\u0159ev\u011bn\u00fdmi r\u00e1my, jako jsou police nebo pohovky, je d\u016fle\u017eit\u00e9 pe\u010dliv\u011b se pod\u00edvat na m\u00edsta, kde jsou d\u0159ev\u011bn\u00e9 \u010d\u00e1sti vz\u00e1jemn\u011b spojeny: \u010dist\u00e9, p\u0159esn\u00e9 a plynul\u00e9 p\u0159echody sv\u011bd\u010d\u00ed o dobr\u00e9m zpracov\u00e1n\u00ed.<br\/>Konstrukce z masivn\u00edho d\u0159eva je obecn\u011b ukazatelem kvality, ale pr\u00e9miov\u00e9 kousky mohou b\u00fdt i d\u00fdhovan\u00e9, zejm\u00e9na pokud jde o palisandr nebo o\u0159ech.<br\/>Existuj\u00ed tak\u00e9 vlastnosti, kter\u00e9 jsou specifick\u00e9 pro konkr\u00e9tn\u00edho v\u00fdrobce, nap\u0159. zna\u010dky Thonet.<br\/>To v\u0161e kontrolujeme p\u0159ed zah\u00e1jen\u00edm restaurov\u00e1n\u00ed \u2013 a tak v\u00e1m tyto pracn\u00e9 pr\u00e1ce vezmeme z rukou.<\/p>\n\n<p>\u00dadr\u017eba mid-century n\u00e1bytku nen\u00ed n\u00e1ro\u010dn\u00e1 na pr\u00e1ci.<br\/>N\u00e1bytek by se m\u011bl le\u0161tit pouze ka\u017ed\u00fdch sedm a\u017e deset let a pot\u00e9 jen st\u0159\u00eddm\u011b.<br\/>Tkaniny by se m\u011bly \u010distit chemicky.<\/p>\n\n<p>Speci\u00e1ln\u00edm segmentem vintage n\u00e1bytku je <strong>oh\u00fdban\u00fd <\/strong>n\u00e1bytek.<br\/>Proces oh\u00fdb\u00e1n\u00ed vyvinut\u00fd a patentovan\u00fd Michaelem Thonetem z\u00e1sadn\u011b zm\u011bnil zp\u016fsob v\u00fdroby n\u00e1bytku.<br\/>Tento proces funguje n\u00e1sledovn\u011b: d\u0159ev\u011bn\u00e1 \u010d\u00e1st se nejprve uprav\u00ed do tvaru a pot\u00e9 se va\u0159\u00ed v parn\u00edm kotli pomoc\u00ed p\u00e1ry. Na m\u011bk\u010den\u00fd obrobek se pak \u2013 a to je z\u00e1sadn\u00ed \u2013 p\u0159ipevn\u00ed kovov\u00fd p\u00e1sek. P\u00e1s absorbuje tahov\u00e9 s\u00edly p\u016fsob\u00edc\u00ed na d\u0159evo p\u0159i oh\u00fdb\u00e1n\u00ed.<br\/>Dal\u0161\u00ed v\u00fdhodou oh\u00fdban\u00e9ho n\u00e1bytku je, \u017ee a\u010dkoliv je vyroben z masivn\u00edho materi\u00e1lu, je pom\u011brn\u011b lehk\u00fd a p\u0159itom stabiln\u00ed.  <\/p>\n\n<p>Hlavn\u00edmi design\u00e9ry oh\u00fdban\u00e9ho n\u00e1bytku byli:<br\/>Alvar Aalto (1898 &#8211; 1976), Finsko<br\/>Josef Frank (1885 &#8211; 1967), Rakousko, \u0160v\u00e9dsko<br\/>Jind\u0159ich Halabala (1903 &#8211; 1978), \u010ceskoslovensko<br\/>Fritz Hansen (1847 &#8211; 1902), D\u00e1nsko<br\/>Josef Hoffmann (1870 &#8211; 1956), Rakousko<br\/>Arne Jacobsen (1902 &#8211; 1971), D\u00e1nsko<br\/>Finn Juhl (1912 &#8211; 1989), D\u00e1nsko<br\/>Verner Panton (1926 &#8211; 1998), D\u00e1nsko<br\/>Franz Singer (1886 &#8211; 1954), Rakousko<br\/>Michael Thonet a synov\u00e9, Marcel Kammerer za Thonet, N\u011bmecko<br\/>Jan Van\u011bk (1881 &#8211; 1962), \u010ceskoslovensko<br\/>Hans Wegner (1914 &#8211; 2007), D\u00e1nsko<\/p>\n\n<p>Hlavn\u00ed producenti jsou\/byli:<br\/>Artek, Finsko<br\/>Fritz Hansen, D\u00e1nsko<br\/>J. &amp; J. Kohn, Rakousko, 1849 &#8211; 1914<br\/>Thonet, N\u011bmecko<br\/>TON, \u010ceskoslovensko, \u010cesk\u00e1 republika<br\/>UP z\u00e1vody (Spojen\u00e9 um\u011bleckopr\u016fmyslov\u00e9 z\u00e1vody v Brn\u011b), \u010cSR, 1921 &#8211; 1948<\/p>\n\n<p>Modely zvl\u00e1\u0161tn\u00edho z\u00e1jmu z obdob\u00ed 1930-1970 byly:<\/p>\n\n<p>Oh\u00fdban\u00e9 k\u0159eslo A811 od Gebr. Thonet<br\/>Design\u00e9r: Josef Hoffmann 30. l\u00e9ta 20. stolet\u00ed <\/p>\n\n<p>K\u0159eslo H-269 od UP z\u00e1vody<br\/>Design\u00e9r: Jind\u0159ich Halabala<\/p>\n\n<p>K\u0159eslo Tank 400 od Arteku<br\/>Design\u00e9r: Alvar Aalto v roce 1936 pro v\u00fdstavu na Mil\u00e1nsk\u00e9m trien\u00e1le<\/p>\n\n<p>K\u0159eslo Isokon Long Chair od spole\u010dnosti Isokon Furniture Company, Lond\u00fdn<br\/>Design\u00e9r: Marcel Breuer 30. l\u00e9ta 20. stolet\u00ed<\/p>\n\n<p>K\u0159eslo A63F od Thonet-Mundus<br\/>Design\u00e9r: Josef Frank 1930<\/p>\n\n<p>Polohovac\u00ed k\u0159eslo morrisovsk\u00e9ho typu od Standard bytov\u00f3 spole\u010dnost (S.B.S.), Brno-Praha.<br\/>Design\u00e9r: Jan Van\u011bk 1929<\/p>\n\n<p>K\u0159eslo Chieftain od Nielse Voddera, Koda\u0148, D\u00e1nsko<br\/>Design\u00e9r: Finn Juhl 1949<\/p>\n\n<p>\u201eK\u0159eslo\u201c JH501 od Hansena<br\/>Design\u00e9r: Hans Wegner 40. l\u00e9ta 20. stolet\u00ed<\/p>\n","protected":false},"excerpt":{"rendered":"<p>Mid-century vintage k\u0159esla se vyzna\u010duj\u00ed svou ergonomi\u00ed a pohodl\u00edm \u2013 jednoduch\u00fd design, ale velk\u00fd dopad! Vzhledem k tomu, \u017ee nab\u00edz\u00edme (a\u017e na v\u00fdjimky) pouze kompletn\u011b zrestaurovan\u00fd n\u00e1bytek \u2013 nov\u00e9 molitany a \u010daloun\u011bn\u00ed, nov\u00e9 pru\u017einov\u00e9 j\u00e1dro, d\u0159evo brou\u0161en\u00e9 a lakovan\u00e9 \u2013 kupujete si vintage k\u0159eslo, kter\u00e9 je skoro jako nov\u00e9, ale s kouzlem patiny \u010dasu, kter\u00e9 [&hellip;]<\/p>\n","protected":false},"author":1,"featured_media":0,"parent":0,"menu_order":0,"comment_status":"closed","ping_status":"closed","template":"","meta":{"footnotes":""},"class_list":["post-2441","page","type-page","status-publish","hentry"],"_links":{"self":[{"href":"https:\/\/mid-century-design.com\/cs\/wp-json\/wp\/v2\/pages\/2441","targetHints":{"allow":["GET"]}}],"collection":[{"href":"https:\/\/mid-century-design.com\/cs\/wp-json\/wp\/v2\/pages"}],"about":[{"href":"https:\/\/mid-century-design.com\/cs\/wp-json\/wp\/v2\/types\/page"}],"author":[{"embeddable":true,"href":"https:\/\/mid-century-design.com\/cs\/wp-json\/wp\/v2\/users\/1"}],"replies":[{"embeddable":true,"href":"https:\/\/mid-century-design.com\/cs\/wp-json\/wp\/v2\/comments?post=2441"}],"version-history":[{"count":7,"href":"https:\/\/mid-century-design.com\/cs\/wp-json\/wp\/v2\/pages\/2441\/revisions"}],"predecessor-version":[{"id":4031,"href":"https:\/\/mid-century-design.com\/cs\/wp-json\/wp\/v2\/pages\/2441\/revisions\/4031"}],"wp:attachment":[{"href":"https:\/\/mid-century-design.com\/cs\/wp-json\/wp\/v2\/media?parent=2441"}],"curies":[{"name":"wp","href":"https:\/\/api.w.org\/{rel}","templated":true}]}}