{"id":2245,"date":"2024-09-12T11:36:23","date_gmt":"2024-09-12T09:36:23","guid":{"rendered":"https:\/\/mid-century-design.com\/ochrany-osobnich-udaju\/"},"modified":"2025-01-04T16:44:06","modified_gmt":"2025-01-04T15:44:06","slug":"ochrany-osobnich-udaju","status":"publish","type":"page","link":"https:\/\/mid-century-design.com\/cs\/ochrany-osobnich-udaju\/","title":{"rendered":"Z\u00e1sady ochrany osobn\u00edch \u00fadaj\u016f"},"content":{"rendered":"\n<h3 class=\"wp-block-heading\"><strong>Osobn\u00ed \u00fadaje<\/strong><\/h3>\n\n<p>Kdy\u017e nav\u0161t\u00edv\u00edte Str\u00e1nku, shroma\u017e\u010fujeme ur\u010dit\u00e9 informace o va\u0161\u00ed interakci se Str\u00e1nkou a informace nezbytn\u00e9 pro zpracov\u00e1n\u00ed va\u0161ich n\u00e1kup\u016f. V t\u011bchto Z\u00e1sad\u00e1ch ochrany osobn\u00edch \u00fadaj\u016f ozna\u010dujeme jak\u00e9koli informace o identifikovateln\u00e9 osob\u011b jako \u201eOsobn\u00ed \u00fadaje\u201c.  <br\/>Dal\u0161\u00ed informace o tom, jak\u00e9 osobn\u00ed \u00fadaje shroma\u017e\u010fujeme a pro\u010d, naleznete v seznamu n\u00ed\u017ee.<\/p>\n\n<p class=\"has-medium-font-size\"><strong>1. Kontakt<\/strong><\/p>\n\n<ul class=\"wp-block-list\">\n<li><strong>\u00da\u010del sb\u011bru<\/strong>: Komunikace prost\u0159ednictv\u00edm telefonu, po\u0161ty, e-mailu a\/nebo webov\u00fdch formul\u00e1\u0159\u016f.<\/li>\n\n\n\n<li><strong>Zdroj sb\u011bru:<\/strong> shrom\u00e1\u017ed\u011bno od v\u00e1s<\/li>\n\n\n\n<li><strong>Shroma\u017e\u010fovan\u00e9 osobn\u00ed \u00fadaje:<\/strong> Jm\u00e9no a p\u0159\u00edjmen\u00ed, adresa (pokud je uvedena), e-mailov\u00e1 adresa a telefonn\u00ed \u010d\u00edslo<\/li>\n<\/ul>\n\n<p><strong>2. Informace o objedn\u00e1vce<\/strong><\/p>\n\n<ul class=\"wp-block-list\">\n<li><strong>\u00da\u010del sb\u011bru<\/strong>: poskytovat v\u00e1m produkty nebo slu\u017eby k pln\u011bn\u00ed na\u0161\u00ed smlouvy, zpracov\u00e1vat va\u0161e platebn\u00ed \u00fadaje, zaji\u0161\u0165ovat p\u0159epravu, poskytovat v\u00e1m faktury a\/nebo potvrzen\u00ed objedn\u00e1vek a komunikovat s v\u00e1mi.<\/li>\n\n\n\n<li><strong>Zdroj sb\u011bru:<\/strong> shrom\u00e1\u017ed\u011bno od v\u00e1s<\/li>\n\n\n\n<li><strong>Shroma\u017e\u010fovan\u00e9 osobn\u00ed \u00fadaje:<\/strong> Jm\u00e9no a p\u0159\u00edjmen\u00ed, faktura\u010dn\u00ed adresa, dodac\u00ed adresa, platebn\u00ed \u00fadaje, e-mailov\u00e1 adresa a telefonn\u00ed \u010d\u00edslo<\/li>\n<\/ul>\n\n<p><strong>3. Dodr\u017eov\u00e1n\u00ed z\u00e1konn\u00fdch povinnost\u00ed<\/strong><\/p>\n\n<ul class=\"wp-block-list\">\n<li><strong>\u00da\u010del sb\u011bru<\/strong>: Komunikace prost\u0159ednictv\u00edm telefonu, po\u0161ty, e-mailu a\/nebo webov\u00fdch formul\u00e1\u0159\u016f. Osobn\u00ed \u00fadaje zve\u0159ej\u0148ujeme pouze tehdy, pokud to vy\u017eaduje z\u00e1kon nebo soudn\u00ed p\u0159\u00edkaz v reakci na org\u00e1n \u010dinn\u00fd v trestn\u00edm \u0159\u00edzen\u00ed, v rozsahu povolen\u00e9m jin\u00fdmi ustanoven\u00edmi z\u00e1kona. <\/li>\n\n\n\n<li><strong>Zdroj sb\u011bru:<\/strong> shrom\u00e1\u017ed\u011bno od v\u00e1s<\/li>\n\n\n\n<li><strong>Shroma\u017e\u010fovan\u00e9 osobn\u00ed \u00fadaje:<\/strong> Jm\u00e9no a p\u0159\u00edjmen\u00ed, faktura\u010dn\u00ed adresa<\/li>\n<\/ul>\n\n<h3 class=\"wp-block-heading\"><strong>Technick\u00e9 z\u00e1le\u017eitosti<\/strong><\/h3>\n\n<ol class=\"wp-block-list\">\n<li><strong>Vyu\u017e\u00edv\u00e1me poskytovatele slu\u017eeb<\/strong>, kte\u0159\u00ed jednaj\u00ed jako na\u0161i zpracovatel\u00e9 dat pro odesl\u00e1n\u00ed a ve\u0161ker\u00e1 mo\u017en\u00e1 hodnocen\u00ed.<br\/>V\u0161ichni poskytovatel\u00e9 slu\u017eeb jsou smluvn\u011b povinni nakl\u00e1dat s va\u0161imi \u00fadaji d\u016fv\u011brn\u011b.<\/li>\n\n\n\n<li><strong>Nepou\u017e\u00edv\u00e1me \u017e\u00e1dn\u00e9 webov\u00e9 analytick\u00e9 technologie<\/strong> krom\u011b Google Search Console a Microsoft Bing Webmaster.<br\/>Jejich pou\u017e\u00edv\u00e1n\u00edm m\u016f\u017eeme m\u011b\u0159it na\u0161i viditelnost na webu a poznatky vyu\u017e\u00edt ke zlep\u0161en\u00ed a t\u00edm i ke generov\u00e1n\u00ed v\u011bt\u0161\u00ed n\u00e1v\u0161t\u011bvnosti.<br\/>Proto\u017ee tyto n\u00e1stroje nevy\u017eaduj\u00ed nastaven\u00ed soubor\u016f cookie ani pou\u017eit\u00ed jin\u00fdch technologi\u00ed sledov\u00e1n\u00ed, nab\u00edzej\u00ed provozovatel\u016fm webov\u00fdch str\u00e1nek mo\u017enost propagovat sebe a sv\u00e9 webov\u00e9 str\u00e1nky zp\u016fsobem, kter\u00fd je v souladu s ochranou osobn\u00edch \u00fadaj\u016f.<br\/>Hlavn\u00ed rozd\u00edl mezi Google Search Console a Microsoft Bing Webmaster a dal\u0161\u00edmi n\u00e1stroji pro webovou anal\u00fdzu je v tom, \u017ee a\u010dkoli oba shroma\u017e\u010fuj\u00ed data stejn\u011b jako jin\u00e9 n\u00e1stroje pro webovou anal\u00fdzu a n\u00e1sledn\u011b je vyhodnocuj\u00ed, sledov\u00e1n\u00ed neprob\u00edh\u00e1 na webu p\u0159\u00edslu\u0161n\u00e9ho provozovatele. Shrom\u00e1\u017ed\u011bn\u00e1 data poch\u00e1zej\u00ed v\u00fdhradn\u011b z vyhled\u00e1va\u010d\u016f Google nebo Microsoft. <br\/>Rozhoduj\u00edc\u00ed je, \u017ee shroma\u017e\u010fovan\u00e1 data nejsou shroma\u017e\u010fov\u00e1na p\u0159\u00edmo na webu provozovatele, ale Google resp. samotn\u00fd Microsoft. S ohledem na to Google resp. Spole\u010dnost Microsoft odpov\u00edd\u00e1 za dodr\u017eov\u00e1n\u00ed ustanoven\u00ed GDPR. To znamen\u00e1, \u017ee \u017e\u00e1dn\u00e1 z informac\u00ed zobrazen\u00fdch prost\u0159ednictv\u00edm konzole nebo spr\u00e1vce webu neobsahuje osobn\u00ed \u00fadaje.    <br\/><\/li>\n<\/ol>\n","protected":false},"excerpt":{"rendered":"<p>Osobn\u00ed \u00fadaje Kdy\u017e nav\u0161t\u00edv\u00edte Str\u00e1nku, shroma\u017e\u010fujeme ur\u010dit\u00e9 informace o va\u0161\u00ed interakci se Str\u00e1nkou a informace nezbytn\u00e9 pro zpracov\u00e1n\u00ed va\u0161ich n\u00e1kup\u016f. V t\u011bchto Z\u00e1sad\u00e1ch ochrany osobn\u00edch \u00fadaj\u016f ozna\u010dujeme jak\u00e9koli informace o identifikovateln\u00e9 osob\u011b jako \u201eOsobn\u00ed \u00fadaje\u201c. Dal\u0161\u00ed informace o tom, jak\u00e9 osobn\u00ed \u00fadaje shroma\u017e\u010fujeme a pro\u010d, naleznete v seznamu n\u00ed\u017ee. 1. Kontakt 2. Informace o objedn\u00e1vce [&hellip;]<\/p>\n","protected":false},"author":1,"featured_media":0,"parent":0,"menu_order":0,"comment_status":"closed","ping_status":"closed","template":"","meta":{"footnotes":""},"class_list":["post-2245","page","type-page","status-publish","hentry"],"_links":{"self":[{"href":"https:\/\/mid-century-design.com\/cs\/wp-json\/wp\/v2\/pages\/2245","targetHints":{"allow":["GET"]}}],"collection":[{"href":"https:\/\/mid-century-design.com\/cs\/wp-json\/wp\/v2\/pages"}],"about":[{"href":"https:\/\/mid-century-design.com\/cs\/wp-json\/wp\/v2\/types\/page"}],"author":[{"embeddable":true,"href":"https:\/\/mid-century-design.com\/cs\/wp-json\/wp\/v2\/users\/1"}],"replies":[{"embeddable":true,"href":"https:\/\/mid-century-design.com\/cs\/wp-json\/wp\/v2\/comments?post=2245"}],"version-history":[{"count":1,"href":"https:\/\/mid-century-design.com\/cs\/wp-json\/wp\/v2\/pages\/2245\/revisions"}],"predecessor-version":[{"id":2246,"href":"https:\/\/mid-century-design.com\/cs\/wp-json\/wp\/v2\/pages\/2245\/revisions\/2246"}],"wp:attachment":[{"href":"https:\/\/mid-century-design.com\/cs\/wp-json\/wp\/v2\/media?parent=2245"}],"curies":[{"name":"wp","href":"https:\/\/api.w.org\/{rel}","templated":true}]}}